{"id":5834,"date":"2019-09-20T14:45:15","date_gmt":"2019-09-20T12:45:15","guid":{"rendered":"https:\/\/www.stadtwerke-landshut.de\/?page_id=5834"},"modified":"2023-02-13T09:37:21","modified_gmt":"2023-02-13T08:37:21","slug":"nutzungsbedingungen","status":"publish","type":"page","link":"https:\/\/www.stadtwerke-landshut.de\/en\/nutzungsbedingungen\/","title":{"rendered":"Terms of Use"},"content":{"rendered":"<div class=\"wpb-content-wrapper\"><div class=\"vc_row wpb_row vc_row-fluid no-padding\"><div class=\"wpb_column vc_column_container vc_col-sm-12\"><div class=\"vc_column-inner\"><div class=\"wpb_wrapper\"><div class=\"ult-spacer spacer-69e8fc86203e1\" data-id=\"69e8fc86203e1\" data-height=\"15\" data-height-mobile=\"15\" data-height-tab=\"15\" data-height-tab-portrait=\"\" data-height-mobile-landscape=\"\" style=\"clear:both;display:block;\"><\/div><\/div><\/div><\/div><\/div><div data-vc-full-width=\"true\" data-vc-full-width-temp=\"true\" data-vc-full-width-init=\"false\" class=\"vc_row wpb_row vc_row-fluid tauschen\"><div class=\"wpb_column vc_column_container vc_col-sm-12\"><div class=\"vc_column-inner\"><div class=\"wpb_wrapper\">\n\t<div class=\"wpb_text_column wpb_content_element\" >\n\t\t<div class=\"wpb_wrapper\">\n\t\t\t<h5 class=\"grau\">copyright<\/h5>\n<p>Texts, pictures, graphics and the design of this website are subject to copyright. They may be used by you only for private and other own use in the context of \u00a7 53 copyright law (UrhG). Reproduction or use of these pages or parts thereof in other electronic or printed publications and their publication is permitted only with our consent. These give on request the <a href=\"https:\/\/www.stadtwerke-landshut.de\/en\/impressum\/\">responsible for the content<\/a>, Reproduction and evaluation of press releases and speeches are generally permitted provided the source is acknowledged.<\/p>\n<p>Furthermore, text, images, graphics and other files may be wholly or partly subject to the copyright of third parties. The parties responsible for the content also give you more information about the existence of possible rights of third parties.<\/p>\n\n\t\t<\/div>\n\t<\/div>\n<div  class=\"vc_do_toggle vc_toggle vc_toggle_text_only vc_toggle_color_default  vc_toggle_size_md   grau\"><div class=\"vc_toggle_title\"><p style=\"text-align: left\" class=\"vc_custom_heading vc_do_custom_heading blau fett\" >\u00bbPicture hints<\/p><i class=\"vc_toggle_icon\"><\/i><\/div><div class=\"vc_toggle_content\"><p>Pictures not mentioned separately: \u00a9 Stadtwerke Landshut;<\/p>\n<p>Main navigation: Wastewater: Aerial view of sewage treatment plant \u00a9 Klaus Leidorf \/ Stadtwerke Landshut | Cotton Pads: \u00a9 anoli \/ Fotolia | Toilet plugged: \u00a9 Thomas von Stetten - stock.adobe.com | Rat comes from the bathroom to the bathroom: \u00a9 Holger Kirk - stock.adobe.com | Water in the sink: \u00a9 SkyLine - stock.adobe.com | Dog (Golden Retriever) takes bath: \u00a9 chalabala.cz - stock.adobe.com | Child with Umbrella: \u00a9 Miredi \/ Fotolia | Couple in front of laptop: \u00a9 bokan \/ Fotolia | House with garden: \u00a9 KB3 - stock.adobe.com | Planners, Architects: \u00a9 REDPIXEL - stock.adobe.com | Sewer inspection: \u00a9 mitifoto \/ Fotolia | A thick hose with clamping system directs water into a channel: \u00a9 fefufoto - stock.adobe.com | Image section Wellington boots in the rain: \u00a9 Erwin Wodicka - stock.adobe.com | Girl is holding her nose: \u00a9 DRON_FOTO - stock.adobe.com;<\/p>\n<p>Energie: Fotomontage von Stadtwerke Landshut mit Familienfoto von \u00a9 Rido \/ Fotolia | Strom: Landshut bei Nacht: \u00a9 Harry Zdera\/Stadtwerke Landshut | Mann mit Jungen: \u00a9 goodluz \/ Fotolia | Frau und Kind mit Laptop: \u00a9 Yakobchuk Olena &#8211; stock.adobe.com | Kundenkarte: Paar mit Einkaufst\u00fcte: \u00a9 gpointstudio \/ Fotolia | Fotomontage Stadtwerke Landshut mit Foto \u201eFrau mit Karte\u201c von \u00a9 Antonioguillem &#8211; stock.adobe.com | Erdgas: Gasflamme: \u00a9 by-studio &#8211; stock.adobe.com | M\u00e4dchen zeigt Daumen hoch: \u00a9 Eduard Titov \/ Fotolia | Fernw\u00e4rme: Frau schl\u00e4ft l\u00e4chelnd: \u00a9 Amir Kaljikovic \/ Fotolia | Energiedienste: Gl\u00fchbirnen mit Energiesparlampe: \u00a9 BillionPhotos.com \/ Fotolia | Energieberatung: \u00a9 Michael Hackl\/Stadtwerke Landshut | Mann mit Geschirrsp\u00fclmaschine: \u00a9 Andrey Popov \/ Fotolia | Frau mit Sparschwein: \u00a9 contrastwerkstatt \/ Fotolia; | Energiepreise: Thermostat mit Euro-Zeichen: \u00a9 Lightspruch &#8211; Thorsten Nilson &#8211; stock.adobe.com<\/p>\n<p>Mobility: Bus Driving: Man with Headphones: \u00a9 Halfpoint \/ Fotolia | Courses safely on the city bus: women on the bus \u00a9 Viktor Cap 2012 \/ Fotolia | Seniors on the bus \u00a9 Monkey Business \/ Fotolia | Children at the stop: \u00a9 LIGHTFIELD STUDIOS - stock.adobe.com | Photomontage Stadtwerke Landshut with photo &quot;Girl at a bus stop holds 10 Euro&quot; by \u00a9 Kaesler Media - stock.adobe.com | E-gas stations: hands with car keys: \u00a9 Tony Studio Photography - stock.adobe.com | Photomontage Stadtwerke Landshut with photo &quot;young man shows thumbs up at electric car&quot; \u00a9 Gerhard Seybert \/ Fotolia | Natural gas filling station: Road sign and reference to a gas station with CNG natural gas: \u00a9 stadtratte - stock.adobe.com | Car sharing: key handover: \u00a9 Tony Studio Photography - stock.adobe.com;<\/p>\n<p>Stadtbad: aerial photos: \u00a9 Klaus Leidorf \/ Stadtwerke Landshut | Outdoor pool: all pictures \u00a9 Christine Vincon \/ Stadtwerke Landshut; Child learns to swim with mother: \u00a9 \u00a9 artem_goncharov - stock.adobe.com | Indoor swimming pool: Photomontage Stadtwerke Landshut with photo of woman on the edge of the pool \u00a9 goodluz - stock.adobe.com | Photomontage Stadtwerke Landshut with photo of group with water polo \u00a9 Robert Kneschke \/ Fotolia | Pommest\u00fcte: \u00a9 Rafael Classen - www.rclassen.de - stock.adobe.com | Aerial view \u00a9 Klaus Leidorf \/ Stadtwerke Landshut; Swimming lessons: Child with swimming board: \u00a9 Family Veldman - stock.adobe.com | Child with swimming goggles: \u00a9 Acik \/ Fotolia | Adults with Pool Noodles: \u00a9 Robert Kneschke \/ Fotolia | Aqua Zumba Course: \u00a9 Robert Kneschke - stock.adobe.com | Children&#039;s birthday: \u00a9 Marzanna Syncerz - Fotolia | Senior Water Gymnastics: \u00a9 Robert Kneschke \/ Fotolia;<\/p>\n<p>Water: Children drink fresh water with limes: \u00a9 Robert Kneschke - stock.adobe.com | Water Image: \u00a9 Nobu \/ Fotolia | Woman drinks water: \u00a9 Contrastwerkstatt \/ Fotolia | Faucet: \u00a9 unclepodger - stock.adobe.com\/ Lipskiy Pavel;<\/p>\n<p>Head navigation: Business Customers: Energy: Power Line with Sun: \u00a9 Gina Sanders - stock.adobe.com | Gas flame: \u00a9 by-studio - stock.adobe.com; Company: Customer Center: \u00a9 Michael Hackl \/ Stadtwerke Landshut | City Bath: \u00a9 Christine Vincon \/ Stadtwerke Landshut | Aerial photos: \u00a9 Klaus Leidorf \/ Stadtwerke Landshut | Maxwehr (locations): Photomontage Stadtwerke Landshut with image by \u00a9 Ralf Zeilhofer; Career: Dice with inscription JOBS on a daily paper: \u00a9 fotogestoeber - stock.adobe.com; Press: Dice News: \u00a9 made_by_nana - stock.adobe.com<\/p>\n<p>Stickysidebar: Kundenservice: Umzug junge Frau neben Umzugskisten: \u00a9 nenetus \/ Fotolia | Vorsicht vor Betr\u00fcgern: \u00a9 Iakov Filimonov \u2013 stock.adobe.com | Au\u00dfenaufnahmen Kundenzentrum: \u00a9 Michael Hackl\/Stadtwerke Landshut | Schl\u00fcssel mit Haus auf Plan: \u00a9 Robert Kneschke \u2013 stock.adobe.com | Installateursverzeichnis: \u00a9 mihail39 &#8211; stock.adobe.com; Bauherren: Schl\u00fcssel mit Haus auf Plan: \u00a9 Robert Kneschke \u2013 stock.adobe.com Planer, Architekten: \u00a9 REDPIXEL &#8211; stock.adobe.com | Frau an Heizungsanlage: \u00a9 highwaystarz \/ Fotolia | Kundenportal: Frau mit Brille am Laptop: \u00a9 olly &#8211; stock.adobe.com | SWLApp: Fotomontage Stadtwerke Landshut; winkendes Paar im Bus: \u00a9 Iryna Inshyna \u2013 stock.adobe.com<\/p>\n<p>Aktuelle Meldungen | Neuigkeiten &amp; Infos | Presse: Gut gelauntes Paar nutzt ein digitales Tablet zuhause: \u00a9 jackfrog &#8211; stock.adobe.com<\/p>\n<p>Copyright Footer: Networks: Power Line with Sun: \u00a9 Gina Sanders - stock.adobe.com |<\/p>\n<\/div><\/div><div class=\"ult-spacer spacer-69e8fc8620d90\" data-id=\"69e8fc8620d90\" data-height=\"15\" data-height-mobile=\"15\" data-height-tab=\"15\" data-height-tab-portrait=\"\" data-height-mobile-landscape=\"\" style=\"clear:both;display:block;\"><\/div>\n\t<div class=\"wpb_text_column wpb_content_element\" >\n\t\t<div class=\"wpb_wrapper\">\n\t\t\t<h5 class=\"grau\">liability<\/h5>\n<p>A contractual relationship with the users of the Internet offer does not come about. Stadtwerke Landshut expressly reserve the right to change, supplement or delete individual web pages or the entire offer without prior notice or to cease publication temporarily or permanently.<\/p>\n<p>The responsibility of Stadtwerke Landshut for this website is, moreover, governed by the provisions of the <a href=\"https:\/\/www.gesetze-im-internet.de\/tmg\/__7.html\" target=\"_blank\" rel=\"noopener noreferrer\"> \u00a7 7 Telemedia Act (TMG)<\/a>.<\/p>\n<p>The provisions of \u00a7 839 BGB (liability for official breach of duty) and the European Services Directive (Directive 2006\/123 \/ EC - DLRL) remain unaffected.<\/p>\n\n\t\t<\/div>\n\t<\/div>\n<div class=\"ult-spacer spacer-69e8fc8620e83\" data-id=\"69e8fc8620e83\" data-height=\"15\" data-height-mobile=\"15\" data-height-tab=\"15\" data-height-tab-portrait=\"\" data-height-mobile-landscape=\"\" style=\"clear:both;display:block;\"><\/div>\n\t<div class=\"wpb_text_column wpb_content_element\" >\n\t\t<div class=\"wpb_wrapper\">\n\t\t\t<h5 class=\"grau\">E-mails (electronic mail)<\/h5>\n<p><strong>encryptions<\/strong><br \/>\nFor technical and organizational reasons, Stadtwerke Landshut is currently unable to process encrypted e-mails. If you want to send us confidential information, we ask you to use the letter.<\/p>\n<p><strong>Permitted attachments <\/strong><br \/>\nIf you would like to send e-mails with attachments to Stadtwerke, please note that Stadtwerke can not support all common file formats and applications on the market. Standard file formats (eg docx, xlsx, pdf, jpg) can usually be processed with a size limit of 20 MB, provided that our virus scanner can check the attachment (password-protected or files with macros can not be checked, among other things). Executable files (exe, bat, etc.) are never delivered.<\/p>\n<p><strong>signature<\/strong><br \/>\nUnfortunately Stadtwerke Landshut is currently unable to check electronic signatures for authenticity and validity for technical and organizational reasons.<br \/>\nAs a result, you will not be able to submit documents that are subject to a written form requirement in electronic form. We therefore ask you to switch to paper-based communication in these cases.<br \/>\nHints<\/p>\n<p>These instructions are only valid for communication with Stadtwerke Landshut and do not apply to references to offers of third parties, such as other authorities. If an e-mail is not processable, you will be informed by the recipient. This case can z. B. be replaced by computer viruses, general technical problems or deviations from the above technical conditions.<\/p>\n\n\t\t<\/div>\n\t<\/div>\n<div class=\"ult-spacer spacer-69e8fc8620f5a\" data-id=\"69e8fc8620f5a\" data-height=\"30\" data-height-mobile=\"30\" data-height-tab=\"30\" data-height-tab-portrait=\"\" data-height-mobile-landscape=\"\" style=\"clear:both;display:block;\"><\/div><\/div><\/div><\/div><\/div><div class=\"vc_row-full-width vc_clearfix\"><\/div>\n<\/div>","protected":false},"excerpt":{"rendered":"Urheberrecht Texte, Bilder, Grafiken sowie die Gestaltung dieser Internetseiten unterliegen dem Urheberrecht. Sie d\u00fcrfen von Ihnen nur zum privaten und sonstigen eigenen Gebrauch im Rahmen des \u00a7 53 Urheberrechtsgesetz (UrhG) [...]","protected":false},"author":5,"featured_media":0,"parent":0,"menu_order":0,"comment_status":"closed","ping_status":"closed","template":"","meta":{"_relevanssi_hide_post":"","_relevanssi_hide_content":"","_relevanssi_pin_for_all":"","_relevanssi_pin_keywords":"","_relevanssi_unpin_keywords":"","_relevanssi_related_keywords":"","_relevanssi_related_include_ids":"","_relevanssi_related_exclude_ids":"","_relevanssi_related_no_append":"","_relevanssi_related_not_related":"","_relevanssi_related_posts":"","_relevanssi_noindex_reason":"","footnotes":""},"class_list":["post-5834","page","type-page","status-publish","hentry"],"yoast_head":"<!-- This site is optimized with the Yoast SEO Premium plugin v26.9 (Yoast SEO v26.9) - https:\/\/yoast.com\/product\/yoast-seo-premium-wordpress\/ -->\n<title>Unsere Nutzungsbedingungen - Stadtwerke Landshut<\/title>\n<meta name=\"description\" content=\"Mit der Nutzung unserer Dienste verpflichten Sie sich zur Einhaltung unserer Richtlinien \u2013 unsere Nutzungsbedingungen im Detail!\" \/>\n<meta name=\"robots\" content=\"index, follow, max-snippet:-1, max-image-preview:large, max-video-preview:-1\" \/>\n<link rel=\"canonical\" href=\"https:\/\/www.stadtwerke-landshut.de\/en\/nutzungsbedingungen\/\" \/>\n<meta property=\"og:locale\" content=\"en_GB\" \/>\n<meta property=\"og:type\" content=\"article\" \/>\n<meta property=\"og:title\" content=\"Nutzungsbedingungen\" \/>\n<meta property=\"og:description\" content=\"Mit der Nutzung unserer Dienste verpflichten Sie sich zur Einhaltung unserer Richtlinien \u2013 unsere Nutzungsbedingungen im Detail!\" \/>\n<meta property=\"og:url\" content=\"https:\/\/www.stadtwerke-landshut.de\/en\/nutzungsbedingungen\/\" \/>\n<meta property=\"og:site_name\" content=\"Stadtwerke Landshut\" \/>\n<meta property=\"article:modified_time\" content=\"2023-02-13T08:37:21+00:00\" \/>\n<meta name=\"twitter:card\" content=\"summary_large_image\" \/>\n<meta name=\"twitter:label1\" content=\"Estimated reading time\" \/>\n\t<meta name=\"twitter:data1\" content=\"6 minutes\" \/>\n<script type=\"application\/ld+json\" class=\"yoast-schema-graph\">{\"@context\":\"https:\/\/schema.org\",\"@graph\":[{\"@type\":\"WebPage\",\"@id\":\"https:\/\/www.stadtwerke-landshut.de\/ru\/nutzungsbedingungen\/\",\"url\":\"https:\/\/www.stadtwerke-landshut.de\/ru\/nutzungsbedingungen\/\",\"name\":\"Unsere Nutzungsbedingungen - Stadtwerke Landshut\",\"isPartOf\":{\"@id\":\"https:\/\/www.stadtwerke-landshut.de\/es\/#website\"},\"datePublished\":\"2019-09-20T12:45:15+00:00\",\"dateModified\":\"2023-02-13T08:37:21+00:00\",\"description\":\"Mit der Nutzung unserer Dienste verpflichten Sie sich zur Einhaltung unserer Richtlinien \u2013 unsere Nutzungsbedingungen im Detail!\",\"breadcrumb\":{\"@id\":\"https:\/\/www.stadtwerke-landshut.de\/ru\/nutzungsbedingungen\/#breadcrumb\"},\"inLanguage\":\"en-GB\",\"potentialAction\":[{\"@type\":\"ReadAction\",\"target\":[\"https:\/\/www.stadtwerke-landshut.de\/ru\/nutzungsbedingungen\/\"]}]},{\"@type\":\"BreadcrumbList\",\"@id\":\"https:\/\/www.stadtwerke-landshut.de\/ru\/nutzungsbedingungen\/#breadcrumb\",\"itemListElement\":[{\"@type\":\"ListItem\",\"position\":1,\"name\":\"Startseite\",\"item\":\"https:\/\/www.stadtwerke-landshut.de\/\"},{\"@type\":\"ListItem\",\"position\":2,\"name\":\"Nutzungsbedingungen\"}]},{\"@type\":\"WebSite\",\"@id\":\"https:\/\/www.stadtwerke-landshut.de\/es\/#website\",\"url\":\"https:\/\/www.stadtwerke-landshut.de\/es\/\",\"name\":\"Stadtwerke Landshut\",\"description\":\"Ihr Partner in der Region\",\"publisher\":{\"@id\":\"https:\/\/www.stadtwerke-landshut.de\/es\/#organization\"},\"potentialAction\":[{\"@type\":\"SearchAction\",\"target\":{\"@type\":\"EntryPoint\",\"urlTemplate\":\"https:\/\/www.stadtwerke-landshut.de\/es\/?s={search_term_string}\"},\"query-input\":{\"@type\":\"PropertyValueSpecification\",\"valueRequired\":true,\"valueName\":\"search_term_string\"}}],\"inLanguage\":\"en-GB\"},{\"@type\":\"Organization\",\"@id\":\"https:\/\/www.stadtwerke-landshut.de\/es\/#organization\",\"name\":\"Stadtwerke Landshut\",\"url\":\"https:\/\/www.stadtwerke-landshut.de\/es\/\",\"logo\":{\"@type\":\"ImageObject\",\"inLanguage\":\"en-GB\",\"@id\":\"https:\/\/www.stadtwerke-landshut.de\/es\/#\/schema\/logo\/image\/\",\"url\":\"https:\/\/www.stadtwerke-landshut.de\/wp-content\/uploads\/logo-small.png\",\"contentUrl\":\"https:\/\/www.stadtwerke-landshut.de\/wp-content\/uploads\/logo-small.png\",\"width\":215,\"height\":215,\"caption\":\"Stadtwerke Landshut\"},\"image\":{\"@id\":\"https:\/\/www.stadtwerke-landshut.de\/es\/#\/schema\/logo\/image\/\"}}]}<\/script>\n<!-- \/ Yoast SEO Premium plugin. -->","yoast_head_json":{"title":"Unsere Nutzungsbedingungen - Stadtwerke Landshut","description":"Mit der Nutzung unserer Dienste verpflichten Sie sich zur Einhaltung unserer Richtlinien \u2013 unsere Nutzungsbedingungen im Detail!","robots":{"index":"index","follow":"follow","max-snippet":"max-snippet:-1","max-image-preview":"max-image-preview:large","max-video-preview":"max-video-preview:-1"},"canonical":"https:\/\/www.stadtwerke-landshut.de\/en\/nutzungsbedingungen\/","og_locale":"en_GB","og_type":"article","og_title":"Nutzungsbedingungen","og_description":"Mit der Nutzung unserer Dienste verpflichten Sie sich zur Einhaltung unserer Richtlinien \u2013 unsere Nutzungsbedingungen im Detail!","og_url":"https:\/\/www.stadtwerke-landshut.de\/en\/nutzungsbedingungen\/","og_site_name":"Stadtwerke Landshut","article_modified_time":"2023-02-13T08:37:21+00:00","twitter_card":"summary_large_image","twitter_misc":{"Estimated reading time":"6 minutes"},"schema":{"@context":"https:\/\/schema.org","@graph":[{"@type":"WebPage","@id":"https:\/\/www.stadtwerke-landshut.de\/ru\/nutzungsbedingungen\/","url":"https:\/\/www.stadtwerke-landshut.de\/ru\/nutzungsbedingungen\/","name":"Unsere Nutzungsbedingungen - Stadtwerke Landshut","isPartOf":{"@id":"https:\/\/www.stadtwerke-landshut.de\/es\/#website"},"datePublished":"2019-09-20T12:45:15+00:00","dateModified":"2023-02-13T08:37:21+00:00","description":"Mit der Nutzung unserer Dienste verpflichten Sie sich zur Einhaltung unserer Richtlinien \u2013 unsere Nutzungsbedingungen im Detail!","breadcrumb":{"@id":"https:\/\/www.stadtwerke-landshut.de\/ru\/nutzungsbedingungen\/#breadcrumb"},"inLanguage":"en-GB","potentialAction":[{"@type":"ReadAction","target":["https:\/\/www.stadtwerke-landshut.de\/ru\/nutzungsbedingungen\/"]}]},{"@type":"BreadcrumbList","@id":"https:\/\/www.stadtwerke-landshut.de\/ru\/nutzungsbedingungen\/#breadcrumb","itemListElement":[{"@type":"ListItem","position":1,"name":"Startseite","item":"https:\/\/www.stadtwerke-landshut.de\/"},{"@type":"ListItem","position":2,"name":"Nutzungsbedingungen"}]},{"@type":"WebSite","@id":"https:\/\/www.stadtwerke-landshut.de\/es\/#website","url":"https:\/\/www.stadtwerke-landshut.de\/es\/","name":"Stadtwerke Landshut","description":"Your partner in the region","publisher":{"@id":"https:\/\/www.stadtwerke-landshut.de\/es\/#organization"},"potentialAction":[{"@type":"SearchAction","target":{"@type":"EntryPoint","urlTemplate":"https:\/\/www.stadtwerke-landshut.de\/es\/?s={search_term_string}"},"query-input":{"@type":"PropertyValueSpecification","valueRequired":true,"valueName":"search_term_string"}}],"inLanguage":"en-GB"},{"@type":"Organization","@id":"https:\/\/www.stadtwerke-landshut.de\/es\/#organization","name":"Stadtwerke Landshut","url":"https:\/\/www.stadtwerke-landshut.de\/es\/","logo":{"@type":"ImageObject","inLanguage":"en-GB","@id":"https:\/\/www.stadtwerke-landshut.de\/es\/#\/schema\/logo\/image\/","url":"https:\/\/www.stadtwerke-landshut.de\/wp-content\/uploads\/logo-small.png","contentUrl":"https:\/\/www.stadtwerke-landshut.de\/wp-content\/uploads\/logo-small.png","width":215,"height":215,"caption":"Stadtwerke Landshut"},"image":{"@id":"https:\/\/www.stadtwerke-landshut.de\/es\/#\/schema\/logo\/image\/"}}]}},"publishpress_future_action":{"enabled":false,"date":"2026-04-29 18:51:18","action":"change-status","newStatus":"draft","terms":[],"taxonomy":"","extraData":[]},"publishpress_future_workflow_manual_trigger":{"enabledWorkflows":[]},"_links":{"self":[{"href":"https:\/\/www.stadtwerke-landshut.de\/en\/wp-json\/wp\/v2\/pages\/5834","targetHints":{"allow":["GET"]}}],"collection":[{"href":"https:\/\/www.stadtwerke-landshut.de\/en\/wp-json\/wp\/v2\/pages"}],"about":[{"href":"https:\/\/www.stadtwerke-landshut.de\/en\/wp-json\/wp\/v2\/types\/page"}],"author":[{"embeddable":true,"href":"https:\/\/www.stadtwerke-landshut.de\/en\/wp-json\/wp\/v2\/users\/5"}],"replies":[{"embeddable":true,"href":"https:\/\/www.stadtwerke-landshut.de\/en\/wp-json\/wp\/v2\/comments?post=5834"}],"version-history":[{"count":13,"href":"https:\/\/www.stadtwerke-landshut.de\/en\/wp-json\/wp\/v2\/pages\/5834\/revisions"}],"predecessor-version":[{"id":11907,"href":"https:\/\/www.stadtwerke-landshut.de\/en\/wp-json\/wp\/v2\/pages\/5834\/revisions\/11907"}],"wp:attachment":[{"href":"https:\/\/www.stadtwerke-landshut.de\/en\/wp-json\/wp\/v2\/media?parent=5834"}],"curies":[{"name":"wp","href":"https:\/\/api.w.org\/{rel}","templated":true}]}}