{"id":2473,"date":"2019-08-27T08:40:38","date_gmt":"2019-08-27T06:40:38","guid":{"rendered":"https:\/\/www.stadtwerke-landshut.de\/?page_id=2473"},"modified":"2019-09-23T14:25:31","modified_gmt":"2019-09-23T12:25:31","slug":"vereine-im-stadtbad","status":"publish","type":"page","link":"https:\/\/www.stadtwerke-landshut.de\/es\/stadtbad\/vereine-im-stadtbad\/","title":{"rendered":"Clubes en la piscina de la ciudad"},"content":{"rendered":"<div class=\"wpb-content-wrapper\"><div id=\"1\" data-vc-full-width=\"true\" data-vc-full-width-temp=\"true\" data-vc-full-width-init=\"false\" class=\"vc_row wpb_row vc_row-fluid\"><div class=\"wpb_column vc_column_container vc_col-sm-12\"><div class=\"vc_column-inner\"><div class=\"wpb_wrapper\"><div class=\"ult-spacer spacer-69e911eb2a9c0\" data-id=\"69e911eb2a9c0\" data-height=\"15\" data-height-mobile=\"15\" data-height-tab=\"15\" data-height-tab-portrait=\"\" data-height-mobile-landscape=\"\" style=\"clear:both;display:block;\"><\/div><div class=\"ult_exp_section_layer ult-adjust-bottom-margin no-margin\" >\n\t\t<div id=\"uvc-exp-wrap-4747\" role=\"button\" tabindex=\"0\" aria-pressed=\"false\"  data-ultimate-target='#uvc-exp-wrap-4747'  data-responsive-json-new='{\"font-size\":\"desktop:20px;\",\"line-height\":\"desktop:24px;\"}'  class=\"ult_exp_section  ult-responsive\" style=\"color:#006fb4;background-color:#e6eef9; font-weight:normal; padding:0px;text-align:left;\" data-textcolor=\"#006fb4\"data-texthover=\"#006fb4\"data-icncolor=\"#006fb4\"data-ihover=\"#333333\"data-height=\"0\"data-cntbg=\"#e6eef9\"data-cnthvrbg=\"#e6eef9\"data-headerbg=\"#e6eef9\"data-headerhover=\"#e6eef9\"data-title=\"Kneipp Verein\"data-newtitle=\"Kneipp Verein\"data-icon=\"Defaults-caret-right\"data-newicon=\"Defaults-caret-down\"data-activeicon=\"#006fb4\"data-effect=\"slideToggle\"data-override=\"0\"data-activetitle=\"#006fb4\"data-activebg=\"#e6eef9\"data-img=\"\"data-newimg=\"\"><div class=\"ult_exp_section-main ult_expleft_icon\">\t<div class=\"ult-just-icon-wrapper ult_exp_icon\">\n\t\t\t\t\t<div class=\"align-icon\">\n\t\t\t\t\t\t\n<span class=\"aio-icon  none  ult_expsection_icon\"  style=\"color:#006fb4;font-size:22px;\">\n\t<i class=\"Defaults-caret-right ult_ex_icon\"  ><\/i>\n<\/span>\n\t\t\t\t\t<\/div>\n\t\t\t\t<\/div>\n\t\t\t\t<div class=\"ult_expheader\" >Club Kneipp\n\t\t\t\t<\/div>\n\t\t\t<\/div>\n\t\t<\/div><div class=\"ult_exp_content\" style=\"background-color:#f4f4f4;padding:0px;margin:0px;\"><div class=\"ult_ecpsub_cont\" style=\" \" >\n\t<div class=\"wpb_text_column wpb_content_element\" >\n\t\t<div class=\"wpb_wrapper\">\n\t\t\t<p>En verano, el Kneipp-Winkel en Stadtbad es el punto de encuentro de los miembros del Kneipp-Verein Landshut. En la \u00fanica \u00e1rea accesible para los miembros hay una piscina de agua, una axila y otra infraestructura. M\u00e1s informaci\u00f3n disponible por tel\u00e9fono 0871 616 22, correo electr\u00f3nico <a href=\"mailto:kontakt@kneipp-verein-landshut.de\">kontakt@kneipp-verein-landshut.de<\/a> o bajo <a href=\"https:\/\/www.kneipp-verein-landshut.de\/\" target=\"_blank\" rel=\"noopener noreferrer\">www.kneipp-verein-landshut.de<\/a> disponible.<\/p>\n\n\t\t<\/div>\n\t<\/div>\n<\/div><\/div>\n\n\t\t\t<\/div><div class=\"ult_exp_section_layer ult-adjust-bottom-margin no-margin\" >\n\t\t<div id=\"uvc-exp-wrap-8544\" role=\"button\" tabindex=\"0\" aria-pressed=\"false\"  data-ultimate-target='#uvc-exp-wrap-8544'  data-responsive-json-new='{\"font-size\":\"desktop:20px;\",\"line-height\":\"desktop:24px;\"}'  class=\"ult_exp_section  ult-responsive\" style=\"color:#006fb4;background-color:#e6eef9; font-weight:normal; padding:0px;text-align:left;\" data-textcolor=\"#006fb4\"data-texthover=\"#006fb4\"data-icncolor=\"#006fb4\"data-ihover=\"#333333\"data-height=\"0\"data-cntbg=\"#e6eef9\"data-cnthvrbg=\"#e6eef9\"data-headerbg=\"#e6eef9\"data-headerhover=\"#e6eef9\"data-title=\"Schwimmclub 53 e.V.\"data-newtitle=\"Schwimmclub 53 e.V.\"data-icon=\"Defaults-caret-right\"data-newicon=\"Defaults-caret-down\"data-activeicon=\"#006fb4\"data-effect=\"slideToggle\"data-override=\"0\"data-activetitle=\"#006fb4\"data-activebg=\"#e6eef9\"data-img=\"\"data-newimg=\"\"><div class=\"ult_exp_section-main ult_expleft_icon\">\t<div class=\"ult-just-icon-wrapper ult_exp_icon\">\n\t\t\t\t\t<div class=\"align-icon\">\n\t\t\t\t\t\t\n<span class=\"aio-icon  none  ult_expsection_icon\"  style=\"color:#006fb4;font-size:22px;\">\n\t<i class=\"Defaults-caret-right ult_ex_icon\"  ><\/i>\n<\/span>\n\t\t\t\t\t<\/div>\n\t\t\t\t<\/div>\n\t\t\t\t<div class=\"ult_expheader\" >Club de nataci\u00f3n 53 eV\n\t\t\t\t<\/div>\n\t\t\t<\/div>\n\t\t<\/div><div class=\"ult_exp_content\" style=\"background-color:#f4f4f4;padding:0px;margin:0px;\"><div class=\"ult_ecpsub_cont\" style=\" \" >\n\t<div class=\"wpb_text_column wpb_content_element\" >\n\t\t<div class=\"wpb_wrapper\">\n\t\t\t<p>Nataci\u00f3n, buceo, triatl\u00f3n y voleibol de playa son los dominios del club de nataci\u00f3n SC53 Landshut. Con alrededor de 1.500 miembros, el club deportivo es uno de los clubes de nataci\u00f3n m\u00e1s grandes de Baviera.<\/p>\n<p>Para obtener m\u00e1s informaci\u00f3n sobre los horarios de capacitaci\u00f3n y las ofertas, llame al 0871 670 273 (solo contestador autom\u00e1tico), correo electr\u00f3nico <a href=\"mailto:info@sc53-landshut.de\">info@sc53-landshut.de<\/a> o bajo <a href=\"http:\/\/www.sc53-landshut.de\" target=\"_blank\" rel=\"noopener noreferrer\">www.sc53-landshut.de<\/a>.<\/p>\n\n\t\t<\/div>\n\t<\/div>\n<\/div><\/div>\n\n\t\t\t<\/div><div class=\"ult_exp_section_layer ult-adjust-bottom-margin no-margin\" >\n\t\t<div id=\"uvc-exp-wrap-7236\" role=\"button\" tabindex=\"0\" aria-pressed=\"false\"  data-ultimate-target='#uvc-exp-wrap-7236'  data-responsive-json-new='{\"font-size\":\"desktop:20px;\",\"line-height\":\"desktop:24px;\"}'  class=\"ult_exp_section  ult-responsive\" style=\"color:#006fb4;background-color:#e6eef9; font-weight:normal; padding:0px;text-align:left;\" data-textcolor=\"#006fb4\"data-texthover=\"#006fb4\"data-icncolor=\"#006fb4\"data-ihover=\"#333333\"data-height=\"0\"data-cntbg=\"#e6eef9\"data-cnthvrbg=\"#e6eef9\"data-headerbg=\"#e6eef9\"data-headerhover=\"#e6eef9\"data-title=\"Wasserwacht\"data-newtitle=\"Wasserwacht\"data-icon=\"Defaults-caret-right\"data-newicon=\"Defaults-caret-down\"data-activeicon=\"#006fb4\"data-effect=\"slideToggle\"data-override=\"0\"data-activetitle=\"#006fb4\"data-activebg=\"#e6eef9\"data-img=\"\"data-newimg=\"\"><div class=\"ult_exp_section-main ult_expleft_icon\">\t<div class=\"ult-just-icon-wrapper ult_exp_icon\">\n\t\t\t\t\t<div class=\"align-icon\">\n\t\t\t\t\t\t\n<span class=\"aio-icon  none  ult_expsection_icon\"  style=\"color:#006fb4;font-size:22px;\">\n\t<i class=\"Defaults-caret-right ult_ex_icon\"  ><\/i>\n<\/span>\n\t\t\t\t\t<\/div>\n\t\t\t\t<\/div>\n\t\t\t\t<div class=\"ult_expheader\" >Wasserwacht\n\t\t\t\t<\/div>\n\t\t\t<\/div>\n\t\t<\/div><div class=\"ult_exp_content\" style=\"background-color:#f4f4f4;padding:0px;margin:0px;\"><div class=\"ult_ecpsub_cont\" style=\" \" >\n\t<div class=\"wpb_text_column wpb_content_element\" >\n\t\t<div class=\"wpb_wrapper\">\n\t\t\t<p>El lema del Wasserwacht es disfrutar del deporte y dar placer. El Ortsgruppe Landshut lleva regularmente las insignias de nataci\u00f3n en el Stadtbad, desde los primeros &quot;caballitos de mar&quot; de nadador hasta la insignia dorada de nataci\u00f3n. Las reducciones se realizan durante la temporada al aire libre los s\u00e1bados, domingos y festivos, entre las 13:30 y las 14:30 y durante la temporada de la piscina cubierta con cita previa. M\u00e1s informaci\u00f3n disponible por tel\u00e9fono 0871 1436 2232, correo electr\u00f3nico <a href=\"mailto:stadtbad@stadtwerke-landshut.de\">stadtbad@stadtwerke-landshut.de<\/a> o bajo <a href=\"http:\/\/www.wasserwacht-landshut.de\/\" target=\"_blank\" rel=\"noopener noreferrer\">www.wasserwacht-landshut.de<\/a>.<\/p>\n\n\t\t<\/div>\n\t<\/div>\n<div class=\"ult-spacer spacer-69e911eb2adbc\" data-id=\"69e911eb2adbc\" data-height=\"15\" data-height-mobile=\"15\" data-height-tab=\"15\" data-height-tab-portrait=\"\" data-height-mobile-landscape=\"\" style=\"clear:both;display:block;\"><\/div><\/div><\/div>\n\n\t\t\t<\/div><div class=\"ult-spacer spacer-69e911eb2add0\" data-id=\"69e911eb2add0\" data-height=\"30\" data-height-mobile=\"30\" data-height-tab=\"30\" data-height-tab-portrait=\"\" data-height-mobile-landscape=\"\" style=\"clear:both;display:block;\"><\/div><\/div><\/div><\/div><\/div><div class=\"vc_row-full-width vc_clearfix\"><\/div>\n<\/div>","protected":false},"excerpt":{"rendered":"Kneipp Verein Im Sommer ist der Kneipp-Winkel im Stadtbad der Treffpunkt f\u00fcr die Mitglieder des Kneipp-Vereins Landshut. In dem nur f\u00fcr Mitglieder zug\u00e4nglichen Bereich gibt es ein Wassertretbecken, ein Armbecken [...]","protected":false},"author":4,"featured_media":5700,"parent":54,"menu_order":0,"comment_status":"closed","ping_status":"closed","template":"","meta":{"_relevanssi_hide_post":"","_relevanssi_hide_content":"","_relevanssi_pin_for_all":"","_relevanssi_pin_keywords":"","_relevanssi_unpin_keywords":"","_relevanssi_related_keywords":"","_relevanssi_related_include_ids":"","_relevanssi_related_exclude_ids":"","_relevanssi_related_no_append":"","_relevanssi_related_not_related":"","_relevanssi_related_posts":"","_relevanssi_noindex_reason":"","footnotes":""},"class_list":["post-2473","page","type-page","status-publish","has-post-thumbnail","hentry"],"yoast_head":"<!-- This site is optimized with the Yoast SEO Premium plugin v26.9 (Yoast SEO v26.9) - https:\/\/yoast.com\/product\/yoast-seo-premium-wordpress\/ -->\n<title>Stadtbad und Vereine - Stadtwerke Landshut<\/title>\n<meta name=\"description\" content=\"Drei Vereine sind im Stadtbad Landshut regelm\u00e4\u00dfig zu Gast. Erfahren Sie mehr \u00fcber den Kneipp-Verein, den Schwimmclub 53 e.V. und die Wasserwacht.\" \/>\n<meta name=\"robots\" content=\"index, follow, max-snippet:-1, max-image-preview:large, max-video-preview:-1\" \/>\n<link rel=\"canonical\" href=\"https:\/\/www.stadtwerke-landshut.de\/es\/stadtbad\/vereine-im-stadtbad\/\" \/>\n<meta property=\"og:locale\" content=\"es_ES\" \/>\n<meta property=\"og:type\" content=\"article\" \/>\n<meta property=\"og:title\" content=\"Vereine im Stadtbad\" \/>\n<meta property=\"og:description\" content=\"Drei Vereine sind im Stadtbad Landshut regelm\u00e4\u00dfig zu Gast. Erfahren Sie mehr \u00fcber den Kneipp-Verein, den Schwimmclub 53 e.V. und die Wasserwacht.\" \/>\n<meta property=\"og:url\" content=\"https:\/\/www.stadtwerke-landshut.de\/es\/stadtbad\/vereine-im-stadtbad\/\" \/>\n<meta property=\"og:site_name\" content=\"Stadtwerke Landshut\" \/>\n<meta property=\"article:modified_time\" content=\"2019-09-23T12:25:31+00:00\" \/>\n<meta property=\"og:image\" content=\"https:\/\/www.stadtwerke-landshut.de\/wp-content\/uploads\/Vereine-im-Stadtbad.jpg\" \/>\n\t<meta property=\"og:image:width\" content=\"1600\" \/>\n\t<meta property=\"og:image:height\" content=\"452\" \/>\n\t<meta property=\"og:image:type\" content=\"image\/jpeg\" \/>\n<meta name=\"twitter:card\" content=\"summary_large_image\" \/>\n<meta name=\"twitter:label1\" content=\"Tiempo de lectura\" \/>\n\t<meta name=\"twitter:data1\" content=\"3 minutos\" \/>\n<script type=\"application\/ld+json\" class=\"yoast-schema-graph\">{\"@context\":\"https:\/\/schema.org\",\"@graph\":[{\"@type\":\"WebPage\",\"@id\":\"https:\/\/www.stadtwerke-landshut.de\/ru\/stadtbad\/vereine-im-stadtbad\/\",\"url\":\"https:\/\/www.stadtwerke-landshut.de\/ru\/stadtbad\/vereine-im-stadtbad\/\",\"name\":\"Stadtbad und Vereine - Stadtwerke Landshut\",\"isPartOf\":{\"@id\":\"https:\/\/www.stadtwerke-landshut.de\/es\/#website\"},\"primaryImageOfPage\":{\"@id\":\"https:\/\/www.stadtwerke-landshut.de\/ru\/stadtbad\/vereine-im-stadtbad\/#primaryimage\"},\"image\":{\"@id\":\"https:\/\/www.stadtwerke-landshut.de\/ru\/stadtbad\/vereine-im-stadtbad\/#primaryimage\"},\"thumbnailUrl\":\"https:\/\/www.stadtwerke-landshut.de\/wp-content\/uploads\/Vereine-im-Stadtbad.jpg\",\"datePublished\":\"2019-08-27T06:40:38+00:00\",\"dateModified\":\"2019-09-23T12:25:31+00:00\",\"description\":\"Drei Vereine sind im Stadtbad Landshut regelm\u00e4\u00dfig zu Gast. Erfahren Sie mehr \u00fcber den Kneipp-Verein, den Schwimmclub 53 e.V. und die Wasserwacht.\",\"breadcrumb\":{\"@id\":\"https:\/\/www.stadtwerke-landshut.de\/ru\/stadtbad\/vereine-im-stadtbad\/#breadcrumb\"},\"inLanguage\":\"es\",\"potentialAction\":[{\"@type\":\"ReadAction\",\"target\":[\"https:\/\/www.stadtwerke-landshut.de\/ru\/stadtbad\/vereine-im-stadtbad\/\"]}]},{\"@type\":\"ImageObject\",\"inLanguage\":\"es\",\"@id\":\"https:\/\/www.stadtwerke-landshut.de\/ru\/stadtbad\/vereine-im-stadtbad\/#primaryimage\",\"url\":\"https:\/\/www.stadtwerke-landshut.de\/wp-content\/uploads\/Vereine-im-Stadtbad.jpg\",\"contentUrl\":\"https:\/\/www.stadtwerke-landshut.de\/wp-content\/uploads\/Vereine-im-Stadtbad.jpg\",\"width\":1600,\"height\":452,\"caption\":\"Schwimmerbecken f\u00fcr Vereine im Freibad Landshut\"},{\"@type\":\"BreadcrumbList\",\"@id\":\"https:\/\/www.stadtwerke-landshut.de\/ru\/stadtbad\/vereine-im-stadtbad\/#breadcrumb\",\"itemListElement\":[{\"@type\":\"ListItem\",\"position\":1,\"name\":\"Startseite\",\"item\":\"https:\/\/www.stadtwerke-landshut.de\/\"},{\"@type\":\"ListItem\",\"position\":2,\"name\":\"Stadtbad\",\"item\":\"https:\/\/www.stadtwerke-landshut.de\/stadtbad\/\"},{\"@type\":\"ListItem\",\"position\":3,\"name\":\"Vereine im Stadtbad\"}]},{\"@type\":\"WebSite\",\"@id\":\"https:\/\/www.stadtwerke-landshut.de\/es\/#website\",\"url\":\"https:\/\/www.stadtwerke-landshut.de\/es\/\",\"name\":\"Stadtwerke Landshut\",\"description\":\"Ihr Partner in der Region\",\"publisher\":{\"@id\":\"https:\/\/www.stadtwerke-landshut.de\/es\/#organization\"},\"potentialAction\":[{\"@type\":\"SearchAction\",\"target\":{\"@type\":\"EntryPoint\",\"urlTemplate\":\"https:\/\/www.stadtwerke-landshut.de\/es\/?s={search_term_string}\"},\"query-input\":{\"@type\":\"PropertyValueSpecification\",\"valueRequired\":true,\"valueName\":\"search_term_string\"}}],\"inLanguage\":\"es\"},{\"@type\":\"Organization\",\"@id\":\"https:\/\/www.stadtwerke-landshut.de\/es\/#organization\",\"name\":\"Stadtwerke Landshut\",\"url\":\"https:\/\/www.stadtwerke-landshut.de\/es\/\",\"logo\":{\"@type\":\"ImageObject\",\"inLanguage\":\"es\",\"@id\":\"https:\/\/www.stadtwerke-landshut.de\/es\/#\/schema\/logo\/image\/\",\"url\":\"https:\/\/www.stadtwerke-landshut.de\/wp-content\/uploads\/logo-small.png\",\"contentUrl\":\"https:\/\/www.stadtwerke-landshut.de\/wp-content\/uploads\/logo-small.png\",\"width\":215,\"height\":215,\"caption\":\"Stadtwerke Landshut\"},\"image\":{\"@id\":\"https:\/\/www.stadtwerke-landshut.de\/es\/#\/schema\/logo\/image\/\"}}]}<\/script>\n<!-- \/ Yoast SEO Premium plugin. -->","yoast_head_json":{"title":"Stadtbad und Vereine - Stadtwerke Landshut","description":"Drei Vereine sind im Stadtbad Landshut regelm\u00e4\u00dfig zu Gast. Erfahren Sie mehr \u00fcber den Kneipp-Verein, den Schwimmclub 53 e.V. und die Wasserwacht.","robots":{"index":"index","follow":"follow","max-snippet":"max-snippet:-1","max-image-preview":"max-image-preview:large","max-video-preview":"max-video-preview:-1"},"canonical":"https:\/\/www.stadtwerke-landshut.de\/es\/stadtbad\/vereine-im-stadtbad\/","og_locale":"es_ES","og_type":"article","og_title":"Vereine im Stadtbad","og_description":"Drei Vereine sind im Stadtbad Landshut regelm\u00e4\u00dfig zu Gast. Erfahren Sie mehr \u00fcber den Kneipp-Verein, den Schwimmclub 53 e.V. und die Wasserwacht.","og_url":"https:\/\/www.stadtwerke-landshut.de\/es\/stadtbad\/vereine-im-stadtbad\/","og_site_name":"Stadtwerke Landshut","article_modified_time":"2019-09-23T12:25:31+00:00","og_image":[{"width":1600,"height":452,"url":"https:\/\/www.stadtwerke-landshut.de\/wp-content\/uploads\/Vereine-im-Stadtbad.jpg","type":"image\/jpeg"}],"twitter_card":"summary_large_image","twitter_misc":{"Tiempo de lectura":"3 minutos"},"schema":{"@context":"https:\/\/schema.org","@graph":[{"@type":"WebPage","@id":"https:\/\/www.stadtwerke-landshut.de\/ru\/stadtbad\/vereine-im-stadtbad\/","url":"https:\/\/www.stadtwerke-landshut.de\/ru\/stadtbad\/vereine-im-stadtbad\/","name":"Stadtbad und Vereine - Stadtwerke Landshut","isPartOf":{"@id":"https:\/\/www.stadtwerke-landshut.de\/es\/#website"},"primaryImageOfPage":{"@id":"https:\/\/www.stadtwerke-landshut.de\/ru\/stadtbad\/vereine-im-stadtbad\/#primaryimage"},"image":{"@id":"https:\/\/www.stadtwerke-landshut.de\/ru\/stadtbad\/vereine-im-stadtbad\/#primaryimage"},"thumbnailUrl":"https:\/\/www.stadtwerke-landshut.de\/wp-content\/uploads\/Vereine-im-Stadtbad.jpg","datePublished":"2019-08-27T06:40:38+00:00","dateModified":"2019-09-23T12:25:31+00:00","description":"Drei Vereine sind im Stadtbad Landshut regelm\u00e4\u00dfig zu Gast. Erfahren Sie mehr \u00fcber den Kneipp-Verein, den Schwimmclub 53 e.V. und die Wasserwacht.","breadcrumb":{"@id":"https:\/\/www.stadtwerke-landshut.de\/ru\/stadtbad\/vereine-im-stadtbad\/#breadcrumb"},"inLanguage":"es","potentialAction":[{"@type":"ReadAction","target":["https:\/\/www.stadtwerke-landshut.de\/ru\/stadtbad\/vereine-im-stadtbad\/"]}]},{"@type":"ImageObject","inLanguage":"es","@id":"https:\/\/www.stadtwerke-landshut.de\/ru\/stadtbad\/vereine-im-stadtbad\/#primaryimage","url":"https:\/\/www.stadtwerke-landshut.de\/wp-content\/uploads\/Vereine-im-Stadtbad.jpg","contentUrl":"https:\/\/www.stadtwerke-landshut.de\/wp-content\/uploads\/Vereine-im-Stadtbad.jpg","width":1600,"height":452,"caption":"Schwimmerbecken f\u00fcr Vereine im Freibad Landshut"},{"@type":"BreadcrumbList","@id":"https:\/\/www.stadtwerke-landshut.de\/ru\/stadtbad\/vereine-im-stadtbad\/#breadcrumb","itemListElement":[{"@type":"ListItem","position":1,"name":"Startseite","item":"https:\/\/www.stadtwerke-landshut.de\/"},{"@type":"ListItem","position":2,"name":"Stadtbad","item":"https:\/\/www.stadtwerke-landshut.de\/stadtbad\/"},{"@type":"ListItem","position":3,"name":"Vereine im Stadtbad"}]},{"@type":"WebSite","@id":"https:\/\/www.stadtwerke-landshut.de\/es\/#website","url":"https:\/\/www.stadtwerke-landshut.de\/es\/","name":"Stadtwerke Landshut","description":"Tu compa\u00f1ero en la regi\u00f3n","publisher":{"@id":"https:\/\/www.stadtwerke-landshut.de\/es\/#organization"},"potentialAction":[{"@type":"SearchAction","target":{"@type":"EntryPoint","urlTemplate":"https:\/\/www.stadtwerke-landshut.de\/es\/?s={search_term_string}"},"query-input":{"@type":"PropertyValueSpecification","valueRequired":true,"valueName":"search_term_string"}}],"inLanguage":"es"},{"@type":"Organization","@id":"https:\/\/www.stadtwerke-landshut.de\/es\/#organization","name":"Stadtwerke Landshut","url":"https:\/\/www.stadtwerke-landshut.de\/es\/","logo":{"@type":"ImageObject","inLanguage":"es","@id":"https:\/\/www.stadtwerke-landshut.de\/es\/#\/schema\/logo\/image\/","url":"https:\/\/www.stadtwerke-landshut.de\/wp-content\/uploads\/logo-small.png","contentUrl":"https:\/\/www.stadtwerke-landshut.de\/wp-content\/uploads\/logo-small.png","width":215,"height":215,"caption":"Stadtwerke Landshut"},"image":{"@id":"https:\/\/www.stadtwerke-landshut.de\/es\/#\/schema\/logo\/image\/"}}]}},"publishpress_future_action":{"enabled":false,"date":"2026-04-29 20:22:35","action":"change-status","newStatus":"draft","terms":[],"taxonomy":"","extraData":[]},"publishpress_future_workflow_manual_trigger":{"enabledWorkflows":[]},"_links":{"self":[{"href":"https:\/\/www.stadtwerke-landshut.de\/es\/wp-json\/wp\/v2\/pages\/2473","targetHints":{"allow":["GET"]}}],"collection":[{"href":"https:\/\/www.stadtwerke-landshut.de\/es\/wp-json\/wp\/v2\/pages"}],"about":[{"href":"https:\/\/www.stadtwerke-landshut.de\/es\/wp-json\/wp\/v2\/types\/page"}],"author":[{"embeddable":true,"href":"https:\/\/www.stadtwerke-landshut.de\/es\/wp-json\/wp\/v2\/users\/4"}],"replies":[{"embeddable":true,"href":"https:\/\/www.stadtwerke-landshut.de\/es\/wp-json\/wp\/v2\/comments?post=2473"}],"version-history":[{"count":13,"href":"https:\/\/www.stadtwerke-landshut.de\/es\/wp-json\/wp\/v2\/pages\/2473\/revisions"}],"predecessor-version":[{"id":5756,"href":"https:\/\/www.stadtwerke-landshut.de\/es\/wp-json\/wp\/v2\/pages\/2473\/revisions\/5756"}],"up":[{"embeddable":true,"href":"https:\/\/www.stadtwerke-landshut.de\/es\/wp-json\/wp\/v2\/pages\/54"}],"wp:featuredmedia":[{"embeddable":true,"href":"https:\/\/www.stadtwerke-landshut.de\/es\/wp-json\/wp\/v2\/media\/5700"}],"wp:attachment":[{"href":"https:\/\/www.stadtwerke-landshut.de\/es\/wp-json\/wp\/v2\/media?parent=2473"}],"curies":[{"name":"wp","href":"https:\/\/api.w.org\/{rel}","templated":true}]}}