{"id":4143,"date":"2019-09-03T17:37:02","date_gmt":"2019-09-03T15:37:02","guid":{"rendered":"https:\/\/www.stadtwerke-landshut.de\/?page_id=4143"},"modified":"2019-09-23T14:07:01","modified_gmt":"2019-09-23T12:07:01","slug":"kurse-sicher-im-stadtbus","status":"publish","type":"page","link":"https:\/\/www.stadtwerke-landshut.de\/hu\/mobilitaet\/busfahren\/kurse-sicher-im-stadtbus\/","title":{"rendered":"Tanfolyamok biztons\u00e1gosan a v\u00e1rosi buszon"},"content":{"rendered":"<div class=\"wpb-content-wrapper\"><div class=\"vc_row wpb_row vc_row-fluid\"><div class=\"wpb_column vc_column_container vc_col-sm-12\"><div class=\"vc_column-inner\"><div class=\"wpb_wrapper\"><div class=\"ult-spacer spacer-69e91742cb366\" data-id=\"69e91742cb366\" data-height=\"15\" data-height-mobile=\"15\" data-height-tab=\"15\" data-height-tab-portrait=\"\" data-height-mobile-landscape=\"\" style=\"clear:both;display:block;\"><\/div><\/div><\/div><\/div><\/div><div class=\"vc_row wpb_row vc_row-fluid\"><div class=\"wpb_column vc_column_container vc_col-sm-6\"><div class=\"vc_column-inner\"><div class=\"wpb_wrapper\"><div class=\"ult-content-box-container\" >\t\t<div class=\"ult-content-box\" style=\"background-image:url(&#039;https:\/\/www.stadtwerke-landshut.de\/wp-content\/uploads\/senioren_bus.jpg&#039;);background-size: cover;background-repeat: no-repeat;background-position: center center;background-color: rgba(0, 0, 0, 0);box-shadow: px px px px none;border-style:solid;border-width:1px;border-color:#f4f4f4;-webkit-transition: all 700ms ease;-moz-transition: all 700ms ease;-ms-transition: all 700ms ease;-o-transition: all 700ms ease;transition: all 700ms ease;\"  data-hover_box_shadow=\"none\"  data-hover_border_color=\"#f4f4f4\"     data-border_color=\"#f4f4f4\" ><div class=\"ult-spacer spacer-69e91742cb9db\" data-id=\"69e91742cb9db\" data-height=\"250\" data-height-mobile=\"250\" data-height-tab=\"250\" data-height-tab-portrait=\"\" data-height-mobile-landscape=\"\" style=\"clear:both;display:block;\"><\/div>\t\t<\/div><\/div><div class=\"ult-spacer spacer-69e91742cb9f1\" data-id=\"69e91742cb9f1\" data-height=\"15\" data-height-mobile=\"15\" data-height-tab=\"15\" data-height-tab-portrait=\"\" data-height-mobile-landscape=\"\" style=\"clear:both;display:block;\"><\/div><h3 style=\"text-align: left\" class=\"vc_custom_heading vc_do_custom_heading grau equal1\" >Mobile Plus! id\u0151seknek<\/h3>\n\t<div class=\"wpb_text_column wpb_content_element equal2\" >\n\t\t<div class=\"wpb_wrapper\">\n\t\t\t<p>Mobil plusz! egy program id\u0151skor\u00faak \u00e9s fogyat\u00e9kos emberek sz\u00e1m\u00e1ra, amelyet a Landshut (fala) \u00e9s a Stadtwerke Landshut \u00f6nk\u00e9ntes \u00fcgyn\u00f6ks\u00e9g k\u00edn\u00e1l. A mobilit\u00e1s alapvet\u0151 emberi sz\u00fcks\u00e9glet. Ha k\u00e9pes gondozni \u00e9s t\u00e1rsadalmi tev\u00e9kenys\u00e9geket folytatni, akkor az \u00e9letmin\u0151s\u00e9get jav\u00edtja.<\/p>\n<p>A Mobil plus c\u00e9lja, hogy biztons\u00e1gi gyakorlatokat biztos\u00edtson gyakorlati gyakorlatokkal, hogy seg\u00edtse az embereket az \u00f6regs\u00e9g\u00fckh\u00f6z val\u00f3 mobilit\u00e1sukban. A mobilit\u00e1si kurzus r\u00e9sztvev\u0151i p\u00e9ld\u00e1ul a speci\u00e1lisan felszerelt v\u00e1rosi busszal gyakorolhatj\u00e1k a bel\u00e9p\u00e9st \u00e9s a kij\u00e1ratot.<\/p>\n<p>Ha m\u00e1r nem biztos abban, hogy egyed\u00fcl utazik a v\u00e1rosi busszal, a fala \u00f6nk\u00e9ntes, kik\u00e9pzett edz\u0151 t\u00e1rsat fog biztos\u00edtani \u00d6nnek.<\/p>\n<p>Tov\u00e1bbi inform\u00e1ci\u00f3k a Mobil plus! -R\u00f3l, a mobilit\u00e1si tanfolyamok aktu\u00e1lis d\u00e1tumair\u00f3l, valamint az \u00f6nk\u00e9ntess\u00e9gre vonatkoz\u00f3 k\u00f6vetelm\u00e9nyekr\u0151l a k\u00f6vetkez\u0151 weboldalon tal\u00e1lhat\u00f3k: <a href=\"http:\/\/www.freiwilligen-agentur-landshut.de\" target=\"_blank\" rel=\"noopener noreferrer\"> www.freiwilligen-agentur-landshut.de<\/a> \u00e1ll rendelkez\u00e9sre.<\/p>\n<p>El\u00e9rhet\u0151s\u00e9gek a 0871 2066 2730 telefonon vagy e-mailben <a href=\"mailto:info@freiwilligen-agentur-landshut.de\">info@freiwilligen-agentur-landshut.de<\/a><\/p>\n\n\t\t<\/div>\n\t<\/div>\n<div class=\"ult-spacer spacer-69e91742cbd1b\" data-id=\"69e91742cbd1b\" data-height=\"30\" data-height-mobile=\"30\" data-height-tab=\"30\" data-height-tab-portrait=\"\" data-height-mobile-landscape=\"\" style=\"clear:both;display:block;\"><\/div><\/div><\/div><\/div><div class=\"wpb_column vc_column_container vc_col-sm-6\"><div class=\"vc_column-inner\"><div class=\"wpb_wrapper\"><div class=\"ult-content-box-container\" >\t\t<div class=\"ult-content-box\" style=\"background-image:url(&#039;https:\/\/www.stadtwerke-landshut.de\/wp-content\/uploads\/kids_bus.jpg&#039;);background-size: cover;background-repeat: no-repeat;background-position: center center;background-color: rgba(0, 0, 0, 0);box-shadow: px px px px none;border-style:solid;border-width:1px;border-color:#f4f4f4;-webkit-transition: all 700ms ease;-moz-transition: all 700ms ease;-ms-transition: all 700ms ease;-o-transition: all 700ms ease;transition: all 700ms ease;\"  data-hover_box_shadow=\"none\"  data-hover_border_color=\"#f4f4f4\"     data-border_color=\"#f4f4f4\" ><div class=\"ult-spacer spacer-69e91742cc027\" data-id=\"69e91742cc027\" data-height=\"250\" data-height-mobile=\"250\" data-height-tab=\"250\" data-height-tab-portrait=\"\" data-height-mobile-landscape=\"\" style=\"clear:both;display:block;\"><\/div>\t\t<\/div><\/div><div class=\"ult-spacer spacer-69e91742cc03c\" data-id=\"69e91742cc03c\" data-height=\"15\" data-height-mobile=\"15\" data-height-tab=\"15\" data-height-tab-portrait=\"\" data-height-mobile-landscape=\"\" style=\"clear:both;display:block;\"><\/div><h3 style=\"text-align: left\" class=\"vc_custom_heading vc_do_custom_heading grau equal1\" >Cool2school tizen\u00e9vesek sz\u00e1m\u00e1ra<\/h3>\n\t<div class=\"wpb_text_column wpb_content_element equal2\" >\n\t\t<div class=\"wpb_wrapper\">\n\t\t\t<p>2008 \u00f3ta az \u00f6nk\u00e9ntes iskolabusz-sof\u0151r\u00f6k \u00faton vannak a Stadtwerke Landshut v\u00e1rosi buszaiban az iskol\u00e1k el\u0151tti \u00e1llom\u00e1sokon \u00e9s az iskolabuszokon a rend rend biztos\u00edt\u00e1sa \u00e9rdek\u00e9ben. A Schulbuslotsen fiatalok 14 \u00e9ves kort\u00f3l \u00f6sszesen hat Landshut iskol\u00e1b\u00f3l. A fiatalok el\u0151seg\u00edtik a konfliktusok megel\u0151z\u00e9s\u00e9t \u00e9s a neh\u00e9z helyzetek rendez\u00e9s\u00e9t.<br \/>\nA projektet a Landshut (fala) \u00f6nk\u00e9ntes \u00fcgyn\u00f6ks\u00e9g szervezi, a Stadtwerke Landshut, a k\u00f6zleked\u00e9si rend\u0151r\u00f6k \u00e9s a Landshut rend\u0151rs\u00e9g k\u00f6zrem\u0171k\u00f6d\u00e9s\u00e9vel. Ezen fel\u00fcl a Dominik Brunner Alap\u00edtv\u00e1ny t\u00e1mogatja a projektet.<br \/>\nAz \u00e9rdekl\u0151d\u0151 di\u00e1kok inform\u00e1ci\u00f3kat kaphatnak az iskol\u00e1juk titk\u00e1rs\u00e1g\u00e1n, vagy kapcsolatba l\u00e9phetnek a fala-val (<a href=\"http:\/\/www.freiwilligen-agentur-landshut.de\/\" target=\"_blank\" rel=\"noopener noreferrer\">www.freiwilligen-agentur-landshut.de<\/a>\u00e9rintkez\u0151).<br \/>\nEl\u00e9rhet\u0151s\u00e9gek a 0871 2066 2730 telefonon vagy e-mailben <a href=\"mailto:info@freiwilligen-agentur-landshut.de\">info@freiwilligen-agentur-landshut.de<\/a><\/p>\n\n\t\t<\/div>\n\t<\/div>\n<div class=\"ult-spacer spacer-69e91742cc216\" data-id=\"69e91742cc216\" data-height=\"30\" data-height-mobile=\"30\" data-height-tab=\"30\" data-height-tab-portrait=\"\" data-height-mobile-landscape=\"\" style=\"clear:both;display:block;\"><\/div><\/div><\/div><\/div><\/div>\n<\/div>","protected":false},"excerpt":{"rendered":"Mobil Plus! f\u00fcr Senioren Mobil plus! ist ein Programm f\u00fcr Senioren und Menschen mit Handicap, das die Freiwilligen Agentur Landshut (fala) und die Stadtwerke Landshut anbieten. Mobil zu sein, ist [...]","protected":false},"author":5,"featured_media":4156,"parent":4078,"menu_order":0,"comment_status":"closed","ping_status":"closed","template":"","meta":{"_relevanssi_hide_post":"","_relevanssi_hide_content":"","_relevanssi_pin_for_all":"","_relevanssi_pin_keywords":"","_relevanssi_unpin_keywords":"","_relevanssi_related_keywords":"","_relevanssi_related_include_ids":"","_relevanssi_related_exclude_ids":"","_relevanssi_related_no_append":"","_relevanssi_related_not_related":"","_relevanssi_related_posts":"","_relevanssi_noindex_reason":"","footnotes":""},"class_list":["post-4143","page","type-page","status-publish","has-post-thumbnail","hentry"],"yoast_head":"<!-- This site is optimized with the Yoast SEO Premium plugin v26.9 (Yoast SEO v26.9) - https:\/\/yoast.com\/product\/yoast-seo-premium-wordpress\/ -->\n<title>Kurse &quot;Sicher im Stadtbus&quot; - Stadtwerke Landshut<\/title>\n<meta name=\"description\" content=\"Mit Mobil Plus! und Cool2school bieten wir Ihnen Kurse und Sicherheitstrainings. F\u00fchlen Sie sich sicher in unserem Stadtbus!\" \/>\n<meta name=\"robots\" content=\"index, follow, max-snippet:-1, max-image-preview:large, max-video-preview:-1\" \/>\n<link rel=\"canonical\" href=\"https:\/\/www.stadtwerke-landshut.de\/hu\/mobilitaet\/busfahren\/kurse-sicher-im-stadtbus\/\" \/>\n<meta property=\"og:locale\" content=\"hu_HU\" \/>\n<meta property=\"og:type\" content=\"article\" \/>\n<meta property=\"og:title\" content=\"Kurse sicher im Stadtbus\" \/>\n<meta property=\"og:description\" content=\"Mit Mobil Plus! und Cool2school bieten wir Ihnen Kurse und Sicherheitstrainings. F\u00fchlen Sie sich sicher in unserem Stadtbus!\" \/>\n<meta property=\"og:url\" content=\"https:\/\/www.stadtwerke-landshut.de\/hu\/mobilitaet\/busfahren\/kurse-sicher-im-stadtbus\/\" \/>\n<meta property=\"og:site_name\" content=\"Stadtwerke Landshut\" \/>\n<meta property=\"article:modified_time\" content=\"2019-09-23T12:07:01+00:00\" \/>\n<meta property=\"og:image\" content=\"https:\/\/www.stadtwerke-landshut.de\/wp-content\/uploads\/kurse_bus_kopf.jpg\" \/>\n\t<meta property=\"og:image:width\" content=\"1600\" \/>\n\t<meta property=\"og:image:height\" content=\"452\" \/>\n\t<meta property=\"og:image:type\" content=\"image\/jpeg\" \/>\n<meta name=\"twitter:card\" content=\"summary_large_image\" \/>\n<meta name=\"twitter:label1\" content=\"Becs\u00fclt olvas\u00e1si id\u0151\" \/>\n\t<meta name=\"twitter:data1\" content=\"2 perc\" \/>\n<script type=\"application\/ld+json\" class=\"yoast-schema-graph\">{\"@context\":\"https:\/\/schema.org\",\"@graph\":[{\"@type\":\"WebPage\",\"@id\":\"https:\/\/www.stadtwerke-landshut.de\/mobilitaet\/busfahren\/kurse-sicher-im-stadtbus\/\",\"url\":\"https:\/\/www.stadtwerke-landshut.de\/mobilitaet\/busfahren\/kurse-sicher-im-stadtbus\/\",\"name\":\"Kurse \\\"Sicher im Stadtbus\\\" - Stadtwerke Landshut\",\"isPartOf\":{\"@id\":\"https:\/\/www.stadtwerke-landshut.de\/es\/#website\"},\"primaryImageOfPage\":{\"@id\":\"https:\/\/www.stadtwerke-landshut.de\/mobilitaet\/busfahren\/kurse-sicher-im-stadtbus\/#primaryimage\"},\"image\":{\"@id\":\"https:\/\/www.stadtwerke-landshut.de\/mobilitaet\/busfahren\/kurse-sicher-im-stadtbus\/#primaryimage\"},\"thumbnailUrl\":\"https:\/\/www.stadtwerke-landshut.de\/wp-content\/uploads\/kurse_bus_kopf.jpg\",\"datePublished\":\"2019-09-03T15:37:02+00:00\",\"dateModified\":\"2019-09-23T12:07:01+00:00\",\"description\":\"Mit Mobil Plus! und Cool2school bieten wir Ihnen Kurse und Sicherheitstrainings. F\u00fchlen Sie sich sicher in unserem Stadtbus!\",\"breadcrumb\":{\"@id\":\"https:\/\/www.stadtwerke-landshut.de\/mobilitaet\/busfahren\/kurse-sicher-im-stadtbus\/#breadcrumb\"},\"inLanguage\":\"hu\",\"potentialAction\":[{\"@type\":\"ReadAction\",\"target\":[\"https:\/\/www.stadtwerke-landshut.de\/mobilitaet\/busfahren\/kurse-sicher-im-stadtbus\/\"]}]},{\"@type\":\"ImageObject\",\"inLanguage\":\"hu\",\"@id\":\"https:\/\/www.stadtwerke-landshut.de\/mobilitaet\/busfahren\/kurse-sicher-im-stadtbus\/#primaryimage\",\"url\":\"https:\/\/www.stadtwerke-landshut.de\/wp-content\/uploads\/kurse_bus_kopf.jpg\",\"contentUrl\":\"https:\/\/www.stadtwerke-landshut.de\/wp-content\/uploads\/kurse_bus_kopf.jpg\",\"width\":1600,\"height\":452,\"caption\":\"Kurse sicher im Stadtbus\"},{\"@type\":\"BreadcrumbList\",\"@id\":\"https:\/\/www.stadtwerke-landshut.de\/mobilitaet\/busfahren\/kurse-sicher-im-stadtbus\/#breadcrumb\",\"itemListElement\":[{\"@type\":\"ListItem\",\"position\":1,\"name\":\"Startseite\",\"item\":\"https:\/\/www.stadtwerke-landshut.de\/\"},{\"@type\":\"ListItem\",\"position\":2,\"name\":\"Mobilit\u00e4t\",\"item\":\"https:\/\/www.stadtwerke-landshut.de\/mobilitaet\/\"},{\"@type\":\"ListItem\",\"position\":3,\"name\":\"Busfahren\",\"item\":\"https:\/\/www.stadtwerke-landshut.de\/mobilitaet\/busfahren\/\"},{\"@type\":\"ListItem\",\"position\":4,\"name\":\"Kurse sicher im Stadtbus\"}]},{\"@type\":\"WebSite\",\"@id\":\"https:\/\/www.stadtwerke-landshut.de\/es\/#website\",\"url\":\"https:\/\/www.stadtwerke-landshut.de\/es\/\",\"name\":\"Stadtwerke Landshut\",\"description\":\"Ihr Partner in der Region\",\"publisher\":{\"@id\":\"https:\/\/www.stadtwerke-landshut.de\/es\/#organization\"},\"potentialAction\":[{\"@type\":\"SearchAction\",\"target\":{\"@type\":\"EntryPoint\",\"urlTemplate\":\"https:\/\/www.stadtwerke-landshut.de\/es\/?s={search_term_string}\"},\"query-input\":{\"@type\":\"PropertyValueSpecification\",\"valueRequired\":true,\"valueName\":\"search_term_string\"}}],\"inLanguage\":\"hu\"},{\"@type\":\"Organization\",\"@id\":\"https:\/\/www.stadtwerke-landshut.de\/es\/#organization\",\"name\":\"Stadtwerke Landshut\",\"url\":\"https:\/\/www.stadtwerke-landshut.de\/es\/\",\"logo\":{\"@type\":\"ImageObject\",\"inLanguage\":\"hu\",\"@id\":\"https:\/\/www.stadtwerke-landshut.de\/es\/#\/schema\/logo\/image\/\",\"url\":\"https:\/\/www.stadtwerke-landshut.de\/wp-content\/uploads\/logo-small.png\",\"contentUrl\":\"https:\/\/www.stadtwerke-landshut.de\/wp-content\/uploads\/logo-small.png\",\"width\":215,\"height\":215,\"caption\":\"Stadtwerke Landshut\"},\"image\":{\"@id\":\"https:\/\/www.stadtwerke-landshut.de\/es\/#\/schema\/logo\/image\/\"}}]}<\/script>\n<!-- \/ Yoast SEO Premium plugin. -->","yoast_head_json":{"title":"Kurse \"Sicher im Stadtbus\" - Stadtwerke Landshut","description":"Mit Mobil Plus! und Cool2school bieten wir Ihnen Kurse und Sicherheitstrainings. F\u00fchlen Sie sich sicher in unserem Stadtbus!","robots":{"index":"index","follow":"follow","max-snippet":"max-snippet:-1","max-image-preview":"max-image-preview:large","max-video-preview":"max-video-preview:-1"},"canonical":"https:\/\/www.stadtwerke-landshut.de\/hu\/mobilitaet\/busfahren\/kurse-sicher-im-stadtbus\/","og_locale":"hu_HU","og_type":"article","og_title":"Kurse sicher im Stadtbus","og_description":"Mit Mobil Plus! und Cool2school bieten wir Ihnen Kurse und Sicherheitstrainings. F\u00fchlen Sie sich sicher in unserem Stadtbus!","og_url":"https:\/\/www.stadtwerke-landshut.de\/hu\/mobilitaet\/busfahren\/kurse-sicher-im-stadtbus\/","og_site_name":"Stadtwerke Landshut","article_modified_time":"2019-09-23T12:07:01+00:00","og_image":[{"width":1600,"height":452,"url":"https:\/\/www.stadtwerke-landshut.de\/wp-content\/uploads\/kurse_bus_kopf.jpg","type":"image\/jpeg"}],"twitter_card":"summary_large_image","twitter_misc":{"Becs\u00fclt olvas\u00e1si id\u0151":"2 perc"},"schema":{"@context":"https:\/\/schema.org","@graph":[{"@type":"WebPage","@id":"https:\/\/www.stadtwerke-landshut.de\/mobilitaet\/busfahren\/kurse-sicher-im-stadtbus\/","url":"https:\/\/www.stadtwerke-landshut.de\/mobilitaet\/busfahren\/kurse-sicher-im-stadtbus\/","name":"Kurse \"Sicher im Stadtbus\" - Stadtwerke Landshut","isPartOf":{"@id":"https:\/\/www.stadtwerke-landshut.de\/es\/#website"},"primaryImageOfPage":{"@id":"https:\/\/www.stadtwerke-landshut.de\/mobilitaet\/busfahren\/kurse-sicher-im-stadtbus\/#primaryimage"},"image":{"@id":"https:\/\/www.stadtwerke-landshut.de\/mobilitaet\/busfahren\/kurse-sicher-im-stadtbus\/#primaryimage"},"thumbnailUrl":"https:\/\/www.stadtwerke-landshut.de\/wp-content\/uploads\/kurse_bus_kopf.jpg","datePublished":"2019-09-03T15:37:02+00:00","dateModified":"2019-09-23T12:07:01+00:00","description":"Mit Mobil Plus! und Cool2school bieten wir Ihnen Kurse und Sicherheitstrainings. F\u00fchlen Sie sich sicher in unserem Stadtbus!","breadcrumb":{"@id":"https:\/\/www.stadtwerke-landshut.de\/mobilitaet\/busfahren\/kurse-sicher-im-stadtbus\/#breadcrumb"},"inLanguage":"hu","potentialAction":[{"@type":"ReadAction","target":["https:\/\/www.stadtwerke-landshut.de\/mobilitaet\/busfahren\/kurse-sicher-im-stadtbus\/"]}]},{"@type":"ImageObject","inLanguage":"hu","@id":"https:\/\/www.stadtwerke-landshut.de\/mobilitaet\/busfahren\/kurse-sicher-im-stadtbus\/#primaryimage","url":"https:\/\/www.stadtwerke-landshut.de\/wp-content\/uploads\/kurse_bus_kopf.jpg","contentUrl":"https:\/\/www.stadtwerke-landshut.de\/wp-content\/uploads\/kurse_bus_kopf.jpg","width":1600,"height":452,"caption":"Kurse sicher im Stadtbus"},{"@type":"BreadcrumbList","@id":"https:\/\/www.stadtwerke-landshut.de\/mobilitaet\/busfahren\/kurse-sicher-im-stadtbus\/#breadcrumb","itemListElement":[{"@type":"ListItem","position":1,"name":"Startseite","item":"https:\/\/www.stadtwerke-landshut.de\/"},{"@type":"ListItem","position":2,"name":"Mobilit\u00e4t","item":"https:\/\/www.stadtwerke-landshut.de\/mobilitaet\/"},{"@type":"ListItem","position":3,"name":"Busfahren","item":"https:\/\/www.stadtwerke-landshut.de\/mobilitaet\/busfahren\/"},{"@type":"ListItem","position":4,"name":"Kurse sicher im Stadtbus"}]},{"@type":"WebSite","@id":"https:\/\/www.stadtwerke-landshut.de\/es\/#website","url":"https:\/\/www.stadtwerke-landshut.de\/es\/","name":"Stadtwerke Landshut","description":"Az \u00d6n partnere a r\u00e9gi\u00f3ban","publisher":{"@id":"https:\/\/www.stadtwerke-landshut.de\/es\/#organization"},"potentialAction":[{"@type":"SearchAction","target":{"@type":"EntryPoint","urlTemplate":"https:\/\/www.stadtwerke-landshut.de\/es\/?s={search_term_string}"},"query-input":{"@type":"PropertyValueSpecification","valueRequired":true,"valueName":"search_term_string"}}],"inLanguage":"hu"},{"@type":"Organization","@id":"https:\/\/www.stadtwerke-landshut.de\/es\/#organization","name":"Stadtwerke Landshut","url":"https:\/\/www.stadtwerke-landshut.de\/es\/","logo":{"@type":"ImageObject","inLanguage":"hu","@id":"https:\/\/www.stadtwerke-landshut.de\/es\/#\/schema\/logo\/image\/","url":"https:\/\/www.stadtwerke-landshut.de\/wp-content\/uploads\/logo-small.png","contentUrl":"https:\/\/www.stadtwerke-landshut.de\/wp-content\/uploads\/logo-small.png","width":215,"height":215,"caption":"Stadtwerke Landshut"},"image":{"@id":"https:\/\/www.stadtwerke-landshut.de\/es\/#\/schema\/logo\/image\/"}}]}},"publishpress_future_action":{"enabled":false,"date":"2026-04-29 20:45:22","action":"change-status","newStatus":"draft","terms":[],"taxonomy":"","extraData":[]},"publishpress_future_workflow_manual_trigger":{"enabledWorkflows":[]},"_links":{"self":[{"href":"https:\/\/www.stadtwerke-landshut.de\/hu\/wp-json\/wp\/v2\/pages\/4143","targetHints":{"allow":["GET"]}}],"collection":[{"href":"https:\/\/www.stadtwerke-landshut.de\/hu\/wp-json\/wp\/v2\/pages"}],"about":[{"href":"https:\/\/www.stadtwerke-landshut.de\/hu\/wp-json\/wp\/v2\/types\/page"}],"author":[{"embeddable":true,"href":"https:\/\/www.stadtwerke-landshut.de\/hu\/wp-json\/wp\/v2\/users\/5"}],"replies":[{"embeddable":true,"href":"https:\/\/www.stadtwerke-landshut.de\/hu\/wp-json\/wp\/v2\/comments?post=4143"}],"version-history":[{"count":20,"href":"https:\/\/www.stadtwerke-landshut.de\/hu\/wp-json\/wp\/v2\/pages\/4143\/revisions"}],"predecessor-version":[{"id":5640,"href":"https:\/\/www.stadtwerke-landshut.de\/hu\/wp-json\/wp\/v2\/pages\/4143\/revisions\/5640"}],"up":[{"embeddable":true,"href":"https:\/\/www.stadtwerke-landshut.de\/hu\/wp-json\/wp\/v2\/pages\/4078"}],"wp:featuredmedia":[{"embeddable":true,"href":"https:\/\/www.stadtwerke-landshut.de\/hu\/wp-json\/wp\/v2\/media\/4156"}],"wp:attachment":[{"href":"https:\/\/www.stadtwerke-landshut.de\/hu\/wp-json\/wp\/v2\/media?parent=4143"}],"curies":[{"name":"wp","href":"https:\/\/api.w.org\/{rel}","templated":true}]}}