{"id":58,"date":"2019-04-29T11:22:22","date_gmt":"2019-04-29T09:22:22","guid":{"rendered":"https:\/\/www.stadtwerke-landshut.de\/?page_id=58"},"modified":"2025-05-21T13:34:59","modified_gmt":"2025-05-21T11:34:59","slug":"erdgas","status":"publish","type":"page","link":"https:\/\/www.stadtwerke-landshut.de\/hu\/energie\/erdgas\/","title":{"rendered":"f\u00f6ldg\u00e1z"},"content":{"rendered":"<div class=\"wpb-content-wrapper\"><div class=\"vc_row wpb_row vc_row-fluid\"><div class=\"wpb_column vc_column_container vc_col-sm-12\"><div class=\"vc_column-inner\"><div class=\"wpb_wrapper\"><div class=\"vc_empty_space\"   style=\"height: 15px\"><span class=\"vc_empty_space_inner\"><\/span><\/div><\/div><\/div><\/div><\/div><div data-vc-full-width=\"true\" data-vc-full-width-temp=\"true\" data-vc-full-width-init=\"false\" class=\"vc_row wpb_row vc_row-fluid\"><div class=\"wpb_column vc_column_container vc_col-sm-4\"><div class=\"vc_column-inner\"><div class=\"wpb_wrapper\"><div class=\"aio-icon-component   box-hellblau vorteilbox style_1\"><a class=\"aio-icon-box-link\" href=\"https:\/\/www.stadtwerke-landshut.de\/hu\/energie\/erdgas\/tarife-preise-vergleichen\/\" title=\"zu den Tarifen\" target=\"_blank\" rel=\"noopener\" ><div id=\"Info-box-wrap-1512\" class=\"aio-icon-box square_box-icon\" style=\"\"  ><div class=\"aio-icon-square_box\"><div class=\"ult-just-icon-wrapper\"><div class=\"align-icon\" style=\"text-align:center;\">\n<div class=\"aio-icon-img\" style=\"font-size:60px;background:#006fb9;border-style:solid;border-color:#ffffff;border-width:5px;padding:10px;border-radius:100px;display:inline-block;\" >\n\t<img decoding=\"async\" class=\"img-icon\" alt=\"null\" src=\"https:\/\/www.stadtwerke-landshut.de\/wp-content\/uploads\/tarife_preise_vergleichen_icon.png\"\/>\n<\/div><\/div><\/div><\/div><div class=\"aio-icon-header\" ><h3 class=\"aio-icon-title ult-responsive\"  data-ultimate-target='#Info-box-wrap-1512 .aio-icon-title'  data-responsive-json-new='{\"font-size\":\"\",\"line-height\":\"\"}'  style=\"\">Hasonl\u00edtsa \u00f6ssze a viteld\u00edjakat \u00e9s az \u00e1rakat<\/h3><\/div> <!-- header --><div class=\"aio-icon-description ult-responsive\"  data-ultimate-target='#Info-box-wrap-1512 .aio-icon-description'  data-responsive-json-new='{\"font-size\":\"\",\"line-height\":\"\"}'  style=\"\"><span style=\"color: black;\">Olcs\u00f3 f\u00f6ldg\u00e1z\u00e1rak, megb\u00edzhat\u00f3 ell\u00e1t\u00e1s \u00e9s szem\u00e9lyes kapcsolatok a helysz\u00ednen - erre sz\u00e1m\u00edt?<\/span><\/p>\n<p>\u00bbTov\u00e1bbi inform\u00e1ci\u00f3k<\/div> <!-- description --><\/div> <!-- aio-icon-box --><\/a><\/div> <!-- aio-icon-component --><\/div><\/div><\/div><div class=\"wpb_column vc_column_container vc_col-sm-4\"><div class=\"vc_column-inner\"><div class=\"wpb_wrapper\"><div class=\"aio-icon-component   box-hellblau vorteilbox style_1\"><a class=\"aio-icon-box-link\" href=\"https:\/\/www.stadtwerke-landshut.de\/hu\/energie\/erdgas\/haeufig-gestellte-fragen-faq-infos\/\" title=\"Fragen und Antworten\" target=\"_blank\" rel=\"noopener\" ><div id=\"Info-box-wrap-9611\" class=\"aio-icon-box square_box-icon\" style=\"\"  ><div class=\"aio-icon-square_box\"><div class=\"ult-just-icon-wrapper\"><div class=\"align-icon\" style=\"text-align:center;\">\n<div class=\"aio-icon-img\" style=\"font-size:60px;background:#006fb9;border-style:solid;border-color:#ffffff;border-width:5px;padding:10px;border-radius:100px;display:inline-block;\" >\n\t<img decoding=\"async\" class=\"img-icon\" alt=\"Fragezeichen\" src=\"https:\/\/www.stadtwerke-landshut.de\/wp-content\/uploads\/fragezeichen_icon.png\"\/>\n<\/div><\/div><\/div><\/div><div class=\"aio-icon-header\" ><h3 class=\"aio-icon-title ult-responsive\"  data-ultimate-target='#Info-box-wrap-9611 .aio-icon-title'  data-responsive-json-new='{\"font-size\":\"\",\"line-height\":\"\"}'  style=\"\">GYIK<\/h3><\/div> <!-- header --><div class=\"aio-icon-description ult-responsive\"  data-ultimate-target='#Info-box-wrap-9611 .aio-icon-description'  data-responsive-json-new='{\"font-size\":\"\",\"line-height\":\"\"}'  style=\"\"><span style=\"color: black;\">Umzug, Tarifwechsel, Z\u00e4hlerablesen und Fragen \u2013 hier finden Sie Infos und Antworten auf viele h\u00e4ufig gestellten Fragen.<\/span><\/p>\n<p>\u00bbTov\u00e1bbi inform\u00e1ci\u00f3k<\/div> <!-- description --><\/div> <!-- aio-icon-box --><\/a><\/div> <!-- aio-icon-component --><\/div><\/div><\/div><\/div><div class=\"vc_row-full-width vc_clearfix\"><\/div><div data-vc-full-width=\"true\" data-vc-full-width-temp=\"true\" data-vc-full-width-init=\"false\" class=\"vc_row wpb_row vc_row-fluid\"><div class=\"wpb_column vc_column_container vc_col-sm-12\"><div class=\"vc_column-inner\"><div class=\"wpb_wrapper\"><div class=\"ult-spacer spacer-69e9146add1d9\" data-id=\"69e9146add1d9\" data-height=\"200\" data-height-mobile=\"50\" data-height-tab=\"\" data-height-tab-portrait=\"\" data-height-mobile-landscape=\"100\" style=\"clear:both;display:block;\"><\/div><h2 style=\"text-align: center\" class=\"vc_custom_heading vc_do_custom_heading weiss\" >R\u00f6vid sz\u00fcnet a mindennapi \u00e9letb\u0151l a v\u00e1rosi medenc\u00e9ben<\/h2>\n\t<div class=\"wpb_text_column wpb_content_element weiss\" >\n\t\t<div class=\"wpb_wrapper\">\n\t\t\t<h4 style=\"text-align: center;\">F\u00fcr 13,00 \u20ac Tagespreis Sauna und Hallenbad<br \/>\n\u00e9lvezze, ameddig csak akar!<\/h4>\n\n\t\t<\/div>\n\t<\/div>\n<div class=\"ult-spacer spacer-69e9146add4ea\" data-id=\"69e9146add4ea\" data-height=\"15\" data-height-mobile=\"15\" data-height-tab=\"\" data-height-tab-portrait=\"\" data-height-mobile-landscape=\"\" style=\"clear:both;display:block;\"><\/div><div class=\"vc_btn3-container vc_btn3-center vc_do_btn\" ><a class=\"vc_general vc_btn3 vc_btn3-size-md vc_btn3-shape-square vc_btn3-style-outline vc_btn3-icon-left vc_btn3-color-default\" href=\"https:\/\/www.stadtwerke-landshut.de\/hu\/stadtbad\/sauna-wellness\/\" title=\"Szauna \u00e9s wellness\"><i class=\"vc_btn3-icon fa fa-angle-double-right\"><\/i> Most ismerkedjen meg a szaun\u00e1val<\/a><\/div><div class=\"ult-spacer spacer-69e9146add743\" data-id=\"69e9146add743\" data-height=\"200\" data-height-mobile=\"50\" data-height-tab=\"\" data-height-tab-portrait=\"\" data-height-mobile-landscape=\"100\" style=\"clear:both;display:block;\"><\/div><\/div><\/div><\/div><\/div><div class=\"vc_row-full-width vc_clearfix\"><\/div><!-- Row Backgrounds --><div class=\"upb_bg_img\" data-ultimate-bg=\"url(https:\/\/www.stadtwerke-landshut.de\/wp-content\/uploads\/190304_Saunanacht.jpg)\" data-image-id=\"id^4527|url^https:\/\/www.stadtwerke-landshut.de\/wp-content\/uploads\/190304_Saunanacht.jpg|caption^null|alt^null|title^190304_Saunanacht|description^null\" data-ultimate-bg-style=\"vcpb-default\" data-bg-img-repeat=\"repeat\" data-bg-img-size=\"cover\" data-bg-img-position=\"\" data-parallx_sense=\"30\" data-bg-override=\"0\" data-bg_img_attach=\"scroll\" data-upb-overlay-color=\"rgba(0,0,0,0.45)\" data-upb-bg-animation=\"\" data-fadeout=\"\" data-bg-animation=\"left-animation\" data-bg-animation-type=\"h\" data-animation-repeat=\"repeat\" data-fadeout-percentage=\"30\" data-parallax-content=\"\" data-parallax-content-sense=\"30\" data-row-effect-mobile-disable=\"true\" data-img-parallax-mobile-disable=\"true\" data-rtl=\"false\"  data-custom-vc-row=\"\"  data-vc=\"8.7.2\"  data-is_old_vc=\"\"  data-theme-support=\"\"   data-overlay=\"true\" data-overlay-color=\"rgba(0,0,0,0.45)\" data-overlay-pattern=\"\" data-overlay-pattern-opacity=\"0.8\" data-overlay-pattern-size=\"\" data-overlay-pattern-attachment=\"scroll\"    ><\/div>\n<\/div>","protected":false},"excerpt":{"rendered":"Tarife &amp; Preise vergleichen G\u00fcnstige Erdgaspreise, eine zuverl\u00e4ssige Versorgung und pers\u00f6nliche Ansprechpartner vor Ort \u2013 ist es das, wonach Sie suchen? \u00bb mehr Infos FAQ Umzug, Tarifwechsel, Z\u00e4hlerablesen und Fragen [...]","protected":false},"author":1,"featured_media":951,"parent":15,"menu_order":0,"comment_status":"closed","ping_status":"closed","template":"","meta":{"_relevanssi_hide_post":"","_relevanssi_hide_content":"","_relevanssi_pin_for_all":"","_relevanssi_pin_keywords":"","_relevanssi_unpin_keywords":"","_relevanssi_related_keywords":"","_relevanssi_related_include_ids":"","_relevanssi_related_exclude_ids":"","_relevanssi_related_no_append":"","_relevanssi_related_not_related":"","_relevanssi_related_posts":"","_relevanssi_noindex_reason":"","footnotes":""},"class_list":["post-58","page","type-page","status-publish","has-post-thumbnail","hentry"],"yoast_head":"<!-- This site is optimized with the Yoast SEO Premium plugin v26.9 (Yoast SEO v26.9) - https:\/\/yoast.com\/product\/yoast-seo-premium-wordpress\/ -->\n<title>Erdgas zum g\u00fcnstigen Preis - Stadtwerke Landshut<\/title>\n<meta name=\"description\" content=\"Wir sind Ihr zuverl\u00e4ssiger Erdgasanbieter. Informieren Sie sich \u00fcber unsere Tarife und Preise!\" \/>\n<meta name=\"robots\" content=\"index, follow, max-snippet:-1, max-image-preview:large, max-video-preview:-1\" \/>\n<link rel=\"canonical\" href=\"https:\/\/www.stadtwerke-landshut.de\/hu\/energie\/erdgas\/\" \/>\n<meta property=\"og:locale\" content=\"hu_HU\" \/>\n<meta property=\"og:type\" content=\"article\" \/>\n<meta property=\"og:title\" content=\"Erdgas\" \/>\n<meta property=\"og:description\" content=\"Wir sind Ihr zuverl\u00e4ssiger Erdgasanbieter. Informieren Sie sich \u00fcber unsere Tarife und Preise!\" \/>\n<meta property=\"og:url\" content=\"https:\/\/www.stadtwerke-landshut.de\/hu\/energie\/erdgas\/\" \/>\n<meta property=\"og:site_name\" content=\"Stadtwerke Landshut\" \/>\n<meta property=\"article:modified_time\" content=\"2025-05-21T11:34:59+00:00\" \/>\n<meta property=\"og:image\" content=\"https:\/\/www.stadtwerke-landshut.de\/wp-content\/uploads\/gasflamme-Fotolia_64064954_L-e1566500369254.jpg\" \/>\n\t<meta property=\"og:image:width\" content=\"1600\" \/>\n\t<meta property=\"og:image:height\" content=\"452\" \/>\n\t<meta property=\"og:image:type\" content=\"image\/jpeg\" \/>\n<meta name=\"twitter:card\" content=\"summary_large_image\" \/>\n<meta name=\"twitter:label1\" content=\"Becs\u00fclt olvas\u00e1si id\u0151\" \/>\n\t<meta name=\"twitter:data1\" content=\"1 perc\" \/>\n<script type=\"application\/ld+json\" class=\"yoast-schema-graph\">{\"@context\":\"https:\/\/schema.org\",\"@graph\":[{\"@type\":\"WebPage\",\"@id\":\"https:\/\/www.stadtwerke-landshut.de\/energie\/erdgas\/\",\"url\":\"https:\/\/www.stadtwerke-landshut.de\/energie\/erdgas\/\",\"name\":\"Erdgas zum g\u00fcnstigen Preis - Stadtwerke Landshut\",\"isPartOf\":{\"@id\":\"https:\/\/www.stadtwerke-landshut.de\/es\/#website\"},\"primaryImageOfPage\":{\"@id\":\"https:\/\/www.stadtwerke-landshut.de\/energie\/erdgas\/#primaryimage\"},\"image\":{\"@id\":\"https:\/\/www.stadtwerke-landshut.de\/energie\/erdgas\/#primaryimage\"},\"thumbnailUrl\":\"https:\/\/www.stadtwerke-landshut.de\/wp-content\/uploads\/gasflamme-Fotolia_64064954_L-e1566500369254.jpg\",\"datePublished\":\"2019-04-29T09:22:22+00:00\",\"dateModified\":\"2025-05-21T11:34:59+00:00\",\"description\":\"Wir sind Ihr zuverl\u00e4ssiger Erdgasanbieter. Informieren Sie sich \u00fcber unsere Tarife und Preise!\",\"breadcrumb\":{\"@id\":\"https:\/\/www.stadtwerke-landshut.de\/energie\/erdgas\/#breadcrumb\"},\"inLanguage\":\"hu\",\"potentialAction\":[{\"@type\":\"ReadAction\",\"target\":[\"https:\/\/www.stadtwerke-landshut.de\/energie\/erdgas\/\"]}]},{\"@type\":\"ImageObject\",\"inLanguage\":\"hu\",\"@id\":\"https:\/\/www.stadtwerke-landshut.de\/energie\/erdgas\/#primaryimage\",\"url\":\"https:\/\/www.stadtwerke-landshut.de\/wp-content\/uploads\/gasflamme-Fotolia_64064954_L-e1566500369254.jpg\",\"contentUrl\":\"https:\/\/www.stadtwerke-landshut.de\/wp-content\/uploads\/gasflamme-Fotolia_64064954_L-e1566500369254.jpg\",\"width\":1600,\"height\":452,\"caption\":\"Erdgas\"},{\"@type\":\"BreadcrumbList\",\"@id\":\"https:\/\/www.stadtwerke-landshut.de\/energie\/erdgas\/#breadcrumb\",\"itemListElement\":[{\"@type\":\"ListItem\",\"position\":1,\"name\":\"Startseite\",\"item\":\"https:\/\/www.stadtwerke-landshut.de\/\"},{\"@type\":\"ListItem\",\"position\":2,\"name\":\"Energie\",\"item\":\"https:\/\/www.stadtwerke-landshut.de\/energie\/\"},{\"@type\":\"ListItem\",\"position\":3,\"name\":\"Erdgas\"}]},{\"@type\":\"WebSite\",\"@id\":\"https:\/\/www.stadtwerke-landshut.de\/es\/#website\",\"url\":\"https:\/\/www.stadtwerke-landshut.de\/es\/\",\"name\":\"Stadtwerke Landshut\",\"description\":\"Ihr Partner in der Region\",\"publisher\":{\"@id\":\"https:\/\/www.stadtwerke-landshut.de\/es\/#organization\"},\"potentialAction\":[{\"@type\":\"SearchAction\",\"target\":{\"@type\":\"EntryPoint\",\"urlTemplate\":\"https:\/\/www.stadtwerke-landshut.de\/es\/?s={search_term_string}\"},\"query-input\":{\"@type\":\"PropertyValueSpecification\",\"valueRequired\":true,\"valueName\":\"search_term_string\"}}],\"inLanguage\":\"hu\"},{\"@type\":\"Organization\",\"@id\":\"https:\/\/www.stadtwerke-landshut.de\/es\/#organization\",\"name\":\"Stadtwerke Landshut\",\"url\":\"https:\/\/www.stadtwerke-landshut.de\/es\/\",\"logo\":{\"@type\":\"ImageObject\",\"inLanguage\":\"hu\",\"@id\":\"https:\/\/www.stadtwerke-landshut.de\/es\/#\/schema\/logo\/image\/\",\"url\":\"https:\/\/www.stadtwerke-landshut.de\/wp-content\/uploads\/logo-small.png\",\"contentUrl\":\"https:\/\/www.stadtwerke-landshut.de\/wp-content\/uploads\/logo-small.png\",\"width\":215,\"height\":215,\"caption\":\"Stadtwerke Landshut\"},\"image\":{\"@id\":\"https:\/\/www.stadtwerke-landshut.de\/es\/#\/schema\/logo\/image\/\"}}]}<\/script>\n<!-- \/ Yoast SEO Premium plugin. -->","yoast_head_json":{"title":"Erdgas zum g\u00fcnstigen Preis - Stadtwerke Landshut","description":"Wir sind Ihr zuverl\u00e4ssiger Erdgasanbieter. Informieren Sie sich \u00fcber unsere Tarife und Preise!","robots":{"index":"index","follow":"follow","max-snippet":"max-snippet:-1","max-image-preview":"max-image-preview:large","max-video-preview":"max-video-preview:-1"},"canonical":"https:\/\/www.stadtwerke-landshut.de\/hu\/energie\/erdgas\/","og_locale":"hu_HU","og_type":"article","og_title":"Erdgas","og_description":"Wir sind Ihr zuverl\u00e4ssiger Erdgasanbieter. Informieren Sie sich \u00fcber unsere Tarife und Preise!","og_url":"https:\/\/www.stadtwerke-landshut.de\/hu\/energie\/erdgas\/","og_site_name":"Stadtwerke Landshut","article_modified_time":"2025-05-21T11:34:59+00:00","og_image":[{"width":1600,"height":452,"url":"https:\/\/www.stadtwerke-landshut.de\/wp-content\/uploads\/gasflamme-Fotolia_64064954_L-e1566500369254.jpg","type":"image\/jpeg"}],"twitter_card":"summary_large_image","twitter_misc":{"Becs\u00fclt olvas\u00e1si id\u0151":"1 perc"},"schema":{"@context":"https:\/\/schema.org","@graph":[{"@type":"WebPage","@id":"https:\/\/www.stadtwerke-landshut.de\/energie\/erdgas\/","url":"https:\/\/www.stadtwerke-landshut.de\/energie\/erdgas\/","name":"Erdgas zum g\u00fcnstigen Preis - Stadtwerke Landshut","isPartOf":{"@id":"https:\/\/www.stadtwerke-landshut.de\/es\/#website"},"primaryImageOfPage":{"@id":"https:\/\/www.stadtwerke-landshut.de\/energie\/erdgas\/#primaryimage"},"image":{"@id":"https:\/\/www.stadtwerke-landshut.de\/energie\/erdgas\/#primaryimage"},"thumbnailUrl":"https:\/\/www.stadtwerke-landshut.de\/wp-content\/uploads\/gasflamme-Fotolia_64064954_L-e1566500369254.jpg","datePublished":"2019-04-29T09:22:22+00:00","dateModified":"2025-05-21T11:34:59+00:00","description":"Wir sind Ihr zuverl\u00e4ssiger Erdgasanbieter. Informieren Sie sich \u00fcber unsere Tarife und Preise!","breadcrumb":{"@id":"https:\/\/www.stadtwerke-landshut.de\/energie\/erdgas\/#breadcrumb"},"inLanguage":"hu","potentialAction":[{"@type":"ReadAction","target":["https:\/\/www.stadtwerke-landshut.de\/energie\/erdgas\/"]}]},{"@type":"ImageObject","inLanguage":"hu","@id":"https:\/\/www.stadtwerke-landshut.de\/energie\/erdgas\/#primaryimage","url":"https:\/\/www.stadtwerke-landshut.de\/wp-content\/uploads\/gasflamme-Fotolia_64064954_L-e1566500369254.jpg","contentUrl":"https:\/\/www.stadtwerke-landshut.de\/wp-content\/uploads\/gasflamme-Fotolia_64064954_L-e1566500369254.jpg","width":1600,"height":452,"caption":"Erdgas"},{"@type":"BreadcrumbList","@id":"https:\/\/www.stadtwerke-landshut.de\/energie\/erdgas\/#breadcrumb","itemListElement":[{"@type":"ListItem","position":1,"name":"Startseite","item":"https:\/\/www.stadtwerke-landshut.de\/"},{"@type":"ListItem","position":2,"name":"Energie","item":"https:\/\/www.stadtwerke-landshut.de\/energie\/"},{"@type":"ListItem","position":3,"name":"Erdgas"}]},{"@type":"WebSite","@id":"https:\/\/www.stadtwerke-landshut.de\/es\/#website","url":"https:\/\/www.stadtwerke-landshut.de\/es\/","name":"Stadtwerke Landshut","description":"Az \u00d6n partnere a r\u00e9gi\u00f3ban","publisher":{"@id":"https:\/\/www.stadtwerke-landshut.de\/es\/#organization"},"potentialAction":[{"@type":"SearchAction","target":{"@type":"EntryPoint","urlTemplate":"https:\/\/www.stadtwerke-landshut.de\/es\/?s={search_term_string}"},"query-input":{"@type":"PropertyValueSpecification","valueRequired":true,"valueName":"search_term_string"}}],"inLanguage":"hu"},{"@type":"Organization","@id":"https:\/\/www.stadtwerke-landshut.de\/es\/#organization","name":"Stadtwerke Landshut","url":"https:\/\/www.stadtwerke-landshut.de\/es\/","logo":{"@type":"ImageObject","inLanguage":"hu","@id":"https:\/\/www.stadtwerke-landshut.de\/es\/#\/schema\/logo\/image\/","url":"https:\/\/www.stadtwerke-landshut.de\/wp-content\/uploads\/logo-small.png","contentUrl":"https:\/\/www.stadtwerke-landshut.de\/wp-content\/uploads\/logo-small.png","width":215,"height":215,"caption":"Stadtwerke Landshut"},"image":{"@id":"https:\/\/www.stadtwerke-landshut.de\/es\/#\/schema\/logo\/image\/"}}]}},"publishpress_future_action":{"enabled":false,"date":"2026-04-29 20:33:14","action":"change-status","newStatus":"draft","terms":[],"taxonomy":"","extraData":[]},"publishpress_future_workflow_manual_trigger":{"enabledWorkflows":[]},"_links":{"self":[{"href":"https:\/\/www.stadtwerke-landshut.de\/hu\/wp-json\/wp\/v2\/pages\/58","targetHints":{"allow":["GET"]}}],"collection":[{"href":"https:\/\/www.stadtwerke-landshut.de\/hu\/wp-json\/wp\/v2\/pages"}],"about":[{"href":"https:\/\/www.stadtwerke-landshut.de\/hu\/wp-json\/wp\/v2\/types\/page"}],"author":[{"embeddable":true,"href":"https:\/\/www.stadtwerke-landshut.de\/hu\/wp-json\/wp\/v2\/users\/1"}],"replies":[{"embeddable":true,"href":"https:\/\/www.stadtwerke-landshut.de\/hu\/wp-json\/wp\/v2\/comments?post=58"}],"version-history":[{"count":39,"href":"https:\/\/www.stadtwerke-landshut.de\/hu\/wp-json\/wp\/v2\/pages\/58\/revisions"}],"predecessor-version":[{"id":26725,"href":"https:\/\/www.stadtwerke-landshut.de\/hu\/wp-json\/wp\/v2\/pages\/58\/revisions\/26725"}],"up":[{"embeddable":true,"href":"https:\/\/www.stadtwerke-landshut.de\/hu\/wp-json\/wp\/v2\/pages\/15"}],"wp:featuredmedia":[{"embeddable":true,"href":"https:\/\/www.stadtwerke-landshut.de\/hu\/wp-json\/wp\/v2\/media\/951"}],"wp:attachment":[{"href":"https:\/\/www.stadtwerke-landshut.de\/hu\/wp-json\/wp\/v2\/media?parent=58"}],"curies":[{"name":"wp","href":"https:\/\/api.w.org\/{rel}","templated":true}]}}