{"id":5834,"date":"2019-09-20T14:45:15","date_gmt":"2019-09-20T12:45:15","guid":{"rendered":"https:\/\/www.stadtwerke-landshut.de\/?page_id=5834"},"modified":"2023-02-13T09:37:21","modified_gmt":"2023-02-13T08:37:21","slug":"nutzungsbedingungen","status":"publish","type":"page","link":"https:\/\/www.stadtwerke-landshut.de\/hu\/nutzungsbedingungen\/","title":{"rendered":"Felhaszn\u00e1l\u00e1si felt\u00e9telek"},"content":{"rendered":"<div class=\"wpb-content-wrapper\"><div class=\"vc_row wpb_row vc_row-fluid no-padding\"><div class=\"wpb_column vc_column_container vc_col-sm-12\"><div class=\"vc_column-inner\"><div class=\"wpb_wrapper\"><div class=\"ult-spacer spacer-69e8fce4ade4c\" data-id=\"69e8fce4ade4c\" data-height=\"15\" data-height-mobile=\"15\" data-height-tab=\"15\" data-height-tab-portrait=\"\" data-height-mobile-landscape=\"\" style=\"clear:both;display:block;\"><\/div><\/div><\/div><\/div><\/div><div data-vc-full-width=\"true\" data-vc-full-width-temp=\"true\" data-vc-full-width-init=\"false\" class=\"vc_row wpb_row vc_row-fluid tauschen\"><div class=\"wpb_column vc_column_container vc_col-sm-12\"><div class=\"vc_column-inner\"><div class=\"wpb_wrapper\">\n\t<div class=\"wpb_text_column wpb_content_element\" >\n\t\t<div class=\"wpb_wrapper\">\n\t\t\t<h5 class=\"grau\">copyright<\/h5>\n<p>A sz\u00f6vegek, k\u00e9pek, grafik\u00e1k \u00e9s a weboldal kialak\u00edt\u00e1sa szerz\u0151i jogi v\u00e9delem alatt \u00e1ll. \u00d6n kiz\u00e1r\u00f3lag mag\u00e1n- \u00e9s egy\u00e9b saj\u00e1t felhaszn\u00e1l\u00e1sra haszn\u00e1lhatja azokat az 53. \u00a7 (szerz\u0151i jogi t\u00f6rv\u00e9ny) (UrhG) \u00f6sszef\u00fcgg\u00e9s\u00e9ben. Ezen oldalak vagy azok r\u00e9szeinek m\u00e1sol\u00e1sa vagy felhaszn\u00e1l\u00e1sa m\u00e1s elektronikus vagy nyomtatott kiadv\u00e1nyokban, valamint k\u00f6zz\u00e9t\u00e9tel\u00fck csak a beleegyez\u00e9s\u00fcnkkel enged\u00e9lyezett. Ezek k\u00e9r\u00e9sre a <a href=\"https:\/\/www.stadtwerke-landshut.de\/hu\/impressum\/\">felel\u0151s a tartalom\u00e9rt<\/a>, A sajt\u00f3k\u00f6zlem\u00e9nyek \u00e9s a besz\u00e9dek sokszoros\u00edt\u00e1sa \u00e9s \u00e9rt\u00e9kel\u00e9se \u00e1ltal\u00e1ban megengedett, felt\u00e9ve, hogy a forr\u00e1st megadj\u00e1k.<\/p>\n<p>Ezenk\u00edv\u00fcl a sz\u00f6veg, k\u00e9pek, grafik\u00e1k \u00e9s egy\u00e9b f\u00e1jlok r\u00e9szben vagy eg\u00e9szben harmadik felek szerz\u0151i joga al\u00e1 tartozhatnak. A tartalom\u00e9rt felel\u0151s felek tov\u00e1bbi inform\u00e1ci\u00f3kat ny\u00fajtanak \u00d6nnek a harmadik felek lehets\u00e9ges jogainak fenn\u00e1ll\u00e1s\u00e1r\u00f3l.<\/p>\n\n\t\t<\/div>\n\t<\/div>\n<div  class=\"vc_do_toggle vc_toggle vc_toggle_text_only vc_toggle_color_default  vc_toggle_size_md   grau\"><div class=\"vc_toggle_title\"><p style=\"text-align: left\" class=\"vc_custom_heading vc_do_custom_heading blau fett\" >\u00bbK\u00e9p-tippek<\/p><i class=\"vc_toggle_icon\"><\/i><\/div><div class=\"vc_toggle_content\"><p>A k\u00fcl\u00f6n nem eml\u00edtett k\u00e9pek: \u00a9 Stadtwerke Landshut;<\/p>\n<p>F\u0151 navig\u00e1ci\u00f3: Szennyv\u00edz: A szennyv\u00edztiszt\u00edt\u00f3 telep l\u00e9gi k\u00e9pe \u00a9 Klaus Leidorf \/ Stadtwerke Landshut | Pamut p\u00e1rn\u00e1k: \u00a9 anoli \/ Fotolia | WC csatlakoztatva: \u00a9 Thomas von Stetten - stock.adobe.com | A patk\u00e1ny a f\u00fcrd\u0151szob\u00e1b\u00f3l a f\u00fcrd\u0151szob\u00e1ba \u00e9rkezik: \u00a9 Holger Kirk - stock.adobe.com | V\u00edz a mosogat\u00f3ban: \u00a9 SkyLine - stock.adobe.com | Kutya (golden retriever) f\u00fcrdik: \u00a9 chalabala.cz - stock.adobe.com | Eserny\u0151vel rendelkez\u0151 gyermek: \u00a9 Miredi \/ Fotolia | P\u00e1r laptop el\u0151tt: \u00a9 bokan \/ Fotolia | Kerti h\u00e1z: \u00a9 KB3 - stock.adobe.com | Tervez\u0151k, \u00e9p\u00edt\u00e9szek: \u00a9 REDPIXEL - stock.adobe.com | Csatorna ellen\u0151rz\u00e9se: \u00a9 mitifoto \/ Fotolia | Egy vastag t\u00f6ml\u0151 szor\u00edt\u00f3rendszerrel vezet a vizet egy csatorn\u00e1ba: \u00a9 fefufoto - stock.adobe.com | K\u00e9pszakasz: Wellington csizma es\u0151ben: \u00a9 Erwin Wodicka - stock.adobe.com | A l\u00e1ny tartja az orr\u00e1t: \u00a9 DRON_FOTO - stock.adobe.com;<\/p>\n<p>Energie: Fotomontage von Stadtwerke Landshut mit Familienfoto von \u00a9 Rido \/ Fotolia | Strom: Landshut bei Nacht: \u00a9 Harry Zdera\/Stadtwerke Landshut | Mann mit Jungen: \u00a9 goodluz \/ Fotolia | Frau und Kind mit Laptop: \u00a9 Yakobchuk Olena &#8211; stock.adobe.com | Kundenkarte: Paar mit Einkaufst\u00fcte: \u00a9 gpointstudio \/ Fotolia | Fotomontage Stadtwerke Landshut mit Foto \u201eFrau mit Karte\u201c von \u00a9 Antonioguillem &#8211; stock.adobe.com | Erdgas: Gasflamme: \u00a9 by-studio &#8211; stock.adobe.com | M\u00e4dchen zeigt Daumen hoch: \u00a9 Eduard Titov \/ Fotolia | Fernw\u00e4rme: Frau schl\u00e4ft l\u00e4chelnd: \u00a9 Amir Kaljikovic \/ Fotolia | Energiedienste: Gl\u00fchbirnen mit Energiesparlampe: \u00a9 BillionPhotos.com \/ Fotolia | Energieberatung: \u00a9 Michael Hackl\/Stadtwerke Landshut | Mann mit Geschirrsp\u00fclmaschine: \u00a9 Andrey Popov \/ Fotolia | Frau mit Sparschwein: \u00a9 contrastwerkstatt \/ Fotolia; | Energiepreise: Thermostat mit Euro-Zeichen: \u00a9 Lightspruch &#8211; Thorsten Nilson &#8211; stock.adobe.com<\/p>\n<p>Mobilit\u00e1s: Buszos vezet\u00e9s: Ember fejhallgat\u00f3val: \u00a9 Halfpoint \/ Fotolia | Tanfolyamok biztons\u00e1gosan a v\u00e1rosi buszon: n\u0151k a buszon \u00a9 Viktor Cap 2012 \/ Fotolia | Id\u0151sek buszon \u00a9 Monkey Business \/ Fotolia | Gyerekek a meg\u00e1ll\u00f3ban: \u00a9 LIGHTFIELD STUDIOS - stock.adobe.com | Fot\u00f3mont\u00e1zs Stadtwerke Landshut fot\u00f3val &quot;L\u00e1ny egy buszmeg\u00e1ll\u00f3ban 10 eur\u00f3t tart&quot; - k\u00e9sz\u00edtette \u00a9 Kaesler Media - stock.adobe.com | E-benzinkutak: k\u00e9z aut\u00f3s kulcsokkal: \u00a9 Tony Studio Photography - stock.adobe.com | Fot\u00f3mont\u00e1zs Stadtwerke Landshut fot\u00f3val &quot;a fiatalember h\u00fcvelykujj\u00e1t mutat fel elektromos aut\u00f3val&quot; \u00a9 Gerhard Seybert \/ Fotolia | F\u00f6ldg\u00e1z-t\u00f6lt\u0151\u00e1llom\u00e1s: \u00datjelz\u00e9s \u00e9s hivatkoz\u00e1s a f\u00f6ldg\u00e1z-f\u00f6ldg\u00e1zzal m\u0171k\u00f6d\u0151 benzink\u00fatra: \u00a9 stadtratte - stock.adobe.com | Aut\u00f3megoszt\u00e1s: kulcs\u00e1tad\u00e1s: \u00a9 Tony Studio Photography - stock.adobe.com;<\/p>\n<p>Stadtbad: l\u00e9gifelv\u00e9telek: \u00a9 Klaus Leidorf \/ Stadtwerke Landshut | K\u00fclt\u00e9ri medence: \u00f6sszes k\u00e9p \u00a9 Christine Vincon \/ Stadtwerke Landshut; A gyermek megtanulja \u00faszni az anyj\u00e1val: \u00a9 \u00a9 artem_goncharov - stock.adobe.com | Belt\u00e9ri \u00fasz\u00f3medence: Photomontage Stadtwerke Landshut n\u0151vel ell\u00e1tott fot\u00f3val a medence sz\u00e9l\u00e9n \u00a9 goodluz - stock.adobe.com | Fot\u00f3mont\u00e1zs Stadtwerke Landshut csoportos fot\u00f3val, v\u00edzilabda \u00a9 Robert Kneschke \/ Fotolia | Pommest\u00fcte: \u00a9 Rafael Classen - www.rclassen.de - stock.adobe.com | A l\u00e9gi felv\u00e9tel \u00a9 Klaus Leidorf \/ Stadtwerke Landshut; \u00dasz\u00e1si \u00f3r\u00e1k: Gyerek \u00fasz\u00f3deszk\u00e1val: \u00a9 Family Veldman - stock.adobe.com | Gyerek \u00fasz\u00f3szem\u00fcveg: \u00a9 Acik \/ Fotolia | Feln\u0151ttek medence t\u00e9szt\u00e1val: \u00a9 Robert Kneschke \/ Fotolia | Aqua Zumba tanfolyam: \u00a9 Robert Kneschke - stock.adobe.com | Gyerek sz\u00fclet\u00e9snapja: \u00a9 Marzanna Syncerz - Fotolia | Id\u0151sebb v\u00edzi torna: \u00a9 Robert Kneschke \/ Fotolia;<\/p>\n<p>V\u00edz: A gyerekek friss vizet fogyasztanak limekkel: \u00a9 Robert Kneschke - stock.adobe.com | V\u00edzk\u00e9p: \u00a9 Nobu \/ Fotolia | N\u0151 iszik vizet: \u00a9 Contrastwerkstatt \/ Fotolia | Csaptelep: \u00a9 Unpodger - stock.adobe.com\/ Lipskiy Pavel;<\/p>\n<p>Head navig\u00e1ci\u00f3: \u00dczleti \u00fcgyfelek: Energia: Villamosvezet\u00e9k naps\u00fct\u00e9sben: \u00a9 Gina Sanders - stock.adobe.com | G\u00e1zl\u00e1ng: \u00a9 by-studio - stock.adobe.com; V\u00e1llalat: \u00dcgyf\u00e9lk\u00f6zpont: \u00a9 Michael Hackl \/ Stadtwerke Landshut | V\u00e1rosi f\u00fcrd\u0151: \u00a9 Christine Vincon \/ Stadtwerke Landshut | L\u00e9gifot\u00f3k: \u00a9 Klaus Leidorf \/ Stadtwerke Landshut | Maxwehr (helysz\u00ednek): Photomontage Stadtwerke Landshut \u00a9 Ralf Zeilhofer k\u00e9p\u00e9vel; Karrier: Kock\u00e1k, a napilapon JOBS felirattal: \u00a9 fotogestoeber - stock.adobe.com; Sajt\u00f3: Dice News: \u00a9 made_by_nana - stock.adobe.com<\/p>\n<p>Stickysidebar: Kundenservice: Umzug junge Frau neben Umzugskisten: \u00a9 nenetus \/ Fotolia | Vorsicht vor Betr\u00fcgern: \u00a9 Iakov Filimonov \u2013 stock.adobe.com | Au\u00dfenaufnahmen Kundenzentrum: \u00a9 Michael Hackl\/Stadtwerke Landshut | Schl\u00fcssel mit Haus auf Plan: \u00a9 Robert Kneschke \u2013 stock.adobe.com | Installateursverzeichnis: \u00a9 mihail39 &#8211; stock.adobe.com; Bauherren: Schl\u00fcssel mit Haus auf Plan: \u00a9 Robert Kneschke \u2013 stock.adobe.com Planer, Architekten: \u00a9 REDPIXEL &#8211; stock.adobe.com | Frau an Heizungsanlage: \u00a9 highwaystarz \/ Fotolia | Kundenportal: Frau mit Brille am Laptop: \u00a9 olly &#8211; stock.adobe.com | SWLApp: Fotomontage Stadtwerke Landshut; winkendes Paar im Bus: \u00a9 Iryna Inshyna \u2013 stock.adobe.com<\/p>\n<p>Aktuelle Meldungen | Neuigkeiten &amp; Infos | Presse: Gut gelauntes Paar nutzt ein digitales Tablet zuhause: \u00a9 jackfrog &#8211; stock.adobe.com<\/p>\n<p>Szerz\u0151i jogi l\u00e1bl\u00e9c: H\u00e1l\u00f3zatok: Elektromos vezet\u00e9k a nappal: \u00a9 Gina Sanders - stock.adobe.com |<\/p>\n<\/div><\/div><div class=\"ult-spacer spacer-69e8fce4ae772\" data-id=\"69e8fce4ae772\" data-height=\"15\" data-height-mobile=\"15\" data-height-tab=\"15\" data-height-tab-portrait=\"\" data-height-mobile-landscape=\"\" style=\"clear:both;display:block;\"><\/div>\n\t<div class=\"wpb_text_column wpb_content_element\" >\n\t\t<div class=\"wpb_wrapper\">\n\t\t\t<h5 class=\"grau\">felel\u0151ss\u00e9g<\/h5>\n<p>Nem \u00e1ll fenn szerz\u0151d\u00e9ses kapcsolat az internetes aj\u00e1nlat felhaszn\u00e1l\u00f3ival. A Stadtwerke Landshut kifejezetten fenntartja a jogot az egyes weboldalak vagy a teljes aj\u00e1nlat el\u0151zetes \u00e9rtes\u00edt\u00e9s n\u00e9lk\u00fcli megv\u00e1ltoztat\u00e1s\u00e1ra, kieg\u00e9sz\u00edt\u00e9s\u00e9re vagy t\u00f6rl\u00e9s\u00e9re, vagy a k\u00f6zz\u00e9t\u00e9tel ideiglenes vagy v\u00e9gleges megsz\u00fcntet\u00e9s\u00e9re.<\/p>\n<p>A Stadtwerke Landshut felel\u0151ss\u00e9ge e weboldal\u00e9rt ezenfel\u00fcl a <a href=\"https:\/\/www.gesetze-im-internet.de\/tmg\/__7.html\" target=\"_blank\" rel=\"noopener noreferrer\"> 7. \u00a7 Telemedia t\u00f6rv\u00e9ny (TMG)<\/a>.<\/p>\n<p>A BGB 839. \u00a7-a (felel\u0151ss\u00e9g hivatalos k\u00f6telezetts\u00e9gszeg\u00e9s\u00e9rt val\u00f3 felel\u0151ss\u00e9g) \u00e9s az eur\u00f3pai szolg\u00e1ltat\u00e1si ir\u00e1nyelv (2006\/123 \/ EK ir\u00e1nyelv - DLRL) rendelkez\u00e9sei v\u00e1ltozatlanul maradnak.<\/p>\n\n\t\t<\/div>\n\t<\/div>\n<div class=\"ult-spacer spacer-69e8fce4ae84f\" data-id=\"69e8fce4ae84f\" data-height=\"15\" data-height-mobile=\"15\" data-height-tab=\"15\" data-height-tab-portrait=\"\" data-height-mobile-landscape=\"\" style=\"clear:both;display:block;\"><\/div>\n\t<div class=\"wpb_text_column wpb_content_element\" >\n\t\t<div class=\"wpb_wrapper\">\n\t\t\t<h5 class=\"grau\">E-mailek (elektronikus lev\u00e9l)<\/h5>\n<p><strong>titkos\u00edt\u00e1s<\/strong><br \/>\nTechnikai \u00e9s szervez\u00e9si okokb\u00f3l a Stadtwerke Landshut jelenleg nem k\u00e9pes titkos\u00edtott e-mailek feldolgoz\u00e1s\u00e1ra. Ha bizalmas inform\u00e1ci\u00f3kat szeretne k\u00fcldeni nek\u00fcnk, k\u00e9rj\u00fck, haszn\u00e1lja a levelet.<\/p>\n<p><strong>Megengedett mell\u00e9kletek <\/strong><br \/>\nHa szeretne e-maileket csatolni a Stadtwerke-hez, k\u00e9rj\u00fck, vegye figyelembe, hogy a Stadtwerke nem t\u00e1mogatja a piacon tal\u00e1lhat\u00f3 \u00f6sszes \u00e1ltal\u00e1nos f\u00e1jlform\u00e1tumot \u00e9s alkalmaz\u00e1st. A szabv\u00e1nyos f\u00e1jlform\u00e1tumok (pl. Docx, xlsx, pdf, jpg) \u00e1ltal\u00e1ban 20 MB m\u00e9retkorl\u00e1toz\u00e1ssal dolgozhat\u00f3k fel, felt\u00e9ve, hogy a v\u00edruskeres\u0151nk ellen\u0151rizheti a mell\u00e9kletet (jelsz\u00f3val v\u00e9dett vagy a makr\u00f3kkal ell\u00e1tott f\u00e1jlok t\u00f6bbek k\u00f6z\u00f6tt nem ellen\u0151rizhet\u0151k). V\u00e9grehajthat\u00f3 f\u00e1jlokat (exe, bat, stb.) Soha nem sz\u00e1ll\u00edtunk.<\/p>\n<p><strong>al\u00e1\u00edr\u00e1s<\/strong><br \/>\nSajnos a Stadtwerke Landshut technikai \u00e9s szervezeti okokb\u00f3l jelenleg nem tudja ellen\u0151rizni az elektronikus al\u00e1\u00edr\u00e1sok hiteless\u00e9g\u00e9t \u00e9s \u00e9rv\u00e9nyess\u00e9g\u00e9t.<br \/>\nEnnek eredm\u00e9nyek\u00e9nt nem lesz k\u00e9pes olyan dokumentumokat beny\u00fajtani, amelyekre \u00edr\u00e1sbeli formai k\u00f6vetelm\u00e9ny vonatkozik elektronikus form\u00e1ban. Ez\u00e9rt k\u00e9rj\u00fck, hogy ezekben az esetekben v\u00e1ltson \u00e1t a pap\u00edr alap\u00fa kommunik\u00e1ci\u00f3ra.<br \/>\nMegjegyz\u00e9sek<\/p>\n<p>Ezek az utas\u00edt\u00e1sok csak a Stadtwerke Landshut-nal folytatott kommunik\u00e1ci\u00f3ra \u00e9rv\u00e9nyesek, \u00e9s nem vonatkoznak harmadik felek, p\u00e9ld\u00e1ul m\u00e1s hat\u00f3s\u00e1gok aj\u00e1nlatainak utal\u00e1s\u00e1ra. Ha az e-mail nem feldolgozhat\u00f3, akkor a c\u00edmzett \u00e9rtes\u00edti \u00d6nt. Ez az eset z. B. hely\u00e9be sz\u00e1m\u00edt\u00f3g\u00e9pes v\u00edrusok, \u00e1ltal\u00e1nos m\u0171szaki probl\u00e9m\u00e1k vagy a fenti m\u0171szaki felt\u00e9telekt\u0151l val\u00f3 elt\u00e9r\u00e9sek l\u00e9pnek.<\/p>\n\n\t\t<\/div>\n\t<\/div>\n<div class=\"ult-spacer spacer-69e8fce4ae92f\" data-id=\"69e8fce4ae92f\" data-height=\"30\" data-height-mobile=\"30\" data-height-tab=\"30\" data-height-tab-portrait=\"\" data-height-mobile-landscape=\"\" style=\"clear:both;display:block;\"><\/div><\/div><\/div><\/div><\/div><div class=\"vc_row-full-width vc_clearfix\"><\/div>\n<\/div>","protected":false},"excerpt":{"rendered":"Urheberrecht Texte, Bilder, Grafiken sowie die Gestaltung dieser Internetseiten unterliegen dem Urheberrecht. Sie d\u00fcrfen von Ihnen nur zum privaten und sonstigen eigenen Gebrauch im Rahmen des \u00a7 53 Urheberrechtsgesetz (UrhG) [...]","protected":false},"author":5,"featured_media":0,"parent":0,"menu_order":0,"comment_status":"closed","ping_status":"closed","template":"","meta":{"_relevanssi_hide_post":"","_relevanssi_hide_content":"","_relevanssi_pin_for_all":"","_relevanssi_pin_keywords":"","_relevanssi_unpin_keywords":"","_relevanssi_related_keywords":"","_relevanssi_related_include_ids":"","_relevanssi_related_exclude_ids":"","_relevanssi_related_no_append":"","_relevanssi_related_not_related":"","_relevanssi_related_posts":"","_relevanssi_noindex_reason":"","footnotes":""},"class_list":["post-5834","page","type-page","status-publish","hentry"],"yoast_head":"<!-- This site is optimized with the Yoast SEO Premium plugin v26.9 (Yoast SEO v26.9) - https:\/\/yoast.com\/product\/yoast-seo-premium-wordpress\/ -->\n<title>Unsere Nutzungsbedingungen - Stadtwerke Landshut<\/title>\n<meta name=\"description\" content=\"Mit der Nutzung unserer Dienste verpflichten Sie sich zur Einhaltung unserer Richtlinien \u2013 unsere Nutzungsbedingungen im Detail!\" \/>\n<meta name=\"robots\" content=\"index, follow, max-snippet:-1, max-image-preview:large, max-video-preview:-1\" \/>\n<link rel=\"canonical\" href=\"https:\/\/www.stadtwerke-landshut.de\/hu\/nutzungsbedingungen\/\" \/>\n<meta property=\"og:locale\" content=\"hu_HU\" \/>\n<meta property=\"og:type\" content=\"article\" \/>\n<meta property=\"og:title\" content=\"Nutzungsbedingungen\" \/>\n<meta property=\"og:description\" content=\"Mit der Nutzung unserer Dienste verpflichten Sie sich zur Einhaltung unserer Richtlinien \u2013 unsere Nutzungsbedingungen im Detail!\" \/>\n<meta property=\"og:url\" content=\"https:\/\/www.stadtwerke-landshut.de\/hu\/nutzungsbedingungen\/\" \/>\n<meta property=\"og:site_name\" content=\"Stadtwerke Landshut\" \/>\n<meta property=\"article:modified_time\" content=\"2023-02-13T08:37:21+00:00\" \/>\n<meta name=\"twitter:card\" content=\"summary_large_image\" \/>\n<meta name=\"twitter:label1\" content=\"Becs\u00fclt olvas\u00e1si id\u0151\" \/>\n\t<meta name=\"twitter:data1\" content=\"6 perc\" \/>\n<script type=\"application\/ld+json\" class=\"yoast-schema-graph\">{\"@context\":\"https:\/\/schema.org\",\"@graph\":[{\"@type\":\"WebPage\",\"@id\":\"https:\/\/www.stadtwerke-landshut.de\/ru\/nutzungsbedingungen\/\",\"url\":\"https:\/\/www.stadtwerke-landshut.de\/ru\/nutzungsbedingungen\/\",\"name\":\"Unsere Nutzungsbedingungen - Stadtwerke Landshut\",\"isPartOf\":{\"@id\":\"https:\/\/www.stadtwerke-landshut.de\/es\/#website\"},\"datePublished\":\"2019-09-20T12:45:15+00:00\",\"dateModified\":\"2023-02-13T08:37:21+00:00\",\"description\":\"Mit der Nutzung unserer Dienste verpflichten Sie sich zur Einhaltung unserer Richtlinien \u2013 unsere Nutzungsbedingungen im Detail!\",\"breadcrumb\":{\"@id\":\"https:\/\/www.stadtwerke-landshut.de\/ru\/nutzungsbedingungen\/#breadcrumb\"},\"inLanguage\":\"hu\",\"potentialAction\":[{\"@type\":\"ReadAction\",\"target\":[\"https:\/\/www.stadtwerke-landshut.de\/ru\/nutzungsbedingungen\/\"]}]},{\"@type\":\"BreadcrumbList\",\"@id\":\"https:\/\/www.stadtwerke-landshut.de\/ru\/nutzungsbedingungen\/#breadcrumb\",\"itemListElement\":[{\"@type\":\"ListItem\",\"position\":1,\"name\":\"Startseite\",\"item\":\"https:\/\/www.stadtwerke-landshut.de\/\"},{\"@type\":\"ListItem\",\"position\":2,\"name\":\"Nutzungsbedingungen\"}]},{\"@type\":\"WebSite\",\"@id\":\"https:\/\/www.stadtwerke-landshut.de\/es\/#website\",\"url\":\"https:\/\/www.stadtwerke-landshut.de\/es\/\",\"name\":\"Stadtwerke Landshut\",\"description\":\"Ihr Partner in der Region\",\"publisher\":{\"@id\":\"https:\/\/www.stadtwerke-landshut.de\/es\/#organization\"},\"potentialAction\":[{\"@type\":\"SearchAction\",\"target\":{\"@type\":\"EntryPoint\",\"urlTemplate\":\"https:\/\/www.stadtwerke-landshut.de\/es\/?s={search_term_string}\"},\"query-input\":{\"@type\":\"PropertyValueSpecification\",\"valueRequired\":true,\"valueName\":\"search_term_string\"}}],\"inLanguage\":\"hu\"},{\"@type\":\"Organization\",\"@id\":\"https:\/\/www.stadtwerke-landshut.de\/es\/#organization\",\"name\":\"Stadtwerke Landshut\",\"url\":\"https:\/\/www.stadtwerke-landshut.de\/es\/\",\"logo\":{\"@type\":\"ImageObject\",\"inLanguage\":\"hu\",\"@id\":\"https:\/\/www.stadtwerke-landshut.de\/es\/#\/schema\/logo\/image\/\",\"url\":\"https:\/\/www.stadtwerke-landshut.de\/wp-content\/uploads\/logo-small.png\",\"contentUrl\":\"https:\/\/www.stadtwerke-landshut.de\/wp-content\/uploads\/logo-small.png\",\"width\":215,\"height\":215,\"caption\":\"Stadtwerke Landshut\"},\"image\":{\"@id\":\"https:\/\/www.stadtwerke-landshut.de\/es\/#\/schema\/logo\/image\/\"}}]}<\/script>\n<!-- \/ Yoast SEO Premium plugin. -->","yoast_head_json":{"title":"Unsere Nutzungsbedingungen - Stadtwerke Landshut","description":"Mit der Nutzung unserer Dienste verpflichten Sie sich zur Einhaltung unserer Richtlinien \u2013 unsere Nutzungsbedingungen im Detail!","robots":{"index":"index","follow":"follow","max-snippet":"max-snippet:-1","max-image-preview":"max-image-preview:large","max-video-preview":"max-video-preview:-1"},"canonical":"https:\/\/www.stadtwerke-landshut.de\/hu\/nutzungsbedingungen\/","og_locale":"hu_HU","og_type":"article","og_title":"Nutzungsbedingungen","og_description":"Mit der Nutzung unserer Dienste verpflichten Sie sich zur Einhaltung unserer Richtlinien \u2013 unsere Nutzungsbedingungen im Detail!","og_url":"https:\/\/www.stadtwerke-landshut.de\/hu\/nutzungsbedingungen\/","og_site_name":"Stadtwerke Landshut","article_modified_time":"2023-02-13T08:37:21+00:00","twitter_card":"summary_large_image","twitter_misc":{"Becs\u00fclt olvas\u00e1si id\u0151":"6 perc"},"schema":{"@context":"https:\/\/schema.org","@graph":[{"@type":"WebPage","@id":"https:\/\/www.stadtwerke-landshut.de\/ru\/nutzungsbedingungen\/","url":"https:\/\/www.stadtwerke-landshut.de\/ru\/nutzungsbedingungen\/","name":"Unsere Nutzungsbedingungen - Stadtwerke Landshut","isPartOf":{"@id":"https:\/\/www.stadtwerke-landshut.de\/es\/#website"},"datePublished":"2019-09-20T12:45:15+00:00","dateModified":"2023-02-13T08:37:21+00:00","description":"Mit der Nutzung unserer Dienste verpflichten Sie sich zur Einhaltung unserer Richtlinien \u2013 unsere Nutzungsbedingungen im Detail!","breadcrumb":{"@id":"https:\/\/www.stadtwerke-landshut.de\/ru\/nutzungsbedingungen\/#breadcrumb"},"inLanguage":"hu","potentialAction":[{"@type":"ReadAction","target":["https:\/\/www.stadtwerke-landshut.de\/ru\/nutzungsbedingungen\/"]}]},{"@type":"BreadcrumbList","@id":"https:\/\/www.stadtwerke-landshut.de\/ru\/nutzungsbedingungen\/#breadcrumb","itemListElement":[{"@type":"ListItem","position":1,"name":"Startseite","item":"https:\/\/www.stadtwerke-landshut.de\/"},{"@type":"ListItem","position":2,"name":"Nutzungsbedingungen"}]},{"@type":"WebSite","@id":"https:\/\/www.stadtwerke-landshut.de\/es\/#website","url":"https:\/\/www.stadtwerke-landshut.de\/es\/","name":"Stadtwerke Landshut","description":"Az \u00d6n partnere a r\u00e9gi\u00f3ban","publisher":{"@id":"https:\/\/www.stadtwerke-landshut.de\/es\/#organization"},"potentialAction":[{"@type":"SearchAction","target":{"@type":"EntryPoint","urlTemplate":"https:\/\/www.stadtwerke-landshut.de\/es\/?s={search_term_string}"},"query-input":{"@type":"PropertyValueSpecification","valueRequired":true,"valueName":"search_term_string"}}],"inLanguage":"hu"},{"@type":"Organization","@id":"https:\/\/www.stadtwerke-landshut.de\/es\/#organization","name":"Stadtwerke Landshut","url":"https:\/\/www.stadtwerke-landshut.de\/es\/","logo":{"@type":"ImageObject","inLanguage":"hu","@id":"https:\/\/www.stadtwerke-landshut.de\/es\/#\/schema\/logo\/image\/","url":"https:\/\/www.stadtwerke-landshut.de\/wp-content\/uploads\/logo-small.png","contentUrl":"https:\/\/www.stadtwerke-landshut.de\/wp-content\/uploads\/logo-small.png","width":215,"height":215,"caption":"Stadtwerke Landshut"},"image":{"@id":"https:\/\/www.stadtwerke-landshut.de\/es\/#\/schema\/logo\/image\/"}}]}},"publishpress_future_action":{"enabled":false,"date":"2026-04-29 18:52:52","action":"change-status","newStatus":"draft","terms":[],"taxonomy":"","extraData":[]},"publishpress_future_workflow_manual_trigger":{"enabledWorkflows":[]},"_links":{"self":[{"href":"https:\/\/www.stadtwerke-landshut.de\/hu\/wp-json\/wp\/v2\/pages\/5834","targetHints":{"allow":["GET"]}}],"collection":[{"href":"https:\/\/www.stadtwerke-landshut.de\/hu\/wp-json\/wp\/v2\/pages"}],"about":[{"href":"https:\/\/www.stadtwerke-landshut.de\/hu\/wp-json\/wp\/v2\/types\/page"}],"author":[{"embeddable":true,"href":"https:\/\/www.stadtwerke-landshut.de\/hu\/wp-json\/wp\/v2\/users\/5"}],"replies":[{"embeddable":true,"href":"https:\/\/www.stadtwerke-landshut.de\/hu\/wp-json\/wp\/v2\/comments?post=5834"}],"version-history":[{"count":13,"href":"https:\/\/www.stadtwerke-landshut.de\/hu\/wp-json\/wp\/v2\/pages\/5834\/revisions"}],"predecessor-version":[{"id":11907,"href":"https:\/\/www.stadtwerke-landshut.de\/hu\/wp-json\/wp\/v2\/pages\/5834\/revisions\/11907"}],"wp:attachment":[{"href":"https:\/\/www.stadtwerke-landshut.de\/hu\/wp-json\/wp\/v2\/media?parent=5834"}],"curies":[{"name":"wp","href":"https:\/\/api.w.org\/{rel}","templated":true}]}}