{"id":5932,"date":"2019-09-21T14:16:09","date_gmt":"2019-09-21T12:16:09","guid":{"rendered":"https:\/\/www.stadtwerke-landshut.de\/?page_id=5932"},"modified":"2025-04-02T16:24:45","modified_gmt":"2025-04-02T14:24:45","slug":"streitbeilegung","status":"publish","type":"page","link":"https:\/\/www.stadtwerke-landshut.de\/hu\/streitbeilegung\/","title":{"rendered":"vitarendez\u00e9si"},"content":{"rendered":"<div class=\"wpb-content-wrapper\"><div class=\"vc_row wpb_row vc_row-fluid\"><div class=\"wpb_column vc_column_container vc_col-sm-12\"><div class=\"vc_column-inner\"><div class=\"wpb_wrapper\"><div class=\"ult-spacer spacer-69e9124c14ac9\" data-id=\"69e9124c14ac9\" data-height=\"15\" data-height-mobile=\"15\" data-height-tab=\"15\" data-height-tab-portrait=\"\" data-height-mobile-landscape=\"\" style=\"clear:both;display:block;\"><\/div><\/div><\/div><\/div><\/div><div class=\"vc_row wpb_row vc_row-fluid\"><div class=\"wpb_column vc_column_container vc_col-sm-12\"><div class=\"vc_column-inner\"><div class=\"wpb_wrapper\">\n\t<div class=\"wpb_text_column wpb_content_element\" >\n\t\t<div class=\"wpb_wrapper\">\n\t\t\t<h3><span style=\"color: #808080;\">A Stadtwerke Landshut panaszhivatala<\/span><\/h3>\n<p>A Stadtwerke Landshut sz\u00e1ll\u00edt\u00e1s\u00e1val \u00e9s szolg\u00e1ltat\u00e1saival kapcsolatos k\u00e9rd\u00e9seket \u00e9s panaszokat postai \u00faton (Stadtwerke Landshut, PO Box 28 20, 84012 Landshut), telefonon (0800\/0871 871), faxon (0871\/1436) lehet postai \u00faton (Stadtwerke Landshut, PO Box 28 20, 84012 Landshut) k\u00fcldeni. -2052) vagy e-mailben (info@stadtwerke-landshut.de).<\/p>\n\n\t\t<\/div>\n\t<\/div>\n<div class=\"ult-spacer spacer-69e9124c15066\" data-id=\"69e9124c15066\" data-height=\"15\" data-height-mobile=\"15\" data-height-tab=\"15\" data-height-tab-portrait=\"\" data-height-mobile-landscape=\"\" style=\"clear:both;display:block;\"><\/div><\/div><\/div><\/div><\/div><div class=\"vc_row wpb_row vc_row-fluid\"><div class=\"wpb_column vc_column_container vc_col-sm-8\"><div class=\"vc_column-inner\"><div class=\"wpb_wrapper\"><div class=\"ult_exp_section_layer ult-adjust-bottom-margin\" >\n\t\t<div id=\"uvc-exp-wrap-6422\" role=\"button\" tabindex=\"0\" aria-pressed=\"false\"  data-ultimate-target='#uvc-exp-wrap-6422'  data-responsive-json-new='{\"font-size\":\"desktop:22px;\",\"line-height\":\"desktop:24px;\"}'  class=\"ult_exp_section  ult-responsive\" style=\"color:#006fb4;background-color:#e6eef9; font-weight:normal; padding:0px;text-align:left;\" data-textcolor=\"#006fb4\"data-texthover=\"#006fb4\"data-icncolor=\"#006fb4\"data-ihover=\"#006fb4\"data-height=\"0\"data-cntbg=\"#e6eef9\"data-cnthvrbg=\"#e6eef9\"data-headerbg=\"#e6eef9\"data-headerhover=\"#e6eef9\"data-title=\"Hinweise der Stadtwerke Landshut zu Verbraucherbeschwerden\"data-newtitle=\"Hinweise der Stadtwerke Landshut zu Verbraucherbeschwerden\"data-icon=\"Defaults-caret-right\"data-newicon=\"Defaults-caret-down\"data-activeicon=\"#006fb4\"data-effect=\"slideToggle\"data-override=\"0\"data-activetitle=\"#006fb4\"data-activebg=\"#e6eef9\"data-img=\"\"data-newimg=\"\"><div class=\"ult_exp_section-main ult_expleft_icon\">\t<div class=\"ult-just-icon-wrapper ult_exp_icon\">\n\t\t\t\t\t<div class=\"align-icon\">\n\t\t\t\t\t\t\n<span class=\"aio-icon  none  ult_expsection_icon\"  style=\"color:#006fb4;font-size:22px;\">\n\t<i class=\"Defaults-caret-right ult_ex_icon\"  ><\/i>\n<\/span>\n\t\t\t\t\t<\/div>\n\t\t\t\t<\/div>\n\t\t\t\t<div class=\"ult_expheader\" >Inform\u00e1ci\u00f3 a Stadtwerke Landshutt\u00f3l a fogyaszt\u00f3i panaszokr\u00f3l\n\t\t\t\t<\/div>\n\t\t\t<\/div>\n\t\t<\/div><div class=\"ult_exp_content\" style=\"background-color:#ffffff;padding:0px;margin:0px;\"><div class=\"ult_ecpsub_cont\" style=\" \" ><div class=\"ult-spacer spacer-69e9124c1548c\" data-id=\"69e9124c1548c\" data-height=\"15\" data-height-mobile=\"15\" data-height-tab=\"15\" data-height-tab-portrait=\"\" data-height-mobile-landscape=\"\" style=\"clear:both;display:block;\"><\/div>\n\t<div class=\"wpb_text_column wpb_content_element\" >\n\t\t<div class=\"wpb_wrapper\">\n\t\t\t<h6><span style=\"color: #808080;\">1. A Stadtwerke Landshut panaszhivatala<\/span><\/h6>\n<p>A Stadtwerke Landshut sz\u00e1ll\u00edt\u00e1s\u00e1val \u00e9s szolg\u00e1ltat\u00e1saival kapcsolatos k\u00e9rd\u00e9seket \u00e9s panaszokat postai \u00faton (Stadtwerke Landshut, PO Box 28 20, 84012 Landshut), telefonon (Tel. 0800 0871 871), faxon (0871 1436 2052) lehet postai \u00faton (Stadtwerke Landshut, PO Box 28 20, 84012 Landshut) k\u00fcldeni. vagy e-mailben (info@stadtwerke-landshut.de).<\/p>\n\n\t\t<\/div>\n\t<\/div>\n<div class=\"ult-spacer spacer-69e9124c1556a\" data-id=\"69e9124c1556a\" data-height=\"15\" data-height-mobile=\"15\" data-height-tab=\"15\" data-height-tab-portrait=\"\" data-height-mobile-landscape=\"\" style=\"clear:both;display:block;\"><\/div>\n\t<div class=\"wpb_text_column wpb_content_element\" >\n\t\t<div class=\"wpb_wrapper\">\n\t\t\t<h6><span style=\"color: #808080;\">2. Fogyaszt\u00f3i vitarendez\u00e9si elj\u00e1r\u00e1s<\/span><\/h6>\n<p><strong>2.1<\/strong> A villamosenergia- \u00e9s f\u00f6ldg\u00e1zell\u00e1t\u00f3 t\u00e1rsas\u00e1gok (sz\u00e1ll\u00edt\u00f3k, h\u00e1l\u00f3zat\u00fczemeltet\u0151k, fogyaszt\u00e1sm\u00e9r\u0151k \u00fczemeltet\u0151i) k\u00f6telesek panaszt beny\u00fajtani a fogyaszt\u00f3k \u00e1ltal a BGB 13. \u00a7 (mag\u00e1nfogyaszt\u00f3) \u00e9rtelm\u00e9ben, k\u00fcl\u00f6n\u00f6s tekintettel a szerz\u0151d\u00e9s megk\u00f6t\u00e9s\u00e9re vagy a t\u00e1rsas\u00e1g \u00e1ltal ny\u00fajtott szolg\u00e1ltat\u00e1sok min\u0151s\u00e9g\u00e9re (fogyaszt\u00f3i panaszok), az ell\u00e1t\u00e1si h\u00e1l\u00f3zathoz val\u00f3 csatlakoz\u00e1sra, az ell\u00e1t\u00e1sra. Az energia \u00e9s az energia m\u00e9r\u00e9se az EnWG 111a. \u00a7-a szerinti elj\u00e1r\u00e1s sor\u00e1n, hogy v\u00e1laszoljunk a v\u00e1llalatt\u00f3l val\u00f3 k\u00e9zhezv\u00e9telt\u0151l sz\u00e1m\u00edtott n\u00e9gy h\u00e9ten bel\u00fcl. Ha a t\u00e1rsas\u00e1g nem orvosolja a fogyaszt\u00f3i panaszt, akkor a t\u00e1rsas\u00e1gnak \u00edr\u00e1sban meg kell magyar\u00e1znia az indokol\u00e1st, \u00e9s r\u00e1mutatnia kell az EnWG 111b. Szakasz\u00e1nak megfelel\u0131 v\u00e1lasztottb\u00edr\u00f3s\u00e1gi elj\u00e1r\u00e1sra, megjel\u00f6lve a v\u00e1lasztottb\u00edr\u00f3i tan\u00e1cs c\u00edm\u00e9t \u00e9s weboldal\u00e1t. A Stadtwerke Landshut \u00e9s a fogyaszt\u00f3k k\u00f6z\u00f6tti vit\u00e1k rendez\u00e9s\u00e9re (BGB 13. \u00a7) az elismert vagy megb\u00edzott v\u00e1lasztottb\u00edr\u00f3i test\u00fclet h\u00edvhat\u00f3 fel. Ha egy fogyaszt\u00f3 egyeztet\u00e9st k\u00e9r a v\u00e1lasztottb\u00edr\u00f3i test\u00fclettel, a Stadtwerke Landshut k\u00f6teles r\u00e9szt venni az egyeztet\u00e9si elj\u00e1r\u00e1sban. A fogyaszt\u00f3i egyeztet\u00e9si elj\u00e1r\u00e1s megind\u00edt\u00e1s\u00e1ra ir\u00e1nyul\u00f3 k\u00e9relme csak akkor elfogadhat\u00f3, ha a Stadtwerke Landshut az EnWG 111a. Szakasz\u00e1nak megfelel\u0151en nem orvosolta a fogyaszt\u00f3i panaszt. A panasznak a v\u00e1lasztottb\u00edr\u00f3i test\u00fclethez t\u00f6rt\u00e9n\u0151 beny\u00fajt\u00e1sa akad\u00e1lyozza a t\u00f6rv\u00e9nyi korl\u00e1toz\u00e1st a BGB 204 Abs. 1 Nr. 4 \u00a7-a szerint. A v\u00e1lasztottb\u00edr\u00f3i test\u00fclet el\u00e9rhet\u0151s\u00e9gei jelenleg: V\u00e1lasztottb\u00edr\u00f3s\u00e1gi test\u00fclet energia e. V., Friedrichstra\u00dfe 133, 10117 Berlin, munkaid\u0151: h\u00e9tf\u0151t\u0151l p\u00e9ntekig. 10: 00-16: 00, 030 \/ 2757240-0, e-mail: info@schlichtungsstelle-energie.de, weboldal: www.schlichtungsstelle-energie.de.<\/p>\n<p><strong>2.2<\/strong> A Stadtwerke Landshut \u00e1tveszi a Ziff-t. Ezenk\u00edv\u00fcl a fogyaszt\u00f3i jogvit\u00e1k rendez\u00e9s\u00e9r\u0151l sz\u00f3l\u00f3 t\u00f6rv\u00e9ny \u00e9rtelm\u00e9ben semmilyen fogyaszt\u00f3i vitarendez\u00e9si elj\u00e1r\u00e1s nem vesz r\u00e9szt.<\/p>\n<p><strong>2.3<\/strong>\u00a0\u00a0Ez nem \u00e9rinti a fogyaszt\u00f3k azon jog\u00e1t, hogy fellebbezzenek a b\u00edr\u00f3s\u00e1gokhoz, vagy m\u00e1s, jogilag megk\u00f6vetelt elj\u00e1r\u00e1st k\u00e9rjenek.<\/p>\n\n\t\t<\/div>\n\t<\/div>\n<div class=\"ult-spacer spacer-69e9124c15648\" data-id=\"69e9124c15648\" data-height=\"15\" data-height-mobile=\"15\" data-height-tab=\"15\" data-height-tab-portrait=\"\" data-height-mobile-landscape=\"\" style=\"clear:both;display:block;\"><\/div>\n\t<div class=\"wpb_text_column wpb_content_element\" >\n\t\t<div class=\"wpb_wrapper\">\n\t\t\t<h6><span style=\"color: #808080;\">3. Tov\u00e1bbi inform\u00e1ci\u00f3k<\/span><\/h6>\n<p>Az energiaell\u00e1t\u00e1ssal kapcsolatos fogyaszt\u00f3i jogokkal kapcsolatos inform\u00e1ci\u00f3kat a Sz\u00f6vets\u00e9gi Villamosenergia- \u00e9s G\u00e1zh\u00e1l\u00f3zati \u00dcgyn\u00f6ks\u00e9g fogyaszt\u00f3i szolg\u00e1lat\u00e1n\u00e1l lehet beszerezni, PO Box 8001, 53105 Bonn, tel .: 03 \/ 22480-500 vagy 01805\/101000 (h\u00e9tf\u0151t\u0151l p\u00e9ntekig 9: 00-15: 15). : 00:00), fax: 030 22480-323, e-mail: verbraucherservice-energie@bnetza.de, el\u00e9rhet\u0151. A fogyaszt\u00f3k tov\u00e1bbi inform\u00e1ci\u00f3kat kapnak az ismert fogyaszt\u00f3v\u00e9delmi k\u00e9sz\u00fcl\u00e9kekt\u0151l (p\u00e9ld\u00e1ul a Verbraucherzentrale Bayern).<\/p>\n\n\t\t<\/div>\n\t<\/div>\n<div class=\"ult-spacer spacer-69e9124c15762\" data-id=\"69e9124c15762\" data-height=\"30\" data-height-mobile=\"30\" data-height-tab=\"30\" data-height-tab-portrait=\"\" data-height-mobile-landscape=\"\" style=\"clear:both;display:block;\"><\/div><\/div><\/div>\n\n\t\t\t<\/div><\/div><\/div><\/div><div class=\"wpb_column vc_column_container vc_col-sm-4\"><div class=\"vc_column-inner\"><div class=\"wpb_wrapper\"><\/div><\/div><\/div><\/div>\n<\/div>","protected":false},"excerpt":{"rendered":"Beschwerdestelle der Stadtwerke Landshut Fragen und Beschwerden im Zusammenhang mit den Lieferungen und Leistungen der Stadtwerke Landshut k\u00f6nnen an den Verbraucherservice der Stadtwerke Landshut per Post (Stadtwerke Landshut, Postfach 28 [...]","protected":false},"author":11,"featured_media":5927,"parent":0,"menu_order":0,"comment_status":"closed","ping_status":"closed","template":"","meta":{"_relevanssi_hide_post":"","_relevanssi_hide_content":"","_relevanssi_pin_for_all":"","_relevanssi_pin_keywords":"","_relevanssi_unpin_keywords":"","_relevanssi_related_keywords":"","_relevanssi_related_include_ids":"","_relevanssi_related_exclude_ids":"","_relevanssi_related_no_append":"","_relevanssi_related_not_related":"","_relevanssi_related_posts":"","_relevanssi_noindex_reason":"","footnotes":""},"class_list":["post-5932","page","type-page","status-publish","has-post-thumbnail","hentry"],"yoast_head":"<!-- This site is optimized with the Yoast SEO Premium plugin v26.9 (Yoast SEO v26.9) - https:\/\/yoast.com\/product\/yoast-seo-premium-wordpress\/ -->\n<title>Streitbeilegung - Stadtwerke Landshut<\/title>\n<meta name=\"description\" content=\"Wir setzen uns f\u00fcr Verbraucherschutz ein und nehmen am EU-Streitbeilegungsverfahren teil. Entdecken Sie alle wichtigen Infos!\" \/>\n<meta name=\"robots\" content=\"index, follow, max-snippet:-1, max-image-preview:large, max-video-preview:-1\" \/>\n<link rel=\"canonical\" href=\"https:\/\/www.stadtwerke-landshut.de\/hu\/streitbeilegung\/\" \/>\n<meta property=\"og:locale\" content=\"hu_HU\" \/>\n<meta property=\"og:type\" content=\"article\" \/>\n<meta property=\"og:title\" content=\"Streitbeilegung\" \/>\n<meta property=\"og:description\" content=\"Wir setzen uns f\u00fcr Verbraucherschutz ein und nehmen am EU-Streitbeilegungsverfahren teil. Entdecken Sie alle wichtigen Infos!\" \/>\n<meta property=\"og:url\" content=\"https:\/\/www.stadtwerke-landshut.de\/hu\/streitbeilegung\/\" \/>\n<meta property=\"og:site_name\" content=\"Stadtwerke Landshut\" \/>\n<meta property=\"article:modified_time\" content=\"2025-04-02T14:24:45+00:00\" \/>\n<meta property=\"og:image\" content=\"https:\/\/www.stadtwerke-landshut.de\/wp-content\/uploads\/Stadtwerke-Landshut-Zentrale.jpg\" \/>\n\t<meta property=\"og:image:width\" content=\"1600\" \/>\n\t<meta property=\"og:image:height\" content=\"402\" \/>\n\t<meta property=\"og:image:type\" content=\"image\/jpeg\" \/>\n<meta name=\"twitter:card\" content=\"summary_large_image\" \/>\n<meta name=\"twitter:label1\" content=\"Becs\u00fclt olvas\u00e1si id\u0151\" \/>\n\t<meta name=\"twitter:data1\" content=\"3 perc\" \/>\n<script type=\"application\/ld+json\" class=\"yoast-schema-graph\">{\"@context\":\"https:\/\/schema.org\",\"@graph\":[{\"@type\":\"WebPage\",\"@id\":\"https:\/\/www.stadtwerke-landshut.de\/streitbeilegung\/\",\"url\":\"https:\/\/www.stadtwerke-landshut.de\/streitbeilegung\/\",\"name\":\"Streitbeilegung - Stadtwerke Landshut\",\"isPartOf\":{\"@id\":\"https:\/\/www.stadtwerke-landshut.de\/es\/#website\"},\"primaryImageOfPage\":{\"@id\":\"https:\/\/www.stadtwerke-landshut.de\/streitbeilegung\/#primaryimage\"},\"image\":{\"@id\":\"https:\/\/www.stadtwerke-landshut.de\/streitbeilegung\/#primaryimage\"},\"thumbnailUrl\":\"https:\/\/www.stadtwerke-landshut.de\/wp-content\/uploads\/Stadtwerke-Landshut-Zentrale.jpg\",\"datePublished\":\"2019-09-21T12:16:09+00:00\",\"dateModified\":\"2025-04-02T14:24:45+00:00\",\"description\":\"Wir setzen uns f\u00fcr Verbraucherschutz ein und nehmen am EU-Streitbeilegungsverfahren teil. Entdecken Sie alle wichtigen Infos!\",\"breadcrumb\":{\"@id\":\"https:\/\/www.stadtwerke-landshut.de\/streitbeilegung\/#breadcrumb\"},\"inLanguage\":\"hu\",\"potentialAction\":[{\"@type\":\"ReadAction\",\"target\":[\"https:\/\/www.stadtwerke-landshut.de\/streitbeilegung\/\"]}]},{\"@type\":\"ImageObject\",\"inLanguage\":\"hu\",\"@id\":\"https:\/\/www.stadtwerke-landshut.de\/streitbeilegung\/#primaryimage\",\"url\":\"https:\/\/www.stadtwerke-landshut.de\/wp-content\/uploads\/Stadtwerke-Landshut-Zentrale.jpg\",\"contentUrl\":\"https:\/\/www.stadtwerke-landshut.de\/wp-content\/uploads\/Stadtwerke-Landshut-Zentrale.jpg\",\"width\":1600,\"height\":402,\"caption\":\"Stadtwerke Landshut - \u00dcber uns\"},{\"@type\":\"BreadcrumbList\",\"@id\":\"https:\/\/www.stadtwerke-landshut.de\/streitbeilegung\/#breadcrumb\",\"itemListElement\":[{\"@type\":\"ListItem\",\"position\":1,\"name\":\"Startseite\",\"item\":\"https:\/\/www.stadtwerke-landshut.de\/\"},{\"@type\":\"ListItem\",\"position\":2,\"name\":\"Streitbeilegung\"}]},{\"@type\":\"WebSite\",\"@id\":\"https:\/\/www.stadtwerke-landshut.de\/es\/#website\",\"url\":\"https:\/\/www.stadtwerke-landshut.de\/es\/\",\"name\":\"Stadtwerke Landshut\",\"description\":\"Ihr Partner in der Region\",\"publisher\":{\"@id\":\"https:\/\/www.stadtwerke-landshut.de\/es\/#organization\"},\"potentialAction\":[{\"@type\":\"SearchAction\",\"target\":{\"@type\":\"EntryPoint\",\"urlTemplate\":\"https:\/\/www.stadtwerke-landshut.de\/es\/?s={search_term_string}\"},\"query-input\":{\"@type\":\"PropertyValueSpecification\",\"valueRequired\":true,\"valueName\":\"search_term_string\"}}],\"inLanguage\":\"hu\"},{\"@type\":\"Organization\",\"@id\":\"https:\/\/www.stadtwerke-landshut.de\/es\/#organization\",\"name\":\"Stadtwerke Landshut\",\"url\":\"https:\/\/www.stadtwerke-landshut.de\/es\/\",\"logo\":{\"@type\":\"ImageObject\",\"inLanguage\":\"hu\",\"@id\":\"https:\/\/www.stadtwerke-landshut.de\/es\/#\/schema\/logo\/image\/\",\"url\":\"https:\/\/www.stadtwerke-landshut.de\/wp-content\/uploads\/logo-small.png\",\"contentUrl\":\"https:\/\/www.stadtwerke-landshut.de\/wp-content\/uploads\/logo-small.png\",\"width\":215,\"height\":215,\"caption\":\"Stadtwerke Landshut\"},\"image\":{\"@id\":\"https:\/\/www.stadtwerke-landshut.de\/es\/#\/schema\/logo\/image\/\"}}]}<\/script>\n<!-- \/ Yoast SEO Premium plugin. -->","yoast_head_json":{"title":"Streitbeilegung - Stadtwerke Landshut","description":"Wir setzen uns f\u00fcr Verbraucherschutz ein und nehmen am EU-Streitbeilegungsverfahren teil. Entdecken Sie alle wichtigen Infos!","robots":{"index":"index","follow":"follow","max-snippet":"max-snippet:-1","max-image-preview":"max-image-preview:large","max-video-preview":"max-video-preview:-1"},"canonical":"https:\/\/www.stadtwerke-landshut.de\/hu\/streitbeilegung\/","og_locale":"hu_HU","og_type":"article","og_title":"Streitbeilegung","og_description":"Wir setzen uns f\u00fcr Verbraucherschutz ein und nehmen am EU-Streitbeilegungsverfahren teil. Entdecken Sie alle wichtigen Infos!","og_url":"https:\/\/www.stadtwerke-landshut.de\/hu\/streitbeilegung\/","og_site_name":"Stadtwerke Landshut","article_modified_time":"2025-04-02T14:24:45+00:00","og_image":[{"width":1600,"height":402,"url":"https:\/\/www.stadtwerke-landshut.de\/wp-content\/uploads\/Stadtwerke-Landshut-Zentrale.jpg","type":"image\/jpeg"}],"twitter_card":"summary_large_image","twitter_misc":{"Becs\u00fclt olvas\u00e1si id\u0151":"3 perc"},"schema":{"@context":"https:\/\/schema.org","@graph":[{"@type":"WebPage","@id":"https:\/\/www.stadtwerke-landshut.de\/streitbeilegung\/","url":"https:\/\/www.stadtwerke-landshut.de\/streitbeilegung\/","name":"Streitbeilegung - Stadtwerke Landshut","isPartOf":{"@id":"https:\/\/www.stadtwerke-landshut.de\/es\/#website"},"primaryImageOfPage":{"@id":"https:\/\/www.stadtwerke-landshut.de\/streitbeilegung\/#primaryimage"},"image":{"@id":"https:\/\/www.stadtwerke-landshut.de\/streitbeilegung\/#primaryimage"},"thumbnailUrl":"https:\/\/www.stadtwerke-landshut.de\/wp-content\/uploads\/Stadtwerke-Landshut-Zentrale.jpg","datePublished":"2019-09-21T12:16:09+00:00","dateModified":"2025-04-02T14:24:45+00:00","description":"Wir setzen uns f\u00fcr Verbraucherschutz ein und nehmen am EU-Streitbeilegungsverfahren teil. Entdecken Sie alle wichtigen Infos!","breadcrumb":{"@id":"https:\/\/www.stadtwerke-landshut.de\/streitbeilegung\/#breadcrumb"},"inLanguage":"hu","potentialAction":[{"@type":"ReadAction","target":["https:\/\/www.stadtwerke-landshut.de\/streitbeilegung\/"]}]},{"@type":"ImageObject","inLanguage":"hu","@id":"https:\/\/www.stadtwerke-landshut.de\/streitbeilegung\/#primaryimage","url":"https:\/\/www.stadtwerke-landshut.de\/wp-content\/uploads\/Stadtwerke-Landshut-Zentrale.jpg","contentUrl":"https:\/\/www.stadtwerke-landshut.de\/wp-content\/uploads\/Stadtwerke-Landshut-Zentrale.jpg","width":1600,"height":402,"caption":"Stadtwerke Landshut - \u00dcber uns"},{"@type":"BreadcrumbList","@id":"https:\/\/www.stadtwerke-landshut.de\/streitbeilegung\/#breadcrumb","itemListElement":[{"@type":"ListItem","position":1,"name":"Startseite","item":"https:\/\/www.stadtwerke-landshut.de\/"},{"@type":"ListItem","position":2,"name":"Streitbeilegung"}]},{"@type":"WebSite","@id":"https:\/\/www.stadtwerke-landshut.de\/es\/#website","url":"https:\/\/www.stadtwerke-landshut.de\/es\/","name":"Stadtwerke Landshut","description":"Az \u00d6n partnere a r\u00e9gi\u00f3ban","publisher":{"@id":"https:\/\/www.stadtwerke-landshut.de\/es\/#organization"},"potentialAction":[{"@type":"SearchAction","target":{"@type":"EntryPoint","urlTemplate":"https:\/\/www.stadtwerke-landshut.de\/es\/?s={search_term_string}"},"query-input":{"@type":"PropertyValueSpecification","valueRequired":true,"valueName":"search_term_string"}}],"inLanguage":"hu"},{"@type":"Organization","@id":"https:\/\/www.stadtwerke-landshut.de\/es\/#organization","name":"Stadtwerke Landshut","url":"https:\/\/www.stadtwerke-landshut.de\/es\/","logo":{"@type":"ImageObject","inLanguage":"hu","@id":"https:\/\/www.stadtwerke-landshut.de\/es\/#\/schema\/logo\/image\/","url":"https:\/\/www.stadtwerke-landshut.de\/wp-content\/uploads\/logo-small.png","contentUrl":"https:\/\/www.stadtwerke-landshut.de\/wp-content\/uploads\/logo-small.png","width":215,"height":215,"caption":"Stadtwerke Landshut"},"image":{"@id":"https:\/\/www.stadtwerke-landshut.de\/es\/#\/schema\/logo\/image\/"}}]}},"publishpress_future_action":{"enabled":false,"date":"2026-04-29 20:24:12","action":"change-status","newStatus":"draft","terms":[],"taxonomy":"","extraData":[]},"publishpress_future_workflow_manual_trigger":{"enabledWorkflows":[]},"_links":{"self":[{"href":"https:\/\/www.stadtwerke-landshut.de\/hu\/wp-json\/wp\/v2\/pages\/5932","targetHints":{"allow":["GET"]}}],"collection":[{"href":"https:\/\/www.stadtwerke-landshut.de\/hu\/wp-json\/wp\/v2\/pages"}],"about":[{"href":"https:\/\/www.stadtwerke-landshut.de\/hu\/wp-json\/wp\/v2\/types\/page"}],"author":[{"embeddable":true,"href":"https:\/\/www.stadtwerke-landshut.de\/hu\/wp-json\/wp\/v2\/users\/11"}],"replies":[{"embeddable":true,"href":"https:\/\/www.stadtwerke-landshut.de\/hu\/wp-json\/wp\/v2\/comments?post=5932"}],"version-history":[{"count":20,"href":"https:\/\/www.stadtwerke-landshut.de\/hu\/wp-json\/wp\/v2\/pages\/5932\/revisions"}],"predecessor-version":[{"id":25926,"href":"https:\/\/www.stadtwerke-landshut.de\/hu\/wp-json\/wp\/v2\/pages\/5932\/revisions\/25926"}],"wp:featuredmedia":[{"embeddable":true,"href":"https:\/\/www.stadtwerke-landshut.de\/hu\/wp-json\/wp\/v2\/media\/5927"}],"wp:attachment":[{"href":"https:\/\/www.stadtwerke-landshut.de\/hu\/wp-json\/wp\/v2\/media?parent=5932"}],"curies":[{"name":"wp","href":"https:\/\/api.w.org\/{rel}","templated":true}]}}