{"id":5834,"date":"2019-09-20T14:45:15","date_gmt":"2019-09-20T12:45:15","guid":{"rendered":"https:\/\/www.stadtwerke-landshut.de\/?page_id=5834"},"modified":"2023-02-13T09:37:21","modified_gmt":"2023-02-13T08:37:21","slug":"nutzungsbedingungen","status":"publish","type":"page","link":"https:\/\/www.stadtwerke-landshut.de\/it\/nutzungsbedingungen\/","title":{"rendered":"Condizioni di utilizzo"},"content":{"rendered":"<div class=\"wpb-content-wrapper\"><div class=\"vc_row wpb_row vc_row-fluid no-padding\"><div class=\"wpb_column vc_column_container vc_col-sm-12\"><div class=\"vc_column-inner\"><div class=\"wpb_wrapper\"><div class=\"ult-spacer spacer-69e8fbf4bb6c2\" data-id=\"69e8fbf4bb6c2\" data-height=\"15\" data-height-mobile=\"15\" data-height-tab=\"15\" data-height-tab-portrait=\"\" data-height-mobile-landscape=\"\" style=\"clear:both;display:block;\"><\/div><\/div><\/div><\/div><\/div><div data-vc-full-width=\"true\" data-vc-full-width-temp=\"true\" data-vc-full-width-init=\"false\" class=\"vc_row wpb_row vc_row-fluid tauschen\"><div class=\"wpb_column vc_column_container vc_col-sm-12\"><div class=\"vc_column-inner\"><div class=\"wpb_wrapper\">\n\t<div class=\"wpb_text_column wpb_content_element\" >\n\t\t<div class=\"wpb_wrapper\">\n\t\t\t<h5 class=\"grau\">diritto d&#039;autore<\/h5>\n<p>Testi, immagini, grafica e design di questo sito Web sono soggetti a copyright. Possono essere utilizzati da te solo per uso privato e per altri scopi nel contesto della legge sul copyright \u00a7 53 (UrhG). La riproduzione o l&#039;uso di queste pagine o parti di esse in altre pubblicazioni elettroniche o stampate e la loro pubblicazione \u00e8 consentita solo con il nostro consenso. Questi danno su richiesta il <a href=\"https:\/\/www.stadtwerke-landshut.de\/it\/impressum\/\">responsabile del contenuto<\/a>, La riproduzione e la valutazione di comunicati stampa e discorsi sono generalmente consentite a condizione che la fonte sia riconosciuta.<\/p>\n<p>Inoltre, testo, immagini, grafica e altri file possono essere interamente o parzialmente soggetti al copyright di terzi. Le parti responsabili del contenuto forniscono inoltre maggiori informazioni sull&#039;esistenza di possibili diritti di terzi.<\/p>\n\n\t\t<\/div>\n\t<\/div>\n<div  class=\"vc_do_toggle vc_toggle vc_toggle_text_only vc_toggle_color_default  vc_toggle_size_md   grau\"><div class=\"vc_toggle_title\"><p style=\"text-align: left\" class=\"vc_custom_heading vc_do_custom_heading blau fett\" >\u00bbSuggerimenti per le immagini<\/p><i class=\"vc_toggle_icon\"><\/i><\/div><div class=\"vc_toggle_content\"><p>Immagini non menzionate separatamente: \u00a9 Stadtwerke Landshut;<\/p>\n<p>Navigazione principale: Acque reflue: Veduta aerea dell&#039;impianto di depurazione \u00a9 Klaus Leidorf \/ Stadtwerke Landshut | Cotton pad: \u00a9 anoli \/ Fotolia | Toilette ostruita: \u00a9 Thomas von Stetten - stock.adobe.com | Il ratto viene dal bagno al bagno: \u00a9 Holger Kirk - stock.adobe.com | Acqua nel lavandino: \u00a9 SkyLine - stock.adobe.com | Il cane (Golden Retriever) fa il bagno: \u00a9 chalabala.cz - stock.adobe.com | Bambino con ombrello: \u00a9 Miredi \/ Fotolia | Coppia davanti al computer portatile: \u00a9 bokan \/ Fotolia | Casa con giardino: \u00a9 KB3 - stock.adobe.com | Progettisti, architetti: \u00a9 REDPIXEL - stock.adobe.com | Ispezione delle fogne: \u00a9 mitifoto \/ Fotolia | Un tubo spesso con sistema di serraggio dirige l&#039;acqua in un canale: \u00a9 fefufoto - stock.adobe.com | Sezione immagine Stivali da pioggia sotto la pioggia: \u00a9 Erwin Wodicka - stock.adobe.com | La ragazza si tiene il naso: \u00a9 DRON_FOTO - stock.adobe.com;<\/p>\n<p>Energie: Fotomontage von Stadtwerke Landshut mit Familienfoto von \u00a9 Rido \/ Fotolia | Strom: Landshut bei Nacht: \u00a9 Harry Zdera\/Stadtwerke Landshut | Mann mit Jungen: \u00a9 goodluz \/ Fotolia | Frau und Kind mit Laptop: \u00a9 Yakobchuk Olena &#8211; stock.adobe.com | Kundenkarte: Paar mit Einkaufst\u00fcte: \u00a9 gpointstudio \/ Fotolia | Fotomontage Stadtwerke Landshut mit Foto \u201eFrau mit Karte\u201c von \u00a9 Antonioguillem &#8211; stock.adobe.com | Erdgas: Gasflamme: \u00a9 by-studio &#8211; stock.adobe.com | M\u00e4dchen zeigt Daumen hoch: \u00a9 Eduard Titov \/ Fotolia | Fernw\u00e4rme: Frau schl\u00e4ft l\u00e4chelnd: \u00a9 Amir Kaljikovic \/ Fotolia | Energiedienste: Gl\u00fchbirnen mit Energiesparlampe: \u00a9 BillionPhotos.com \/ Fotolia | Energieberatung: \u00a9 Michael Hackl\/Stadtwerke Landshut | Mann mit Geschirrsp\u00fclmaschine: \u00a9 Andrey Popov \/ Fotolia | Frau mit Sparschwein: \u00a9 contrastwerkstatt \/ Fotolia; | Energiepreise: Thermostat mit Euro-Zeichen: \u00a9 Lightspruch &#8211; Thorsten Nilson &#8211; stock.adobe.com<\/p>\n<p>Mobilit\u00e0: Autobus Guida: Uomo con le cuffie: \u00a9 Halfpoint \/ Fotolia | Corsi sicuri sull&#039;autobus cittadino: donne sull&#039;autobus \u00a9 Viktor Cap 2012 \/ Fotolia | Anziani sull&#039;autobus \u00a9 Monkey Business \/ Fotolia | Bambini alla fermata: \u00a9 LIGHTFIELD STUDIOS - stock.adobe.com | Fotomontaggio Stadtwerke Landshut con foto &quot;La ragazza alla fermata dell&#039;autobus detiene 10 euro&quot; di \u00a9 Kaesler Media - stock.adobe.com | Stazioni di servizio elettronico: mani con le chiavi della macchina: \u00a9 Tony Studio Photography - stock.adobe.com | Fotomontaggio Stadtwerke Landshut con foto &quot;il giovane mostra i pollici in su all&#039;auto elettrica&quot; \u00a9 Gerhard Seybert \/ Fotolia | Stazione di rifornimento di gas naturale: segnale stradale e riferimento a una stazione di servizio con gas naturale a metano: \u00a9 stadtratte - stock.adobe.com | Car sharing: consegna chiavi: \u00a9 Tony Studio Photography - stock.adobe.com;<\/p>\n<p>Stadtbad: foto aeree: \u00a9 Klaus Leidorf \/ Stadtwerke Landshut | Piscina all&#039;aperto: tutte le foto \u00a9 Christine Vincon \/ Stadtwerke Landshut; Il bambino impara a nuotare con la madre: \u00a9 \u00a9 artem_goncharov - stock.adobe.com | Piscina coperta: Fotomontaggio Stadtwerke Landshut con foto di donna sul bordo della piscina \u00a9 goodluz - stock.adobe.com | Fotomontaggio Stadtwerke Landshut con foto di gruppo con pallanuoto \u00a9 Robert Kneschke \/ Fotolia | Pommest\u00fcte: \u00a9 Rafael Classen - www.rclassen.de - stock.adobe.com | Vista aerea \u00a9 Klaus Leidorf \/ Stadtwerke Landshut; Lezioni di nuoto: Bambino con bordo di nuoto: \u00a9 Family Veldman - stock.adobe.com | Bambino con occhialini da nuoto: \u00a9 Acik \/ Fotolia | Adulti con noodles da piscina: \u00a9 Robert Kneschke \/ Fotolia | Corso Aqua Zumba: \u00a9 Robert Kneschke - stock.adobe.com | Compleanno per bambini: \u00a9 Marzanna Syncerz - Fotolia | Ginnastica acquatica senior: \u00a9 Robert Kneschke \/ Fotolia;<\/p>\n<p>Acqua: i bambini bevono acqua dolce con i lime: \u00a9 Robert Kneschke - stock.adobe.com | Immagine dell&#039;acqua: \u00a9 Nobu \/ Fotolia | La donna beve acqua: \u00a9 Contrastwerkstatt \/ Fotolia | Faucet: \u00a9 unclepodger - stock.adobe.com\/ Lipskiy Pavel;<\/p>\n<p>Responsabile della navigazione: Clienti commerciali: Energia: linea elettrica con il sole: \u00a9 Gina Sanders - stock.adobe.com | Fiamma del gas: \u00a9 by-studio - stock.adobe.com; Azienda: Centro clienti: \u00a9 Michael Hackl \/ Stadtwerke Landshut | Bath della citt\u00e0: \u00a9 Christine Vincon \/ Stadtwerke Landshut | Foto aeree: \u00a9 Klaus Leidorf \/ Stadtwerke Landshut | Maxwehr (localit\u00e0): Fotomontaggio Stadtwerke Landshut con immagine di \u00a9 Ralf Zeilhofer; Carriera: dadi con scritta JOBS su un quotidiano: \u00a9 fotogestoeber - stock.adobe.com; Stampa: Dice Notizie: \u00a9 made_by_nana - stock.adobe.com<\/p>\n<p>Stickysidebar: Kundenservice: Umzug junge Frau neben Umzugskisten: \u00a9 nenetus \/ Fotolia | Vorsicht vor Betr\u00fcgern: \u00a9 Iakov Filimonov \u2013 stock.adobe.com | Au\u00dfenaufnahmen Kundenzentrum: \u00a9 Michael Hackl\/Stadtwerke Landshut | Schl\u00fcssel mit Haus auf Plan: \u00a9 Robert Kneschke \u2013 stock.adobe.com | Installateursverzeichnis: \u00a9 mihail39 &#8211; stock.adobe.com; Bauherren: Schl\u00fcssel mit Haus auf Plan: \u00a9 Robert Kneschke \u2013 stock.adobe.com Planer, Architekten: \u00a9 REDPIXEL &#8211; stock.adobe.com | Frau an Heizungsanlage: \u00a9 highwaystarz \/ Fotolia | Kundenportal: Frau mit Brille am Laptop: \u00a9 olly &#8211; stock.adobe.com | SWLApp: Fotomontage Stadtwerke Landshut; winkendes Paar im Bus: \u00a9 Iryna Inshyna \u2013 stock.adobe.com<\/p>\n<p>Aktuelle Meldungen | Neuigkeiten &amp; Infos | Presse: Gut gelauntes Paar nutzt ein digitales Tablet zuhause: \u00a9 jackfrog &#8211; stock.adobe.com<\/p>\n<p>Pi\u00e8 di pagina sul copyright: reti: linea elettrica con Sun: \u00a9 Gina Sanders - stock.adobe.com |<\/p>\n<\/div><\/div><div class=\"ult-spacer spacer-69e8fbf4bc035\" data-id=\"69e8fbf4bc035\" data-height=\"15\" data-height-mobile=\"15\" data-height-tab=\"15\" data-height-tab-portrait=\"\" data-height-mobile-landscape=\"\" style=\"clear:both;display:block;\"><\/div>\n\t<div class=\"wpb_text_column wpb_content_element\" >\n\t\t<div class=\"wpb_wrapper\">\n\t\t\t<h5 class=\"grau\">responsabilit\u00e0<\/h5>\n<p>Non esiste un rapporto contrattuale con gli utenti dell&#039;offerta Internet. Stadtwerke Landshut si riserva espressamente il diritto di modificare, integrare o eliminare singole pagine Web o l&#039;intera offerta senza preavviso o di interrompere la pubblicazione temporaneamente o permanentemente.<\/p>\n<p>La responsabilit\u00e0 di Stadtwerke Landshut per questo sito Web \u00e8 inoltre regolata dalle disposizioni del <a href=\"https:\/\/www.gesetze-im-internet.de\/tmg\/__7.html\" target=\"_blank\" rel=\"noopener noreferrer\"> \u00a7 7 Telemedia Act (TMG)<\/a>.<\/p>\n<p>Le disposizioni di \u00a7 839 BGB (responsabilit\u00e0 per violazione ufficiale del dovere) e la Direttiva europea sui servizi (Direttiva 2006\/123 \/ CE - DLRL) rimangono inalterate.<\/p>\n\n\t\t<\/div>\n\t<\/div>\n<div class=\"ult-spacer spacer-69e8fbf4bc10c\" data-id=\"69e8fbf4bc10c\" data-height=\"15\" data-height-mobile=\"15\" data-height-tab=\"15\" data-height-tab-portrait=\"\" data-height-mobile-landscape=\"\" style=\"clear:both;display:block;\"><\/div>\n\t<div class=\"wpb_text_column wpb_content_element\" >\n\t\t<div class=\"wpb_wrapper\">\n\t\t\t<h5 class=\"grau\">E-mail (posta elettronica)<\/h5>\n<p><strong>crittografie<\/strong><br \/>\nPer motivi tecnici e organizzativi, Stadtwerke Landshut non \u00e8 attualmente in grado di elaborare e-mail crittografate. Se desideri inviarci informazioni riservate, ti chiediamo di utilizzare la lettera.<\/p>\n<p><strong>Allegati ammessi <\/strong><br \/>\nSe si desidera inviare e-mail con allegati a Stadtwerke, si ricorda che Stadtwerke non pu\u00f2 supportare tutti i formati di file e le applicazioni comuni sul mercato. I formati di file standard (ad es. Docx, xlsx, pdf, jpg) di solito possono essere elaborati con un limite di dimensione di 20 MB, a condizione che il nostro scanner antivirus possa controllare l&#039;allegato (protetto da password o file con macro non possono essere controllati, tra le altre cose). I file eseguibili (exe, bat, ecc.) Non vengono mai recapitati.<\/p>\n<p><strong>firma<\/strong><br \/>\nPurtroppo Stadtwerke Landshut non \u00e8 attualmente in grado di verificare l&#039;autenticit\u00e0 e la validit\u00e0 delle firme elettroniche per motivi tecnici e organizzativi.<br \/>\nDi conseguenza, non sar\u00e0 possibile inoltrare documenti soggetti a requisiti di forma scritta in formato elettronico. Pertanto, in questi casi ti chiediamo di passare alla comunicazione su supporto cartaceo.<br \/>\nNote<\/p>\n<p>Queste istruzioni sono valide solo per la comunicazione con Stadtwerke Landshut e non si applicano ai riferimenti a offerte di terzi, come altre autorit\u00e0. Se un&#039;e-mail non \u00e8 processabile, verrai informato dal destinatario. Questo caso pu\u00f2 z. B. essere sostituito da virus informatici, problemi tecnici generali o deviazioni dalle condizioni tecniche di cui sopra.<\/p>\n\n\t\t<\/div>\n\t<\/div>\n<div class=\"ult-spacer spacer-69e8fbf4bc1e3\" data-id=\"69e8fbf4bc1e3\" data-height=\"30\" data-height-mobile=\"30\" data-height-tab=\"30\" data-height-tab-portrait=\"\" data-height-mobile-landscape=\"\" style=\"clear:both;display:block;\"><\/div><\/div><\/div><\/div><\/div><div class=\"vc_row-full-width vc_clearfix\"><\/div>\n<\/div>","protected":false},"excerpt":{"rendered":"Urheberrecht Texte, Bilder, Grafiken sowie die Gestaltung dieser Internetseiten unterliegen dem Urheberrecht. Sie d\u00fcrfen von Ihnen nur zum privaten und sonstigen eigenen Gebrauch im Rahmen des \u00a7 53 Urheberrechtsgesetz (UrhG) [...]","protected":false},"author":5,"featured_media":0,"parent":0,"menu_order":0,"comment_status":"closed","ping_status":"closed","template":"","meta":{"_relevanssi_hide_post":"","_relevanssi_hide_content":"","_relevanssi_pin_for_all":"","_relevanssi_pin_keywords":"","_relevanssi_unpin_keywords":"","_relevanssi_related_keywords":"","_relevanssi_related_include_ids":"","_relevanssi_related_exclude_ids":"","_relevanssi_related_no_append":"","_relevanssi_related_not_related":"","_relevanssi_related_posts":"","_relevanssi_noindex_reason":"","footnotes":""},"class_list":["post-5834","page","type-page","status-publish","hentry"],"yoast_head":"<!-- This site is optimized with the Yoast SEO Premium plugin v26.9 (Yoast SEO v26.9) - https:\/\/yoast.com\/product\/yoast-seo-premium-wordpress\/ -->\n<title>Unsere Nutzungsbedingungen - Stadtwerke Landshut<\/title>\n<meta name=\"description\" content=\"Mit der Nutzung unserer Dienste verpflichten Sie sich zur Einhaltung unserer Richtlinien \u2013 unsere Nutzungsbedingungen im Detail!\" \/>\n<meta name=\"robots\" content=\"index, follow, max-snippet:-1, max-image-preview:large, max-video-preview:-1\" \/>\n<link rel=\"canonical\" href=\"https:\/\/www.stadtwerke-landshut.de\/it\/nutzungsbedingungen\/\" \/>\n<meta property=\"og:locale\" content=\"it_IT\" \/>\n<meta property=\"og:type\" content=\"article\" \/>\n<meta property=\"og:title\" content=\"Nutzungsbedingungen\" \/>\n<meta property=\"og:description\" content=\"Mit der Nutzung unserer Dienste verpflichten Sie sich zur Einhaltung unserer Richtlinien \u2013 unsere Nutzungsbedingungen im Detail!\" \/>\n<meta property=\"og:url\" content=\"https:\/\/www.stadtwerke-landshut.de\/it\/nutzungsbedingungen\/\" \/>\n<meta property=\"og:site_name\" content=\"Stadtwerke Landshut\" \/>\n<meta property=\"article:modified_time\" content=\"2023-02-13T08:37:21+00:00\" \/>\n<meta name=\"twitter:card\" content=\"summary_large_image\" \/>\n<meta name=\"twitter:label1\" content=\"Tempo di lettura stimato\" \/>\n\t<meta name=\"twitter:data1\" content=\"6 minuti\" \/>\n<script type=\"application\/ld+json\" class=\"yoast-schema-graph\">{\"@context\":\"https:\/\/schema.org\",\"@graph\":[{\"@type\":\"WebPage\",\"@id\":\"https:\/\/www.stadtwerke-landshut.de\/ru\/nutzungsbedingungen\/\",\"url\":\"https:\/\/www.stadtwerke-landshut.de\/ru\/nutzungsbedingungen\/\",\"name\":\"Unsere Nutzungsbedingungen - Stadtwerke Landshut\",\"isPartOf\":{\"@id\":\"https:\/\/www.stadtwerke-landshut.de\/es\/#website\"},\"datePublished\":\"2019-09-20T12:45:15+00:00\",\"dateModified\":\"2023-02-13T08:37:21+00:00\",\"description\":\"Mit der Nutzung unserer Dienste verpflichten Sie sich zur Einhaltung unserer Richtlinien \u2013 unsere Nutzungsbedingungen im Detail!\",\"breadcrumb\":{\"@id\":\"https:\/\/www.stadtwerke-landshut.de\/ru\/nutzungsbedingungen\/#breadcrumb\"},\"inLanguage\":\"it-IT\",\"potentialAction\":[{\"@type\":\"ReadAction\",\"target\":[\"https:\/\/www.stadtwerke-landshut.de\/ru\/nutzungsbedingungen\/\"]}]},{\"@type\":\"BreadcrumbList\",\"@id\":\"https:\/\/www.stadtwerke-landshut.de\/ru\/nutzungsbedingungen\/#breadcrumb\",\"itemListElement\":[{\"@type\":\"ListItem\",\"position\":1,\"name\":\"Startseite\",\"item\":\"https:\/\/www.stadtwerke-landshut.de\/\"},{\"@type\":\"ListItem\",\"position\":2,\"name\":\"Nutzungsbedingungen\"}]},{\"@type\":\"WebSite\",\"@id\":\"https:\/\/www.stadtwerke-landshut.de\/es\/#website\",\"url\":\"https:\/\/www.stadtwerke-landshut.de\/es\/\",\"name\":\"Stadtwerke Landshut\",\"description\":\"Ihr Partner in der Region\",\"publisher\":{\"@id\":\"https:\/\/www.stadtwerke-landshut.de\/es\/#organization\"},\"potentialAction\":[{\"@type\":\"SearchAction\",\"target\":{\"@type\":\"EntryPoint\",\"urlTemplate\":\"https:\/\/www.stadtwerke-landshut.de\/es\/?s={search_term_string}\"},\"query-input\":{\"@type\":\"PropertyValueSpecification\",\"valueRequired\":true,\"valueName\":\"search_term_string\"}}],\"inLanguage\":\"it-IT\"},{\"@type\":\"Organization\",\"@id\":\"https:\/\/www.stadtwerke-landshut.de\/es\/#organization\",\"name\":\"Stadtwerke Landshut\",\"url\":\"https:\/\/www.stadtwerke-landshut.de\/es\/\",\"logo\":{\"@type\":\"ImageObject\",\"inLanguage\":\"it-IT\",\"@id\":\"https:\/\/www.stadtwerke-landshut.de\/es\/#\/schema\/logo\/image\/\",\"url\":\"https:\/\/www.stadtwerke-landshut.de\/wp-content\/uploads\/logo-small.png\",\"contentUrl\":\"https:\/\/www.stadtwerke-landshut.de\/wp-content\/uploads\/logo-small.png\",\"width\":215,\"height\":215,\"caption\":\"Stadtwerke Landshut\"},\"image\":{\"@id\":\"https:\/\/www.stadtwerke-landshut.de\/es\/#\/schema\/logo\/image\/\"}}]}<\/script>\n<!-- \/ Yoast SEO Premium plugin. -->","yoast_head_json":{"title":"Unsere Nutzungsbedingungen - Stadtwerke Landshut","description":"Mit der Nutzung unserer Dienste verpflichten Sie sich zur Einhaltung unserer Richtlinien \u2013 unsere Nutzungsbedingungen im Detail!","robots":{"index":"index","follow":"follow","max-snippet":"max-snippet:-1","max-image-preview":"max-image-preview:large","max-video-preview":"max-video-preview:-1"},"canonical":"https:\/\/www.stadtwerke-landshut.de\/it\/nutzungsbedingungen\/","og_locale":"it_IT","og_type":"article","og_title":"Nutzungsbedingungen","og_description":"Mit der Nutzung unserer Dienste verpflichten Sie sich zur Einhaltung unserer Richtlinien \u2013 unsere Nutzungsbedingungen im Detail!","og_url":"https:\/\/www.stadtwerke-landshut.de\/it\/nutzungsbedingungen\/","og_site_name":"Stadtwerke Landshut","article_modified_time":"2023-02-13T08:37:21+00:00","twitter_card":"summary_large_image","twitter_misc":{"Tempo di lettura stimato":"6 minuti"},"schema":{"@context":"https:\/\/schema.org","@graph":[{"@type":"WebPage","@id":"https:\/\/www.stadtwerke-landshut.de\/ru\/nutzungsbedingungen\/","url":"https:\/\/www.stadtwerke-landshut.de\/ru\/nutzungsbedingungen\/","name":"Unsere Nutzungsbedingungen - Stadtwerke Landshut","isPartOf":{"@id":"https:\/\/www.stadtwerke-landshut.de\/es\/#website"},"datePublished":"2019-09-20T12:45:15+00:00","dateModified":"2023-02-13T08:37:21+00:00","description":"Mit der Nutzung unserer Dienste verpflichten Sie sich zur Einhaltung unserer Richtlinien \u2013 unsere Nutzungsbedingungen im Detail!","breadcrumb":{"@id":"https:\/\/www.stadtwerke-landshut.de\/ru\/nutzungsbedingungen\/#breadcrumb"},"inLanguage":"it-IT","potentialAction":[{"@type":"ReadAction","target":["https:\/\/www.stadtwerke-landshut.de\/ru\/nutzungsbedingungen\/"]}]},{"@type":"BreadcrumbList","@id":"https:\/\/www.stadtwerke-landshut.de\/ru\/nutzungsbedingungen\/#breadcrumb","itemListElement":[{"@type":"ListItem","position":1,"name":"Startseite","item":"https:\/\/www.stadtwerke-landshut.de\/"},{"@type":"ListItem","position":2,"name":"Nutzungsbedingungen"}]},{"@type":"WebSite","@id":"https:\/\/www.stadtwerke-landshut.de\/es\/#website","url":"https:\/\/www.stadtwerke-landshut.de\/es\/","name":"Stadtwerke Landshut","description":"Il tuo partner nella regione","publisher":{"@id":"https:\/\/www.stadtwerke-landshut.de\/es\/#organization"},"potentialAction":[{"@type":"SearchAction","target":{"@type":"EntryPoint","urlTemplate":"https:\/\/www.stadtwerke-landshut.de\/es\/?s={search_term_string}"},"query-input":{"@type":"PropertyValueSpecification","valueRequired":true,"valueName":"search_term_string"}}],"inLanguage":"it-IT"},{"@type":"Organization","@id":"https:\/\/www.stadtwerke-landshut.de\/es\/#organization","name":"Stadtwerke Landshut","url":"https:\/\/www.stadtwerke-landshut.de\/es\/","logo":{"@type":"ImageObject","inLanguage":"it-IT","@id":"https:\/\/www.stadtwerke-landshut.de\/es\/#\/schema\/logo\/image\/","url":"https:\/\/www.stadtwerke-landshut.de\/wp-content\/uploads\/logo-small.png","contentUrl":"https:\/\/www.stadtwerke-landshut.de\/wp-content\/uploads\/logo-small.png","width":215,"height":215,"caption":"Stadtwerke Landshut"},"image":{"@id":"https:\/\/www.stadtwerke-landshut.de\/es\/#\/schema\/logo\/image\/"}}]}},"publishpress_future_action":{"enabled":false,"date":"2026-04-29 18:48:52","action":"change-status","newStatus":"draft","terms":[],"taxonomy":"","extraData":[]},"publishpress_future_workflow_manual_trigger":{"enabledWorkflows":[]},"_links":{"self":[{"href":"https:\/\/www.stadtwerke-landshut.de\/it\/wp-json\/wp\/v2\/pages\/5834","targetHints":{"allow":["GET"]}}],"collection":[{"href":"https:\/\/www.stadtwerke-landshut.de\/it\/wp-json\/wp\/v2\/pages"}],"about":[{"href":"https:\/\/www.stadtwerke-landshut.de\/it\/wp-json\/wp\/v2\/types\/page"}],"author":[{"embeddable":true,"href":"https:\/\/www.stadtwerke-landshut.de\/it\/wp-json\/wp\/v2\/users\/5"}],"replies":[{"embeddable":true,"href":"https:\/\/www.stadtwerke-landshut.de\/it\/wp-json\/wp\/v2\/comments?post=5834"}],"version-history":[{"count":13,"href":"https:\/\/www.stadtwerke-landshut.de\/it\/wp-json\/wp\/v2\/pages\/5834\/revisions"}],"predecessor-version":[{"id":11907,"href":"https:\/\/www.stadtwerke-landshut.de\/it\/wp-json\/wp\/v2\/pages\/5834\/revisions\/11907"}],"wp:attachment":[{"href":"https:\/\/www.stadtwerke-landshut.de\/it\/wp-json\/wp\/v2\/media?parent=5834"}],"curies":[{"name":"wp","href":"https:\/\/api.w.org\/{rel}","templated":true}]}}