{"id":2209,"date":"2019-08-26T09:37:40","date_gmt":"2019-08-26T07:37:40","guid":{"rendered":"https:\/\/www.stadtwerke-landshut.de\/?page_id=2209"},"modified":"2025-06-09T12:17:39","modified_gmt":"2025-06-09T10:17:39","slug":"mobilitaet","status":"publish","type":"page","link":"https:\/\/www.stadtwerke-landshut.de\/pl\/geschaeftskundenbereich\/mobilitaet\/","title":{"rendered":"ruchliwo\u015b\u0107"},"content":{"rendered":"<div class=\"wpb-content-wrapper\"><div class=\"vc_row wpb_row vc_row-fluid\"><div class=\"wpb_column vc_column_container vc_col-sm-12\"><div class=\"vc_column-inner\"><div class=\"wpb_wrapper\">\n\t<div class=\"wpb_text_column wpb_content_element ankerlinks\" >\n\t\t<div class=\"wpb_wrapper\">\n\t\t\t<p>Na tej stronie znajdziesz wszystko na tematy\u00a0<a href=\"#2\">\u00bbWynajem autobus\u00f3w<\/a> i <a href=\"#3\">\u00bbStacje \u0142adowania<\/a> dla firm.<\/p>\n\n\t\t<\/div>\n\t<\/div>\n<\/div><\/div><\/div><\/div><div class=\"vc_row wpb_row vc_row-fluid no-padding\"><div class=\"wpb_column vc_column_container vc_col-sm-12\"><div class=\"vc_column-inner\"><div class=\"wpb_wrapper\"><div class=\"ult-spacer spacer-69e92b61988af\" data-id=\"69e92b61988af\" data-height=\"30\" data-height-mobile=\"30\" data-height-tab=\"30\" data-height-tab-portrait=\"\" data-height-mobile-landscape=\"\" style=\"clear:both;display:block;\"><\/div><h2 style=\"text-align: left\" class=\"vc_custom_heading vc_do_custom_heading grau\" >Tworzenie warto\u015bci dodanej dla pracownik\u00f3w<\/h2>\n\t<div class=\"wpb_text_column wpb_content_element\" >\n\t\t<div class=\"wpb_wrapper\">\n\t\t\t<p>F\u00fcr Firmenevents, Meetings oder Standortbesichtigungen: Ein <a href=\"#2\">Fahrservice mit unseren Niederflurbussen<\/a> sorgt f\u00fcr einen komfortablen Transfer im Stadtgebiet.<br data-start=\"445\" data-end=\"448\" \/>Auch auf <a href=\"#3\">Ihrem Firmengel\u00e4nde bieten Ladem\u00f6glichkeiten f\u00fcr Elektrofahrzeuge<\/a> einen zus\u00e4tzlichen Service f\u00fcr Mitarbeitende und Besucher. In beiden Bereichen unterst\u00fctzen wir Ihr Unternehmen mit L\u00f6sungen. Rufen Sie uns gerne an oder schreiben Sie uns.<\/p>\n\n\t\t<\/div>\n\t<\/div>\n<div class=\"ult-spacer spacer-69e92b6198b66\" data-id=\"69e92b6198b66\" data-height=\"30\" data-height-mobile=\"30\" data-height-tab=\"30\" data-height-tab-portrait=\"\" data-height-mobile-landscape=\"\" style=\"clear:both;display:block;\"><\/div><\/div><\/div><\/div><\/div><div id=\"2\" data-vc-full-width=\"true\" data-vc-full-width-temp=\"true\" data-vc-full-width-init=\"false\" class=\"vc_row wpb_row vc_row-fluid tauschen hg-weiss\"><div class=\"reverse-row wpb_column vc_column_container vc_col-sm-4\"><div class=\"vc_column-inner\"><div class=\"wpb_wrapper\"><div class=\"ult-spacer spacer-69e92b6199157\" data-id=\"69e92b6199157\" data-height=\"30\" data-height-mobile=\"0\" data-height-tab=\"\" data-height-tab-portrait=\"\" data-height-mobile-landscape=\"0\" style=\"clear:both;display:block;\"><\/div>\n\t<div  class=\"wpb_single_image wpb_content_element vc_align_left wpb_content_element\">\n\t\t\n\t\t<figure class=\"wpb_wrapper vc_figure\">\n\t\t\t<div class=\"vc_single_image-wrapper   vc_box_border_grey\"><img loading=\"lazy\" decoding=\"async\" width=\"1200\" height=\"800\" src=\"https:\/\/www.stadtwerke-landshut.de\/wp-content\/uploads\/Busse-front.png\" class=\"vc_single_image-img attachment-full\" alt=\"Linienbusse der Stadtwerke Landshut\" title=\"Front-der-Linienbusse\" srcset=\"https:\/\/www.stadtwerke-landshut.de\/wp-content\/uploads\/Busse-front.png 1200w, https:\/\/www.stadtwerke-landshut.de\/wp-content\/uploads\/Busse-front-300x200.png 300w, https:\/\/www.stadtwerke-landshut.de\/wp-content\/uploads\/Busse-front-768x512.png 768w, https:\/\/www.stadtwerke-landshut.de\/wp-content\/uploads\/Busse-front-1024x683.png 1024w, https:\/\/www.stadtwerke-landshut.de\/wp-content\/uploads\/Busse-front-600x400.png 600w\" sizes=\"auto, (max-width: 1200px) 100vw, 1200px\" \/><\/div>\n\t\t<\/figure>\n\t<\/div>\n<div class=\"ult-spacer spacer-69e92b61995c6\" data-id=\"69e92b61995c6\" data-height=\"15\" data-height-mobile=\"15\" data-height-tab=\"15\" data-height-tab-portrait=\"\" data-height-mobile-landscape=\"\" style=\"clear:both;display:block;\"><\/div><h5 style=\"text-align: left\" class=\"vc_custom_heading vc_do_custom_heading blau\" >Czy masz pytania dotycz\u0105ce us\u0142ugi transferu?<\/h5><div class=\"ult-content-box-container hg-lichtgrau\" >\t\t<div class=\"ult-content-box\" style=\"box-shadow: 0px 0px 5px px rgba(0,0,0,0.15) ;border-style:solid;border-width:1px;border-color:#e5e5e5;padding:15px;-webkit-transition: all 700ms ease;-moz-transition: all 700ms ease;-ms-transition: all 700ms ease;-o-transition: all 700ms ease;transition: all 700ms ease;\"  data-hover_box_shadow=\"none\"     data-border_color=\"#e5e5e5\" >\n\t<div class=\"wpb_text_column wpb_content_element no-margin\" >\n\t\t<div class=\"wpb_wrapper\">\n\t\t\t<p><strong>kontakt<\/strong><\/p>\n<p><strong>telefon:<\/strong> 0871 1436 2701<br \/>\n<strong>E-mail:<\/strong> <a href=\"mailto:verkehrsbetrieb@stadtwerke-landshut.de\">verkehrsbetrieb@stadtwerke-landshut.de<\/a><\/p>\n\n\t\t<\/div>\n\t<\/div>\n\t\t<\/div><\/div><div class=\"ult-spacer spacer-69e92b61997f7\" data-id=\"69e92b61997f7\" data-height=\"30\" data-height-mobile=\"30\" data-height-tab=\"30\" data-height-tab-portrait=\"\" data-height-mobile-landscape=\"\" style=\"clear:both;display:block;\"><\/div><\/div><\/div><\/div><div class=\"wpb_column vc_column_container vc_col-sm-8\"><div class=\"vc_column-inner\"><div class=\"wpb_wrapper\"><div class=\"ult-spacer spacer-69e92b619993f\" data-id=\"69e92b619993f\" data-height=\"30\" data-height-mobile=\"30\" data-height-tab=\"30\" data-height-tab-portrait=\"\" data-height-mobile-landscape=\"\" style=\"clear:both;display:block;\"><\/div><h3 style=\"text-align: left\" class=\"vc_custom_heading vc_do_custom_heading grau\" >Wynajem autobus\u00f3w - tani transport z kierowc\u0105 autobusu<\/h3>\n\t<div class=\"wpb_text_column wpb_content_element\" >\n\t\t<div class=\"wpb_wrapper\">\n\t\t\t<p>Cz\u0119sto wiele os\u00f3b musi by\u0107 jednocze\u015bnie transportowanych z punktu A do punktu B. Na przyk\u0142ad planujesz przyj\u0119cie w Burg Trausnitz? Z nami otrzymujesz odpowiedni transport, w tym autobus i kierowc\u0119. Nasze autobusy s\u0105 idealne na du\u017ce i ma\u0142e imprezy lub wycieczki po okolicy.<\/p>\n<p>Masz do wyboru:<\/p>\n<ul>\n<li>Autobus przegubowy (maks. 110 os\u00f3b)<\/li>\n<li>Autobus solo (maks. 60 os\u00f3b)<\/li>\n<\/ul>\n<p>Organizatorzy du\u017cych wydarze\u0144 mog\u0105 r\u00f3wnie\u017c polega\u0107 na naszej wiedzy w zakresie ruchu w parku i je\u017adzi\u0107 oraz na linii wahad\u0142owej.<br \/>\nWystarczy wys\u0142a\u0107 do nas e-mail z najwa\u017cniejszymi danymi (po\u017c\u0105dana data, godzina, oczekiwany czas trwania, liczba os\u00f3b) <a href=\"\/pl\/verkehrsbetrieb@stadtwerke-landshut.de\/\">verkehrsbetrieb@stadtwerke-landshut.de<\/a>, Natychmiast otrzymasz niewi\u0105\u017c\u0105c\u0105 ofert\u0119.<\/p>\n\n\t\t<\/div>\n\t<\/div>\n<div class=\"ult-spacer spacer-69e92b6199b00\" data-id=\"69e92b6199b00\" data-height=\"15\" data-height-mobile=\"15\" data-height-tab=\"15\" data-height-tab-portrait=\"\" data-height-mobile-landscape=\"\" style=\"clear:both;display:block;\"><\/div>\n\t<div class=\"wpb_text_column wpb_content_element downloadliste\" >\n\t\t<div class=\"wpb_wrapper\">\n\t\t\t<ul>\n<li><a href=\"https:\/\/www.stadtwerke-landshut.de\/wp-content\/uploads\/Uebersicht-Preise-Bus-mieten_NEU.pdf?ver=1\" target=\"_blank\" rel=\"noopener noreferrer\">Cennik wynajmu autobus\u00f3w<\/a><\/li>\n<\/ul>\n\n\t\t<\/div>\n\t<\/div>\n<div class=\"ult-spacer spacer-69e92b6199bbd\" data-id=\"69e92b6199bbd\" data-height=\"30\" data-height-mobile=\"30\" data-height-tab=\"30\" data-height-tab-portrait=\"\" data-height-mobile-landscape=\"\" style=\"clear:both;display:block;\"><\/div><\/div><\/div><\/div><\/div><div class=\"vc_row-full-width vc_clearfix\"><\/div><div id=\"3\" data-vc-full-width=\"true\" data-vc-full-width-temp=\"true\" data-vc-full-width-init=\"false\" class=\"vc_row wpb_row vc_row-fluid hg-lichtgrau\"><div class=\"wpb_column vc_column_container vc_col-sm-8\"><div class=\"vc_column-inner\"><div class=\"wpb_wrapper\"><div class=\"ult-spacer spacer-69e92b6199e72\" data-id=\"69e92b6199e72\" data-height=\"30\" data-height-mobile=\"30\" data-height-tab=\"30\" data-height-tab-portrait=\"\" data-height-mobile-landscape=\"\" style=\"clear:both;display:block;\"><\/div><h3 style=\"text-align: left\" class=\"vc_custom_heading vc_do_custom_heading grau\" >Stacje \u0142adowania na parkingu firmowym<\/h3>\n\t<div class=\"wpb_text_column wpb_content_element\" >\n\t\t<div class=\"wpb_wrapper\">\n\t\t\t<p>Sie planen auf Ihrem Firmengel\u00e4nde im Stadtgebiet Landshut Ladestationen f\u00fcr Elektroautos Ihrer Kunden und Mitarbeiter?<\/p>\n<p>Je\u015bli jeste\u015b zainteresowany w\u0142asnymi stacjami e-\u0142adowania, skontaktuj si\u0119 z nami przez e-mail <a href=\"mailto:vertrieb@stadtwerke-landshut.de\"> vertrieb@stadtwerke-landshut.de<\/a>, Z przyjemno\u015bci\u0105 opracujemy dla Ciebie indywidualne rozwi\u0105zanie.<\/p>\n<p>Do zakupu energii w spos\u00f3b przyjazny dla klimatu zalecamy nasze produkty eko-energetyczne \u00d6koMax i \u00d6koLogisch. Dowiedz si\u0119 wi\u0119cej na <a href=\"https:\/\/www.stadtwerke-landshut.de\/pl\/geschaeftskundenbereich\/geschaeftskunden-energie\/\" target=\"_blank\" rel=\"noopener noreferrer\">Energia dla klient\u00f3w biznesowych<\/a>.<\/p>\n\n\t\t<\/div>\n\t<\/div>\n<div class=\"ult-spacer spacer-69e92b619a06f\" data-id=\"69e92b619a06f\" data-height=\"15\" data-height-mobile=\"15\" data-height-tab=\"15\" data-height-tab-portrait=\"\" data-height-mobile-landscape=\"\" style=\"clear:both;display:block;\"><\/div><\/div><\/div><\/div><div class=\"reverse-row wpb_column vc_column_container vc_col-sm-4\"><div class=\"vc_column-inner\"><div class=\"wpb_wrapper\"><div class=\"ult-spacer spacer-69e92b619a19d\" data-id=\"69e92b619a19d\" data-height=\"30\" data-height-mobile=\"0\" data-height-tab=\"\" data-height-tab-portrait=\"\" data-height-mobile-landscape=\"0\" style=\"clear:both;display:block;\"><\/div>\n\t<div  class=\"wpb_single_image wpb_content_element vc_align_left wpb_content_element\">\n\t\t\n\t\t<figure class=\"wpb_wrapper vc_figure\">\n\t\t\t<div class=\"vc_single_image-wrapper   vc_box_border_grey\"><img loading=\"lazy\" decoding=\"async\" width=\"1600\" height=\"1067\" src=\"https:\/\/www.stadtwerke-landshut.de\/wp-content\/uploads\/04-Stromtankstelle.jpg\" class=\"vc_single_image-img attachment-full\" alt=\"Elektroautos und Stromtankstelle\" title=\"Stromtankstelle\" srcset=\"https:\/\/www.stadtwerke-landshut.de\/wp-content\/uploads\/04-Stromtankstelle.jpg 1600w, https:\/\/www.stadtwerke-landshut.de\/wp-content\/uploads\/04-Stromtankstelle-600x400.jpg 600w, https:\/\/www.stadtwerke-landshut.de\/wp-content\/uploads\/04-Stromtankstelle-300x200.jpg 300w, https:\/\/www.stadtwerke-landshut.de\/wp-content\/uploads\/04-Stromtankstelle-768x512.jpg 768w, https:\/\/www.stadtwerke-landshut.de\/wp-content\/uploads\/04-Stromtankstelle-1024x683.jpg 1024w\" sizes=\"auto, (max-width: 1600px) 100vw, 1600px\" \/><\/div>\n\t\t<\/figure>\n\t<\/div>\n<div class=\"ult-spacer spacer-69e92b619a4d5\" data-id=\"69e92b619a4d5\" data-height=\"15\" data-height-mobile=\"15\" data-height-tab=\"15\" data-height-tab-portrait=\"\" data-height-mobile-landscape=\"\" style=\"clear:both;display:block;\"><\/div><h5 style=\"text-align: left\" class=\"vc_custom_heading vc_do_custom_heading blau\" >Czy masz pytania dotycz\u0105ce stacji \u0142adowania?<\/h5><div class=\"ult-content-box-container hg-weiss\" >\t\t<div class=\"ult-content-box\" style=\"box-shadow: 0px 0px 5px px rgba(0,0,0,0.15) ;border-style:solid;border-width:1px;border-color:#e5e5e5;padding:15px;-webkit-transition: all 700ms ease;-moz-transition: all 700ms ease;-ms-transition: all 700ms ease;-o-transition: all 700ms ease;transition: all 700ms ease;\"  data-hover_box_shadow=\"none\"     data-border_color=\"#e5e5e5\" >\n\t<div class=\"wpb_text_column wpb_content_element no-margin\" >\n\t\t<div class=\"wpb_wrapper\">\n\t\t\t<p><strong>kontakt<\/strong><\/p>\n<p><strong>telefon:<\/strong> 0871 1436 2081<br \/>\n<strong>E-mail:<\/strong> <a href=\"mailto:vertrieb@stadtwerke-landshut.de\">vertrieb@stadtwerke-landshut.de<\/a><\/p>\n\n\t\t<\/div>\n\t<\/div>\n\t\t<\/div><\/div><div class=\"ult-spacer spacer-69e92b619a6ef\" data-id=\"69e92b619a6ef\" data-height=\"30\" data-height-mobile=\"30\" data-height-tab=\"30\" data-height-tab-portrait=\"\" data-height-mobile-landscape=\"\" style=\"clear:both;display:block;\"><\/div><\/div><\/div><\/div><\/div><div class=\"vc_row-full-width vc_clearfix\"><\/div>\n<\/div>","protected":false},"excerpt":{"rendered":"Auf dieser Seite finden Sie alles zu den Themen\u00a0\u00bb Bus mieten und \u00bb\u00a0Stromtankstellen f\u00fcr Unternehmen. Mehrwerte f\u00fcr Mitarbeiter schaffen F\u00fcr Firmenevents, Meetings oder Standortbesichtigungen: Ein Fahrservice mit unseren Niederflurbussen sorgt [...]","protected":false},"author":5,"featured_media":3472,"parent":311,"menu_order":0,"comment_status":"closed","ping_status":"closed","template":"","meta":{"_relevanssi_hide_post":"","_relevanssi_hide_content":"","_relevanssi_pin_for_all":"","_relevanssi_pin_keywords":"","_relevanssi_unpin_keywords":"","_relevanssi_related_keywords":"","_relevanssi_related_include_ids":"","_relevanssi_related_exclude_ids":"","_relevanssi_related_no_append":"","_relevanssi_related_not_related":"","_relevanssi_related_posts":"","_relevanssi_noindex_reason":"","footnotes":""},"class_list":["post-2209","page","type-page","status-publish","has-post-thumbnail","hentry"],"yoast_head":"<!-- This site is optimized with the Yoast SEO Premium plugin v26.9 (Yoast SEO v26.9) - https:\/\/yoast.com\/product\/yoast-seo-premium-wordpress\/ -->\n<title>Mobilit\u00e4tsl\u00f6sungen f\u00fcr Unternehmen - Stadtwerke Landshut<\/title>\n<meta name=\"description\" content=\"Unsere Angebote wie Jobticket oder E-Ladestation werten Ihr Unternehmen auf \u2013 Jetzt die passende Mobilit\u00e4tsl\u00f6sung finden!\" \/>\n<meta name=\"robots\" content=\"index, follow, max-snippet:-1, max-image-preview:large, max-video-preview:-1\" \/>\n<link rel=\"canonical\" href=\"https:\/\/www.stadtwerke-landshut.de\/pl\/geschaeftskundenbereich\/mobilitaet\/\" \/>\n<meta property=\"og:locale\" content=\"pl_PL\" \/>\n<meta property=\"og:type\" content=\"article\" \/>\n<meta property=\"og:title\" content=\"Mobilit\u00e4t\" \/>\n<meta property=\"og:description\" content=\"Unsere Angebote wie Jobticket oder E-Ladestation werten Ihr Unternehmen auf \u2013 Jetzt die passende Mobilit\u00e4tsl\u00f6sung finden!\" \/>\n<meta property=\"og:url\" content=\"https:\/\/www.stadtwerke-landshut.de\/pl\/geschaeftskundenbereich\/mobilitaet\/\" \/>\n<meta property=\"og:site_name\" content=\"Stadtwerke Landshut\" \/>\n<meta property=\"article:modified_time\" content=\"2025-06-09T10:17:39+00:00\" \/>\n<meta property=\"og:image\" content=\"https:\/\/www.stadtwerke-landshut.de\/wp-content\/uploads\/mobilitaet_kopf.jpg\" \/>\n\t<meta property=\"og:image:width\" content=\"1600\" \/>\n\t<meta property=\"og:image:height\" content=\"452\" \/>\n\t<meta property=\"og:image:type\" content=\"image\/jpeg\" \/>\n<meta name=\"twitter:card\" content=\"summary_large_image\" \/>\n<meta name=\"twitter:label1\" content=\"Szacowany czas czytania\" \/>\n\t<meta name=\"twitter:data1\" content=\"5 minut\" \/>\n<script type=\"application\/ld+json\" class=\"yoast-schema-graph\">{\"@context\":\"https:\/\/schema.org\",\"@graph\":[{\"@type\":\"WebPage\",\"@id\":\"https:\/\/www.stadtwerke-landshut.de\/geschaeftskundenbereich\/mobilitaet\/\",\"url\":\"https:\/\/www.stadtwerke-landshut.de\/geschaeftskundenbereich\/mobilitaet\/\",\"name\":\"Mobilit\u00e4tsl\u00f6sungen f\u00fcr Unternehmen - Stadtwerke Landshut\",\"isPartOf\":{\"@id\":\"https:\/\/www.stadtwerke-landshut.de\/es\/#website\"},\"primaryImageOfPage\":{\"@id\":\"https:\/\/www.stadtwerke-landshut.de\/geschaeftskundenbereich\/mobilitaet\/#primaryimage\"},\"image\":{\"@id\":\"https:\/\/www.stadtwerke-landshut.de\/geschaeftskundenbereich\/mobilitaet\/#primaryimage\"},\"thumbnailUrl\":\"https:\/\/www.stadtwerke-landshut.de\/wp-content\/uploads\/mobilitaet_kopf.jpg\",\"datePublished\":\"2019-08-26T07:37:40+00:00\",\"dateModified\":\"2025-06-09T10:17:39+00:00\",\"description\":\"Unsere Angebote wie Jobticket oder E-Ladestation werten Ihr Unternehmen auf \u2013 Jetzt die passende Mobilit\u00e4tsl\u00f6sung finden!\",\"breadcrumb\":{\"@id\":\"https:\/\/www.stadtwerke-landshut.de\/geschaeftskundenbereich\/mobilitaet\/#breadcrumb\"},\"inLanguage\":\"pl-PL\",\"potentialAction\":[{\"@type\":\"ReadAction\",\"target\":[\"https:\/\/www.stadtwerke-landshut.de\/geschaeftskundenbereich\/mobilitaet\/\"]}]},{\"@type\":\"ImageObject\",\"inLanguage\":\"pl-PL\",\"@id\":\"https:\/\/www.stadtwerke-landshut.de\/geschaeftskundenbereich\/mobilitaet\/#primaryimage\",\"url\":\"https:\/\/www.stadtwerke-landshut.de\/wp-content\/uploads\/mobilitaet_kopf.jpg\",\"contentUrl\":\"https:\/\/www.stadtwerke-landshut.de\/wp-content\/uploads\/mobilitaet_kopf.jpg\",\"width\":1600,\"height\":452,\"caption\":\"Mobilit\u00e4t durch Busslinien\"},{\"@type\":\"BreadcrumbList\",\"@id\":\"https:\/\/www.stadtwerke-landshut.de\/geschaeftskundenbereich\/mobilitaet\/#breadcrumb\",\"itemListElement\":[{\"@type\":\"ListItem\",\"position\":1,\"name\":\"Startseite\",\"item\":\"https:\/\/www.stadtwerke-landshut.de\/\"},{\"@type\":\"ListItem\",\"position\":2,\"name\":\"Gesch\u00e4ftskundenbereich\",\"item\":\"https:\/\/www.stadtwerke-landshut.de\/geschaeftskundenbereich\/\"},{\"@type\":\"ListItem\",\"position\":3,\"name\":\"Mobilit\u00e4t\"}]},{\"@type\":\"WebSite\",\"@id\":\"https:\/\/www.stadtwerke-landshut.de\/es\/#website\",\"url\":\"https:\/\/www.stadtwerke-landshut.de\/es\/\",\"name\":\"Stadtwerke Landshut\",\"description\":\"Ihr Partner in der Region\",\"publisher\":{\"@id\":\"https:\/\/www.stadtwerke-landshut.de\/es\/#organization\"},\"potentialAction\":[{\"@type\":\"SearchAction\",\"target\":{\"@type\":\"EntryPoint\",\"urlTemplate\":\"https:\/\/www.stadtwerke-landshut.de\/es\/?s={search_term_string}\"},\"query-input\":{\"@type\":\"PropertyValueSpecification\",\"valueRequired\":true,\"valueName\":\"search_term_string\"}}],\"inLanguage\":\"pl-PL\"},{\"@type\":\"Organization\",\"@id\":\"https:\/\/www.stadtwerke-landshut.de\/es\/#organization\",\"name\":\"Stadtwerke Landshut\",\"url\":\"https:\/\/www.stadtwerke-landshut.de\/es\/\",\"logo\":{\"@type\":\"ImageObject\",\"inLanguage\":\"pl-PL\",\"@id\":\"https:\/\/www.stadtwerke-landshut.de\/es\/#\/schema\/logo\/image\/\",\"url\":\"https:\/\/www.stadtwerke-landshut.de\/wp-content\/uploads\/logo-small.png\",\"contentUrl\":\"https:\/\/www.stadtwerke-landshut.de\/wp-content\/uploads\/logo-small.png\",\"width\":215,\"height\":215,\"caption\":\"Stadtwerke Landshut\"},\"image\":{\"@id\":\"https:\/\/www.stadtwerke-landshut.de\/es\/#\/schema\/logo\/image\/\"}}]}<\/script>\n<!-- \/ Yoast SEO Premium plugin. -->","yoast_head_json":{"title":"Mobilit\u00e4tsl\u00f6sungen f\u00fcr Unternehmen - Stadtwerke Landshut","description":"Unsere Angebote wie Jobticket oder E-Ladestation werten Ihr Unternehmen auf \u2013 Jetzt die passende Mobilit\u00e4tsl\u00f6sung finden!","robots":{"index":"index","follow":"follow","max-snippet":"max-snippet:-1","max-image-preview":"max-image-preview:large","max-video-preview":"max-video-preview:-1"},"canonical":"https:\/\/www.stadtwerke-landshut.de\/pl\/geschaeftskundenbereich\/mobilitaet\/","og_locale":"pl_PL","og_type":"article","og_title":"Mobilit\u00e4t","og_description":"Unsere Angebote wie Jobticket oder E-Ladestation werten Ihr Unternehmen auf \u2013 Jetzt die passende Mobilit\u00e4tsl\u00f6sung finden!","og_url":"https:\/\/www.stadtwerke-landshut.de\/pl\/geschaeftskundenbereich\/mobilitaet\/","og_site_name":"Stadtwerke Landshut","article_modified_time":"2025-06-09T10:17:39+00:00","og_image":[{"width":1600,"height":452,"url":"https:\/\/www.stadtwerke-landshut.de\/wp-content\/uploads\/mobilitaet_kopf.jpg","type":"image\/jpeg"}],"twitter_card":"summary_large_image","twitter_misc":{"Szacowany czas czytania":"5 minut"},"schema":{"@context":"https:\/\/schema.org","@graph":[{"@type":"WebPage","@id":"https:\/\/www.stadtwerke-landshut.de\/geschaeftskundenbereich\/mobilitaet\/","url":"https:\/\/www.stadtwerke-landshut.de\/geschaeftskundenbereich\/mobilitaet\/","name":"Mobilit\u00e4tsl\u00f6sungen f\u00fcr Unternehmen - Stadtwerke Landshut","isPartOf":{"@id":"https:\/\/www.stadtwerke-landshut.de\/es\/#website"},"primaryImageOfPage":{"@id":"https:\/\/www.stadtwerke-landshut.de\/geschaeftskundenbereich\/mobilitaet\/#primaryimage"},"image":{"@id":"https:\/\/www.stadtwerke-landshut.de\/geschaeftskundenbereich\/mobilitaet\/#primaryimage"},"thumbnailUrl":"https:\/\/www.stadtwerke-landshut.de\/wp-content\/uploads\/mobilitaet_kopf.jpg","datePublished":"2019-08-26T07:37:40+00:00","dateModified":"2025-06-09T10:17:39+00:00","description":"Unsere Angebote wie Jobticket oder E-Ladestation werten Ihr Unternehmen auf \u2013 Jetzt die passende Mobilit\u00e4tsl\u00f6sung finden!","breadcrumb":{"@id":"https:\/\/www.stadtwerke-landshut.de\/geschaeftskundenbereich\/mobilitaet\/#breadcrumb"},"inLanguage":"pl-PL","potentialAction":[{"@type":"ReadAction","target":["https:\/\/www.stadtwerke-landshut.de\/geschaeftskundenbereich\/mobilitaet\/"]}]},{"@type":"ImageObject","inLanguage":"pl-PL","@id":"https:\/\/www.stadtwerke-landshut.de\/geschaeftskundenbereich\/mobilitaet\/#primaryimage","url":"https:\/\/www.stadtwerke-landshut.de\/wp-content\/uploads\/mobilitaet_kopf.jpg","contentUrl":"https:\/\/www.stadtwerke-landshut.de\/wp-content\/uploads\/mobilitaet_kopf.jpg","width":1600,"height":452,"caption":"Mobilit\u00e4t durch Busslinien"},{"@type":"BreadcrumbList","@id":"https:\/\/www.stadtwerke-landshut.de\/geschaeftskundenbereich\/mobilitaet\/#breadcrumb","itemListElement":[{"@type":"ListItem","position":1,"name":"Startseite","item":"https:\/\/www.stadtwerke-landshut.de\/"},{"@type":"ListItem","position":2,"name":"Gesch\u00e4ftskundenbereich","item":"https:\/\/www.stadtwerke-landshut.de\/geschaeftskundenbereich\/"},{"@type":"ListItem","position":3,"name":"Mobilit\u00e4t"}]},{"@type":"WebSite","@id":"https:\/\/www.stadtwerke-landshut.de\/es\/#website","url":"https:\/\/www.stadtwerke-landshut.de\/es\/","name":"Stadtwerke Landshut","description":"Tw\u00f3j partner w regionie","publisher":{"@id":"https:\/\/www.stadtwerke-landshut.de\/es\/#organization"},"potentialAction":[{"@type":"SearchAction","target":{"@type":"EntryPoint","urlTemplate":"https:\/\/www.stadtwerke-landshut.de\/es\/?s={search_term_string}"},"query-input":{"@type":"PropertyValueSpecification","valueRequired":true,"valueName":"search_term_string"}}],"inLanguage":"pl-PL"},{"@type":"Organization","@id":"https:\/\/www.stadtwerke-landshut.de\/es\/#organization","name":"Stadtwerke Landshut","url":"https:\/\/www.stadtwerke-landshut.de\/es\/","logo":{"@type":"ImageObject","inLanguage":"pl-PL","@id":"https:\/\/www.stadtwerke-landshut.de\/es\/#\/schema\/logo\/image\/","url":"https:\/\/www.stadtwerke-landshut.de\/wp-content\/uploads\/logo-small.png","contentUrl":"https:\/\/www.stadtwerke-landshut.de\/wp-content\/uploads\/logo-small.png","width":215,"height":215,"caption":"Stadtwerke Landshut"},"image":{"@id":"https:\/\/www.stadtwerke-landshut.de\/es\/#\/schema\/logo\/image\/"}}]}},"publishpress_future_action":{"enabled":false,"date":"2026-04-29 22:11:13","action":"change-status","newStatus":"draft","terms":[],"taxonomy":"","extraData":[]},"publishpress_future_workflow_manual_trigger":{"enabledWorkflows":[]},"_links":{"self":[{"href":"https:\/\/www.stadtwerke-landshut.de\/pl\/wp-json\/wp\/v2\/pages\/2209","targetHints":{"allow":["GET"]}}],"collection":[{"href":"https:\/\/www.stadtwerke-landshut.de\/pl\/wp-json\/wp\/v2\/pages"}],"about":[{"href":"https:\/\/www.stadtwerke-landshut.de\/pl\/wp-json\/wp\/v2\/types\/page"}],"author":[{"embeddable":true,"href":"https:\/\/www.stadtwerke-landshut.de\/pl\/wp-json\/wp\/v2\/users\/5"}],"replies":[{"embeddable":true,"href":"https:\/\/www.stadtwerke-landshut.de\/pl\/wp-json\/wp\/v2\/comments?post=2209"}],"version-history":[{"count":140,"href":"https:\/\/www.stadtwerke-landshut.de\/pl\/wp-json\/wp\/v2\/pages\/2209\/revisions"}],"predecessor-version":[{"id":26817,"href":"https:\/\/www.stadtwerke-landshut.de\/pl\/wp-json\/wp\/v2\/pages\/2209\/revisions\/26817"}],"up":[{"embeddable":true,"href":"https:\/\/www.stadtwerke-landshut.de\/pl\/wp-json\/wp\/v2\/pages\/311"}],"wp:featuredmedia":[{"embeddable":true,"href":"https:\/\/www.stadtwerke-landshut.de\/pl\/wp-json\/wp\/v2\/media\/3472"}],"wp:attachment":[{"href":"https:\/\/www.stadtwerke-landshut.de\/pl\/wp-json\/wp\/v2\/media?parent=2209"}],"curies":[{"name":"wp","href":"https:\/\/api.w.org\/{rel}","templated":true}]}}