{"id":2473,"date":"2019-08-27T08:40:38","date_gmt":"2019-08-27T06:40:38","guid":{"rendered":"https:\/\/www.stadtwerke-landshut.de\/?page_id=2473"},"modified":"2019-09-23T14:25:31","modified_gmt":"2019-09-23T12:25:31","slug":"vereine-im-stadtbad","status":"publish","type":"page","link":"https:\/\/www.stadtwerke-landshut.de\/pl\/stadtbad\/vereine-im-stadtbad\/","title":{"rendered":"Kluby w basenie miejskim"},"content":{"rendered":"<div class=\"wpb-content-wrapper\"><div id=\"1\" data-vc-full-width=\"true\" data-vc-full-width-temp=\"true\" data-vc-full-width-init=\"false\" class=\"vc_row wpb_row vc_row-fluid\"><div class=\"wpb_column vc_column_container vc_col-sm-12\"><div class=\"vc_column-inner\"><div class=\"wpb_wrapper\"><div class=\"ult-spacer spacer-69e911dc1b159\" data-id=\"69e911dc1b159\" data-height=\"15\" data-height-mobile=\"15\" data-height-tab=\"15\" data-height-tab-portrait=\"\" data-height-mobile-landscape=\"\" style=\"clear:both;display:block;\"><\/div><div class=\"ult_exp_section_layer ult-adjust-bottom-margin no-margin\" >\n\t\t<div id=\"uvc-exp-wrap-7546\" role=\"button\" tabindex=\"0\" aria-pressed=\"false\"  data-ultimate-target='#uvc-exp-wrap-7546'  data-responsive-json-new='{\"font-size\":\"desktop:20px;\",\"line-height\":\"desktop:24px;\"}'  class=\"ult_exp_section  ult-responsive\" style=\"color:#006fb4;background-color:#e6eef9; font-weight:normal; padding:0px;text-align:left;\" data-textcolor=\"#006fb4\"data-texthover=\"#006fb4\"data-icncolor=\"#006fb4\"data-ihover=\"#333333\"data-height=\"0\"data-cntbg=\"#e6eef9\"data-cnthvrbg=\"#e6eef9\"data-headerbg=\"#e6eef9\"data-headerhover=\"#e6eef9\"data-title=\"Kneipp Verein\"data-newtitle=\"Kneipp Verein\"data-icon=\"Defaults-caret-right\"data-newicon=\"Defaults-caret-down\"data-activeicon=\"#006fb4\"data-effect=\"slideToggle\"data-override=\"0\"data-activetitle=\"#006fb4\"data-activebg=\"#e6eef9\"data-img=\"\"data-newimg=\"\"><div class=\"ult_exp_section-main ult_expleft_icon\">\t<div class=\"ult-just-icon-wrapper ult_exp_icon\">\n\t\t\t\t\t<div class=\"align-icon\">\n\t\t\t\t\t\t\n<span class=\"aio-icon  none  ult_expsection_icon\"  style=\"color:#006fb4;font-size:22px;\">\n\t<i class=\"Defaults-caret-right ult_ex_icon\"  ><\/i>\n<\/span>\n\t\t\t\t\t<\/div>\n\t\t\t\t<\/div>\n\t\t\t\t<div class=\"ult_expheader\" >Klub Kneippa\n\t\t\t\t<\/div>\n\t\t\t<\/div>\n\t\t<\/div><div class=\"ult_exp_content\" style=\"background-color:#f4f4f4;padding:0px;margin:0px;\"><div class=\"ult_ecpsub_cont\" style=\" \" >\n\t<div class=\"wpb_text_column wpb_content_element\" >\n\t\t<div class=\"wpb_wrapper\">\n\t\t\t<p>Latem Kneipp-Winkel w Stadtbad jest miejscem spotka\u0144 cz\u0142onk\u00f3w Kneipp-Verein Landshut. W jedynym obszarze dost\u0119pnym dla cz\u0142onk\u00f3w jest basen do p\u0142ywania, pachy i inna infrastruktura. Wi\u0119cej informacji mo\u017cna uzyska\u0107 pod numerem telefonu 0871 616 22, e-mail <a href=\"mailto:kontakt@kneipp-verein-landshut.de\">kontakt@kneipp-verein-landshut.de<\/a> lub poni\u017cej <a href=\"https:\/\/www.kneipp-verein-landshut.de\/\" target=\"_blank\" rel=\"noopener noreferrer\">www.kneipp-verein-landshut.de<\/a> dost\u0119pny.<\/p>\n\n\t\t<\/div>\n\t<\/div>\n<\/div><\/div>\n\n\t\t\t<\/div><div class=\"ult_exp_section_layer ult-adjust-bottom-margin no-margin\" >\n\t\t<div id=\"uvc-exp-wrap-9279\" role=\"button\" tabindex=\"0\" aria-pressed=\"false\"  data-ultimate-target='#uvc-exp-wrap-9279'  data-responsive-json-new='{\"font-size\":\"desktop:20px;\",\"line-height\":\"desktop:24px;\"}'  class=\"ult_exp_section  ult-responsive\" style=\"color:#006fb4;background-color:#e6eef9; font-weight:normal; padding:0px;text-align:left;\" data-textcolor=\"#006fb4\"data-texthover=\"#006fb4\"data-icncolor=\"#006fb4\"data-ihover=\"#333333\"data-height=\"0\"data-cntbg=\"#e6eef9\"data-cnthvrbg=\"#e6eef9\"data-headerbg=\"#e6eef9\"data-headerhover=\"#e6eef9\"data-title=\"Schwimmclub 53 e.V.\"data-newtitle=\"Schwimmclub 53 e.V.\"data-icon=\"Defaults-caret-right\"data-newicon=\"Defaults-caret-down\"data-activeicon=\"#006fb4\"data-effect=\"slideToggle\"data-override=\"0\"data-activetitle=\"#006fb4\"data-activebg=\"#e6eef9\"data-img=\"\"data-newimg=\"\"><div class=\"ult_exp_section-main ult_expleft_icon\">\t<div class=\"ult-just-icon-wrapper ult_exp_icon\">\n\t\t\t\t\t<div class=\"align-icon\">\n\t\t\t\t\t\t\n<span class=\"aio-icon  none  ult_expsection_icon\"  style=\"color:#006fb4;font-size:22px;\">\n\t<i class=\"Defaults-caret-right ult_ex_icon\"  ><\/i>\n<\/span>\n\t\t\t\t\t<\/div>\n\t\t\t\t<\/div>\n\t\t\t\t<div class=\"ult_expheader\" >Klub p\u0142ywacki 53 eV\n\t\t\t\t<\/div>\n\t\t\t<\/div>\n\t\t<\/div><div class=\"ult_exp_content\" style=\"background-color:#f4f4f4;padding:0px;margin:0px;\"><div class=\"ult_ecpsub_cont\" style=\" \" >\n\t<div class=\"wpb_text_column wpb_content_element\" >\n\t\t<div class=\"wpb_wrapper\">\n\t\t\t<p>P\u0142ywanie, nurkowanie, triathlon i siatk\u00f3wka pla\u017cowa s\u0105 domenami klubu p\u0142ywackiego SC53 Landshut. Klub sportowy, zrzeszaj\u0105cy oko\u0142o 1500 cz\u0142onk\u00f3w, jest jednym z najwi\u0119kszych klub\u00f3w p\u0142ywackich w Bawarii.<\/p>\n<p>Wi\u0119cej informacji na temat godzin szkolenia i ofert mo\u017cna uzyska\u0107 telefonicznie 0871 670 273 (tylko automatyczna sekretarka), e-mail <a href=\"mailto:info@sc53-landshut.de\">info@sc53-landshut.de<\/a> lub poni\u017cej <a href=\"http:\/\/www.sc53-landshut.de\" target=\"_blank\" rel=\"noopener noreferrer\">www.sc53-landshut.de<\/a>.<\/p>\n\n\t\t<\/div>\n\t<\/div>\n<\/div><\/div>\n\n\t\t\t<\/div><div class=\"ult_exp_section_layer ult-adjust-bottom-margin no-margin\" >\n\t\t<div id=\"uvc-exp-wrap-4349\" role=\"button\" tabindex=\"0\" aria-pressed=\"false\"  data-ultimate-target='#uvc-exp-wrap-4349'  data-responsive-json-new='{\"font-size\":\"desktop:20px;\",\"line-height\":\"desktop:24px;\"}'  class=\"ult_exp_section  ult-responsive\" style=\"color:#006fb4;background-color:#e6eef9; font-weight:normal; padding:0px;text-align:left;\" data-textcolor=\"#006fb4\"data-texthover=\"#006fb4\"data-icncolor=\"#006fb4\"data-ihover=\"#333333\"data-height=\"0\"data-cntbg=\"#e6eef9\"data-cnthvrbg=\"#e6eef9\"data-headerbg=\"#e6eef9\"data-headerhover=\"#e6eef9\"data-title=\"Wasserwacht\"data-newtitle=\"Wasserwacht\"data-icon=\"Defaults-caret-right\"data-newicon=\"Defaults-caret-down\"data-activeicon=\"#006fb4\"data-effect=\"slideToggle\"data-override=\"0\"data-activetitle=\"#006fb4\"data-activebg=\"#e6eef9\"data-img=\"\"data-newimg=\"\"><div class=\"ult_exp_section-main ult_expleft_icon\">\t<div class=\"ult-just-icon-wrapper ult_exp_icon\">\n\t\t\t\t\t<div class=\"align-icon\">\n\t\t\t\t\t\t\n<span class=\"aio-icon  none  ult_expsection_icon\"  style=\"color:#006fb4;font-size:22px;\">\n\t<i class=\"Defaults-caret-right ult_ex_icon\"  ><\/i>\n<\/span>\n\t\t\t\t\t<\/div>\n\t\t\t\t<\/div>\n\t\t\t\t<div class=\"ult_expheader\" >Wasserwacht\n\t\t\t\t<\/div>\n\t\t\t<\/div>\n\t\t<\/div><div class=\"ult_exp_content\" style=\"background-color:#f4f4f4;padding:0px;margin:0px;\"><div class=\"ult_ecpsub_cont\" style=\" \" >\n\t<div class=\"wpb_text_column wpb_content_element\" >\n\t\t<div class=\"wpb_wrapper\">\n\t\t\t<p>Motto Wasserwacht to uprawianie sportu i czerpanie przyjemno\u015bci. Ortsgruppe Landshut regularnie bierze odznaki p\u0142ywackie w Stadtbad - od wczesnych p\u0142ywak\u00f3w \u201ekonik\u00f3w morskich\u201d po z\u0142ot\u0105 odznak\u0119 p\u0142ywania. Redukcji dokonuje si\u0119 w sezonie na wolnym powietrzu w soboty, niedziele i \u015bwi\u0119ta, od 13:30 do 14:30 oraz w sezonie w basenie krytym po wcze\u015bniejszym uzgodnieniu. Wi\u0119cej informacji mo\u017cna uzyska\u0107 pod numerem telefonu 0871 1436 2232, e-mail <a href=\"mailto:stadtbad@stadtwerke-landshut.de\">stadtbad@stadtwerke-landshut.de<\/a> lub poni\u017cej <a href=\"http:\/\/www.wasserwacht-landshut.de\/\" target=\"_blank\" rel=\"noopener noreferrer\">www.wasserwacht-landshut.de<\/a>.<\/p>\n\n\t\t<\/div>\n\t<\/div>\n<div class=\"ult-spacer spacer-69e911dc1b586\" data-id=\"69e911dc1b586\" data-height=\"15\" data-height-mobile=\"15\" data-height-tab=\"15\" data-height-tab-portrait=\"\" data-height-mobile-landscape=\"\" style=\"clear:both;display:block;\"><\/div><\/div><\/div>\n\n\t\t\t<\/div><div class=\"ult-spacer spacer-69e911dc1b59a\" data-id=\"69e911dc1b59a\" data-height=\"30\" data-height-mobile=\"30\" data-height-tab=\"30\" data-height-tab-portrait=\"\" data-height-mobile-landscape=\"\" style=\"clear:both;display:block;\"><\/div><\/div><\/div><\/div><\/div><div class=\"vc_row-full-width vc_clearfix\"><\/div>\n<\/div>","protected":false},"excerpt":{"rendered":"Kneipp Verein Im Sommer ist der Kneipp-Winkel im Stadtbad der Treffpunkt f\u00fcr die Mitglieder des Kneipp-Vereins Landshut. In dem nur f\u00fcr Mitglieder zug\u00e4nglichen Bereich gibt es ein Wassertretbecken, ein Armbecken [...]","protected":false},"author":4,"featured_media":5700,"parent":54,"menu_order":0,"comment_status":"closed","ping_status":"closed","template":"","meta":{"_relevanssi_hide_post":"","_relevanssi_hide_content":"","_relevanssi_pin_for_all":"","_relevanssi_pin_keywords":"","_relevanssi_unpin_keywords":"","_relevanssi_related_keywords":"","_relevanssi_related_include_ids":"","_relevanssi_related_exclude_ids":"","_relevanssi_related_no_append":"","_relevanssi_related_not_related":"","_relevanssi_related_posts":"","_relevanssi_noindex_reason":"","footnotes":""},"class_list":["post-2473","page","type-page","status-publish","has-post-thumbnail","hentry"],"yoast_head":"<!-- This site is optimized with the Yoast SEO Premium plugin v26.9 (Yoast SEO v26.9) - https:\/\/yoast.com\/product\/yoast-seo-premium-wordpress\/ -->\n<title>Stadtbad und Vereine - Stadtwerke Landshut<\/title>\n<meta name=\"description\" content=\"Drei Vereine sind im Stadtbad Landshut regelm\u00e4\u00dfig zu Gast. Erfahren Sie mehr \u00fcber den Kneipp-Verein, den Schwimmclub 53 e.V. und die Wasserwacht.\" \/>\n<meta name=\"robots\" content=\"index, follow, max-snippet:-1, max-image-preview:large, max-video-preview:-1\" \/>\n<link rel=\"canonical\" href=\"https:\/\/www.stadtwerke-landshut.de\/pl\/stadtbad\/vereine-im-stadtbad\/\" \/>\n<meta property=\"og:locale\" content=\"pl_PL\" \/>\n<meta property=\"og:type\" content=\"article\" \/>\n<meta property=\"og:title\" content=\"Vereine im Stadtbad\" \/>\n<meta property=\"og:description\" content=\"Drei Vereine sind im Stadtbad Landshut regelm\u00e4\u00dfig zu Gast. Erfahren Sie mehr \u00fcber den Kneipp-Verein, den Schwimmclub 53 e.V. und die Wasserwacht.\" \/>\n<meta property=\"og:url\" content=\"https:\/\/www.stadtwerke-landshut.de\/pl\/stadtbad\/vereine-im-stadtbad\/\" \/>\n<meta property=\"og:site_name\" content=\"Stadtwerke Landshut\" \/>\n<meta property=\"article:modified_time\" content=\"2019-09-23T12:25:31+00:00\" \/>\n<meta property=\"og:image\" content=\"https:\/\/www.stadtwerke-landshut.de\/wp-content\/uploads\/Vereine-im-Stadtbad.jpg\" \/>\n\t<meta property=\"og:image:width\" content=\"1600\" \/>\n\t<meta property=\"og:image:height\" content=\"452\" \/>\n\t<meta property=\"og:image:type\" content=\"image\/jpeg\" \/>\n<meta name=\"twitter:card\" content=\"summary_large_image\" \/>\n<meta name=\"twitter:label1\" content=\"Szacowany czas czytania\" \/>\n\t<meta name=\"twitter:data1\" content=\"3 minuty\" \/>\n<script type=\"application\/ld+json\" class=\"yoast-schema-graph\">{\"@context\":\"https:\/\/schema.org\",\"@graph\":[{\"@type\":\"WebPage\",\"@id\":\"https:\/\/www.stadtwerke-landshut.de\/ru\/stadtbad\/vereine-im-stadtbad\/\",\"url\":\"https:\/\/www.stadtwerke-landshut.de\/ru\/stadtbad\/vereine-im-stadtbad\/\",\"name\":\"Stadtbad und Vereine - Stadtwerke Landshut\",\"isPartOf\":{\"@id\":\"https:\/\/www.stadtwerke-landshut.de\/es\/#website\"},\"primaryImageOfPage\":{\"@id\":\"https:\/\/www.stadtwerke-landshut.de\/ru\/stadtbad\/vereine-im-stadtbad\/#primaryimage\"},\"image\":{\"@id\":\"https:\/\/www.stadtwerke-landshut.de\/ru\/stadtbad\/vereine-im-stadtbad\/#primaryimage\"},\"thumbnailUrl\":\"https:\/\/www.stadtwerke-landshut.de\/wp-content\/uploads\/Vereine-im-Stadtbad.jpg\",\"datePublished\":\"2019-08-27T06:40:38+00:00\",\"dateModified\":\"2019-09-23T12:25:31+00:00\",\"description\":\"Drei Vereine sind im Stadtbad Landshut regelm\u00e4\u00dfig zu Gast. Erfahren Sie mehr \u00fcber den Kneipp-Verein, den Schwimmclub 53 e.V. und die Wasserwacht.\",\"breadcrumb\":{\"@id\":\"https:\/\/www.stadtwerke-landshut.de\/ru\/stadtbad\/vereine-im-stadtbad\/#breadcrumb\"},\"inLanguage\":\"pl-PL\",\"potentialAction\":[{\"@type\":\"ReadAction\",\"target\":[\"https:\/\/www.stadtwerke-landshut.de\/ru\/stadtbad\/vereine-im-stadtbad\/\"]}]},{\"@type\":\"ImageObject\",\"inLanguage\":\"pl-PL\",\"@id\":\"https:\/\/www.stadtwerke-landshut.de\/ru\/stadtbad\/vereine-im-stadtbad\/#primaryimage\",\"url\":\"https:\/\/www.stadtwerke-landshut.de\/wp-content\/uploads\/Vereine-im-Stadtbad.jpg\",\"contentUrl\":\"https:\/\/www.stadtwerke-landshut.de\/wp-content\/uploads\/Vereine-im-Stadtbad.jpg\",\"width\":1600,\"height\":452,\"caption\":\"Schwimmerbecken f\u00fcr Vereine im Freibad Landshut\"},{\"@type\":\"BreadcrumbList\",\"@id\":\"https:\/\/www.stadtwerke-landshut.de\/ru\/stadtbad\/vereine-im-stadtbad\/#breadcrumb\",\"itemListElement\":[{\"@type\":\"ListItem\",\"position\":1,\"name\":\"Startseite\",\"item\":\"https:\/\/www.stadtwerke-landshut.de\/\"},{\"@type\":\"ListItem\",\"position\":2,\"name\":\"Stadtbad\",\"item\":\"https:\/\/www.stadtwerke-landshut.de\/stadtbad\/\"},{\"@type\":\"ListItem\",\"position\":3,\"name\":\"Vereine im Stadtbad\"}]},{\"@type\":\"WebSite\",\"@id\":\"https:\/\/www.stadtwerke-landshut.de\/es\/#website\",\"url\":\"https:\/\/www.stadtwerke-landshut.de\/es\/\",\"name\":\"Stadtwerke Landshut\",\"description\":\"Ihr Partner in der Region\",\"publisher\":{\"@id\":\"https:\/\/www.stadtwerke-landshut.de\/es\/#organization\"},\"potentialAction\":[{\"@type\":\"SearchAction\",\"target\":{\"@type\":\"EntryPoint\",\"urlTemplate\":\"https:\/\/www.stadtwerke-landshut.de\/es\/?s={search_term_string}\"},\"query-input\":{\"@type\":\"PropertyValueSpecification\",\"valueRequired\":true,\"valueName\":\"search_term_string\"}}],\"inLanguage\":\"pl-PL\"},{\"@type\":\"Organization\",\"@id\":\"https:\/\/www.stadtwerke-landshut.de\/es\/#organization\",\"name\":\"Stadtwerke Landshut\",\"url\":\"https:\/\/www.stadtwerke-landshut.de\/es\/\",\"logo\":{\"@type\":\"ImageObject\",\"inLanguage\":\"pl-PL\",\"@id\":\"https:\/\/www.stadtwerke-landshut.de\/es\/#\/schema\/logo\/image\/\",\"url\":\"https:\/\/www.stadtwerke-landshut.de\/wp-content\/uploads\/logo-small.png\",\"contentUrl\":\"https:\/\/www.stadtwerke-landshut.de\/wp-content\/uploads\/logo-small.png\",\"width\":215,\"height\":215,\"caption\":\"Stadtwerke Landshut\"},\"image\":{\"@id\":\"https:\/\/www.stadtwerke-landshut.de\/es\/#\/schema\/logo\/image\/\"}}]}<\/script>\n<!-- \/ Yoast SEO Premium plugin. -->","yoast_head_json":{"title":"Stadtbad und Vereine - Stadtwerke Landshut","description":"Drei Vereine sind im Stadtbad Landshut regelm\u00e4\u00dfig zu Gast. Erfahren Sie mehr \u00fcber den Kneipp-Verein, den Schwimmclub 53 e.V. und die Wasserwacht.","robots":{"index":"index","follow":"follow","max-snippet":"max-snippet:-1","max-image-preview":"max-image-preview:large","max-video-preview":"max-video-preview:-1"},"canonical":"https:\/\/www.stadtwerke-landshut.de\/pl\/stadtbad\/vereine-im-stadtbad\/","og_locale":"pl_PL","og_type":"article","og_title":"Vereine im Stadtbad","og_description":"Drei Vereine sind im Stadtbad Landshut regelm\u00e4\u00dfig zu Gast. Erfahren Sie mehr \u00fcber den Kneipp-Verein, den Schwimmclub 53 e.V. und die Wasserwacht.","og_url":"https:\/\/www.stadtwerke-landshut.de\/pl\/stadtbad\/vereine-im-stadtbad\/","og_site_name":"Stadtwerke Landshut","article_modified_time":"2019-09-23T12:25:31+00:00","og_image":[{"width":1600,"height":452,"url":"https:\/\/www.stadtwerke-landshut.de\/wp-content\/uploads\/Vereine-im-Stadtbad.jpg","type":"image\/jpeg"}],"twitter_card":"summary_large_image","twitter_misc":{"Szacowany czas czytania":"3 minuty"},"schema":{"@context":"https:\/\/schema.org","@graph":[{"@type":"WebPage","@id":"https:\/\/www.stadtwerke-landshut.de\/ru\/stadtbad\/vereine-im-stadtbad\/","url":"https:\/\/www.stadtwerke-landshut.de\/ru\/stadtbad\/vereine-im-stadtbad\/","name":"Stadtbad und Vereine - Stadtwerke Landshut","isPartOf":{"@id":"https:\/\/www.stadtwerke-landshut.de\/es\/#website"},"primaryImageOfPage":{"@id":"https:\/\/www.stadtwerke-landshut.de\/ru\/stadtbad\/vereine-im-stadtbad\/#primaryimage"},"image":{"@id":"https:\/\/www.stadtwerke-landshut.de\/ru\/stadtbad\/vereine-im-stadtbad\/#primaryimage"},"thumbnailUrl":"https:\/\/www.stadtwerke-landshut.de\/wp-content\/uploads\/Vereine-im-Stadtbad.jpg","datePublished":"2019-08-27T06:40:38+00:00","dateModified":"2019-09-23T12:25:31+00:00","description":"Drei Vereine sind im Stadtbad Landshut regelm\u00e4\u00dfig zu Gast. Erfahren Sie mehr \u00fcber den Kneipp-Verein, den Schwimmclub 53 e.V. und die Wasserwacht.","breadcrumb":{"@id":"https:\/\/www.stadtwerke-landshut.de\/ru\/stadtbad\/vereine-im-stadtbad\/#breadcrumb"},"inLanguage":"pl-PL","potentialAction":[{"@type":"ReadAction","target":["https:\/\/www.stadtwerke-landshut.de\/ru\/stadtbad\/vereine-im-stadtbad\/"]}]},{"@type":"ImageObject","inLanguage":"pl-PL","@id":"https:\/\/www.stadtwerke-landshut.de\/ru\/stadtbad\/vereine-im-stadtbad\/#primaryimage","url":"https:\/\/www.stadtwerke-landshut.de\/wp-content\/uploads\/Vereine-im-Stadtbad.jpg","contentUrl":"https:\/\/www.stadtwerke-landshut.de\/wp-content\/uploads\/Vereine-im-Stadtbad.jpg","width":1600,"height":452,"caption":"Schwimmerbecken f\u00fcr Vereine im Freibad Landshut"},{"@type":"BreadcrumbList","@id":"https:\/\/www.stadtwerke-landshut.de\/ru\/stadtbad\/vereine-im-stadtbad\/#breadcrumb","itemListElement":[{"@type":"ListItem","position":1,"name":"Startseite","item":"https:\/\/www.stadtwerke-landshut.de\/"},{"@type":"ListItem","position":2,"name":"Stadtbad","item":"https:\/\/www.stadtwerke-landshut.de\/stadtbad\/"},{"@type":"ListItem","position":3,"name":"Vereine im Stadtbad"}]},{"@type":"WebSite","@id":"https:\/\/www.stadtwerke-landshut.de\/es\/#website","url":"https:\/\/www.stadtwerke-landshut.de\/es\/","name":"Stadtwerke Landshut","description":"Tw\u00f3j partner w regionie","publisher":{"@id":"https:\/\/www.stadtwerke-landshut.de\/es\/#organization"},"potentialAction":[{"@type":"SearchAction","target":{"@type":"EntryPoint","urlTemplate":"https:\/\/www.stadtwerke-landshut.de\/es\/?s={search_term_string}"},"query-input":{"@type":"PropertyValueSpecification","valueRequired":true,"valueName":"search_term_string"}}],"inLanguage":"pl-PL"},{"@type":"Organization","@id":"https:\/\/www.stadtwerke-landshut.de\/es\/#organization","name":"Stadtwerke Landshut","url":"https:\/\/www.stadtwerke-landshut.de\/es\/","logo":{"@type":"ImageObject","inLanguage":"pl-PL","@id":"https:\/\/www.stadtwerke-landshut.de\/es\/#\/schema\/logo\/image\/","url":"https:\/\/www.stadtwerke-landshut.de\/wp-content\/uploads\/logo-small.png","contentUrl":"https:\/\/www.stadtwerke-landshut.de\/wp-content\/uploads\/logo-small.png","width":215,"height":215,"caption":"Stadtwerke Landshut"},"image":{"@id":"https:\/\/www.stadtwerke-landshut.de\/es\/#\/schema\/logo\/image\/"}}]}},"publishpress_future_action":{"enabled":false,"date":"2026-04-29 20:22:20","action":"change-status","newStatus":"draft","terms":[],"taxonomy":"","extraData":[]},"publishpress_future_workflow_manual_trigger":{"enabledWorkflows":[]},"_links":{"self":[{"href":"https:\/\/www.stadtwerke-landshut.de\/pl\/wp-json\/wp\/v2\/pages\/2473","targetHints":{"allow":["GET"]}}],"collection":[{"href":"https:\/\/www.stadtwerke-landshut.de\/pl\/wp-json\/wp\/v2\/pages"}],"about":[{"href":"https:\/\/www.stadtwerke-landshut.de\/pl\/wp-json\/wp\/v2\/types\/page"}],"author":[{"embeddable":true,"href":"https:\/\/www.stadtwerke-landshut.de\/pl\/wp-json\/wp\/v2\/users\/4"}],"replies":[{"embeddable":true,"href":"https:\/\/www.stadtwerke-landshut.de\/pl\/wp-json\/wp\/v2\/comments?post=2473"}],"version-history":[{"count":13,"href":"https:\/\/www.stadtwerke-landshut.de\/pl\/wp-json\/wp\/v2\/pages\/2473\/revisions"}],"predecessor-version":[{"id":5756,"href":"https:\/\/www.stadtwerke-landshut.de\/pl\/wp-json\/wp\/v2\/pages\/2473\/revisions\/5756"}],"up":[{"embeddable":true,"href":"https:\/\/www.stadtwerke-landshut.de\/pl\/wp-json\/wp\/v2\/pages\/54"}],"wp:featuredmedia":[{"embeddable":true,"href":"https:\/\/www.stadtwerke-landshut.de\/pl\/wp-json\/wp\/v2\/media\/5700"}],"wp:attachment":[{"href":"https:\/\/www.stadtwerke-landshut.de\/pl\/wp-json\/wp\/v2\/media?parent=2473"}],"curies":[{"name":"wp","href":"https:\/\/api.w.org\/{rel}","templated":true}]}}