{"id":5834,"date":"2019-09-20T14:45:15","date_gmt":"2019-09-20T12:45:15","guid":{"rendered":"https:\/\/www.stadtwerke-landshut.de\/?page_id=5834"},"modified":"2023-02-13T09:37:21","modified_gmt":"2023-02-13T08:37:21","slug":"nutzungsbedingungen","status":"publish","type":"page","link":"https:\/\/www.stadtwerke-landshut.de\/pl\/nutzungsbedingungen\/","title":{"rendered":"Warunki korzystania"},"content":{"rendered":"<div class=\"wpb-content-wrapper\"><div class=\"vc_row wpb_row vc_row-fluid no-padding\"><div class=\"wpb_column vc_column_container vc_col-sm-12\"><div class=\"vc_column-inner\"><div class=\"wpb_wrapper\"><div class=\"ult-spacer spacer-69e8f99f8f89a\" data-id=\"69e8f99f8f89a\" data-height=\"15\" data-height-mobile=\"15\" data-height-tab=\"15\" data-height-tab-portrait=\"\" data-height-mobile-landscape=\"\" style=\"clear:both;display:block;\"><\/div><\/div><\/div><\/div><\/div><div data-vc-full-width=\"true\" data-vc-full-width-temp=\"true\" data-vc-full-width-init=\"false\" class=\"vc_row wpb_row vc_row-fluid tauschen\"><div class=\"wpb_column vc_column_container vc_col-sm-12\"><div class=\"vc_column-inner\"><div class=\"wpb_wrapper\">\n\t<div class=\"wpb_text_column wpb_content_element\" >\n\t\t<div class=\"wpb_wrapper\">\n\t\t\t<h5 class=\"grau\">prawo autorskie<\/h5>\n<p>Teksty, zdj\u0119cia, grafika i projekt tej witryny podlegaj\u0105 prawu autorskiemu. Mog\u0105 by\u0107 u\u017cywane przez ciebie tylko do prywatnego i innego u\u017cytku w\u0142asnego w kontek\u015bcie \u00a7 53 prawa autorskiego (UrhG). Powielanie lub wykorzystanie tych stron lub ich cz\u0119\u015bci w innych publikacjach elektronicznych lub drukowanych oraz ich publikacja jest dozwolona tylko za nasz\u0105 zgod\u0105. Daj\u0105 one na \u017c\u0105danie <a href=\"https:\/\/www.stadtwerke-landshut.de\/pl\/impressum\/\">odpowiedzialny za tre\u015b\u0107<\/a>, Powielanie i ocena informacji prasowych i przem\u00f3wie\u0144 jest og\u00f3lnie dozwolone pod warunkiem podania \u017ar\u00f3d\u0142a.<\/p>\n<p>Ponadto tekst, obrazy, grafika i inne pliki mog\u0105 by\u0107 ca\u0142kowicie lub cz\u0119\u015bciowo obj\u0119te prawami autorskimi os\u00f3b trzecich. Strony odpowiedzialne za tre\u015b\u0107 podaj\u0105 r\u00f3wnie\u017c wi\u0119cej informacji na temat istnienia ewentualnych praw os\u00f3b trzecich.<\/p>\n\n\t\t<\/div>\n\t<\/div>\n<div  class=\"vc_do_toggle vc_toggle vc_toggle_text_only vc_toggle_color_default  vc_toggle_size_md   grau\"><div class=\"vc_toggle_title\"><p style=\"text-align: left\" class=\"vc_custom_heading vc_do_custom_heading blau fett\" >\u00bbWskaz\u00f3wki dotycz\u0105ce obrazu<\/p><i class=\"vc_toggle_icon\"><\/i><\/div><div class=\"vc_toggle_content\"><p>Zdj\u0119cia nie wymienione osobno: \u00a9 Stadtwerke Landshut;<\/p>\n<p>G\u0142\u00f3wna nawigacja: \u015acieki: Widok z lotu ptaka oczyszczalni \u015bciek\u00f3w \u00a9 Klaus Leidorf \/ Stadtwerke Landshut | P\u0142atki kosmetyczne: \u00a9 anoli \/ Fotolia | Zatkana toaleta: \u00a9 Thomas von Stetten - stock.adobe.com | Szczur przychodzi z \u0142azienki do \u0142azienki: \u00a9 Holger Kirk - stock.adobe.com | Woda w zlewie: \u00a9 SkyLine - stock.adobe.com | Pies (Golden Retriever) bierze k\u0105piel: \u00a9 chalabala.cz - stock.adobe.com | Dziecko z parasolem: \u00a9 Miredi \/ Fotolia | Para przed laptopem: \u00a9 bokan \/ Fotolia | Dom z ogrodem: \u00a9 KB3 - stock.adobe.com | Plani\u015bci, architekci: \u00a9 REDPIXEL - stock.adobe.com | Kontrola \u015bciek\u00f3w: \u00a9 mitifoto \/ Fotolia | Gruby w\u0105\u017c z systemem zaciskowym kieruje wod\u0119 do kana\u0142u: \u00a9 fefufoto - stock.adobe.com | Dzia\u0142 zdj\u0119\u0107 Kalosze Wellington w deszczu: \u00a9 Erwin Wodicka - stock.adobe.com | Dziewczyna trzyma nos: \u00a9 DRON_FOTO - stock.adobe.com;<\/p>\n<p>Energie: Fotomontage von Stadtwerke Landshut mit Familienfoto von \u00a9 Rido \/ Fotolia | Strom: Landshut bei Nacht: \u00a9 Harry Zdera\/Stadtwerke Landshut | Mann mit Jungen: \u00a9 goodluz \/ Fotolia | Frau und Kind mit Laptop: \u00a9 Yakobchuk Olena &#8211; stock.adobe.com | Kundenkarte: Paar mit Einkaufst\u00fcte: \u00a9 gpointstudio \/ Fotolia | Fotomontage Stadtwerke Landshut mit Foto \u201eFrau mit Karte\u201c von \u00a9 Antonioguillem &#8211; stock.adobe.com | Erdgas: Gasflamme: \u00a9 by-studio &#8211; stock.adobe.com | M\u00e4dchen zeigt Daumen hoch: \u00a9 Eduard Titov \/ Fotolia | Fernw\u00e4rme: Frau schl\u00e4ft l\u00e4chelnd: \u00a9 Amir Kaljikovic \/ Fotolia | Energiedienste: Gl\u00fchbirnen mit Energiesparlampe: \u00a9 BillionPhotos.com \/ Fotolia | Energieberatung: \u00a9 Michael Hackl\/Stadtwerke Landshut | Mann mit Geschirrsp\u00fclmaschine: \u00a9 Andrey Popov \/ Fotolia | Frau mit Sparschwein: \u00a9 contrastwerkstatt \/ Fotolia; | Energiepreise: Thermostat mit Euro-Zeichen: \u00a9 Lightspruch &#8211; Thorsten Nilson &#8211; stock.adobe.com<\/p>\n<p>Mobilno\u015b\u0107: Jazda autobusem: M\u0119\u017cczyzna ze s\u0142uchawkami: \u00a9 Halfpoint \/ Fotolia | Kursy bezpiecznie w autobusie miejskim: kobiety w autobusie \u00a9 Viktor Cap 2012 \/ Fotolia | Seniorzy w autobusie \u00a9 Monkey Business \/ Fotolia | Dzieci na przystanku: \u00a9 LIGHTFIELD STUDIOS - stock.adobe.com | Fotomonta\u017c Stadtwerke Landshut ze zdj\u0119ciem \u201eDziewczyna na przystanku kosztuje 10 euro\u201d autor: Kaesler Media - stock.adobe.com | Stacje e-benzynowe: r\u0119ce z kluczykami: \u00a9 Tony Studio Photography - stock.adobe.com | Fotomonta\u017c Stadtwerke Landshut ze zdj\u0119ciem \u201em\u0142ody cz\u0142owiek pokazuje kciuki do g\u00f3ry w samochodzie elektrycznym\u201d \u00a9 Gerhard Seybert \/ Fotolia | Stacja paliw na gaz ziemny: znak drogowy i odniesienie do stacji benzynowej z gazem ziemnym CNG: \u00a9 stadtratte - stock.adobe.com | Wsp\u00f3\u0142dzielenie samochodu: przekazanie klucza: \u00a9 Tony Studio Photography - stock.adobe.com;<\/p>\n<p>Stadtbad: zdj\u0119cia lotnicze: \u00a9 Klaus Leidorf \/ Stadtwerke Landshut | Basen zewn\u0119trzny: wszystkie zdj\u0119cia \u00a9 Christine Vincon \/ Stadtwerke Landshut; Dziecko uczy si\u0119 p\u0142ywa\u0107 z matk\u0105: \u00a9 artem_goncharov - stock.adobe.com | Kryty basen: Fotomonta\u017c Stadtwerke Landshut ze zdj\u0119ciem kobiety na skraju basenu \u00a9 goodluz - stock.adobe.com | Fotomonta\u017c Stadtwerke Landshut ze zdj\u0119ciem grupy z pi\u0142ka wodna \u00a9 Robert Kneschke \/ Fotolia | Pommest\u00fcte: \u00a9 Rafael Classen - www.rclassen.de - stock.adobe.com | Widok z lotu ptaka \u00a9 Klaus Leidorf \/ Stadtwerke Landshut; Lekcje p\u0142ywania: Dziecko z desk\u0105 do p\u0142ywania: \u00a9 Family Veldman - stock.adobe.com | Dziecko w okularach p\u0142ywackich: \u00a9 Acik \/ Fotolia | Doro\u015bli z makaronem na basen: \u00a9 Robert Kneschke \/ Fotolia | Kurs Aqua Zumba: \u00a9 Robert Kneschke - stock.adobe.com | Urodziny dzieci: \u00a9 Marzanna Syncerz - Fotolia | Senior Water Gymnastics: \u00a9 Robert Kneschke \/ Fotolia;<\/p>\n<p>Woda: Dzieci pij\u0105 \u015bwie\u017c\u0105 wod\u0119 z limonkami: \u00a9 Robert Kneschke - stock.adobe.com | Obraz wody: \u00a9 Nobu \/ Fotolia | Kobieta pije wod\u0119: \u00a9 Contrastwerkstatt \/ Fotolia | Kran: \u00a9 unclepodger - stock.adobe.com\/ Lipskiy Pavel;<\/p>\n<p>Nawigacja g\u0142\u00f3wna: Klienci biznesowi: Energia: Linia energetyczna ze s\u0142o\u0144cem: \u00a9 Gina Sanders - stock.adobe.com | P\u0142omie\u0144 gazu: \u00a9 by-studio - stock.adobe.com; Firma: Customer Center: \u00a9 Michael Hackl \/ Stadtwerke Landshut | \u0141a\u017ania miejska: \u00a9 Christine Vincon \/ Stadtwerke Landshut | Zdj\u0119cia lotnicze: \u00a9 Klaus Leidorf \/ Stadtwerke Landshut | Maxwehr (lokalizacje): Fotomonta\u017c Stadtwerke Landshut ze zdj\u0119ciem \u00a9 Ralf Zeilhofer; Kariera: Kostki z napisem PRACA na papierze codziennym: \u00a9 fotogestoeber - stock.adobe.com; Prasa: Dice News: \u00a9 made_by_nana - stock.adobe.com<\/p>\n<p>Stickysidebar: Kundenservice: Umzug junge Frau neben Umzugskisten: \u00a9 nenetus \/ Fotolia | Vorsicht vor Betr\u00fcgern: \u00a9 Iakov Filimonov \u2013 stock.adobe.com | Au\u00dfenaufnahmen Kundenzentrum: \u00a9 Michael Hackl\/Stadtwerke Landshut | Schl\u00fcssel mit Haus auf Plan: \u00a9 Robert Kneschke \u2013 stock.adobe.com | Installateursverzeichnis: \u00a9 mihail39 &#8211; stock.adobe.com; Bauherren: Schl\u00fcssel mit Haus auf Plan: \u00a9 Robert Kneschke \u2013 stock.adobe.com Planer, Architekten: \u00a9 REDPIXEL &#8211; stock.adobe.com | Frau an Heizungsanlage: \u00a9 highwaystarz \/ Fotolia | Kundenportal: Frau mit Brille am Laptop: \u00a9 olly &#8211; stock.adobe.com | SWLApp: Fotomontage Stadtwerke Landshut; winkendes Paar im Bus: \u00a9 Iryna Inshyna \u2013 stock.adobe.com<\/p>\n<p>Aktuelle Meldungen | Neuigkeiten &amp; Infos | Presse: Gut gelauntes Paar nutzt ein digitales Tablet zuhause: \u00a9 jackfrog &#8211; stock.adobe.com<\/p>\n<p>Stopka praw autorskich: Sieci: Linia energetyczna ze s\u0142o\u0144cem: \u00a9 Gina Sanders - stock.adobe.com |<\/p>\n<\/div><\/div><div class=\"ult-spacer spacer-69e8f99f901c1\" data-id=\"69e8f99f901c1\" data-height=\"15\" data-height-mobile=\"15\" data-height-tab=\"15\" data-height-tab-portrait=\"\" data-height-mobile-landscape=\"\" style=\"clear:both;display:block;\"><\/div>\n\t<div class=\"wpb_text_column wpb_content_element\" >\n\t\t<div class=\"wpb_wrapper\">\n\t\t\t<h5 class=\"grau\">odpowiedzialno\u015b\u0107<\/h5>\n<p>Nie dochodzi do zawarcia umowy z u\u017cytkownikami oferty internetowej. Stadtwerke Landshut wyra\u017anie zastrzega sobie prawo do zmiany, uzupe\u0142nienia lub usuni\u0119cia poszczeg\u00f3lnych stron internetowych lub ca\u0142ej oferty bez uprzedniego powiadomienia lub do zaprzestania publikacji czasowo lub na sta\u0142e.<\/p>\n<p>Odpowiedzialno\u015b\u0107 Stadtwerke Landshut za t\u0119 stron\u0119 internetow\u0105 reguluj\u0105 ponadto postanowienia <a href=\"https:\/\/www.gesetze-im-internet.de\/tmg\/__7.html\" target=\"_blank\" rel=\"noopener noreferrer\"> \u00a7 7 Ustawa o telemediach (TMG)<\/a>.<\/p>\n<p>Przepisy \u00a7 839 BGB (odpowiedzialno\u015b\u0107 za oficjalne naruszenie obowi\u0105zku) i europejska dyrektywa us\u0142ugowa (dyrektywa 2006\/123 \/ WE - DLRL) pozostaj\u0105 nienaruszone.<\/p>\n\n\t\t<\/div>\n\t<\/div>\n<div class=\"ult-spacer spacer-69e8f99f90297\" data-id=\"69e8f99f90297\" data-height=\"15\" data-height-mobile=\"15\" data-height-tab=\"15\" data-height-tab-portrait=\"\" data-height-mobile-landscape=\"\" style=\"clear:both;display:block;\"><\/div>\n\t<div class=\"wpb_text_column wpb_content_element\" >\n\t\t<div class=\"wpb_wrapper\">\n\t\t\t<h5 class=\"grau\">E-maile (poczta elektroniczna)<\/h5>\n<p><strong>encryptions<\/strong><br \/>\nZe wzgl\u0119d\u00f3w technicznych i organizacyjnych Stadtwerke Landshut nie jest obecnie w stanie przetwarza\u0107 zaszyfrowanych wiadomo\u015bci e-mail. Je\u015bli chcesz przes\u0142a\u0107 nam poufne informacje, prosimy o skorzystanie z listu.<\/p>\n<p><strong>Dozwolone za\u0142\u0105czniki <\/strong><br \/>\nJe\u015bli chcesz wysy\u0142a\u0107 wiadomo\u015bci e-mail z za\u0142\u0105cznikami do Stadtwerke, pami\u0119taj, \u017ce Stadtwerke nie obs\u0142uguje wszystkich popularnych format\u00f3w plik\u00f3w i aplikacji dost\u0119pnych na rynku. Standardowe formaty plik\u00f3w (np. Docx, xlsx, pdf, jpg) mo\u017cna zwykle przetwarza\u0107 z limitem wielko\u015bci 20 MB, pod warunkiem, \u017ce nasz skaner antywirusowy mo\u017ce sprawdzi\u0107 za\u0142\u0105cznik (chroniony has\u0142em lub nie mo\u017cna sprawdzi\u0107 plik\u00f3w z makrami). Pliki wykonywalne (exe, bat itp.) Nigdy nie s\u0105 dostarczane.<\/p>\n<p><strong>podpis<\/strong><br \/>\nNiestety Stadtwerke Landshut nie jest obecnie w stanie sprawdzi\u0107 podpis\u00f3w elektronicznych pod k\u0105tem autentyczno\u015bci i wa\u017cno\u015bci z przyczyn technicznych i organizacyjnych.<br \/>\nW rezultacie nie b\u0119dzie mo\u017cna przesy\u0142a\u0107 dokument\u00f3w podlegaj\u0105cych wymogowi formy pisemnej w formie elektronicznej. Dlatego w takich przypadkach prosimy o przej\u015bcie na komunikacj\u0119 w formie papierowej.<br \/>\nUwagi<\/p>\n<p>Instrukcje te dotycz\u0105 wy\u0142\u0105cznie komunikacji z Stadtwerke Landshut i nie dotycz\u0105 odniesie\u0144 do ofert stron trzecich, takich jak inne organy. Je\u015bli wiadomo\u015b\u0107 e-mail nie jest przetwarzana, odbiorca zostanie o tym poinformowany. Ta sprawa mo\u017ce z. B. zosta\u0107 zast\u0105pione przez wirusy komputerowe, og\u00f3lne problemy techniczne lub odst\u0119pstwa od powy\u017cszych warunk\u00f3w technicznych.<\/p>\n\n\t\t<\/div>\n\t<\/div>\n<div class=\"ult-spacer spacer-69e8f99f90398\" data-id=\"69e8f99f90398\" data-height=\"30\" data-height-mobile=\"30\" data-height-tab=\"30\" data-height-tab-portrait=\"\" data-height-mobile-landscape=\"\" style=\"clear:both;display:block;\"><\/div><\/div><\/div><\/div><\/div><div class=\"vc_row-full-width vc_clearfix\"><\/div>\n<\/div>","protected":false},"excerpt":{"rendered":"Urheberrecht Texte, Bilder, Grafiken sowie die Gestaltung dieser Internetseiten unterliegen dem Urheberrecht. Sie d\u00fcrfen von Ihnen nur zum privaten und sonstigen eigenen Gebrauch im Rahmen des \u00a7 53 Urheberrechtsgesetz (UrhG) [...]","protected":false},"author":5,"featured_media":0,"parent":0,"menu_order":0,"comment_status":"closed","ping_status":"closed","template":"","meta":{"_relevanssi_hide_post":"","_relevanssi_hide_content":"","_relevanssi_pin_for_all":"","_relevanssi_pin_keywords":"","_relevanssi_unpin_keywords":"","_relevanssi_related_keywords":"","_relevanssi_related_include_ids":"","_relevanssi_related_exclude_ids":"","_relevanssi_related_no_append":"","_relevanssi_related_not_related":"","_relevanssi_related_posts":"","_relevanssi_noindex_reason":"","footnotes":""},"class_list":["post-5834","page","type-page","status-publish","hentry"],"yoast_head":"<!-- This site is optimized with the Yoast SEO Premium plugin v26.9 (Yoast SEO v26.9) - https:\/\/yoast.com\/product\/yoast-seo-premium-wordpress\/ -->\n<title>Unsere Nutzungsbedingungen - Stadtwerke Landshut<\/title>\n<meta name=\"description\" content=\"Mit der Nutzung unserer Dienste verpflichten Sie sich zur Einhaltung unserer Richtlinien \u2013 unsere Nutzungsbedingungen im Detail!\" \/>\n<meta name=\"robots\" content=\"index, follow, max-snippet:-1, max-image-preview:large, max-video-preview:-1\" \/>\n<link rel=\"canonical\" href=\"https:\/\/www.stadtwerke-landshut.de\/pl\/nutzungsbedingungen\/\" \/>\n<meta property=\"og:locale\" content=\"pl_PL\" \/>\n<meta property=\"og:type\" content=\"article\" \/>\n<meta property=\"og:title\" content=\"Nutzungsbedingungen\" \/>\n<meta property=\"og:description\" content=\"Mit der Nutzung unserer Dienste verpflichten Sie sich zur Einhaltung unserer Richtlinien \u2013 unsere Nutzungsbedingungen im Detail!\" \/>\n<meta property=\"og:url\" content=\"https:\/\/www.stadtwerke-landshut.de\/pl\/nutzungsbedingungen\/\" \/>\n<meta property=\"og:site_name\" content=\"Stadtwerke Landshut\" \/>\n<meta property=\"article:modified_time\" content=\"2023-02-13T08:37:21+00:00\" \/>\n<meta name=\"twitter:card\" content=\"summary_large_image\" \/>\n<meta name=\"twitter:label1\" content=\"Szacowany czas czytania\" \/>\n\t<meta name=\"twitter:data1\" content=\"6 minut\" \/>\n<script type=\"application\/ld+json\" class=\"yoast-schema-graph\">{\"@context\":\"https:\/\/schema.org\",\"@graph\":[{\"@type\":\"WebPage\",\"@id\":\"https:\/\/www.stadtwerke-landshut.de\/ru\/nutzungsbedingungen\/\",\"url\":\"https:\/\/www.stadtwerke-landshut.de\/ru\/nutzungsbedingungen\/\",\"name\":\"Unsere Nutzungsbedingungen - Stadtwerke Landshut\",\"isPartOf\":{\"@id\":\"https:\/\/www.stadtwerke-landshut.de\/es\/#website\"},\"datePublished\":\"2019-09-20T12:45:15+00:00\",\"dateModified\":\"2023-02-13T08:37:21+00:00\",\"description\":\"Mit der Nutzung unserer Dienste verpflichten Sie sich zur Einhaltung unserer Richtlinien \u2013 unsere Nutzungsbedingungen im Detail!\",\"breadcrumb\":{\"@id\":\"https:\/\/www.stadtwerke-landshut.de\/ru\/nutzungsbedingungen\/#breadcrumb\"},\"inLanguage\":\"pl-PL\",\"potentialAction\":[{\"@type\":\"ReadAction\",\"target\":[\"https:\/\/www.stadtwerke-landshut.de\/ru\/nutzungsbedingungen\/\"]}]},{\"@type\":\"BreadcrumbList\",\"@id\":\"https:\/\/www.stadtwerke-landshut.de\/ru\/nutzungsbedingungen\/#breadcrumb\",\"itemListElement\":[{\"@type\":\"ListItem\",\"position\":1,\"name\":\"Startseite\",\"item\":\"https:\/\/www.stadtwerke-landshut.de\/\"},{\"@type\":\"ListItem\",\"position\":2,\"name\":\"Nutzungsbedingungen\"}]},{\"@type\":\"WebSite\",\"@id\":\"https:\/\/www.stadtwerke-landshut.de\/es\/#website\",\"url\":\"https:\/\/www.stadtwerke-landshut.de\/es\/\",\"name\":\"Stadtwerke Landshut\",\"description\":\"Ihr Partner in der Region\",\"publisher\":{\"@id\":\"https:\/\/www.stadtwerke-landshut.de\/es\/#organization\"},\"potentialAction\":[{\"@type\":\"SearchAction\",\"target\":{\"@type\":\"EntryPoint\",\"urlTemplate\":\"https:\/\/www.stadtwerke-landshut.de\/es\/?s={search_term_string}\"},\"query-input\":{\"@type\":\"PropertyValueSpecification\",\"valueRequired\":true,\"valueName\":\"search_term_string\"}}],\"inLanguage\":\"pl-PL\"},{\"@type\":\"Organization\",\"@id\":\"https:\/\/www.stadtwerke-landshut.de\/es\/#organization\",\"name\":\"Stadtwerke Landshut\",\"url\":\"https:\/\/www.stadtwerke-landshut.de\/es\/\",\"logo\":{\"@type\":\"ImageObject\",\"inLanguage\":\"pl-PL\",\"@id\":\"https:\/\/www.stadtwerke-landshut.de\/es\/#\/schema\/logo\/image\/\",\"url\":\"https:\/\/www.stadtwerke-landshut.de\/wp-content\/uploads\/logo-small.png\",\"contentUrl\":\"https:\/\/www.stadtwerke-landshut.de\/wp-content\/uploads\/logo-small.png\",\"width\":215,\"height\":215,\"caption\":\"Stadtwerke Landshut\"},\"image\":{\"@id\":\"https:\/\/www.stadtwerke-landshut.de\/es\/#\/schema\/logo\/image\/\"}}]}<\/script>\n<!-- \/ Yoast SEO Premium plugin. -->","yoast_head_json":{"title":"Unsere Nutzungsbedingungen - Stadtwerke Landshut","description":"Mit der Nutzung unserer Dienste verpflichten Sie sich zur Einhaltung unserer Richtlinien \u2013 unsere Nutzungsbedingungen im Detail!","robots":{"index":"index","follow":"follow","max-snippet":"max-snippet:-1","max-image-preview":"max-image-preview:large","max-video-preview":"max-video-preview:-1"},"canonical":"https:\/\/www.stadtwerke-landshut.de\/pl\/nutzungsbedingungen\/","og_locale":"pl_PL","og_type":"article","og_title":"Nutzungsbedingungen","og_description":"Mit der Nutzung unserer Dienste verpflichten Sie sich zur Einhaltung unserer Richtlinien \u2013 unsere Nutzungsbedingungen im Detail!","og_url":"https:\/\/www.stadtwerke-landshut.de\/pl\/nutzungsbedingungen\/","og_site_name":"Stadtwerke Landshut","article_modified_time":"2023-02-13T08:37:21+00:00","twitter_card":"summary_large_image","twitter_misc":{"Szacowany czas czytania":"6 minut"},"schema":{"@context":"https:\/\/schema.org","@graph":[{"@type":"WebPage","@id":"https:\/\/www.stadtwerke-landshut.de\/ru\/nutzungsbedingungen\/","url":"https:\/\/www.stadtwerke-landshut.de\/ru\/nutzungsbedingungen\/","name":"Unsere Nutzungsbedingungen - Stadtwerke Landshut","isPartOf":{"@id":"https:\/\/www.stadtwerke-landshut.de\/es\/#website"},"datePublished":"2019-09-20T12:45:15+00:00","dateModified":"2023-02-13T08:37:21+00:00","description":"Mit der Nutzung unserer Dienste verpflichten Sie sich zur Einhaltung unserer Richtlinien \u2013 unsere Nutzungsbedingungen im Detail!","breadcrumb":{"@id":"https:\/\/www.stadtwerke-landshut.de\/ru\/nutzungsbedingungen\/#breadcrumb"},"inLanguage":"pl-PL","potentialAction":[{"@type":"ReadAction","target":["https:\/\/www.stadtwerke-landshut.de\/ru\/nutzungsbedingungen\/"]}]},{"@type":"BreadcrumbList","@id":"https:\/\/www.stadtwerke-landshut.de\/ru\/nutzungsbedingungen\/#breadcrumb","itemListElement":[{"@type":"ListItem","position":1,"name":"Startseite","item":"https:\/\/www.stadtwerke-landshut.de\/"},{"@type":"ListItem","position":2,"name":"Nutzungsbedingungen"}]},{"@type":"WebSite","@id":"https:\/\/www.stadtwerke-landshut.de\/es\/#website","url":"https:\/\/www.stadtwerke-landshut.de\/es\/","name":"Stadtwerke Landshut","description":"Tw\u00f3j partner w regionie","publisher":{"@id":"https:\/\/www.stadtwerke-landshut.de\/es\/#organization"},"potentialAction":[{"@type":"SearchAction","target":{"@type":"EntryPoint","urlTemplate":"https:\/\/www.stadtwerke-landshut.de\/es\/?s={search_term_string}"},"query-input":{"@type":"PropertyValueSpecification","valueRequired":true,"valueName":"search_term_string"}}],"inLanguage":"pl-PL"},{"@type":"Organization","@id":"https:\/\/www.stadtwerke-landshut.de\/es\/#organization","name":"Stadtwerke Landshut","url":"https:\/\/www.stadtwerke-landshut.de\/es\/","logo":{"@type":"ImageObject","inLanguage":"pl-PL","@id":"https:\/\/www.stadtwerke-landshut.de\/es\/#\/schema\/logo\/image\/","url":"https:\/\/www.stadtwerke-landshut.de\/wp-content\/uploads\/logo-small.png","contentUrl":"https:\/\/www.stadtwerke-landshut.de\/wp-content\/uploads\/logo-small.png","width":215,"height":215,"caption":"Stadtwerke Landshut"},"image":{"@id":"https:\/\/www.stadtwerke-landshut.de\/es\/#\/schema\/logo\/image\/"}}]}},"publishpress_future_action":{"enabled":false,"date":"2026-04-29 18:38:55","action":"change-status","newStatus":"draft","terms":[],"taxonomy":"","extraData":[]},"publishpress_future_workflow_manual_trigger":{"enabledWorkflows":[]},"_links":{"self":[{"href":"https:\/\/www.stadtwerke-landshut.de\/pl\/wp-json\/wp\/v2\/pages\/5834","targetHints":{"allow":["GET"]}}],"collection":[{"href":"https:\/\/www.stadtwerke-landshut.de\/pl\/wp-json\/wp\/v2\/pages"}],"about":[{"href":"https:\/\/www.stadtwerke-landshut.de\/pl\/wp-json\/wp\/v2\/types\/page"}],"author":[{"embeddable":true,"href":"https:\/\/www.stadtwerke-landshut.de\/pl\/wp-json\/wp\/v2\/users\/5"}],"replies":[{"embeddable":true,"href":"https:\/\/www.stadtwerke-landshut.de\/pl\/wp-json\/wp\/v2\/comments?post=5834"}],"version-history":[{"count":13,"href":"https:\/\/www.stadtwerke-landshut.de\/pl\/wp-json\/wp\/v2\/pages\/5834\/revisions"}],"predecessor-version":[{"id":11907,"href":"https:\/\/www.stadtwerke-landshut.de\/pl\/wp-json\/wp\/v2\/pages\/5834\/revisions\/11907"}],"wp:attachment":[{"href":"https:\/\/www.stadtwerke-landshut.de\/pl\/wp-json\/wp\/v2\/media?parent=5834"}],"curies":[{"name":"wp","href":"https:\/\/api.w.org\/{rel}","templated":true}]}}