{"id":5932,"date":"2019-09-21T14:16:09","date_gmt":"2019-09-21T12:16:09","guid":{"rendered":"https:\/\/www.stadtwerke-landshut.de\/?page_id=5932"},"modified":"2025-04-02T16:24:45","modified_gmt":"2025-04-02T14:24:45","slug":"streitbeilegung","status":"publish","type":"page","link":"https:\/\/www.stadtwerke-landshut.de\/pl\/streitbeilegung\/","title":{"rendered":"rozstrzygania spor\u00f3w"},"content":{"rendered":"<div class=\"wpb-content-wrapper\"><div class=\"vc_row wpb_row vc_row-fluid\"><div class=\"wpb_column vc_column_container vc_col-sm-12\"><div class=\"vc_column-inner\"><div class=\"wpb_wrapper\"><div class=\"ult-spacer spacer-69e8f988e2402\" data-id=\"69e8f988e2402\" data-height=\"15\" data-height-mobile=\"15\" data-height-tab=\"15\" data-height-tab-portrait=\"\" data-height-mobile-landscape=\"\" style=\"clear:both;display:block;\"><\/div><\/div><\/div><\/div><\/div><div class=\"vc_row wpb_row vc_row-fluid\"><div class=\"wpb_column vc_column_container vc_col-sm-12\"><div class=\"vc_column-inner\"><div class=\"wpb_wrapper\">\n\t<div class=\"wpb_text_column wpb_content_element\" >\n\t\t<div class=\"wpb_wrapper\">\n\t\t\t<h3><span style=\"color: #808080;\">Biuro reklamacji Stadtwerke Landshut<\/span><\/h3>\n<p>Pytania i reklamacje zwi\u0105zane z dostawami i us\u0142ugami Stadtwerke Landshut mo\u017cna przesy\u0142a\u0107 do dzia\u0142u obs\u0142ugi klienta Stadtwerke Landshut poczt\u0105 (Stadtwerke Landshut, PO Box 28 20, 84012 Landshut), telefonicznie (tel. 0800\/0871 871), faksem (0871\/1436 -2052) lub e-mailem (info@stadtwerke-landshut.de).<\/p>\n\n\t\t<\/div>\n\t<\/div>\n<div class=\"ult-spacer spacer-69e8f988e2a17\" data-id=\"69e8f988e2a17\" data-height=\"15\" data-height-mobile=\"15\" data-height-tab=\"15\" data-height-tab-portrait=\"\" data-height-mobile-landscape=\"\" style=\"clear:both;display:block;\"><\/div><\/div><\/div><\/div><\/div><div class=\"vc_row wpb_row vc_row-fluid\"><div class=\"wpb_column vc_column_container vc_col-sm-8\"><div class=\"vc_column-inner\"><div class=\"wpb_wrapper\"><div class=\"ult_exp_section_layer ult-adjust-bottom-margin\" >\n\t\t<div id=\"uvc-exp-wrap-1683\" role=\"button\" tabindex=\"0\" aria-pressed=\"false\"  data-ultimate-target='#uvc-exp-wrap-1683'  data-responsive-json-new='{\"font-size\":\"desktop:22px;\",\"line-height\":\"desktop:24px;\"}'  class=\"ult_exp_section  ult-responsive\" style=\"color:#006fb4;background-color:#e6eef9; font-weight:normal; padding:0px;text-align:left;\" data-textcolor=\"#006fb4\"data-texthover=\"#006fb4\"data-icncolor=\"#006fb4\"data-ihover=\"#006fb4\"data-height=\"0\"data-cntbg=\"#e6eef9\"data-cnthvrbg=\"#e6eef9\"data-headerbg=\"#e6eef9\"data-headerhover=\"#e6eef9\"data-title=\"Hinweise der Stadtwerke Landshut zu Verbraucherbeschwerden\"data-newtitle=\"Hinweise der Stadtwerke Landshut zu Verbraucherbeschwerden\"data-icon=\"Defaults-caret-right\"data-newicon=\"Defaults-caret-down\"data-activeicon=\"#006fb4\"data-effect=\"slideToggle\"data-override=\"0\"data-activetitle=\"#006fb4\"data-activebg=\"#e6eef9\"data-img=\"\"data-newimg=\"\"><div class=\"ult_exp_section-main ult_expleft_icon\">\t<div class=\"ult-just-icon-wrapper ult_exp_icon\">\n\t\t\t\t\t<div class=\"align-icon\">\n\t\t\t\t\t\t\n<span class=\"aio-icon  none  ult_expsection_icon\"  style=\"color:#006fb4;font-size:22px;\">\n\t<i class=\"Defaults-caret-right ult_ex_icon\"  ><\/i>\n<\/span>\n\t\t\t\t\t<\/div>\n\t\t\t\t<\/div>\n\t\t\t\t<div class=\"ult_expheader\" >Informacje od Stadtwerke Landshut na temat skarg konsument\u00f3w\n\t\t\t\t<\/div>\n\t\t\t<\/div>\n\t\t<\/div><div class=\"ult_exp_content\" style=\"background-color:#ffffff;padding:0px;margin:0px;\"><div class=\"ult_ecpsub_cont\" style=\" \" ><div class=\"ult-spacer spacer-69e8f988e2de9\" data-id=\"69e8f988e2de9\" data-height=\"15\" data-height-mobile=\"15\" data-height-tab=\"15\" data-height-tab-portrait=\"\" data-height-mobile-landscape=\"\" style=\"clear:both;display:block;\"><\/div>\n\t<div class=\"wpb_text_column wpb_content_element\" >\n\t\t<div class=\"wpb_wrapper\">\n\t\t\t<h6><span style=\"color: #808080;\">1. Biuro reklamacji Stadtwerke Landshut<\/span><\/h6>\n<p>Pytania i reklamacje zwi\u0105zane z dostawami i us\u0142ugami Stadtwerke Landshut mo\u017cna przesy\u0142a\u0107 do dzia\u0142u obs\u0142ugi klienta Stadtwerke Landshut poczt\u0105 (Stadtwerke Landshut, PO Box 28 20, 84012 Landshut), telefonicznie (tel. 0800 0871 871), faksem (0871 1436 2052). lub e-mailem (info@stadtwerke-landshut.de).<\/p>\n\n\t\t<\/div>\n\t<\/div>\n<div class=\"ult-spacer spacer-69e8f988e2ecd\" data-id=\"69e8f988e2ecd\" data-height=\"15\" data-height-mobile=\"15\" data-height-tab=\"15\" data-height-tab-portrait=\"\" data-height-mobile-landscape=\"\" style=\"clear:both;display:block;\"><\/div>\n\t<div class=\"wpb_text_column wpb_content_element\" >\n\t\t<div class=\"wpb_wrapper\">\n\t\t\t<h6><span style=\"color: #808080;\">2. Procedura rozstrzygania spor\u00f3w konsumenckich<\/span><\/h6>\n<p><strong>2.1<\/strong> Firmy dostarczaj\u0105ce energi\u0119 elektryczn\u0105 i gaz (dostawcy, operatorzy sieci, operatorzy licznik\u00f3w) s\u0105 zobowi\u0105zane do sk\u0142adania skarg od konsument\u00f3w w rozumieniu \u00a7 13 BGB (klient prywatny), w szczeg\u00f3lno\u015bci w zwi\u0105zku z zawarciem umowy lub jako\u015bci\u0105 us\u0142ug \u015bwiadczonych przez firm\u0119 (skargi konsument\u00f3w), przy\u0142\u0105czeniem do sieci dostaw, dostaw\u0105 Energia i pomiar energii w procesie zgodnie z \u00a7 111a EnWG w celu udzielenia odpowiedzi w terminie czterech tygodni od otrzymania w firmie. Je\u017celi reklamacja konsumencka nie zostanie rozpatrzona przez firm\u0119, firma musi wyja\u015bni\u0107 na pi\u015bmie przyczyny i wskaza\u0107 procedur\u0119 arbitra\u017cow\u0105 zgodnie z sekcj\u0105 111b EnWG, podaj\u0105c adres i stron\u0119 internetow\u0105 komisji arbitra\u017cowej. Do rozstrzygania spor\u00f3w mi\u0119dzy Stadtwerke Landshut a konsumentami (\u00a7 13 BGB) mo\u017cna wezwa\u0107 uznan\u0105 lub zlecon\u0105 komisj\u0119 arbitra\u017cow\u0105. Je\u015bli konsument z\u0142o\u017cy wniosek o post\u0119powanie pojednawcze z organem arbitra\u017cowym, Stadtwerke Landshut jest zobowi\u0105zany do udzia\u0142u w post\u0119powaniu pojednawczym. Wniosek konsumenta o wszcz\u0119cie post\u0119powania pojednawczego jest dopuszczalny tylko wtedy, gdy Stadtwerke Landshut nie naprawi\u0142 skargi konsumenta w post\u0119powaniu zgodnie z \u00a7 111a EnWG. Z\u0142o\u017cenie skargi do organu arbitra\u017cowego hamuje ustawowe ograniczenie zgodnie z \u00a7 204 Abs. 1 Nr 4 BGB. Dane kontaktowe rady arbitra\u017cowej to obecnie: Arbitration Body Energy e. V., Friedrichstra\u00dfe 133, 10117 Berlin, godziny otwarcia: pon.-pt. 10: 00-16: 00, tel. 030 \/ 2757240-0, e-mail: info@schlichtungsstelle-energie.de, strona internetowa: www.schlichtungsstelle-energie.de.<\/p>\n<p><strong>2.2<\/strong> Stadtwerke Landshut przejmuje w Ziff. Ponadto nie s\u0105 zaanga\u017cowane \u017cadne procedury rozwi\u0105zywania spor\u00f3w konsumenckich w rozumieniu ustawy o rozstrzyganiu spor\u00f3w konsumenckich.<\/p>\n<p><strong>2.3<\/strong>\u00a0\u00a0Prawo konsument\u00f3w do odwo\u0142ania si\u0119 do s\u0105du lub z\u0142o\u017cenia wniosku o inn\u0105, prawnie wymagan\u0105 procedur\u0119 pozostaje nienaruszone.<\/p>\n\n\t\t<\/div>\n\t<\/div>\n<div class=\"ult-spacer spacer-69e8f988e2fa8\" data-id=\"69e8f988e2fa8\" data-height=\"15\" data-height-mobile=\"15\" data-height-tab=\"15\" data-height-tab-portrait=\"\" data-height-mobile-landscape=\"\" style=\"clear:both;display:block;\"><\/div>\n\t<div class=\"wpb_text_column wpb_content_element\" >\n\t\t<div class=\"wpb_wrapper\">\n\t\t\t<h6><span style=\"color: #808080;\">3. Dalsze informacje oferty<\/span><\/h6>\n<p>Informacje na temat praw konsumenta w kontek\u015bcie dostaw energii mo\u017cna uzyska\u0107 w dziale obs\u0142ugi klienta Federalnej Agencji ds. Energii Elektrycznej i Gazu, PO Box 8001, 53105 Bonn, tel .: 03 \/ 22480-500 lub 01805\/101000 (pon.-pt. 09.00-15 : 00:00), faks: 030 22480-323, e-mail: verbraucherservice-energie@bnetza.de, dost\u0119pny. Konsumenci otrzymuj\u0105 tak\u017ce dodatkowe informacje od znanych urz\u0105dze\u0144 ochrony konsument\u00f3w (np. Verbraucherzentrale Bayern).<\/p>\n\n\t\t<\/div>\n\t<\/div>\n<div class=\"ult-spacer spacer-69e8f988e3068\" data-id=\"69e8f988e3068\" data-height=\"30\" data-height-mobile=\"30\" data-height-tab=\"30\" data-height-tab-portrait=\"\" data-height-mobile-landscape=\"\" style=\"clear:both;display:block;\"><\/div><\/div><\/div>\n\n\t\t\t<\/div><\/div><\/div><\/div><div class=\"wpb_column vc_column_container vc_col-sm-4\"><div class=\"vc_column-inner\"><div class=\"wpb_wrapper\"><\/div><\/div><\/div><\/div>\n<\/div>","protected":false},"excerpt":{"rendered":"Beschwerdestelle der Stadtwerke Landshut Fragen und Beschwerden im Zusammenhang mit den Lieferungen und Leistungen der Stadtwerke Landshut k\u00f6nnen an den Verbraucherservice der Stadtwerke Landshut per Post (Stadtwerke Landshut, Postfach 28 [...]","protected":false},"author":11,"featured_media":5927,"parent":0,"menu_order":0,"comment_status":"closed","ping_status":"closed","template":"","meta":{"_relevanssi_hide_post":"","_relevanssi_hide_content":"","_relevanssi_pin_for_all":"","_relevanssi_pin_keywords":"","_relevanssi_unpin_keywords":"","_relevanssi_related_keywords":"","_relevanssi_related_include_ids":"","_relevanssi_related_exclude_ids":"","_relevanssi_related_no_append":"","_relevanssi_related_not_related":"","_relevanssi_related_posts":"","_relevanssi_noindex_reason":"","footnotes":""},"class_list":["post-5932","page","type-page","status-publish","has-post-thumbnail","hentry"],"yoast_head":"<!-- This site is optimized with the Yoast SEO Premium plugin v26.9 (Yoast SEO v26.9) - https:\/\/yoast.com\/product\/yoast-seo-premium-wordpress\/ -->\n<title>Streitbeilegung - Stadtwerke Landshut<\/title>\n<meta name=\"description\" content=\"Wir setzen uns f\u00fcr Verbraucherschutz ein und nehmen am EU-Streitbeilegungsverfahren teil. Entdecken Sie alle wichtigen Infos!\" \/>\n<meta name=\"robots\" content=\"index, follow, max-snippet:-1, max-image-preview:large, max-video-preview:-1\" \/>\n<link rel=\"canonical\" href=\"https:\/\/www.stadtwerke-landshut.de\/pl\/streitbeilegung\/\" \/>\n<meta property=\"og:locale\" content=\"pl_PL\" \/>\n<meta property=\"og:type\" content=\"article\" \/>\n<meta property=\"og:title\" content=\"Streitbeilegung\" \/>\n<meta property=\"og:description\" content=\"Wir setzen uns f\u00fcr Verbraucherschutz ein und nehmen am EU-Streitbeilegungsverfahren teil. Entdecken Sie alle wichtigen Infos!\" \/>\n<meta property=\"og:url\" content=\"https:\/\/www.stadtwerke-landshut.de\/pl\/streitbeilegung\/\" \/>\n<meta property=\"og:site_name\" content=\"Stadtwerke Landshut\" \/>\n<meta property=\"article:modified_time\" content=\"2025-04-02T14:24:45+00:00\" \/>\n<meta property=\"og:image\" content=\"https:\/\/www.stadtwerke-landshut.de\/wp-content\/uploads\/Stadtwerke-Landshut-Zentrale.jpg\" \/>\n\t<meta property=\"og:image:width\" content=\"1600\" \/>\n\t<meta property=\"og:image:height\" content=\"402\" \/>\n\t<meta property=\"og:image:type\" content=\"image\/jpeg\" \/>\n<meta name=\"twitter:card\" content=\"summary_large_image\" \/>\n<meta name=\"twitter:label1\" content=\"Szacowany czas czytania\" \/>\n\t<meta name=\"twitter:data1\" content=\"3 minuty\" \/>\n<script type=\"application\/ld+json\" class=\"yoast-schema-graph\">{\"@context\":\"https:\/\/schema.org\",\"@graph\":[{\"@type\":\"WebPage\",\"@id\":\"https:\/\/www.stadtwerke-landshut.de\/streitbeilegung\/\",\"url\":\"https:\/\/www.stadtwerke-landshut.de\/streitbeilegung\/\",\"name\":\"Streitbeilegung - Stadtwerke Landshut\",\"isPartOf\":{\"@id\":\"https:\/\/www.stadtwerke-landshut.de\/es\/#website\"},\"primaryImageOfPage\":{\"@id\":\"https:\/\/www.stadtwerke-landshut.de\/streitbeilegung\/#primaryimage\"},\"image\":{\"@id\":\"https:\/\/www.stadtwerke-landshut.de\/streitbeilegung\/#primaryimage\"},\"thumbnailUrl\":\"https:\/\/www.stadtwerke-landshut.de\/wp-content\/uploads\/Stadtwerke-Landshut-Zentrale.jpg\",\"datePublished\":\"2019-09-21T12:16:09+00:00\",\"dateModified\":\"2025-04-02T14:24:45+00:00\",\"description\":\"Wir setzen uns f\u00fcr Verbraucherschutz ein und nehmen am EU-Streitbeilegungsverfahren teil. Entdecken Sie alle wichtigen Infos!\",\"breadcrumb\":{\"@id\":\"https:\/\/www.stadtwerke-landshut.de\/streitbeilegung\/#breadcrumb\"},\"inLanguage\":\"pl-PL\",\"potentialAction\":[{\"@type\":\"ReadAction\",\"target\":[\"https:\/\/www.stadtwerke-landshut.de\/streitbeilegung\/\"]}]},{\"@type\":\"ImageObject\",\"inLanguage\":\"pl-PL\",\"@id\":\"https:\/\/www.stadtwerke-landshut.de\/streitbeilegung\/#primaryimage\",\"url\":\"https:\/\/www.stadtwerke-landshut.de\/wp-content\/uploads\/Stadtwerke-Landshut-Zentrale.jpg\",\"contentUrl\":\"https:\/\/www.stadtwerke-landshut.de\/wp-content\/uploads\/Stadtwerke-Landshut-Zentrale.jpg\",\"width\":1600,\"height\":402,\"caption\":\"Stadtwerke Landshut - \u00dcber uns\"},{\"@type\":\"BreadcrumbList\",\"@id\":\"https:\/\/www.stadtwerke-landshut.de\/streitbeilegung\/#breadcrumb\",\"itemListElement\":[{\"@type\":\"ListItem\",\"position\":1,\"name\":\"Startseite\",\"item\":\"https:\/\/www.stadtwerke-landshut.de\/\"},{\"@type\":\"ListItem\",\"position\":2,\"name\":\"Streitbeilegung\"}]},{\"@type\":\"WebSite\",\"@id\":\"https:\/\/www.stadtwerke-landshut.de\/es\/#website\",\"url\":\"https:\/\/www.stadtwerke-landshut.de\/es\/\",\"name\":\"Stadtwerke Landshut\",\"description\":\"Ihr Partner in der Region\",\"publisher\":{\"@id\":\"https:\/\/www.stadtwerke-landshut.de\/es\/#organization\"},\"potentialAction\":[{\"@type\":\"SearchAction\",\"target\":{\"@type\":\"EntryPoint\",\"urlTemplate\":\"https:\/\/www.stadtwerke-landshut.de\/es\/?s={search_term_string}\"},\"query-input\":{\"@type\":\"PropertyValueSpecification\",\"valueRequired\":true,\"valueName\":\"search_term_string\"}}],\"inLanguage\":\"pl-PL\"},{\"@type\":\"Organization\",\"@id\":\"https:\/\/www.stadtwerke-landshut.de\/es\/#organization\",\"name\":\"Stadtwerke Landshut\",\"url\":\"https:\/\/www.stadtwerke-landshut.de\/es\/\",\"logo\":{\"@type\":\"ImageObject\",\"inLanguage\":\"pl-PL\",\"@id\":\"https:\/\/www.stadtwerke-landshut.de\/es\/#\/schema\/logo\/image\/\",\"url\":\"https:\/\/www.stadtwerke-landshut.de\/wp-content\/uploads\/logo-small.png\",\"contentUrl\":\"https:\/\/www.stadtwerke-landshut.de\/wp-content\/uploads\/logo-small.png\",\"width\":215,\"height\":215,\"caption\":\"Stadtwerke Landshut\"},\"image\":{\"@id\":\"https:\/\/www.stadtwerke-landshut.de\/es\/#\/schema\/logo\/image\/\"}}]}<\/script>\n<!-- \/ Yoast SEO Premium plugin. -->","yoast_head_json":{"title":"Streitbeilegung - Stadtwerke Landshut","description":"Wir setzen uns f\u00fcr Verbraucherschutz ein und nehmen am EU-Streitbeilegungsverfahren teil. Entdecken Sie alle wichtigen Infos!","robots":{"index":"index","follow":"follow","max-snippet":"max-snippet:-1","max-image-preview":"max-image-preview:large","max-video-preview":"max-video-preview:-1"},"canonical":"https:\/\/www.stadtwerke-landshut.de\/pl\/streitbeilegung\/","og_locale":"pl_PL","og_type":"article","og_title":"Streitbeilegung","og_description":"Wir setzen uns f\u00fcr Verbraucherschutz ein und nehmen am EU-Streitbeilegungsverfahren teil. Entdecken Sie alle wichtigen Infos!","og_url":"https:\/\/www.stadtwerke-landshut.de\/pl\/streitbeilegung\/","og_site_name":"Stadtwerke Landshut","article_modified_time":"2025-04-02T14:24:45+00:00","og_image":[{"width":1600,"height":402,"url":"https:\/\/www.stadtwerke-landshut.de\/wp-content\/uploads\/Stadtwerke-Landshut-Zentrale.jpg","type":"image\/jpeg"}],"twitter_card":"summary_large_image","twitter_misc":{"Szacowany czas czytania":"3 minuty"},"schema":{"@context":"https:\/\/schema.org","@graph":[{"@type":"WebPage","@id":"https:\/\/www.stadtwerke-landshut.de\/streitbeilegung\/","url":"https:\/\/www.stadtwerke-landshut.de\/streitbeilegung\/","name":"Streitbeilegung - Stadtwerke Landshut","isPartOf":{"@id":"https:\/\/www.stadtwerke-landshut.de\/es\/#website"},"primaryImageOfPage":{"@id":"https:\/\/www.stadtwerke-landshut.de\/streitbeilegung\/#primaryimage"},"image":{"@id":"https:\/\/www.stadtwerke-landshut.de\/streitbeilegung\/#primaryimage"},"thumbnailUrl":"https:\/\/www.stadtwerke-landshut.de\/wp-content\/uploads\/Stadtwerke-Landshut-Zentrale.jpg","datePublished":"2019-09-21T12:16:09+00:00","dateModified":"2025-04-02T14:24:45+00:00","description":"Wir setzen uns f\u00fcr Verbraucherschutz ein und nehmen am EU-Streitbeilegungsverfahren teil. Entdecken Sie alle wichtigen Infos!","breadcrumb":{"@id":"https:\/\/www.stadtwerke-landshut.de\/streitbeilegung\/#breadcrumb"},"inLanguage":"pl-PL","potentialAction":[{"@type":"ReadAction","target":["https:\/\/www.stadtwerke-landshut.de\/streitbeilegung\/"]}]},{"@type":"ImageObject","inLanguage":"pl-PL","@id":"https:\/\/www.stadtwerke-landshut.de\/streitbeilegung\/#primaryimage","url":"https:\/\/www.stadtwerke-landshut.de\/wp-content\/uploads\/Stadtwerke-Landshut-Zentrale.jpg","contentUrl":"https:\/\/www.stadtwerke-landshut.de\/wp-content\/uploads\/Stadtwerke-Landshut-Zentrale.jpg","width":1600,"height":402,"caption":"Stadtwerke Landshut - \u00dcber uns"},{"@type":"BreadcrumbList","@id":"https:\/\/www.stadtwerke-landshut.de\/streitbeilegung\/#breadcrumb","itemListElement":[{"@type":"ListItem","position":1,"name":"Startseite","item":"https:\/\/www.stadtwerke-landshut.de\/"},{"@type":"ListItem","position":2,"name":"Streitbeilegung"}]},{"@type":"WebSite","@id":"https:\/\/www.stadtwerke-landshut.de\/es\/#website","url":"https:\/\/www.stadtwerke-landshut.de\/es\/","name":"Stadtwerke Landshut","description":"Tw\u00f3j partner w regionie","publisher":{"@id":"https:\/\/www.stadtwerke-landshut.de\/es\/#organization"},"potentialAction":[{"@type":"SearchAction","target":{"@type":"EntryPoint","urlTemplate":"https:\/\/www.stadtwerke-landshut.de\/es\/?s={search_term_string}"},"query-input":{"@type":"PropertyValueSpecification","valueRequired":true,"valueName":"search_term_string"}}],"inLanguage":"pl-PL"},{"@type":"Organization","@id":"https:\/\/www.stadtwerke-landshut.de\/es\/#organization","name":"Stadtwerke Landshut","url":"https:\/\/www.stadtwerke-landshut.de\/es\/","logo":{"@type":"ImageObject","inLanguage":"pl-PL","@id":"https:\/\/www.stadtwerke-landshut.de\/es\/#\/schema\/logo\/image\/","url":"https:\/\/www.stadtwerke-landshut.de\/wp-content\/uploads\/logo-small.png","contentUrl":"https:\/\/www.stadtwerke-landshut.de\/wp-content\/uploads\/logo-small.png","width":215,"height":215,"caption":"Stadtwerke Landshut"},"image":{"@id":"https:\/\/www.stadtwerke-landshut.de\/es\/#\/schema\/logo\/image\/"}}]}},"publishpress_future_action":{"enabled":false,"date":"2026-04-29 18:38:32","action":"change-status","newStatus":"draft","terms":[],"taxonomy":"","extraData":[]},"publishpress_future_workflow_manual_trigger":{"enabledWorkflows":[]},"_links":{"self":[{"href":"https:\/\/www.stadtwerke-landshut.de\/pl\/wp-json\/wp\/v2\/pages\/5932","targetHints":{"allow":["GET"]}}],"collection":[{"href":"https:\/\/www.stadtwerke-landshut.de\/pl\/wp-json\/wp\/v2\/pages"}],"about":[{"href":"https:\/\/www.stadtwerke-landshut.de\/pl\/wp-json\/wp\/v2\/types\/page"}],"author":[{"embeddable":true,"href":"https:\/\/www.stadtwerke-landshut.de\/pl\/wp-json\/wp\/v2\/users\/11"}],"replies":[{"embeddable":true,"href":"https:\/\/www.stadtwerke-landshut.de\/pl\/wp-json\/wp\/v2\/comments?post=5932"}],"version-history":[{"count":20,"href":"https:\/\/www.stadtwerke-landshut.de\/pl\/wp-json\/wp\/v2\/pages\/5932\/revisions"}],"predecessor-version":[{"id":25926,"href":"https:\/\/www.stadtwerke-landshut.de\/pl\/wp-json\/wp\/v2\/pages\/5932\/revisions\/25926"}],"wp:featuredmedia":[{"embeddable":true,"href":"https:\/\/www.stadtwerke-landshut.de\/pl\/wp-json\/wp\/v2\/media\/5927"}],"wp:attachment":[{"href":"https:\/\/www.stadtwerke-landshut.de\/pl\/wp-json\/wp\/v2\/media?parent=5932"}],"curies":[{"name":"wp","href":"https:\/\/api.w.org\/{rel}","templated":true}]}}