{"id":12763,"date":"2023-09-21T13:27:38","date_gmt":"2023-09-21T11:27:38","guid":{"rendered":"https:\/\/www.stadtwerke-landshut.de\/?page_id=12763"},"modified":"2023-09-21T13:27:38","modified_gmt":"2023-09-21T11:27:38","slug":"hinweisgeberschutz","status":"publish","type":"page","link":"https:\/\/www.stadtwerke-landshut.de\/ro\/hinweisgeberschutz\/","title":{"rendered":"Hinweisgeberschutz"},"content":{"rendered":"<div class=\"wpb-content-wrapper\"><div class=\"vc_row wpb_row vc_row-fluid\"><div class=\"wpb_column vc_column_container vc_col-sm-12\"><div class=\"vc_column-inner\"><div class=\"wpb_wrapper\"><div class=\"ult-spacer spacer-69e8fc54d9a6a\" data-id=\"69e8fc54d9a6a\" data-height=\"15\" data-height-mobile=\"15\" data-height-tab=\"15\" data-height-tab-portrait=\"\" data-height-mobile-landscape=\"\" style=\"clear:both;display:block;\"><\/div><\/div><\/div><\/div><\/div><div class=\"vc_row wpb_row vc_row-fluid\"><div class=\"wpb_column vc_column_container vc_col-sm-12\"><div class=\"vc_column-inner\"><div class=\"wpb_wrapper\">\n\t<div class=\"wpb_text_column wpb_content_element\" >\n\t\t<div class=\"wpb_wrapper\">\n\t\t\t<h5>Hinweisgeber-Meldung gem\u00e4\u00df Hinweisgeberschutzgesetz (HinSchG)<\/h5>\n<p>Das Hinweisgeberschutzgesetz regelt den Schutz von Personen, die Informationen \u00fcber Verst\u00f6\u00dfe in Zusammenhang mit ihrer beruflichen T\u00e4tigkeit melden wollen. Eine hinweisgebende Person, die einen Missstand in der Stadtwerke Landshut aufdeckt, darf keine Repressalien erfahren. Das Hinweisgeberschutzgesetz verpflichtet \u00f6ffentliche und private Organisationen dazu, einen sicheren, vertraulichen Meldekanal f\u00fcr Whistleblower einzurichten.<\/p>\n<p>Mit Unterst\u00fctzung unseres Dienstleisters GKDS (Gesellschaft f\u00fcr kommunalen Datenschutz mbH) wurde nun auch ein interner Meldeweg bei den Stadtwerken Landshut eingerichtet.<\/p>\n<p>Wenn Sie einen Hinweis abgeben m\u00f6chten, klicken Sie auf den Link unten. Sie gelangen auf die Website unseres Dienstleisters GKDS, der den Meldeweg, online oder auch postalisch, zur Verf\u00fcgung stellt.<\/p>\n\n\t\t<\/div>\n\t<\/div>\n<\/div><\/div><\/div><\/div><div class=\"vc_row wpb_row vc_row-fluid\"><div class=\"wpb_column vc_column_container vc_col-sm-12\"><div class=\"vc_column-inner\"><div class=\"wpb_wrapper\"><div class=\"ult-spacer spacer-69e8fc54da1f3\" data-id=\"69e8fc54da1f3\" data-height=\"30\" data-height-mobile=\"30\" data-height-tab=\"30\" data-height-tab-portrait=\"\" data-height-mobile-landscape=\"\" style=\"clear:both;display:block;\"><\/div><\/div><\/div><\/div><\/div><div class=\"vc_row wpb_row vc_row-fluid\"><div class=\"wpb_column vc_column_container vc_col-sm-12\"><div class=\"vc_column-inner\"><div class=\"wpb_wrapper\">\n\t<div class=\"wpb_text_column wpb_content_element\" >\n\t\t<div class=\"wpb_wrapper\">\n\t\t\t<h5>In welchen Bereichen k\u00f6nnen Verst\u00f6\u00dfe gem\u00e4\u00df dem Hinweisgeberschutzgesetz gemeldet wer-den (\u00a7 2 HinSchG)?<\/h5>\n<ul>\n<li>\u00f6ffentliches Auftragswesen,<\/li>\n<li>Finanzdienstleistungen, Finanzprodukte und Finanzm\u00e4rkte sowie Verhinderung von Geldw\u00e4sche und Terrorismusfinanzierung,<\/li>\n<li>Produktsicherheit und -konformit\u00e4t,<\/li>\n<li>Verkehrssicherheit,<\/li>\n<li>Umweltschutz,<\/li>\n<li>Strahlenschutz und kerntechnische Sicherheit,<\/li>\n<li>Lebensmittel- und Futtermittelsicherheit, Tiergesundheit und Tierschutz,<\/li>\n<li>\u00f6ffentliche Gesundheit,<\/li>\n<li>Verbraucherschutz,<\/li>\n<li>Schutz der Privatsph\u00e4re und personenbezogener Daten sowie Sicherheit von Netz- und Informationssystemen,<\/li>\n<li>Verst\u00f6\u00dfe gegen den Schutz der finanziellen Interessen der Europ\u00e4ischen Union im Sinne des Artikels 325 des Vertrags \u00fcber die Arbeitsweise der Europ\u00e4ischen Union,<\/li>\n<li>Verst\u00f6\u00dfe gegen Binnenmarktvorschriften im Sinne des Artikels 26 Absatz 2 des Vertrags \u00fcber die Arbeitsweise der Europ\u00e4ischen Union, einschlie\u00dflich \u00fcber Absatz 1 Nummer 8 hinausgehender Vorschriften der Europ\u00e4ischen Union \u00fcber Wettbewerb und staatliche Beihilfen.<\/li>\n<\/ul>\n\n\t\t<\/div>\n\t<\/div>\n<\/div><\/div><\/div><\/div><div class=\"vc_row wpb_row vc_row-fluid\"><div class=\"wpb_column vc_column_container vc_col-sm-12\"><div class=\"vc_column-inner\"><div class=\"wpb_wrapper\"><div class=\"ult-spacer spacer-69e8fc54da7ac\" data-id=\"69e8fc54da7ac\" data-height=\"30\" data-height-mobile=\"30\" data-height-tab=\"30\" data-height-tab-portrait=\"\" data-height-mobile-landscape=\"\" style=\"clear:both;display:block;\"><\/div><\/div><\/div><\/div><\/div><div class=\"vc_row wpb_row vc_row-fluid\"><div class=\"wpb_column vc_column_container vc_col-sm-12\"><div class=\"vc_column-inner\"><div class=\"wpb_wrapper\">\n\t<div class=\"wpb_text_column wpb_content_element\" >\n\t\t<div class=\"wpb_wrapper\">\n\t\t\t<h5>Wer darf einen Hinweis abgeben?<\/h5>\n<p>Meldungen d\u00fcrfen von Personen in Zusammenhang mit ihrer beruflichen T\u00e4tigkeit oder im Vorfeld einer beruflichen T\u00e4tigkeit abgegeben werden. Dabei handelt es sich um:<\/p>\n<ul>\n<li>Arbeitnehmer im Sinne von Artikel 45 Absatz 1 AEUV, einschlie\u00dflich Beamte; Selbstst\u00e4ndige,<\/li>\n<li>Selbstst\u00e4ndige im Sinne von Artikel 49 AEUV,<\/li>\n<li>Anteilseigner und Personen, die dem Verwaltungs-, Leitungs- oder Aufsichtsorgan eines Unternehmens angeh\u00f6ren, einschlie\u00dflich der nicht gesch\u00e4ftsf\u00fchrenden Mitglieder, sowie Freiwillige und bezahlte oder unbezahlte Praktikanten,<\/li>\n<li>Personen, die unter der Aufsicht und Leitung von Auftragnehmern, Unterauftragnehmern und Lieferanten arbeiten.<\/li>\n<\/ul>\n<p>Hinweise k\u00f6nnen auch von Personen abgegeben werden, die Informationen \u00fcber Verst\u00f6\u00dfe melden oder offenlegen, von denen sie im Rahmen eines inzwischen beendeten Arbeitsverh\u00e4ltnisses Kenntnis erlangt haben.<\/p>\n\n\t\t<\/div>\n\t<\/div>\n<\/div><\/div><\/div><\/div><div class=\"vc_row wpb_row vc_row-fluid\"><div class=\"wpb_column vc_column_container vc_col-sm-12\"><div class=\"vc_column-inner\"><div class=\"wpb_wrapper\"><div class=\"ult-spacer spacer-69e8fc54dad0f\" data-id=\"69e8fc54dad0f\" data-height=\"30\" data-height-mobile=\"30\" data-height-tab=\"30\" data-height-tab-portrait=\"\" data-height-mobile-landscape=\"\" style=\"clear:both;display:block;\"><\/div><\/div><\/div><\/div><\/div><div class=\"vc_row wpb_row vc_row-fluid\"><div class=\"wpb_column vc_column_container vc_col-sm-12\"><div class=\"vc_column-inner\"><div class=\"wpb_wrapper\"><div class=\"ult-content-box-container hg-hellblau\" >\t\t<div class=\"ult-content-box\" style=\"box-shadow: px px px px none;border-style:solid;border-width:2px;border-color:#006fb4;padding:15px;-webkit-transition: all 700ms ease;-moz-transition: all 700ms ease;-ms-transition: all 700ms ease;-o-transition: all 700ms ease;transition: all 700ms ease;\"  data-hover_box_shadow=\"none\"     data-border_color=\"#006fb4\" >\n\t<div class=\"wpb_text_column wpb_content_element\" >\n\t\t<div class=\"wpb_wrapper\">\n\t\t\t<h4>Hinweis abgeben:<\/h4>\n<p><a href=\"https:\/\/www.gkds.bayern\/hinweisgeber\/\">zum Online-Formular der Gesellschaft f\u00fcr kommunalen Datenschutz mbH<\/a><\/p>\n<p>Damit Sie die Internetseite \u00f6ffnen k\u00f6nnen, ist die Eingabe des folgenden Benutzernamens und Pass-wortes erforderlich:<\/p>\n<p>Login\/Benutzername: <strong>plattform <\/strong><\/p>\n<p>Passwort: <strong>GKDS <\/strong><\/p>\n<p>Achten Sie bitte auf die Gro\u00df- und Kleinschreibung!<\/p>\n\n\t\t<\/div>\n\t<\/div>\n\t\t<\/div><\/div><div class=\"ult-spacer spacer-69e8fc54db0e1\" data-id=\"69e8fc54db0e1\" data-height=\"30\" data-height-mobile=\"30\" data-height-tab=\"30\" data-height-tab-portrait=\"\" data-height-mobile-landscape=\"\" style=\"clear:both;display:block;\"><\/div><\/div><\/div><\/div><\/div>\n<\/div>","protected":false},"excerpt":{"rendered":"Hinweisgeber-Meldung gem\u00e4\u00df Hinweisgeberschutzgesetz (HinSchG) Das Hinweisgeberschutzgesetz regelt den Schutz von Personen, die Informationen \u00fcber Verst\u00f6\u00dfe in Zusammenhang mit ihrer beruflichen T\u00e4tigkeit melden wollen. Eine hinweisgebende Person, die einen Missstand in [...]","protected":false},"author":11,"featured_media":0,"parent":0,"menu_order":0,"comment_status":"closed","ping_status":"closed","template":"","meta":{"_relevanssi_hide_post":"","_relevanssi_hide_content":"","_relevanssi_pin_for_all":"","_relevanssi_pin_keywords":"","_relevanssi_unpin_keywords":"","_relevanssi_related_keywords":"","_relevanssi_related_include_ids":"","_relevanssi_related_exclude_ids":"","_relevanssi_related_no_append":"","_relevanssi_related_not_related":"","_relevanssi_related_posts":"","_relevanssi_noindex_reason":"","footnotes":""},"class_list":["post-12763","page","type-page","status-publish","hentry"],"yoast_head":"<!-- This site is optimized with the Yoast SEO Premium plugin v26.9 (Yoast SEO v26.9) - https:\/\/yoast.com\/product\/yoast-seo-premium-wordpress\/ -->\n<title>Hinweisgeberschutz - Stadtwerke Landshut<\/title>\n<meta name=\"robots\" content=\"index, follow, max-snippet:-1, max-image-preview:large, max-video-preview:-1\" \/>\n<link rel=\"canonical\" href=\"https:\/\/www.stadtwerke-landshut.de\/ro\/hinweisgeberschutz\/\" \/>\n<meta property=\"og:locale\" content=\"ro_RO\" \/>\n<meta property=\"og:type\" content=\"article\" \/>\n<meta property=\"og:title\" content=\"Hinweisgeberschutz\" \/>\n<meta property=\"og:url\" content=\"https:\/\/www.stadtwerke-landshut.de\/ro\/hinweisgeberschutz\/\" \/>\n<meta property=\"og:site_name\" content=\"Stadtwerke Landshut\" \/>\n<meta name=\"twitter:card\" content=\"summary_large_image\" \/>\n<meta name=\"twitter:label1\" content=\"Timp estimat pentru citire\" \/>\n\t<meta name=\"twitter:data1\" content=\"3 minute\" \/>\n<script type=\"application\/ld+json\" class=\"yoast-schema-graph\">{\"@context\":\"https:\/\/schema.org\",\"@graph\":[{\"@type\":\"WebPage\",\"@id\":\"https:\/\/www.stadtwerke-landshut.de\/hinweisgeberschutz\/\",\"url\":\"https:\/\/www.stadtwerke-landshut.de\/hinweisgeberschutz\/\",\"name\":\"Hinweisgeberschutz - Stadtwerke Landshut\",\"isPartOf\":{\"@id\":\"https:\/\/www.stadtwerke-landshut.de\/es\/#website\"},\"datePublished\":\"2023-09-21T11:27:38+00:00\",\"breadcrumb\":{\"@id\":\"https:\/\/www.stadtwerke-landshut.de\/hinweisgeberschutz\/#breadcrumb\"},\"inLanguage\":\"ro-RO\",\"potentialAction\":[{\"@type\":\"ReadAction\",\"target\":[\"https:\/\/www.stadtwerke-landshut.de\/hinweisgeberschutz\/\"]}]},{\"@type\":\"BreadcrumbList\",\"@id\":\"https:\/\/www.stadtwerke-landshut.de\/hinweisgeberschutz\/#breadcrumb\",\"itemListElement\":[{\"@type\":\"ListItem\",\"position\":1,\"name\":\"Startseite\",\"item\":\"https:\/\/www.stadtwerke-landshut.de\/\"},{\"@type\":\"ListItem\",\"position\":2,\"name\":\"Hinweisgeberschutz\"}]},{\"@type\":\"WebSite\",\"@id\":\"https:\/\/www.stadtwerke-landshut.de\/es\/#website\",\"url\":\"https:\/\/www.stadtwerke-landshut.de\/es\/\",\"name\":\"Stadtwerke Landshut\",\"description\":\"Ihr Partner in der Region\",\"publisher\":{\"@id\":\"https:\/\/www.stadtwerke-landshut.de\/es\/#organization\"},\"potentialAction\":[{\"@type\":\"SearchAction\",\"target\":{\"@type\":\"EntryPoint\",\"urlTemplate\":\"https:\/\/www.stadtwerke-landshut.de\/es\/?s={search_term_string}\"},\"query-input\":{\"@type\":\"PropertyValueSpecification\",\"valueRequired\":true,\"valueName\":\"search_term_string\"}}],\"inLanguage\":\"ro-RO\"},{\"@type\":\"Organization\",\"@id\":\"https:\/\/www.stadtwerke-landshut.de\/es\/#organization\",\"name\":\"Stadtwerke Landshut\",\"url\":\"https:\/\/www.stadtwerke-landshut.de\/es\/\",\"logo\":{\"@type\":\"ImageObject\",\"inLanguage\":\"ro-RO\",\"@id\":\"https:\/\/www.stadtwerke-landshut.de\/es\/#\/schema\/logo\/image\/\",\"url\":\"https:\/\/www.stadtwerke-landshut.de\/wp-content\/uploads\/logo-small.png\",\"contentUrl\":\"https:\/\/www.stadtwerke-landshut.de\/wp-content\/uploads\/logo-small.png\",\"width\":215,\"height\":215,\"caption\":\"Stadtwerke Landshut\"},\"image\":{\"@id\":\"https:\/\/www.stadtwerke-landshut.de\/es\/#\/schema\/logo\/image\/\"}}]}<\/script>\n<!-- \/ Yoast SEO Premium plugin. -->","yoast_head_json":{"title":"Hinweisgeberschutz - Stadtwerke Landshut","robots":{"index":"index","follow":"follow","max-snippet":"max-snippet:-1","max-image-preview":"max-image-preview:large","max-video-preview":"max-video-preview:-1"},"canonical":"https:\/\/www.stadtwerke-landshut.de\/ro\/hinweisgeberschutz\/","og_locale":"ro_RO","og_type":"article","og_title":"Hinweisgeberschutz","og_url":"https:\/\/www.stadtwerke-landshut.de\/ro\/hinweisgeberschutz\/","og_site_name":"Stadtwerke Landshut","twitter_card":"summary_large_image","twitter_misc":{"Timp estimat pentru citire":"3 minute"},"schema":{"@context":"https:\/\/schema.org","@graph":[{"@type":"WebPage","@id":"https:\/\/www.stadtwerke-landshut.de\/hinweisgeberschutz\/","url":"https:\/\/www.stadtwerke-landshut.de\/hinweisgeberschutz\/","name":"Hinweisgeberschutz - Stadtwerke Landshut","isPartOf":{"@id":"https:\/\/www.stadtwerke-landshut.de\/es\/#website"},"datePublished":"2023-09-21T11:27:38+00:00","breadcrumb":{"@id":"https:\/\/www.stadtwerke-landshut.de\/hinweisgeberschutz\/#breadcrumb"},"inLanguage":"ro-RO","potentialAction":[{"@type":"ReadAction","target":["https:\/\/www.stadtwerke-landshut.de\/hinweisgeberschutz\/"]}]},{"@type":"BreadcrumbList","@id":"https:\/\/www.stadtwerke-landshut.de\/hinweisgeberschutz\/#breadcrumb","itemListElement":[{"@type":"ListItem","position":1,"name":"Startseite","item":"https:\/\/www.stadtwerke-landshut.de\/"},{"@type":"ListItem","position":2,"name":"Hinweisgeberschutz"}]},{"@type":"WebSite","@id":"https:\/\/www.stadtwerke-landshut.de\/es\/#website","url":"https:\/\/www.stadtwerke-landshut.de\/es\/","name":"Stadtwerke Landshut","description":"Partenerul t\u0103u din regiune","publisher":{"@id":"https:\/\/www.stadtwerke-landshut.de\/es\/#organization"},"potentialAction":[{"@type":"SearchAction","target":{"@type":"EntryPoint","urlTemplate":"https:\/\/www.stadtwerke-landshut.de\/es\/?s={search_term_string}"},"query-input":{"@type":"PropertyValueSpecification","valueRequired":true,"valueName":"search_term_string"}}],"inLanguage":"ro-RO"},{"@type":"Organization","@id":"https:\/\/www.stadtwerke-landshut.de\/es\/#organization","name":"Stadtwerke Landshut","url":"https:\/\/www.stadtwerke-landshut.de\/es\/","logo":{"@type":"ImageObject","inLanguage":"ro-RO","@id":"https:\/\/www.stadtwerke-landshut.de\/es\/#\/schema\/logo\/image\/","url":"https:\/\/www.stadtwerke-landshut.de\/wp-content\/uploads\/logo-small.png","contentUrl":"https:\/\/www.stadtwerke-landshut.de\/wp-content\/uploads\/logo-small.png","width":215,"height":215,"caption":"Stadtwerke Landshut"},"image":{"@id":"https:\/\/www.stadtwerke-landshut.de\/es\/#\/schema\/logo\/image\/"}}]}},"publishpress_future_action":{"enabled":false,"date":"2026-04-29 18:50:28","action":"change-status","newStatus":"draft","terms":[],"taxonomy":"","extraData":[]},"publishpress_future_workflow_manual_trigger":{"enabledWorkflows":[]},"_links":{"self":[{"href":"https:\/\/www.stadtwerke-landshut.de\/ro\/wp-json\/wp\/v2\/pages\/12763","targetHints":{"allow":["GET"]}}],"collection":[{"href":"https:\/\/www.stadtwerke-landshut.de\/ro\/wp-json\/wp\/v2\/pages"}],"about":[{"href":"https:\/\/www.stadtwerke-landshut.de\/ro\/wp-json\/wp\/v2\/types\/page"}],"author":[{"embeddable":true,"href":"https:\/\/www.stadtwerke-landshut.de\/ro\/wp-json\/wp\/v2\/users\/11"}],"replies":[{"embeddable":true,"href":"https:\/\/www.stadtwerke-landshut.de\/ro\/wp-json\/wp\/v2\/comments?post=12763"}],"version-history":[{"count":17,"href":"https:\/\/www.stadtwerke-landshut.de\/ro\/wp-json\/wp\/v2\/pages\/12763\/revisions"}],"predecessor-version":[{"id":12780,"href":"https:\/\/www.stadtwerke-landshut.de\/ro\/wp-json\/wp\/v2\/pages\/12763\/revisions\/12780"}],"wp:attachment":[{"href":"https:\/\/www.stadtwerke-landshut.de\/ro\/wp-json\/wp\/v2\/media?parent=12763"}],"curies":[{"name":"wp","href":"https:\/\/api.w.org\/{rel}","templated":true}]}}