{"id":311,"date":"2019-06-26T11:05:27","date_gmt":"2019-06-26T09:05:27","guid":{"rendered":"https:\/\/www.stadtwerke-landshut.de\/?page_id=311"},"modified":"2025-05-21T13:46:11","modified_gmt":"2025-05-21T11:46:11","slug":"geschaeftskundenbereich","status":"publish","type":"page","link":"https:\/\/www.stadtwerke-landshut.de\/ro\/geschaeftskundenbereich\/","title":{"rendered":"clien\u0163ii afaceri"},"content":{"rendered":"<div class=\"wpb-content-wrapper\"><div data-vc-full-width=\"true\" data-vc-full-width-temp=\"true\" data-vc-full-width-init=\"false\" class=\"vc_row wpb_row vc_row-fluid\"><div class=\"wpb_column vc_column_container vc_col-sm-12\"><div class=\"vc_column-inner\"><div class=\"wpb_wrapper\"><div class=\"vc_empty_space\"   style=\"height: 15px\"><span class=\"vc_empty_space_inner\"><\/span><\/div><\/div><\/div><\/div><\/div><div class=\"vc_row-full-width vc_clearfix\"><\/div><div data-vc-full-width=\"true\" data-vc-full-width-temp=\"true\" data-vc-full-width-init=\"false\" class=\"vc_row wpb_row vc_row-fluid\"><div class=\"wpb_column vc_column_container vc_col-sm-12\"><div class=\"vc_column-inner\"><div class=\"wpb_wrapper\"><h3 style=\"text-align: left\" class=\"vc_custom_heading vc_do_custom_heading grau\" >Versatilitate pentru clien\u021bi de afaceri \u0219i comerciali<\/h3>\n\t<div class=\"wpb_text_column wpb_content_element\" >\n\t\t<div class=\"wpb_wrapper\">\n\t\t\t<p>Oferte individuale pentru compania dvs.: Putem livra mai mult dec\u00e2t energie electric\u0103. La Stadtwerke Landshut ve\u021bi ob\u021bine nu numai un furnizor de energie fiabil, ci \u0219i spa\u021bii de publicitate locale speciale pentru compania dvs. Sau un bilet de munc\u0103 pentru angaja\u021bii dvs. pentru zona de tarif 100 (zona autobuzelor ora\u0219ului) din LAVV.<\/p>\n\n\t\t<\/div>\n\t<\/div>\n<\/div><\/div><\/div><\/div><div class=\"vc_row-full-width vc_clearfix\"><\/div><div data-vc-full-width=\"true\" data-vc-full-width-temp=\"true\" data-vc-full-width-init=\"false\" class=\"vc_row wpb_row vc_row-fluid\"><div class=\"wpb_column vc_column_container vc_col-sm-4\"><div class=\"vc_column-inner\"><div class=\"wpb_wrapper\"><div class=\"aio-icon-component   box-hellblau vorteilbox style_1\"><a class=\"aio-icon-box-link\" href=\"https:\/\/www.stadtwerke-landshut.de\/ro\/geschaeftskundenbereich\/geschaeftskunden-energie\/\" title=\"Energieversorger auch f\u00fcr Gesch\u00e4ftskunden\" target=\"_blank\" rel=\"noopener\" ><div id=\"Info-box-wrap-6751\" class=\"aio-icon-box square_box-icon\" style=\"\"  ><div class=\"aio-icon-square_box\"><div class=\"ult-just-icon-wrapper\"><div class=\"align-icon\" style=\"text-align:center;\">\n<div class=\"aio-icon-img\" style=\"font-size:60px;background:#006fb9;border-style:solid;border-color:#ffffff;border-width:5px;padding:10px;border-radius:100px;display:inline-block;\" >\n\t<img decoding=\"async\" class=\"img-icon\" alt=\"null\" src=\"https:\/\/www.stadtwerke-landshut.de\/wp-content\/uploads\/energie_icon3-1.png\"\/>\n<\/div><\/div><\/div><\/div><div class=\"aio-icon-header\" ><h3 class=\"aio-icon-title ult-responsive\"  data-ultimate-target='#Info-box-wrap-6751 .aio-icon-title'  data-responsive-json-new='{\"font-size\":\"\",\"line-height\":\"\"}'  style=\"\">energie<\/h3><\/div> <!-- header --><div class=\"aio-icon-description ult-responsive\"  data-ultimate-target='#Info-box-wrap-6751 .aio-icon-description'  data-responsive-json-new='{\"font-size\":\"\",\"line-height\":\"\"}'  style=\"\"><span style=\"color: black;\">O ofert\u0103 de \u00eencredere este totul bun pentru \u00eentreprinz\u0103tori. Face\u021bi clic aici pentru oferta pentru nevoile dvs. individuale.<\/span><\/p>\n<p>\u00bbMai multe informa\u021bii<\/div> <!-- description --><\/div> <!-- aio-icon-box --><\/a><\/div> <!-- aio-icon-component --><\/div><\/div><\/div><div class=\"wpb_column vc_column_container vc_col-sm-4\"><div class=\"vc_column-inner\"><div class=\"wpb_wrapper\"><div class=\"aio-icon-component   box-hellblau vorteilbox style_1\"><a class=\"aio-icon-box-link\" href=\"https:\/\/www.stadtwerke-landshut.de\/ro\/geschaeftskundenbereich\/werbung\/\" title=\"Werben Sie bei uns\" target=\"_blank\" rel=\"noopener\" ><div id=\"Info-box-wrap-6254\" class=\"aio-icon-box square_box-icon\" style=\"\"  ><div class=\"aio-icon-square_box\"><div class=\"ult-just-icon-wrapper\"><div class=\"align-icon\" style=\"text-align:center;\">\n<div class=\"aio-icon-img\" style=\"font-size:60px;background:#006fb9;border-style:solid;border-color:#ffffff;border-width:5px;padding:10px;border-radius:100px;display:inline-block;\" >\n\t<img decoding=\"async\" class=\"img-icon\" alt=\"Werben Sie bei uns\" src=\"https:\/\/www.stadtwerke-landshut.de\/wp-content\/uploads\/werbung_icon.png\"\/>\n<\/div><\/div><\/div><\/div><div class=\"aio-icon-header\" ><h3 class=\"aio-icon-title ult-responsive\"  data-ultimate-target='#Info-box-wrap-6254 .aio-icon-title'  data-responsive-json-new='{\"font-size\":\"\",\"line-height\":\"\"}'  style=\"\">reclam\u0103<\/h3><\/div> <!-- header --><div class=\"aio-icon-description ult-responsive\"  data-ultimate-target='#Info-box-wrap-6254 .aio-icon-description'  data-responsive-json-new='{\"font-size\":\"\",\"line-height\":\"\"}'  style=\"\"><span style=\"color: black;\">Clien\u021bii t\u0103i locuiesc sau lucreaz\u0103 \u00een principal \u00een Landshut \u0219i \u00een jurul ei? Avem multe spa\u021bii de publicitate locale.<\/span><\/p>\n<p>\u00bbMai multe informa\u021bii<\/div> <!-- description --><\/div> <!-- aio-icon-box --><\/a><\/div> <!-- aio-icon-component --><\/div><\/div><\/div><div class=\"wpb_column vc_column_container vc_col-sm-4\"><div class=\"vc_column-inner\"><div class=\"wpb_wrapper\"><div class=\"aio-icon-component   box-hellblau vorteilbox style_1\"><a class=\"aio-icon-box-link\" href=\"https:\/\/www.stadtwerke-landshut.de\/ro\/geschaeftskundenbereich\/mobilitaet\/\" title=\"Mobilit\u00e4t in Landshut\" target=\"_blank\" rel=\"noopener\" ><div id=\"Info-box-wrap-1491\" class=\"aio-icon-box square_box-icon\" style=\"\"  ><div class=\"aio-icon-square_box\"><div class=\"ult-just-icon-wrapper\"><div class=\"align-icon\" style=\"text-align:center;\">\n<div class=\"aio-icon-img\" style=\"font-size:60px;background:#006fb9;border-style:solid;border-color:#ffffff;border-width:5px;padding:10px;border-radius:100px;display:inline-block;\" >\n\t<img decoding=\"async\" class=\"img-icon\" alt=\"Mobilitaet in Landshut\" src=\"https:\/\/www.stadtwerke-landshut.de\/wp-content\/uploads\/mobilitaet_icon.png\"\/>\n<\/div><\/div><\/div><\/div><div class=\"aio-icon-header\" ><h3 class=\"aio-icon-title ult-responsive\"  data-ultimate-target='#Info-box-wrap-1491 .aio-icon-title'  data-responsive-json-new='{\"font-size\":\"\",\"line-height\":\"\"}'  style=\"\">mobilitate<\/h3><\/div> <!-- header --><div class=\"aio-icon-description ult-responsive\"  data-ultimate-target='#Info-box-wrap-1491 .aio-icon-description'  data-responsive-json-new='{\"font-size\":\"\",\"line-height\":\"\"}'  style=\"\"><span style=\"color: black;\">Ofer\u0103-\u021bi valoarea ad\u0103ugat\u0103 for\u021bei de munc\u0103 cu biletul de munc\u0103 sau \u00eenchirie un serviciu de transfer pentru petrecerea companiei tale.<\/span><\/p>\n<p>\u00bbMai multe informa\u021bii<\/div> <!-- description --><\/div> <!-- aio-icon-box --><\/a><\/div> <!-- aio-icon-component --><\/div><\/div><\/div><\/div><div class=\"vc_row-full-width vc_clearfix\"><\/div><div data-vc-full-width=\"true\" data-vc-full-width-temp=\"true\" data-vc-full-width-init=\"false\" class=\"vc_row wpb_row vc_row-fluid\"><div class=\"wpb_column vc_column_container vc_col-sm-12\"><div class=\"vc_column-inner\"><div class=\"wpb_wrapper\"><div class=\"ult-spacer spacer-69e8fc47f0b51\" data-id=\"69e8fc47f0b51\" data-height=\"200\" data-height-mobile=\"50\" data-height-tab=\"\" data-height-tab-portrait=\"\" data-height-mobile-landscape=\"100\" style=\"clear:both;display:block;\"><\/div><h2 style=\"text-align: center\" class=\"vc_custom_heading vc_do_custom_heading weiss\" >Saune relaxate \u00een mijlocul ora\u0219ului.<\/h2>\n\t<div class=\"wpb_text_column wpb_content_element weiss\" >\n\t\t<div class=\"wpb_wrapper\">\n\t\t\t<h4 style=\"text-align: center;\">L\u0103sa\u021bi-v\u0103 sufletul s\u0103 se alunge \u00een zona noastr\u0103 de saun\u0103!<\/h4>\n\n\t\t<\/div>\n\t<\/div>\n<div class=\"ult-spacer spacer-69e8fc47f0d39\" data-id=\"69e8fc47f0d39\" data-height=\"15\" data-height-mobile=\"15\" data-height-tab=\"15\" data-height-tab-portrait=\"\" data-height-mobile-landscape=\"\" style=\"clear:both;display:block;\"><\/div><div class=\"vc_btn3-container vc_btn3-center vc_do_btn\" ><a class=\"vc_general vc_btn3 vc_btn3-size-md vc_btn3-shape-square vc_btn3-style-outline vc_btn3-icon-left vc_btn3-color-default\" href=\"https:\/\/www.stadtwerke-landshut.de\/ro\/stadtbad\/sauna-wellness\/\" title=\"\" target=\"_blank\"><i class=\"vc_btn3-icon fa fa-angle-double-right\"><\/i> Acum cunoa\u0219te\u021bi zona noastr\u0103 de saun\u0103<\/a><\/div><div class=\"ult-spacer spacer-69e8fc47f0f86\" data-id=\"69e8fc47f0f86\" data-height=\"200\" data-height-mobile=\"50\" data-height-tab=\"\" data-height-tab-portrait=\"\" data-height-mobile-landscape=\"100\" style=\"clear:both;display:block;\"><\/div><\/div><\/div><\/div><\/div><div class=\"vc_row-full-width vc_clearfix\"><\/div><!-- Row Backgrounds --><div class=\"upb_bg_img\" data-ultimate-bg=\"url(https:\/\/www.stadtwerke-landshut.de\/wp-content\/uploads\/sauna_hg.jpg)\" data-image-id=\"id^4934|url^https:\/\/www.stadtwerke-landshut.de\/wp-content\/uploads\/sauna_hg.jpg|caption^null|alt^null|title^sauna_hg|description^null\" data-ultimate-bg-style=\"vcpb-default\" data-bg-img-repeat=\"repeat\" data-bg-img-size=\"cover\" data-bg-img-position=\"\" data-parallx_sense=\"30\" data-bg-override=\"0\" data-bg_img_attach=\"scroll\" data-upb-overlay-color=\"rgba(0,0,0,0.45)\" data-upb-bg-animation=\"\" data-fadeout=\"\" data-bg-animation=\"left-animation\" data-bg-animation-type=\"h\" data-animation-repeat=\"repeat\" data-fadeout-percentage=\"30\" data-parallax-content=\"\" data-parallax-content-sense=\"30\" data-row-effect-mobile-disable=\"true\" data-img-parallax-mobile-disable=\"true\" data-rtl=\"false\"  data-custom-vc-row=\"\"  data-vc=\"8.7.2\"  data-is_old_vc=\"\"  data-theme-support=\"\"   data-overlay=\"true\" data-overlay-color=\"rgba(0,0,0,0.45)\" data-overlay-pattern=\"\" data-overlay-pattern-opacity=\"0.8\" data-overlay-pattern-size=\"\" data-overlay-pattern-attachment=\"scroll\"    ><\/div>\n<\/div>","protected":false},"excerpt":{"rendered":"Vielseitigkeit f\u00fcr Gesch\u00e4fts- und Gewerbekunden Individuelle Angebote f\u00fcr Ihr Unternehmen: Wir k\u00f6nnen mehr als Strom liefern. Bei den Stadtwerken Landshut bekommen Sie neben einer verl\u00e4sslichen Energieversorgung auch besondere lokale Werbepl\u00e4tze [...]","protected":false},"author":1,"featured_media":2125,"parent":0,"menu_order":0,"comment_status":"closed","ping_status":"closed","template":"","meta":{"_relevanssi_hide_post":"","_relevanssi_hide_content":"","_relevanssi_pin_for_all":"","_relevanssi_pin_keywords":"","_relevanssi_unpin_keywords":"","_relevanssi_related_keywords":"","_relevanssi_related_include_ids":"","_relevanssi_related_exclude_ids":"","_relevanssi_related_no_append":"","_relevanssi_related_not_related":"","_relevanssi_related_posts":"","_relevanssi_noindex_reason":"","footnotes":""},"class_list":["post-311","page","type-page","status-publish","has-post-thumbnail","hentry"],"yoast_head":"<!-- This site is optimized with the Yoast SEO Premium plugin v26.9 (Yoast SEO v26.9) - https:\/\/yoast.com\/product\/yoast-seo-premium-wordpress\/ -->\n<title>Angebote f\u00fcr Gesch\u00e4ftskunden - Stadtwerke Landshut<\/title>\n<meta name=\"description\" content=\"Gesch\u00e4ftskunden finden hier alles zum Thema Energie, Werbung und Mobilit\u00e4t \u2013 fordern Sie jetzt Ihr individuelles Angebot an!\" \/>\n<meta name=\"robots\" content=\"index, follow, max-snippet:-1, max-image-preview:large, max-video-preview:-1\" \/>\n<link rel=\"canonical\" href=\"https:\/\/www.stadtwerke-landshut.de\/ro\/geschaeftskundenbereich\/\" \/>\n<meta property=\"og:locale\" content=\"ro_RO\" \/>\n<meta property=\"og:type\" content=\"article\" \/>\n<meta property=\"og:title\" content=\"Gesch\u00e4ftskundenbereich\" \/>\n<meta property=\"og:description\" content=\"Gesch\u00e4ftskunden finden hier alles zum Thema Energie, Werbung und Mobilit\u00e4t \u2013 fordern Sie jetzt Ihr individuelles Angebot an!\" \/>\n<meta property=\"og:url\" content=\"https:\/\/www.stadtwerke-landshut.de\/ro\/geschaeftskundenbereich\/\" \/>\n<meta property=\"og:site_name\" content=\"Stadtwerke Landshut\" \/>\n<meta property=\"article:modified_time\" content=\"2025-05-21T11:46:11+00:00\" \/>\n<meta property=\"og:image\" content=\"https:\/\/www.stadtwerke-landshut.de\/wp-content\/uploads\/geschaeftskunden_verteiler_kopf.jpg\" \/>\n\t<meta property=\"og:image:width\" content=\"1600\" \/>\n\t<meta property=\"og:image:height\" content=\"452\" \/>\n\t<meta property=\"og:image:type\" content=\"image\/jpeg\" \/>\n<meta name=\"twitter:card\" content=\"summary_large_image\" \/>\n<meta name=\"twitter:label1\" content=\"Timp estimat pentru citire\" \/>\n\t<meta name=\"twitter:data1\" content=\"2 minute\" \/>\n<script type=\"application\/ld+json\" class=\"yoast-schema-graph\">{\"@context\":\"https:\/\/schema.org\",\"@graph\":[{\"@type\":\"WebPage\",\"@id\":\"https:\/\/www.stadtwerke-landshut.de\/geschaeftskundenbereich\/\",\"url\":\"https:\/\/www.stadtwerke-landshut.de\/geschaeftskundenbereich\/\",\"name\":\"Angebote f\u00fcr Gesch\u00e4ftskunden - Stadtwerke Landshut\",\"isPartOf\":{\"@id\":\"https:\/\/www.stadtwerke-landshut.de\/es\/#website\"},\"primaryImageOfPage\":{\"@id\":\"https:\/\/www.stadtwerke-landshut.de\/geschaeftskundenbereich\/#primaryimage\"},\"image\":{\"@id\":\"https:\/\/www.stadtwerke-landshut.de\/geschaeftskundenbereich\/#primaryimage\"},\"thumbnailUrl\":\"https:\/\/www.stadtwerke-landshut.de\/wp-content\/uploads\/geschaeftskunden_verteiler_kopf.jpg\",\"datePublished\":\"2019-06-26T09:05:27+00:00\",\"dateModified\":\"2025-05-21T11:46:11+00:00\",\"description\":\"Gesch\u00e4ftskunden finden hier alles zum Thema Energie, Werbung und Mobilit\u00e4t \u2013 fordern Sie jetzt Ihr individuelles Angebot an!\",\"breadcrumb\":{\"@id\":\"https:\/\/www.stadtwerke-landshut.de\/geschaeftskundenbereich\/#breadcrumb\"},\"inLanguage\":\"ro-RO\",\"potentialAction\":[{\"@type\":\"ReadAction\",\"target\":[\"https:\/\/www.stadtwerke-landshut.de\/geschaeftskundenbereich\/\"]}]},{\"@type\":\"ImageObject\",\"inLanguage\":\"ro-RO\",\"@id\":\"https:\/\/www.stadtwerke-landshut.de\/geschaeftskundenbereich\/#primaryimage\",\"url\":\"https:\/\/www.stadtwerke-landshut.de\/wp-content\/uploads\/geschaeftskunden_verteiler_kopf.jpg\",\"contentUrl\":\"https:\/\/www.stadtwerke-landshut.de\/wp-content\/uploads\/geschaeftskunden_verteiler_kopf.jpg\",\"width\":1600,\"height\":452,\"caption\":\"Gesch\u00e4ftskunden\"},{\"@type\":\"BreadcrumbList\",\"@id\":\"https:\/\/www.stadtwerke-landshut.de\/geschaeftskundenbereich\/#breadcrumb\",\"itemListElement\":[{\"@type\":\"ListItem\",\"position\":1,\"name\":\"Startseite\",\"item\":\"https:\/\/www.stadtwerke-landshut.de\/\"},{\"@type\":\"ListItem\",\"position\":2,\"name\":\"Gesch\u00e4ftskundenbereich\"}]},{\"@type\":\"WebSite\",\"@id\":\"https:\/\/www.stadtwerke-landshut.de\/es\/#website\",\"url\":\"https:\/\/www.stadtwerke-landshut.de\/es\/\",\"name\":\"Stadtwerke Landshut\",\"description\":\"Ihr Partner in der Region\",\"publisher\":{\"@id\":\"https:\/\/www.stadtwerke-landshut.de\/es\/#organization\"},\"potentialAction\":[{\"@type\":\"SearchAction\",\"target\":{\"@type\":\"EntryPoint\",\"urlTemplate\":\"https:\/\/www.stadtwerke-landshut.de\/es\/?s={search_term_string}\"},\"query-input\":{\"@type\":\"PropertyValueSpecification\",\"valueRequired\":true,\"valueName\":\"search_term_string\"}}],\"inLanguage\":\"ro-RO\"},{\"@type\":\"Organization\",\"@id\":\"https:\/\/www.stadtwerke-landshut.de\/es\/#organization\",\"name\":\"Stadtwerke Landshut\",\"url\":\"https:\/\/www.stadtwerke-landshut.de\/es\/\",\"logo\":{\"@type\":\"ImageObject\",\"inLanguage\":\"ro-RO\",\"@id\":\"https:\/\/www.stadtwerke-landshut.de\/es\/#\/schema\/logo\/image\/\",\"url\":\"https:\/\/www.stadtwerke-landshut.de\/wp-content\/uploads\/logo-small.png\",\"contentUrl\":\"https:\/\/www.stadtwerke-landshut.de\/wp-content\/uploads\/logo-small.png\",\"width\":215,\"height\":215,\"caption\":\"Stadtwerke Landshut\"},\"image\":{\"@id\":\"https:\/\/www.stadtwerke-landshut.de\/es\/#\/schema\/logo\/image\/\"}}]}<\/script>\n<!-- \/ Yoast SEO Premium plugin. -->","yoast_head_json":{"title":"Angebote f\u00fcr Gesch\u00e4ftskunden - Stadtwerke Landshut","description":"Gesch\u00e4ftskunden finden hier alles zum Thema Energie, Werbung und Mobilit\u00e4t \u2013 fordern Sie jetzt Ihr individuelles Angebot an!","robots":{"index":"index","follow":"follow","max-snippet":"max-snippet:-1","max-image-preview":"max-image-preview:large","max-video-preview":"max-video-preview:-1"},"canonical":"https:\/\/www.stadtwerke-landshut.de\/ro\/geschaeftskundenbereich\/","og_locale":"ro_RO","og_type":"article","og_title":"Gesch\u00e4ftskundenbereich","og_description":"Gesch\u00e4ftskunden finden hier alles zum Thema Energie, Werbung und Mobilit\u00e4t \u2013 fordern Sie jetzt Ihr individuelles Angebot an!","og_url":"https:\/\/www.stadtwerke-landshut.de\/ro\/geschaeftskundenbereich\/","og_site_name":"Stadtwerke Landshut","article_modified_time":"2025-05-21T11:46:11+00:00","og_image":[{"width":1600,"height":452,"url":"https:\/\/www.stadtwerke-landshut.de\/wp-content\/uploads\/geschaeftskunden_verteiler_kopf.jpg","type":"image\/jpeg"}],"twitter_card":"summary_large_image","twitter_misc":{"Timp estimat pentru citire":"2 minute"},"schema":{"@context":"https:\/\/schema.org","@graph":[{"@type":"WebPage","@id":"https:\/\/www.stadtwerke-landshut.de\/geschaeftskundenbereich\/","url":"https:\/\/www.stadtwerke-landshut.de\/geschaeftskundenbereich\/","name":"Angebote f\u00fcr Gesch\u00e4ftskunden - Stadtwerke Landshut","isPartOf":{"@id":"https:\/\/www.stadtwerke-landshut.de\/es\/#website"},"primaryImageOfPage":{"@id":"https:\/\/www.stadtwerke-landshut.de\/geschaeftskundenbereich\/#primaryimage"},"image":{"@id":"https:\/\/www.stadtwerke-landshut.de\/geschaeftskundenbereich\/#primaryimage"},"thumbnailUrl":"https:\/\/www.stadtwerke-landshut.de\/wp-content\/uploads\/geschaeftskunden_verteiler_kopf.jpg","datePublished":"2019-06-26T09:05:27+00:00","dateModified":"2025-05-21T11:46:11+00:00","description":"Gesch\u00e4ftskunden finden hier alles zum Thema Energie, Werbung und Mobilit\u00e4t \u2013 fordern Sie jetzt Ihr individuelles Angebot an!","breadcrumb":{"@id":"https:\/\/www.stadtwerke-landshut.de\/geschaeftskundenbereich\/#breadcrumb"},"inLanguage":"ro-RO","potentialAction":[{"@type":"ReadAction","target":["https:\/\/www.stadtwerke-landshut.de\/geschaeftskundenbereich\/"]}]},{"@type":"ImageObject","inLanguage":"ro-RO","@id":"https:\/\/www.stadtwerke-landshut.de\/geschaeftskundenbereich\/#primaryimage","url":"https:\/\/www.stadtwerke-landshut.de\/wp-content\/uploads\/geschaeftskunden_verteiler_kopf.jpg","contentUrl":"https:\/\/www.stadtwerke-landshut.de\/wp-content\/uploads\/geschaeftskunden_verteiler_kopf.jpg","width":1600,"height":452,"caption":"Gesch\u00e4ftskunden"},{"@type":"BreadcrumbList","@id":"https:\/\/www.stadtwerke-landshut.de\/geschaeftskundenbereich\/#breadcrumb","itemListElement":[{"@type":"ListItem","position":1,"name":"Startseite","item":"https:\/\/www.stadtwerke-landshut.de\/"},{"@type":"ListItem","position":2,"name":"Gesch\u00e4ftskundenbereich"}]},{"@type":"WebSite","@id":"https:\/\/www.stadtwerke-landshut.de\/es\/#website","url":"https:\/\/www.stadtwerke-landshut.de\/es\/","name":"Stadtwerke Landshut","description":"Partenerul t\u0103u din regiune","publisher":{"@id":"https:\/\/www.stadtwerke-landshut.de\/es\/#organization"},"potentialAction":[{"@type":"SearchAction","target":{"@type":"EntryPoint","urlTemplate":"https:\/\/www.stadtwerke-landshut.de\/es\/?s={search_term_string}"},"query-input":{"@type":"PropertyValueSpecification","valueRequired":true,"valueName":"search_term_string"}}],"inLanguage":"ro-RO"},{"@type":"Organization","@id":"https:\/\/www.stadtwerke-landshut.de\/es\/#organization","name":"Stadtwerke Landshut","url":"https:\/\/www.stadtwerke-landshut.de\/es\/","logo":{"@type":"ImageObject","inLanguage":"ro-RO","@id":"https:\/\/www.stadtwerke-landshut.de\/es\/#\/schema\/logo\/image\/","url":"https:\/\/www.stadtwerke-landshut.de\/wp-content\/uploads\/logo-small.png","contentUrl":"https:\/\/www.stadtwerke-landshut.de\/wp-content\/uploads\/logo-small.png","width":215,"height":215,"caption":"Stadtwerke Landshut"},"image":{"@id":"https:\/\/www.stadtwerke-landshut.de\/es\/#\/schema\/logo\/image\/"}}]}},"publishpress_future_action":{"enabled":false,"date":"2026-04-29 18:50:16","action":"change-status","newStatus":"draft","terms":[],"taxonomy":"","extraData":[]},"publishpress_future_workflow_manual_trigger":{"enabledWorkflows":[]},"_links":{"self":[{"href":"https:\/\/www.stadtwerke-landshut.de\/ro\/wp-json\/wp\/v2\/pages\/311","targetHints":{"allow":["GET"]}}],"collection":[{"href":"https:\/\/www.stadtwerke-landshut.de\/ro\/wp-json\/wp\/v2\/pages"}],"about":[{"href":"https:\/\/www.stadtwerke-landshut.de\/ro\/wp-json\/wp\/v2\/types\/page"}],"author":[{"embeddable":true,"href":"https:\/\/www.stadtwerke-landshut.de\/ro\/wp-json\/wp\/v2\/users\/1"}],"replies":[{"embeddable":true,"href":"https:\/\/www.stadtwerke-landshut.de\/ro\/wp-json\/wp\/v2\/comments?post=311"}],"version-history":[{"count":26,"href":"https:\/\/www.stadtwerke-landshut.de\/ro\/wp-json\/wp\/v2\/pages\/311\/revisions"}],"predecessor-version":[{"id":26729,"href":"https:\/\/www.stadtwerke-landshut.de\/ro\/wp-json\/wp\/v2\/pages\/311\/revisions\/26729"}],"wp:featuredmedia":[{"embeddable":true,"href":"https:\/\/www.stadtwerke-landshut.de\/ro\/wp-json\/wp\/v2\/media\/2125"}],"wp:attachment":[{"href":"https:\/\/www.stadtwerke-landshut.de\/ro\/wp-json\/wp\/v2\/media?parent=311"}],"curies":[{"name":"wp","href":"https:\/\/api.w.org\/{rel}","templated":true}]}}