{"id":5834,"date":"2019-09-20T14:45:15","date_gmt":"2019-09-20T12:45:15","guid":{"rendered":"https:\/\/www.stadtwerke-landshut.de\/?page_id=5834"},"modified":"2023-02-13T09:37:21","modified_gmt":"2023-02-13T08:37:21","slug":"nutzungsbedingungen","status":"publish","type":"page","link":"https:\/\/www.stadtwerke-landshut.de\/ro\/nutzungsbedingungen\/","title":{"rendered":"Conditii de utilizare"},"content":{"rendered":"<div class=\"wpb-content-wrapper\"><div class=\"vc_row wpb_row vc_row-fluid no-padding\"><div class=\"wpb_column vc_column_container vc_col-sm-12\"><div class=\"vc_column-inner\"><div class=\"wpb_wrapper\"><div class=\"ult-spacer spacer-69e8fc4a10613\" data-id=\"69e8fc4a10613\" data-height=\"15\" data-height-mobile=\"15\" data-height-tab=\"15\" data-height-tab-portrait=\"\" data-height-mobile-landscape=\"\" style=\"clear:both;display:block;\"><\/div><\/div><\/div><\/div><\/div><div data-vc-full-width=\"true\" data-vc-full-width-temp=\"true\" data-vc-full-width-init=\"false\" class=\"vc_row wpb_row vc_row-fluid tauschen\"><div class=\"wpb_column vc_column_container vc_col-sm-12\"><div class=\"vc_column-inner\"><div class=\"wpb_wrapper\">\n\t<div class=\"wpb_text_column wpb_content_element\" >\n\t\t<div class=\"wpb_wrapper\">\n\t\t\t<h5 class=\"grau\">drepturi de autor<\/h5>\n<p>Textele, imaginile, graficele \u0219i designul acestui site web sunt supuse drepturilor de autor. Acestea pot fi utilizate de dvs. doar pentru utilizare privat\u0103 \u0219i de alt\u0103 natur\u0103 \u00een contextul articolului 53 din legea dreptului de autor (UrhG). Reproducerea sau utilizarea acestor pagini sau p\u0103r\u021bi ale acestora \u00een alte publica\u021bii electronice sau tip\u0103rite \u0219i publicarea lor este permis\u0103 numai cu acordul nostru. Acestea dau la cerere <a href=\"https:\/\/www.stadtwerke-landshut.de\/ro\/impressum\/\">responsabil pentru con\u021binut<\/a>. Reproducerea \u0219i evaluarea comunicatelor de pres\u0103 \u0219i a discursurilor sunt \u00een general permise cu condi\u021bia ca sursa s\u0103 fie recunoscut\u0103.<\/p>\n<p>\u00cen plus, textul, imaginile, graficele \u0219i alte fi\u0219iere pot fi \u00een \u00eentregime sau par\u021bial supuse drepturilor de autor ale ter\u021bilor. P\u0103r\u021bile responsabile pentru con\u021binut v\u0103 ofer\u0103, de asemenea, mai multe informa\u021bii despre existen\u021ba unor drepturi posibile ale ter\u021bilor.<\/p>\n\n\t\t<\/div>\n\t<\/div>\n<div  class=\"vc_do_toggle vc_toggle vc_toggle_text_only vc_toggle_color_default  vc_toggle_size_md   grau\"><div class=\"vc_toggle_title\"><p style=\"text-align: left\" class=\"vc_custom_heading vc_do_custom_heading blau fett\" >\u00bbSugestii de imagine<\/p><i class=\"vc_toggle_icon\"><\/i><\/div><div class=\"vc_toggle_content\"><p>Imagini care nu sunt men\u021bionate separat: \u00a9 Stadtwerke Landshut;<\/p>\n<p>Navigare principal\u0103: Ap\u0103 uzat\u0103: Vedere aerian\u0103 a sta\u021biei de epurare \u00a9 Klaus Leidorf \/ Stadtwerke Landshut | Garnituri din bumbac: \u00a9 anoli \/ Fotolia | Toalet\u0103 conectat\u0103: \u00a9 Thomas von Stetten - stock.adobe.com | \u0218obolanul vine de la baie la baie: \u00a9 Holger Kirk - stock.adobe.com | Ap\u0103 \u00een chiuvet\u0103: \u00a9 SkyLine - stock.adobe.com | C\u00e2ine (Golden Retriever) face baie: \u00a9 chalabala.cz - stock.adobe.com | Copil cu umbrel\u0103: \u00a9 Miredi \/ Fotolia | Cuplu \u00een fa\u021ba laptopului: \u00a9 bokan \/ Fotolia | Cas\u0103 cu gr\u0103din\u0103: \u00a9 KB3 - stock.adobe.com | Planificatori, Arhitec\u021bi: \u00a9 REDPIXEL - stock.adobe.com | Inspec\u021bie de canalizare: \u00a9 mitifoto \/ Fotolia | Un furtun gros cu sistem de prindere direc\u021bioneaz\u0103 apa \u00eentr-un canal: \u00a9 fefufoto - stock.adobe.com | Imaginea sec\u021biune Cizme Wellington \u00een ploaie: \u00a9 Erwin Wodicka - stock.adobe.com | Fata \u00ee\u0219i \u021bine nasul: \u00a9 DRON_FOTO - stock.adobe.com;<\/p>\n<p>Energie: Fotomontage von Stadtwerke Landshut mit Familienfoto von \u00a9 Rido \/ Fotolia | Strom: Landshut bei Nacht: \u00a9 Harry Zdera\/Stadtwerke Landshut | Mann mit Jungen: \u00a9 goodluz \/ Fotolia | Frau und Kind mit Laptop: \u00a9 Yakobchuk Olena &#8211; stock.adobe.com | Kundenkarte: Paar mit Einkaufst\u00fcte: \u00a9 gpointstudio \/ Fotolia | Fotomontage Stadtwerke Landshut mit Foto \u201eFrau mit Karte\u201c von \u00a9 Antonioguillem &#8211; stock.adobe.com | Erdgas: Gasflamme: \u00a9 by-studio &#8211; stock.adobe.com | M\u00e4dchen zeigt Daumen hoch: \u00a9 Eduard Titov \/ Fotolia | Fernw\u00e4rme: Frau schl\u00e4ft l\u00e4chelnd: \u00a9 Amir Kaljikovic \/ Fotolia | Energiedienste: Gl\u00fchbirnen mit Energiesparlampe: \u00a9 BillionPhotos.com \/ Fotolia | Energieberatung: \u00a9 Michael Hackl\/Stadtwerke Landshut | Mann mit Geschirrsp\u00fclmaschine: \u00a9 Andrey Popov \/ Fotolia | Frau mit Sparschwein: \u00a9 contrastwerkstatt \/ Fotolia; | Energiepreise: Thermostat mit Euro-Zeichen: \u00a9 Lightspruch &#8211; Thorsten Nilson &#8211; stock.adobe.com<\/p>\n<p>Mobilitate: Conducerea autobuzului: B\u0103rbat cu c\u0103\u0219ti: \u00a9 Halfpoint \/ Fotolia | Cursuri \u00een siguran\u021b\u0103 \u00een autobuzul urban: femei \u00een autobuz \u00a9 Viktor Cap 2012 \/ Fotolia | Seniori \u00een autobuz \u00a9 Monkey Business \/ Fotolia | Copii la oprire: \u00a9 LIGHTFIELD STUDIOS - stock.adobe.com | Fotomontaj Stadtwerke Landshut cu fotografia &quot;Fata la o sta\u021bie de autobuz de\u021bine 10 euro&quot; de \u00a9 Kaesler Media - stock.adobe.com | Benzin\u0103rii electronice: m\u00e2inile cu cheile automobilului: \u00a9 Tony Studio Photography - stock.adobe.com | Fotomontaj Stadtwerke Landshut cu fotografia \u201et\u00e2n\u0103rul arat\u0103 degetele mari la ma\u0219ina electric\u0103\u201d \u00a9 Gerhard Seybert \/ Fotolia | Sta\u021bie de alimentare cu gaz natural: indicativ rutier \u0219i referin\u021b\u0103 la o benzin\u0103rie cu gaz natural CNG: \u00a9 stadtratte - stock.adobe.com | Partajarea ma\u0219inilor: predarea cheilor: \u00a9 Tony Studio Photography - stock.adobe.com;<\/p>\n<p>Stadtbad: fotografii aeriene: \u00a9 Klaus Leidorf \/ Stadtwerke Landshut | Piscin\u0103 \u00een aer liber: toate imaginile \u00a9 Christine Vincon \/ Stadtwerke Landshut; Copilul \u00eenva\u021b\u0103 s\u0103 \u00eenoate cu mama: \u00a9 \u00a9 artem_goncharov - stock.adobe.com | Piscin\u0103 interioar\u0103: Photomontage Stadtwerke Landshut cu fotografie de femeie la marginea piscinei \u00a9 goodluz - stock.adobe.com | Fotomontaj Stadtwerke Landshut cu fotografie de grup cu polo water \u00a9 Robert Kneschke \/ Fotolia | Pommest\u00fcte: \u00a9 Rafael Classen - www.rclassen.de - stock.adobe.com | Vedere aerian\u0103 \u00a9 Klaus Leidorf \/ Stadtwerke Landshut; Lec\u021bii de \u00eenot: Copil cu pensiune: \u00a9 Family Veldman - stock.adobe.com | Copil cu ochelari de \u00eenot: \u00a9 Acik \/ Fotolia | Adul\u021bi cu Noodles Pool: \u00a9 Robert Kneschke \/ Fotolia | Curs Aqua Zumba: \u00a9 Robert Kneschke - stock.adobe.com | Ziua de na\u0219tere a copiilor: \u00a9 Marzanna Syncerz - Fotolia | Gimnastica pentru apa senior: \u00a9 Robert Kneschke \/ Fotolia;<\/p>\n<p>Apa: copiii beau ap\u0103 proasp\u0103t\u0103 cu limes: \u00a9 Robert Kneschke - stock.adobe.com | Imaginea apei: \u00a9 Nobu \/ Fotolia | Femeia bea ap\u0103: \u00a9 Contrastwerkstatt \/ Fotolia | Robinet: \u00a9 unspodger - stock.adobe.com\/ Lipskiy Pavel;<\/p>\n<p>Navigarea capului: Clien\u021bi de afaceri: Energie: linie electric\u0103 cu soare: \u00a9 Gina Sanders - stock.adobe.com | Flac\u0103ra de gaz: \u00a9 by-studio - stock.adobe.com; Companie: Client Center: \u00a9 Michael Hackl \/ Stadtwerke Landshut | Baia ora\u0219ului: \u00a9 Christine Vincon \/ Stadtwerke Landshut | Fotografii aeriene: \u00a9 Klaus Leidorf \/ Stadtwerke Landshut | Maxwehr (loca\u021bii): Photomontage Stadtwerke Landshut cu imagine de \u00a9 Ralf Zeilhofer; Cariera: zaruri cu inscrip\u021bii JOBS pe o h\u00e2rtie zilnic\u0103: \u00a9 fotogestoeber - stock.adobe.com; Pres\u0103: \u0218tiri despre zaruri: \u00a9 made_by_nana - stock.adobe.com<\/p>\n<p>Stickysidebar: Kundenservice: Umzug junge Frau neben Umzugskisten: \u00a9 nenetus \/ Fotolia | Vorsicht vor Betr\u00fcgern: \u00a9 Iakov Filimonov \u2013 stock.adobe.com | Au\u00dfenaufnahmen Kundenzentrum: \u00a9 Michael Hackl\/Stadtwerke Landshut | Schl\u00fcssel mit Haus auf Plan: \u00a9 Robert Kneschke \u2013 stock.adobe.com | Installateursverzeichnis: \u00a9 mihail39 &#8211; stock.adobe.com; Bauherren: Schl\u00fcssel mit Haus auf Plan: \u00a9 Robert Kneschke \u2013 stock.adobe.com Planer, Architekten: \u00a9 REDPIXEL &#8211; stock.adobe.com | Frau an Heizungsanlage: \u00a9 highwaystarz \/ Fotolia | Kundenportal: Frau mit Brille am Laptop: \u00a9 olly &#8211; stock.adobe.com | SWLApp: Fotomontage Stadtwerke Landshut; winkendes Paar im Bus: \u00a9 Iryna Inshyna \u2013 stock.adobe.com<\/p>\n<p>Aktuelle Meldungen | Neuigkeiten &amp; Infos | Presse: Gut gelauntes Paar nutzt ein digitales Tablet zuhause: \u00a9 jackfrog &#8211; stock.adobe.com<\/p>\n<p>Copyright Footer: Re\u021bele: linie electric\u0103 cu Sun: \u00a9 Gina Sanders - stock.adobe.com |<\/p>\n<\/div><\/div><div class=\"ult-spacer spacer-69e8fc4a11026\" data-id=\"69e8fc4a11026\" data-height=\"15\" data-height-mobile=\"15\" data-height-tab=\"15\" data-height-tab-portrait=\"\" data-height-mobile-landscape=\"\" style=\"clear:both;display:block;\"><\/div>\n\t<div class=\"wpb_text_column wpb_content_element\" >\n\t\t<div class=\"wpb_wrapper\">\n\t\t\t<h5 class=\"grau\">r\u0103spundere<\/h5>\n<p>Nu exist\u0103 o rela\u021bie contractual\u0103 cu utilizatorii ofertei de internet. Stadtwerke Landshut \u00ee\u0219i rezerv\u0103 \u00een mod expres dreptul de a schimba, suplimenta sau \u0219terge pagini web individuale sau \u00eentreaga ofert\u0103 f\u0103r\u0103 o notificare prealabil\u0103 sau de a \u00eenceta publicarea temporar sau definitiv.<\/p>\n<p>Responsabilitatea Stadtwerke Landshut pentru acest site web este, \u00een plus, reglementat\u0103 de dispozi\u021biile din <a href=\"https:\/\/www.gesetze-im-internet.de\/tmg\/__7.html\" target=\"_blank\" rel=\"noopener noreferrer\"> \u00a7 7 Act Telemedia (TMG)<\/a>.<\/p>\n<p>Dispozi\u021biile articolului 839 BGB (r\u0103spunderea pentru \u00eenc\u0103lcarea func\u021biei oficiale) \u0219i a Directivei privind serviciile europene (Directiva 2006\/123 \/ CE - DLRL) r\u0103m\u00e2n neafectate.<\/p>\n\n\t\t<\/div>\n\t<\/div>\n<div class=\"ult-spacer spacer-69e8fc4a110fc\" data-id=\"69e8fc4a110fc\" data-height=\"15\" data-height-mobile=\"15\" data-height-tab=\"15\" data-height-tab-portrait=\"\" data-height-mobile-landscape=\"\" style=\"clear:both;display:block;\"><\/div>\n\t<div class=\"wpb_text_column wpb_content_element\" >\n\t\t<div class=\"wpb_wrapper\">\n\t\t\t<h5 class=\"grau\">E-mailuri (e-mail)<\/h5>\n<p><strong>encriptarile<\/strong><br \/>\nDin motive tehnice \u0219i organizatorice, Stadtwerke Landshut \u00een prezent nu este \u00een m\u0103sur\u0103 s\u0103 proceseze e-mailurile criptate. Dac\u0103 dori\u021bi s\u0103 ne trimite\u021bi informa\u021bii confiden\u021biale, v\u0103 rug\u0103m s\u0103 utiliza\u021bi scrisoarea.<\/p>\n<p><strong>Ata\u0219amente permise <\/strong><br \/>\nDac\u0103 dori\u021bi s\u0103 trimite\u021bi e-mailuri cu ata\u0219amente la Stadtwerke, re\u021bine\u021bi c\u0103 Stadtwerke nu poate suporta toate formatele \u0219i aplica\u021biile comune de fi\u0219ier de pe pia\u021b\u0103. Formatele de fi\u0219iere standard (de exemplu docx, xlsx, pdf, jpg) pot fi procesate, de obicei, cu o dimensiune de 20 MB, cu condi\u021bia ca scanerul nostru de virus s\u0103 poat\u0103 verifica fi\u0219ierul ata\u0219at (protejat cu parol\u0103 sau fi\u0219ierele cu macro-uri nu pot fi verificate, printre altele). Fi\u0219ierele executabile (exe, bat etc.) nu sunt niciodat\u0103 livrate.<\/p>\n<p><strong>semn\u0103tur\u0103<\/strong><br \/>\nDin p\u0103cate, Stadtwerke Landshut nu poate \u00een prezent s\u0103 verifice semn\u0103turile electronice pentru autenticitate \u0219i validitate din motive tehnice \u0219i organizatorice.<br \/>\nDrept urmare, nu ve\u021bi putea trimite documente care sunt supuse unei cerin\u021be de formulare \u00een scris \u00een format electronic. Prin urmare, v\u0103 rug\u0103m s\u0103 trece\u021bi la comunicarea pe suport de h\u00e2rtie \u00een aceste cazuri.<br \/>\nnoti\u021be<\/p>\n<p>Aceste instruc\u021biuni sunt valabile numai pentru comunicarea cu Stadtwerke Landshut \u0219i nu se aplic\u0103 trimiterilor la ofertele ter\u021bilor, precum alte autorit\u0103\u021bi. Dac\u0103 un e-mail nu este procesabil, ve\u021bi fi informat de c\u0103tre destinatar. Acest caz poate z. B. s\u0103 fie \u00eenlocuit cu viru\u0219i informatici, probleme tehnice generale sau abateri de la condi\u021biile tehnice de mai sus.<\/p>\n\n\t\t<\/div>\n\t<\/div>\n<div class=\"ult-spacer spacer-69e8fc4a111ce\" data-id=\"69e8fc4a111ce\" data-height=\"30\" data-height-mobile=\"30\" data-height-tab=\"30\" data-height-tab-portrait=\"\" data-height-mobile-landscape=\"\" style=\"clear:both;display:block;\"><\/div><\/div><\/div><\/div><\/div><div class=\"vc_row-full-width vc_clearfix\"><\/div>\n<\/div>","protected":false},"excerpt":{"rendered":"Urheberrecht Texte, Bilder, Grafiken sowie die Gestaltung dieser Internetseiten unterliegen dem Urheberrecht. Sie d\u00fcrfen von Ihnen nur zum privaten und sonstigen eigenen Gebrauch im Rahmen des \u00a7 53 Urheberrechtsgesetz (UrhG) [...]","protected":false},"author":5,"featured_media":0,"parent":0,"menu_order":0,"comment_status":"closed","ping_status":"closed","template":"","meta":{"_relevanssi_hide_post":"","_relevanssi_hide_content":"","_relevanssi_pin_for_all":"","_relevanssi_pin_keywords":"","_relevanssi_unpin_keywords":"","_relevanssi_related_keywords":"","_relevanssi_related_include_ids":"","_relevanssi_related_exclude_ids":"","_relevanssi_related_no_append":"","_relevanssi_related_not_related":"","_relevanssi_related_posts":"","_relevanssi_noindex_reason":"","footnotes":""},"class_list":["post-5834","page","type-page","status-publish","hentry"],"yoast_head":"<!-- This site is optimized with the Yoast SEO Premium plugin v26.9 (Yoast SEO v26.9) - https:\/\/yoast.com\/product\/yoast-seo-premium-wordpress\/ -->\n<title>Unsere Nutzungsbedingungen - Stadtwerke Landshut<\/title>\n<meta name=\"description\" content=\"Mit der Nutzung unserer Dienste verpflichten Sie sich zur Einhaltung unserer Richtlinien \u2013 unsere Nutzungsbedingungen im Detail!\" \/>\n<meta name=\"robots\" content=\"index, follow, max-snippet:-1, max-image-preview:large, max-video-preview:-1\" \/>\n<link rel=\"canonical\" href=\"https:\/\/www.stadtwerke-landshut.de\/ro\/nutzungsbedingungen\/\" \/>\n<meta property=\"og:locale\" content=\"ro_RO\" \/>\n<meta property=\"og:type\" content=\"article\" \/>\n<meta property=\"og:title\" content=\"Nutzungsbedingungen\" \/>\n<meta property=\"og:description\" content=\"Mit der Nutzung unserer Dienste verpflichten Sie sich zur Einhaltung unserer Richtlinien \u2013 unsere Nutzungsbedingungen im Detail!\" \/>\n<meta property=\"og:url\" content=\"https:\/\/www.stadtwerke-landshut.de\/ro\/nutzungsbedingungen\/\" \/>\n<meta property=\"og:site_name\" content=\"Stadtwerke Landshut\" \/>\n<meta property=\"article:modified_time\" content=\"2023-02-13T08:37:21+00:00\" \/>\n<meta name=\"twitter:card\" content=\"summary_large_image\" \/>\n<meta name=\"twitter:label1\" content=\"Timp estimat pentru citire\" \/>\n\t<meta name=\"twitter:data1\" content=\"6 minute\" \/>\n<script type=\"application\/ld+json\" class=\"yoast-schema-graph\">{\"@context\":\"https:\/\/schema.org\",\"@graph\":[{\"@type\":\"WebPage\",\"@id\":\"https:\/\/www.stadtwerke-landshut.de\/ru\/nutzungsbedingungen\/\",\"url\":\"https:\/\/www.stadtwerke-landshut.de\/ru\/nutzungsbedingungen\/\",\"name\":\"Unsere Nutzungsbedingungen - Stadtwerke Landshut\",\"isPartOf\":{\"@id\":\"https:\/\/www.stadtwerke-landshut.de\/es\/#website\"},\"datePublished\":\"2019-09-20T12:45:15+00:00\",\"dateModified\":\"2023-02-13T08:37:21+00:00\",\"description\":\"Mit der Nutzung unserer Dienste verpflichten Sie sich zur Einhaltung unserer Richtlinien \u2013 unsere Nutzungsbedingungen im Detail!\",\"breadcrumb\":{\"@id\":\"https:\/\/www.stadtwerke-landshut.de\/ru\/nutzungsbedingungen\/#breadcrumb\"},\"inLanguage\":\"ro-RO\",\"potentialAction\":[{\"@type\":\"ReadAction\",\"target\":[\"https:\/\/www.stadtwerke-landshut.de\/ru\/nutzungsbedingungen\/\"]}]},{\"@type\":\"BreadcrumbList\",\"@id\":\"https:\/\/www.stadtwerke-landshut.de\/ru\/nutzungsbedingungen\/#breadcrumb\",\"itemListElement\":[{\"@type\":\"ListItem\",\"position\":1,\"name\":\"Startseite\",\"item\":\"https:\/\/www.stadtwerke-landshut.de\/\"},{\"@type\":\"ListItem\",\"position\":2,\"name\":\"Nutzungsbedingungen\"}]},{\"@type\":\"WebSite\",\"@id\":\"https:\/\/www.stadtwerke-landshut.de\/es\/#website\",\"url\":\"https:\/\/www.stadtwerke-landshut.de\/es\/\",\"name\":\"Stadtwerke Landshut\",\"description\":\"Ihr Partner in der Region\",\"publisher\":{\"@id\":\"https:\/\/www.stadtwerke-landshut.de\/es\/#organization\"},\"potentialAction\":[{\"@type\":\"SearchAction\",\"target\":{\"@type\":\"EntryPoint\",\"urlTemplate\":\"https:\/\/www.stadtwerke-landshut.de\/es\/?s={search_term_string}\"},\"query-input\":{\"@type\":\"PropertyValueSpecification\",\"valueRequired\":true,\"valueName\":\"search_term_string\"}}],\"inLanguage\":\"ro-RO\"},{\"@type\":\"Organization\",\"@id\":\"https:\/\/www.stadtwerke-landshut.de\/es\/#organization\",\"name\":\"Stadtwerke Landshut\",\"url\":\"https:\/\/www.stadtwerke-landshut.de\/es\/\",\"logo\":{\"@type\":\"ImageObject\",\"inLanguage\":\"ro-RO\",\"@id\":\"https:\/\/www.stadtwerke-landshut.de\/es\/#\/schema\/logo\/image\/\",\"url\":\"https:\/\/www.stadtwerke-landshut.de\/wp-content\/uploads\/logo-small.png\",\"contentUrl\":\"https:\/\/www.stadtwerke-landshut.de\/wp-content\/uploads\/logo-small.png\",\"width\":215,\"height\":215,\"caption\":\"Stadtwerke Landshut\"},\"image\":{\"@id\":\"https:\/\/www.stadtwerke-landshut.de\/es\/#\/schema\/logo\/image\/\"}}]}<\/script>\n<!-- \/ Yoast SEO Premium plugin. -->","yoast_head_json":{"title":"Unsere Nutzungsbedingungen - Stadtwerke Landshut","description":"Mit der Nutzung unserer Dienste verpflichten Sie sich zur Einhaltung unserer Richtlinien \u2013 unsere Nutzungsbedingungen im Detail!","robots":{"index":"index","follow":"follow","max-snippet":"max-snippet:-1","max-image-preview":"max-image-preview:large","max-video-preview":"max-video-preview:-1"},"canonical":"https:\/\/www.stadtwerke-landshut.de\/ro\/nutzungsbedingungen\/","og_locale":"ro_RO","og_type":"article","og_title":"Nutzungsbedingungen","og_description":"Mit der Nutzung unserer Dienste verpflichten Sie sich zur Einhaltung unserer Richtlinien \u2013 unsere Nutzungsbedingungen im Detail!","og_url":"https:\/\/www.stadtwerke-landshut.de\/ro\/nutzungsbedingungen\/","og_site_name":"Stadtwerke Landshut","article_modified_time":"2023-02-13T08:37:21+00:00","twitter_card":"summary_large_image","twitter_misc":{"Timp estimat pentru citire":"6 minute"},"schema":{"@context":"https:\/\/schema.org","@graph":[{"@type":"WebPage","@id":"https:\/\/www.stadtwerke-landshut.de\/ru\/nutzungsbedingungen\/","url":"https:\/\/www.stadtwerke-landshut.de\/ru\/nutzungsbedingungen\/","name":"Unsere Nutzungsbedingungen - Stadtwerke Landshut","isPartOf":{"@id":"https:\/\/www.stadtwerke-landshut.de\/es\/#website"},"datePublished":"2019-09-20T12:45:15+00:00","dateModified":"2023-02-13T08:37:21+00:00","description":"Mit der Nutzung unserer Dienste verpflichten Sie sich zur Einhaltung unserer Richtlinien \u2013 unsere Nutzungsbedingungen im Detail!","breadcrumb":{"@id":"https:\/\/www.stadtwerke-landshut.de\/ru\/nutzungsbedingungen\/#breadcrumb"},"inLanguage":"ro-RO","potentialAction":[{"@type":"ReadAction","target":["https:\/\/www.stadtwerke-landshut.de\/ru\/nutzungsbedingungen\/"]}]},{"@type":"BreadcrumbList","@id":"https:\/\/www.stadtwerke-landshut.de\/ru\/nutzungsbedingungen\/#breadcrumb","itemListElement":[{"@type":"ListItem","position":1,"name":"Startseite","item":"https:\/\/www.stadtwerke-landshut.de\/"},{"@type":"ListItem","position":2,"name":"Nutzungsbedingungen"}]},{"@type":"WebSite","@id":"https:\/\/www.stadtwerke-landshut.de\/es\/#website","url":"https:\/\/www.stadtwerke-landshut.de\/es\/","name":"Stadtwerke Landshut","description":"Partenerul t\u0103u din regiune","publisher":{"@id":"https:\/\/www.stadtwerke-landshut.de\/es\/#organization"},"potentialAction":[{"@type":"SearchAction","target":{"@type":"EntryPoint","urlTemplate":"https:\/\/www.stadtwerke-landshut.de\/es\/?s={search_term_string}"},"query-input":{"@type":"PropertyValueSpecification","valueRequired":true,"valueName":"search_term_string"}}],"inLanguage":"ro-RO"},{"@type":"Organization","@id":"https:\/\/www.stadtwerke-landshut.de\/es\/#organization","name":"Stadtwerke Landshut","url":"https:\/\/www.stadtwerke-landshut.de\/es\/","logo":{"@type":"ImageObject","inLanguage":"ro-RO","@id":"https:\/\/www.stadtwerke-landshut.de\/es\/#\/schema\/logo\/image\/","url":"https:\/\/www.stadtwerke-landshut.de\/wp-content\/uploads\/logo-small.png","contentUrl":"https:\/\/www.stadtwerke-landshut.de\/wp-content\/uploads\/logo-small.png","width":215,"height":215,"caption":"Stadtwerke Landshut"},"image":{"@id":"https:\/\/www.stadtwerke-landshut.de\/es\/#\/schema\/logo\/image\/"}}]}},"publishpress_future_action":{"enabled":false,"date":"2026-04-29 18:50:18","action":"change-status","newStatus":"draft","terms":[],"taxonomy":"","extraData":[]},"publishpress_future_workflow_manual_trigger":{"enabledWorkflows":[]},"_links":{"self":[{"href":"https:\/\/www.stadtwerke-landshut.de\/ro\/wp-json\/wp\/v2\/pages\/5834","targetHints":{"allow":["GET"]}}],"collection":[{"href":"https:\/\/www.stadtwerke-landshut.de\/ro\/wp-json\/wp\/v2\/pages"}],"about":[{"href":"https:\/\/www.stadtwerke-landshut.de\/ro\/wp-json\/wp\/v2\/types\/page"}],"author":[{"embeddable":true,"href":"https:\/\/www.stadtwerke-landshut.de\/ro\/wp-json\/wp\/v2\/users\/5"}],"replies":[{"embeddable":true,"href":"https:\/\/www.stadtwerke-landshut.de\/ro\/wp-json\/wp\/v2\/comments?post=5834"}],"version-history":[{"count":13,"href":"https:\/\/www.stadtwerke-landshut.de\/ro\/wp-json\/wp\/v2\/pages\/5834\/revisions"}],"predecessor-version":[{"id":11907,"href":"https:\/\/www.stadtwerke-landshut.de\/ro\/wp-json\/wp\/v2\/pages\/5834\/revisions\/11907"}],"wp:attachment":[{"href":"https:\/\/www.stadtwerke-landshut.de\/ro\/wp-json\/wp\/v2\/media?parent=5834"}],"curies":[{"name":"wp","href":"https:\/\/api.w.org\/{rel}","templated":true}]}}