{"id":17,"date":"2019-04-11T11:38:00","date_gmt":"2019-04-11T09:38:00","guid":{"rendered":"https:\/\/www.stadtwerke-landshut.de\/?page_id=17"},"modified":"2025-05-21T13:21:16","modified_gmt":"2025-05-21T11:21:16","slug":"strom","status":"publish","type":"page","link":"https:\/\/www.stadtwerke-landshut.de\/tr\/strom\/","title":{"rendered":"\u015fimdiki"},"content":{"rendered":"<div class=\"wpb-content-wrapper\"><div class=\"vc_row wpb_row vc_row-fluid\"><div class=\"wpb_column vc_column_container vc_col-sm-12\"><div class=\"vc_column-inner\"><div class=\"wpb_wrapper\"><div class=\"vc_empty_space\"   style=\"height: 15px\"><span class=\"vc_empty_space_inner\"><\/span><\/div><\/div><\/div><\/div><\/div><div data-vc-full-width=\"true\" data-vc-full-width-temp=\"true\" data-vc-full-width-init=\"false\" class=\"vc_row wpb_row vc_row-fluid\"><div class=\"wpb_column vc_column_container vc_col-sm-4\"><div class=\"vc_column-inner\"><div class=\"wpb_wrapper\"><div class=\"aio-icon-component   box-hellblau vorteilbox style_1\"><a class=\"aio-icon-box-link\" href=\"https:\/\/www.stadtwerke-landshut.de\/tr\/energie\/strom\/strom-tarife-preise-vergleichen\/\" title=\"Strompreise vergleichen\" target=\"_blank\" rel=\"noopener\" ><div id=\"Info-box-wrap-9024\" class=\"aio-icon-box square_box-icon\" style=\"\"  ><div class=\"aio-icon-square_box\"><div class=\"ult-just-icon-wrapper\"><div class=\"align-icon\" style=\"text-align:center;\">\n<div class=\"aio-icon-img\" style=\"font-size:60px;background:#006fb9;border-style:solid;border-color:#ffffff;border-width:5px;padding:10px;border-radius:100px;display:inline-block;\" >\n\t<img decoding=\"async\" class=\"img-icon\" alt=\"null\" src=\"https:\/\/www.stadtwerke-landshut.de\/wp-content\/uploads\/tarife_preise_vergleichen_icon.png\"\/>\n<\/div><\/div><\/div><\/div><div class=\"aio-icon-header\" ><h3 class=\"aio-icon-title ult-responsive\"  data-ultimate-target='#Info-box-wrap-9024 .aio-icon-title'  data-responsive-json-new='{\"font-size\":\"\",\"line-height\":\"\"}'  style=\"\">\u00dccretleri ve fiyatlar\u0131 kar\u015f\u0131la\u015ft\u0131r\u0131n<\/h3><\/div> <!-- header --><div class=\"aio-icon-description ult-responsive\"  data-ultimate-target='#Info-box-wrap-9024 .aio-icon-description'  data-responsive-json-new='{\"font-size\":\"\",\"line-height\":\"\"}'  style=\"\"><span style=\"color: black;\">Ucuz elektrik fiyatlar\u0131, g\u00fcvenilir bir g\u00fc\u00e7 kayna\u011f\u0131 ve \u015fantiyede ki\u015fisel ba\u011flant\u0131lar - arad\u0131\u011f\u0131n\u0131z \u015fey bu mu?<\/span><\/p>\n<p>\u00bbDaha fazla bilgi<\/div> <!-- description --><\/div> <!-- aio-icon-box --><\/a><\/div> <!-- aio-icon-component --><\/div><\/div><\/div><div class=\"wpb_column vc_column_container vc_col-sm-4\"><div class=\"vc_column-inner\"><div class=\"wpb_wrapper\"><div class=\"aio-icon-component   box-hellblau vorteilbox style_1\"><a class=\"aio-icon-box-link\" href=\"https:\/\/www.stadtwerke-landshut.de\/tr\/energie\/strom\/kundenkarte\/\" title=\"Vorteile der Kundenkarte\" target=\"_blank\" rel=\"noopener\" ><div id=\"Info-box-wrap-3829\" class=\"aio-icon-box square_box-icon\" style=\"\"  ><div class=\"aio-icon-square_box\"><div class=\"ult-just-icon-wrapper\"><div class=\"align-icon\" style=\"text-align:center;\">\n<div class=\"aio-icon-img\" style=\"font-size:60px;background:#006fb9;border-style:solid;border-color:#ffffff;border-width:5px;padding:10px;border-radius:100px;display:inline-block;\" >\n\t<img decoding=\"async\" class=\"img-icon\" alt=\"Symbolische Kundenkarte\" src=\"https:\/\/www.stadtwerke-landshut.de\/wp-content\/uploads\/kundenkarte_icon.png\"\/>\n<\/div><\/div><\/div><\/div><div class=\"aio-icon-header\" ><h3 class=\"aio-icon-title ult-responsive\"  data-ultimate-target='#Info-box-wrap-3829 .aio-icon-title'  data-responsive-json-new='{\"font-size\":\"\",\"line-height\":\"\"}'  style=\"\">banka kart\u0131<\/h3><\/div> <!-- header --><div class=\"aio-icon-description ult-responsive\"  data-ultimate-target='#Info-box-wrap-3829 .aio-icon-description'  data-responsive-json-new='{\"font-size\":\"\",\"line-height\":\"\"}'  style=\"\"><span style=\"color: black;\">Landshut&#039;ta s\u00fcsl\u00fc al\u0131\u015fveri\u015f? Stadtwerke m\u00fc\u015fteri kart\u0131 ile b\u00f6lgesel perakendede bir\u00e7ok tasarruf avantaj\u0131ndan da yararlanabilirsiniz.<\/span><\/p>\n<p>\u00bbDaha fazla bilgi<\/div> <!-- description --><\/div> <!-- aio-icon-box --><\/a><\/div> <!-- aio-icon-component --><\/div><\/div><\/div><div class=\"wpb_column vc_column_container vc_col-sm-4\"><div class=\"vc_column-inner\"><div class=\"wpb_wrapper\"><div class=\"aio-icon-component   box-hellblau vorteilbox style_1\"><a class=\"aio-icon-box-link\" href=\"https:\/\/www.stadtwerke-landshut.de\/tr\/strom\/haeufig-gestellte-fragen-faq-infos\/\" title=\"Fragen und Antworten\" target=\"_blank\" rel=\"noopener\" ><div id=\"Info-box-wrap-9381\" class=\"aio-icon-box square_box-icon\" style=\"\"  ><div class=\"aio-icon-square_box\"><div class=\"ult-just-icon-wrapper\"><div class=\"align-icon\" style=\"text-align:center;\">\n<div class=\"aio-icon-img\" style=\"font-size:60px;background:#006fb9;border-style:solid;border-color:#ffffff;border-width:5px;padding:10px;border-radius:100px;display:inline-block;\" >\n\t<img decoding=\"async\" class=\"img-icon\" alt=\"Fragezeichen\" src=\"https:\/\/www.stadtwerke-landshut.de\/wp-content\/uploads\/fragezeichen_icon.png\"\/>\n<\/div><\/div><\/div><\/div><div class=\"aio-icon-header\" ><h3 class=\"aio-icon-title ult-responsive\"  data-ultimate-target='#Info-box-wrap-9381 .aio-icon-title'  data-responsive-json-new='{\"font-size\":\"\",\"line-height\":\"\"}'  style=\"\">S\u0131k\u00e7a Sorulan Sorular (SSS) &amp; Bilgi<\/h3><\/div> <!-- header --><div class=\"aio-icon-description ult-responsive\"  data-ultimate-target='#Info-box-wrap-9381 .aio-icon-description'  data-responsive-json-new='{\"font-size\":\"\",\"line-height\":\"\"}'  style=\"\"><span style=\"color: black;\">Yer de\u011fi\u015ftirme, tarife de\u011fi\u015fikli\u011fi, saya\u00e7 okuma veya elektrik fiyat\u0131 ile ilgili sorular - burada s\u0131k\u00e7a sorulan bir\u00e7ok soruya bilgi ve cevaplar bulacaks\u0131n\u0131z.<\/span><\/p>\n<p>\u00bbDaha fazla bilgi<\/div> <!-- description --><\/div> <!-- aio-icon-box --><\/a><\/div> <!-- aio-icon-component --><\/div><\/div><\/div><\/div><div class=\"vc_row-full-width vc_clearfix\"><\/div><div data-vc-full-width=\"true\" data-vc-full-width-temp=\"true\" data-vc-full-width-init=\"false\" class=\"vc_row wpb_row vc_row-fluid\"><div class=\"wpb_column vc_column_container vc_col-sm-12\"><div class=\"vc_column-inner\"><div class=\"wpb_wrapper\"><div class=\"ult-spacer spacer-69e8f9938f3c7\" data-id=\"69e8f9938f3c7\" data-height=\"200\" data-height-mobile=\"50\" data-height-tab=\"\" data-height-tab-portrait=\"\" data-height-mobile-landscape=\"100\" style=\"clear:both;display:block;\"><\/div><h2 style=\"text-align: center\" class=\"vc_custom_heading vc_do_custom_heading weiss\" >\u00c7evre dostu mobil olmak ister misiniz?<\/h2>\n\t<div class=\"wpb_text_column wpb_content_element weiss\" >\n\t\t<div class=\"wpb_wrapper\">\n\t\t\t<h4 style=\"text-align: center;\">\u015eehir i\u00e7i otob\u00fcslerde bir yolcu olarak, bu kolayd\u0131r.<br \/>\nS\u0131k m\u0131 yoksa arada s\u0131rada m\u0131 s\u00fcr\u00fcc\u00fc oldu\u011funuzu.<\/h4>\n\n\t\t<\/div>\n\t<\/div>\n<div class=\"ult-spacer spacer-69e8f9938f6b9\" data-id=\"69e8f9938f6b9\" data-height=\"15\" data-height-mobile=\"15\" data-height-tab=\"15\" data-height-tab-portrait=\"\" data-height-mobile-landscape=\"\" style=\"clear:both;display:block;\"><\/div><div class=\"vc_btn3-container vc_btn3-center vc_do_btn\" ><a class=\"vc_general vc_btn3 vc_btn3-size-md vc_btn3-shape-square vc_btn3-style-outline vc_btn3-icon-left vc_btn3-color-default\" href=\"https:\/\/www.stadtwerke-landshut.de\/tr\/mobilitaet\/busfahren\/#4\" title=\"otob\u00fcs seyahat\" target=\"_blank\"><i class=\"vc_btn3-icon fa fa-angle-double-right\"><\/i> \u015eimdi biletleri ve fiyatlar\u0131 g\u00f6ster<\/a><\/div><div class=\"ult-spacer spacer-69e8f9938f909\" data-id=\"69e8f9938f909\" data-height=\"200\" data-height-mobile=\"50\" data-height-tab=\"\" data-height-tab-portrait=\"\" data-height-mobile-landscape=\"100\" style=\"clear:both;display:block;\"><\/div><\/div><\/div><\/div><\/div><div class=\"vc_row-full-width vc_clearfix\"><\/div><!-- Row Backgrounds --><div class=\"upb_bg_img\" data-ultimate-bg=\"url(https:\/\/www.stadtwerke-landshut.de\/wp-content\/uploads\/Mobilt\u00e4t-Landshut-1.jpg)\" data-image-id=\"id^5677|url^https:\/\/www.stadtwerke-landshut.de\/wp-content\/uploads\/Mobilt\u00e4t-Landshut-1.jpg|caption^null|alt^null|title^Mobilt\u00e4t Landshut|description^null\" data-ultimate-bg-style=\"vcpb-default\" data-bg-img-repeat=\"repeat\" data-bg-img-size=\"cover\" data-bg-img-position=\"\" data-parallx_sense=\"30\" data-bg-override=\"0\" data-bg_img_attach=\"scroll\" data-upb-overlay-color=\"rgba(0,0,0,0.45)\" data-upb-bg-animation=\"\" data-fadeout=\"\" data-bg-animation=\"left-animation\" data-bg-animation-type=\"h\" data-animation-repeat=\"repeat\" data-fadeout-percentage=\"30\" data-parallax-content=\"\" data-parallax-content-sense=\"30\" data-row-effect-mobile-disable=\"true\" data-img-parallax-mobile-disable=\"true\" data-rtl=\"false\"  data-custom-vc-row=\"\"  data-vc=\"8.7.2\"  data-is_old_vc=\"\"  data-theme-support=\"\"   data-overlay=\"true\" data-overlay-color=\"rgba(0,0,0,0.45)\" data-overlay-pattern=\"\" data-overlay-pattern-opacity=\"0.8\" data-overlay-pattern-size=\"\" data-overlay-pattern-attachment=\"scroll\"    ><\/div>\n<\/div>","protected":false},"excerpt":{"rendered":"Tarife &amp; Preise vergleichen G\u00fcnstige Strompreise, eine zuverl\u00e4ssige Stromversorgung und pers\u00f6nliche Ansprechpartner vor Ort \u2013 ist es das, wonach Sie suchen? \u00bb mehr Infos Kundenkarte Lust auf shoppen in Landshut? [...]","protected":false},"author":1,"featured_media":560,"parent":0,"menu_order":0,"comment_status":"closed","ping_status":"closed","template":"","meta":{"_relevanssi_hide_post":"","_relevanssi_hide_content":"","_relevanssi_pin_for_all":"","_relevanssi_pin_keywords":"","_relevanssi_unpin_keywords":"","_relevanssi_related_keywords":"","_relevanssi_related_include_ids":"","_relevanssi_related_exclude_ids":"","_relevanssi_related_no_append":"","_relevanssi_related_not_related":"","_relevanssi_related_posts":"","_relevanssi_noindex_reason":"","footnotes":""},"class_list":["post-17","page","type-page","status-publish","has-post-thumbnail","hentry"],"yoast_head":"<!-- This site is optimized with the Yoast SEO Premium plugin v26.9 (Yoast SEO v26.9) - https:\/\/yoast.com\/product\/yoast-seo-premium-wordpress\/ -->\n<title>Ihr Strom vom regionalen Anbieter - Stadtwerke Landshut<\/title>\n<meta name=\"description\" content=\"G\u00fcnstige Preise, exklusive Kundenkarte \u2013 entdecken Sie die Vorteile unserer zuverl\u00e4ssigen Stromversorgung!\" \/>\n<meta name=\"robots\" content=\"index, follow, max-snippet:-1, max-image-preview:large, max-video-preview:-1\" \/>\n<link rel=\"canonical\" href=\"https:\/\/www.stadtwerke-landshut.de\/tr\/strom\/\" \/>\n<meta property=\"og:locale\" content=\"tr_TR\" \/>\n<meta property=\"og:type\" content=\"article\" \/>\n<meta property=\"og:title\" content=\"Strom\" \/>\n<meta property=\"og:description\" content=\"G\u00fcnstige Preise, exklusive Kundenkarte \u2013 entdecken Sie die Vorteile unserer zuverl\u00e4ssigen Stromversorgung!\" \/>\n<meta property=\"og:url\" content=\"https:\/\/www.stadtwerke-landshut.de\/tr\/strom\/\" \/>\n<meta property=\"og:site_name\" content=\"Stadtwerke Landshut\" \/>\n<meta property=\"article:modified_time\" content=\"2025-05-21T11:21:16+00:00\" \/>\n<meta property=\"og:image\" content=\"https:\/\/www.stadtwerke-landshut.de\/wp-content\/uploads\/2019\/07\/strom-la-nacht-small-e1564479444107.jpg\" \/>\n\t<meta property=\"og:image:width\" content=\"1600\" \/>\n\t<meta property=\"og:image:height\" content=\"452\" \/>\n\t<meta property=\"og:image:type\" content=\"image\/jpeg\" \/>\n<meta name=\"twitter:card\" content=\"summary_large_image\" \/>\n<meta name=\"twitter:label1\" content=\"Tahmini okuma s\u00fcresi\" \/>\n\t<meta name=\"twitter:data1\" content=\"2 dakika\" \/>\n<script type=\"application\/ld+json\" class=\"yoast-schema-graph\">{\"@context\":\"https:\/\/schema.org\",\"@graph\":[{\"@type\":\"WebPage\",\"@id\":\"https:\/\/www.stadtwerke-landshut.de\/strom\/\",\"url\":\"https:\/\/www.stadtwerke-landshut.de\/strom\/\",\"name\":\"Ihr Strom vom regionalen Anbieter - Stadtwerke Landshut\",\"isPartOf\":{\"@id\":\"https:\/\/www.stadtwerke-landshut.de\/es\/#website\"},\"primaryImageOfPage\":{\"@id\":\"https:\/\/www.stadtwerke-landshut.de\/strom\/#primaryimage\"},\"image\":{\"@id\":\"https:\/\/www.stadtwerke-landshut.de\/strom\/#primaryimage\"},\"thumbnailUrl\":\"https:\/\/www.stadtwerke-landshut.de\/wp-content\/uploads\/2019\/07\/strom-la-nacht-small-e1564479444107.jpg\",\"datePublished\":\"2019-04-11T09:38:00+00:00\",\"dateModified\":\"2025-05-21T11:21:16+00:00\",\"description\":\"G\u00fcnstige Preise, exklusive Kundenkarte \u2013 entdecken Sie die Vorteile unserer zuverl\u00e4ssigen Stromversorgung!\",\"breadcrumb\":{\"@id\":\"https:\/\/www.stadtwerke-landshut.de\/strom\/#breadcrumb\"},\"inLanguage\":\"tr\",\"potentialAction\":[{\"@type\":\"ReadAction\",\"target\":[\"https:\/\/www.stadtwerke-landshut.de\/strom\/\"]}]},{\"@type\":\"ImageObject\",\"inLanguage\":\"tr\",\"@id\":\"https:\/\/www.stadtwerke-landshut.de\/strom\/#primaryimage\",\"url\":\"https:\/\/www.stadtwerke-landshut.de\/wp-content\/uploads\/2019\/07\/strom-la-nacht-small-e1564479444107.jpg\",\"contentUrl\":\"https:\/\/www.stadtwerke-landshut.de\/wp-content\/uploads\/2019\/07\/strom-la-nacht-small-e1564479444107.jpg\",\"width\":1600,\"height\":452,\"caption\":\"Strom in der Nacht\"},{\"@type\":\"BreadcrumbList\",\"@id\":\"https:\/\/www.stadtwerke-landshut.de\/strom\/#breadcrumb\",\"itemListElement\":[{\"@type\":\"ListItem\",\"position\":1,\"name\":\"Startseite\",\"item\":\"https:\/\/www.stadtwerke-landshut.de\/\"},{\"@type\":\"ListItem\",\"position\":2,\"name\":\"Strom\"}]},{\"@type\":\"WebSite\",\"@id\":\"https:\/\/www.stadtwerke-landshut.de\/es\/#website\",\"url\":\"https:\/\/www.stadtwerke-landshut.de\/es\/\",\"name\":\"Stadtwerke Landshut\",\"description\":\"Ihr Partner in der Region\",\"publisher\":{\"@id\":\"https:\/\/www.stadtwerke-landshut.de\/es\/#organization\"},\"potentialAction\":[{\"@type\":\"SearchAction\",\"target\":{\"@type\":\"EntryPoint\",\"urlTemplate\":\"https:\/\/www.stadtwerke-landshut.de\/es\/?s={search_term_string}\"},\"query-input\":{\"@type\":\"PropertyValueSpecification\",\"valueRequired\":true,\"valueName\":\"search_term_string\"}}],\"inLanguage\":\"tr\"},{\"@type\":\"Organization\",\"@id\":\"https:\/\/www.stadtwerke-landshut.de\/es\/#organization\",\"name\":\"Stadtwerke Landshut\",\"url\":\"https:\/\/www.stadtwerke-landshut.de\/es\/\",\"logo\":{\"@type\":\"ImageObject\",\"inLanguage\":\"tr\",\"@id\":\"https:\/\/www.stadtwerke-landshut.de\/es\/#\/schema\/logo\/image\/\",\"url\":\"https:\/\/www.stadtwerke-landshut.de\/wp-content\/uploads\/logo-small.png\",\"contentUrl\":\"https:\/\/www.stadtwerke-landshut.de\/wp-content\/uploads\/logo-small.png\",\"width\":215,\"height\":215,\"caption\":\"Stadtwerke Landshut\"},\"image\":{\"@id\":\"https:\/\/www.stadtwerke-landshut.de\/es\/#\/schema\/logo\/image\/\"}}]}<\/script>\n<!-- \/ Yoast SEO Premium plugin. -->","yoast_head_json":{"title":"Ihr Strom vom regionalen Anbieter - Stadtwerke Landshut","description":"G\u00fcnstige Preise, exklusive Kundenkarte \u2013 entdecken Sie die Vorteile unserer zuverl\u00e4ssigen Stromversorgung!","robots":{"index":"index","follow":"follow","max-snippet":"max-snippet:-1","max-image-preview":"max-image-preview:large","max-video-preview":"max-video-preview:-1"},"canonical":"https:\/\/www.stadtwerke-landshut.de\/tr\/strom\/","og_locale":"tr_TR","og_type":"article","og_title":"Strom","og_description":"G\u00fcnstige Preise, exklusive Kundenkarte \u2013 entdecken Sie die Vorteile unserer zuverl\u00e4ssigen Stromversorgung!","og_url":"https:\/\/www.stadtwerke-landshut.de\/tr\/strom\/","og_site_name":"Stadtwerke Landshut","article_modified_time":"2025-05-21T11:21:16+00:00","og_image":[{"width":1600,"height":452,"url":"https:\/\/www.stadtwerke-landshut.de\/wp-content\/uploads\/2019\/07\/strom-la-nacht-small-e1564479444107.jpg","type":"image\/jpeg"}],"twitter_card":"summary_large_image","twitter_misc":{"Tahmini okuma s\u00fcresi":"2 dakika"},"schema":{"@context":"https:\/\/schema.org","@graph":[{"@type":"WebPage","@id":"https:\/\/www.stadtwerke-landshut.de\/strom\/","url":"https:\/\/www.stadtwerke-landshut.de\/strom\/","name":"Ihr Strom vom regionalen Anbieter - Stadtwerke Landshut","isPartOf":{"@id":"https:\/\/www.stadtwerke-landshut.de\/es\/#website"},"primaryImageOfPage":{"@id":"https:\/\/www.stadtwerke-landshut.de\/strom\/#primaryimage"},"image":{"@id":"https:\/\/www.stadtwerke-landshut.de\/strom\/#primaryimage"},"thumbnailUrl":"https:\/\/www.stadtwerke-landshut.de\/wp-content\/uploads\/2019\/07\/strom-la-nacht-small-e1564479444107.jpg","datePublished":"2019-04-11T09:38:00+00:00","dateModified":"2025-05-21T11:21:16+00:00","description":"G\u00fcnstige Preise, exklusive Kundenkarte \u2013 entdecken Sie die Vorteile unserer zuverl\u00e4ssigen Stromversorgung!","breadcrumb":{"@id":"https:\/\/www.stadtwerke-landshut.de\/strom\/#breadcrumb"},"inLanguage":"tr","potentialAction":[{"@type":"ReadAction","target":["https:\/\/www.stadtwerke-landshut.de\/strom\/"]}]},{"@type":"ImageObject","inLanguage":"tr","@id":"https:\/\/www.stadtwerke-landshut.de\/strom\/#primaryimage","url":"https:\/\/www.stadtwerke-landshut.de\/wp-content\/uploads\/2019\/07\/strom-la-nacht-small-e1564479444107.jpg","contentUrl":"https:\/\/www.stadtwerke-landshut.de\/wp-content\/uploads\/2019\/07\/strom-la-nacht-small-e1564479444107.jpg","width":1600,"height":452,"caption":"Strom in der Nacht"},{"@type":"BreadcrumbList","@id":"https:\/\/www.stadtwerke-landshut.de\/strom\/#breadcrumb","itemListElement":[{"@type":"ListItem","position":1,"name":"Startseite","item":"https:\/\/www.stadtwerke-landshut.de\/"},{"@type":"ListItem","position":2,"name":"Strom"}]},{"@type":"WebSite","@id":"https:\/\/www.stadtwerke-landshut.de\/es\/#website","url":"https:\/\/www.stadtwerke-landshut.de\/es\/","name":"Stadtwerke Landshut","description":"B\u00f6lgedeki orta\u011f\u0131n\u0131z","publisher":{"@id":"https:\/\/www.stadtwerke-landshut.de\/es\/#organization"},"potentialAction":[{"@type":"SearchAction","target":{"@type":"EntryPoint","urlTemplate":"https:\/\/www.stadtwerke-landshut.de\/es\/?s={search_term_string}"},"query-input":{"@type":"PropertyValueSpecification","valueRequired":true,"valueName":"search_term_string"}}],"inLanguage":"tr"},{"@type":"Organization","@id":"https:\/\/www.stadtwerke-landshut.de\/es\/#organization","name":"Stadtwerke Landshut","url":"https:\/\/www.stadtwerke-landshut.de\/es\/","logo":{"@type":"ImageObject","inLanguage":"tr","@id":"https:\/\/www.stadtwerke-landshut.de\/es\/#\/schema\/logo\/image\/","url":"https:\/\/www.stadtwerke-landshut.de\/wp-content\/uploads\/logo-small.png","contentUrl":"https:\/\/www.stadtwerke-landshut.de\/wp-content\/uploads\/logo-small.png","width":215,"height":215,"caption":"Stadtwerke Landshut"},"image":{"@id":"https:\/\/www.stadtwerke-landshut.de\/es\/#\/schema\/logo\/image\/"}}]}},"publishpress_future_action":{"enabled":false,"date":"2026-04-29 18:38:43","action":"change-status","newStatus":"draft","terms":[],"taxonomy":"","extraData":[]},"publishpress_future_workflow_manual_trigger":{"enabledWorkflows":[]},"_links":{"self":[{"href":"https:\/\/www.stadtwerke-landshut.de\/tr\/wp-json\/wp\/v2\/pages\/17","targetHints":{"allow":["GET"]}}],"collection":[{"href":"https:\/\/www.stadtwerke-landshut.de\/tr\/wp-json\/wp\/v2\/pages"}],"about":[{"href":"https:\/\/www.stadtwerke-landshut.de\/tr\/wp-json\/wp\/v2\/types\/page"}],"author":[{"embeddable":true,"href":"https:\/\/www.stadtwerke-landshut.de\/tr\/wp-json\/wp\/v2\/users\/1"}],"replies":[{"embeddable":true,"href":"https:\/\/www.stadtwerke-landshut.de\/tr\/wp-json\/wp\/v2\/comments?post=17"}],"version-history":[{"count":157,"href":"https:\/\/www.stadtwerke-landshut.de\/tr\/wp-json\/wp\/v2\/pages\/17\/revisions"}],"predecessor-version":[{"id":26720,"href":"https:\/\/www.stadtwerke-landshut.de\/tr\/wp-json\/wp\/v2\/pages\/17\/revisions\/26720"}],"wp:featuredmedia":[{"embeddable":true,"href":"https:\/\/www.stadtwerke-landshut.de\/tr\/wp-json\/wp\/v2\/media\/560"}],"wp:attachment":[{"href":"https:\/\/www.stadtwerke-landshut.de\/tr\/wp-json\/wp\/v2\/media?parent=17"}],"curies":[{"name":"wp","href":"https:\/\/api.w.org\/{rel}","templated":true}]}}