{"id":26899,"date":"2025-06-23T10:02:35","date_gmt":"2025-06-23T08:02:35","guid":{"rendered":"https:\/\/www.stadtwerke-landshut.de\/?page_id=26899"},"modified":"2026-02-11T14:35:17","modified_gmt":"2026-02-11T13:35:17","slug":"barrierefreiheit","status":"publish","type":"page","link":"https:\/\/www.stadtwerke-landshut.de\/tr\/barrierefreiheit\/","title":{"rendered":"Barrierefreiheit"},"content":{"rendered":"<div class=\"wpb-content-wrapper\"><div class=\"vc_row wpb_row vc_row-fluid\"><div class=\"wpb_column vc_column_container vc_col-sm-12\"><div class=\"vc_column-inner\"><div class=\"wpb_wrapper\">\n\t<div class=\"wpb_text_column wpb_content_element\" >\n\t\t<div class=\"wpb_wrapper\">\n\t\t\t\n\t\t<\/div>\n\t<\/div>\n<\/div><\/div><\/div><\/div><div class=\"vc_row wpb_row vc_row-fluid no-padding\"><div class=\"wpb_column vc_column_container vc_col-sm-12\"><div class=\"vc_column-inner\"><div class=\"wpb_wrapper\"><div class=\"ult-spacer spacer-69db161182e1f\" data-id=\"69db161182e1f\" data-height=\"15\" data-height-mobile=\"15\" data-height-tab=\"15\" data-height-tab-portrait=\"\" data-height-mobile-landscape=\"\" style=\"clear:both;display:block;\"><\/div><\/div><\/div><\/div><\/div><div data-vc-full-width=\"true\" data-vc-full-width-temp=\"true\" data-vc-full-width-init=\"false\" class=\"vc_row wpb_row vc_row-fluid tauschen\"><div class=\"wpb_column vc_column_container vc_col-sm-12\"><div class=\"vc_column-inner\"><div class=\"wpb_wrapper\">\n\t<div class=\"wpb_text_column wpb_content_element blau\" >\n\t\t<div class=\"wpb_wrapper\">\n\t\t\t<h1>Erkl\u00e4rung zur Barrierefreiheit<\/h1>\n\n\t\t<\/div>\n\t<\/div>\n\n\t<div class=\"wpb_text_column wpb_content_element\" >\n\t\t<div class=\"wpb_wrapper\">\n\t\t\t<p>Diese Erkl\u00e4rung zur Barrierefreiheit (Stand: 18. Juni 2025) gem\u00e4\u00df EU-Richtlinie 2016\/2102 und entsprechenden nationalen Rechtsvorschriften gilt f\u00fcr die aktuell unter <a href=\"https:\/\/www.stadtwerke-landshut.de\/tr\/\">https:\/\/www.stadtwerke-landshut.de<\/a> erreichbare Internetseite der Stadtwerke Landshut.<br \/>\nDie Stadtwerke Landshut arbeiten kontinuierlich daran, ihre Websites und Anwendungen barrierefrei zug\u00e4nglich zu machen und f\u00fcr m\u00f6glichst viele Menschen so einfach wie m\u00f6glich zu gestalten.<\/p>\n\n\t\t<\/div>\n\t<\/div>\n<div class=\"ult-spacer spacer-69db161183254\" data-id=\"69db161183254\" data-height=\"30\" data-height-mobile=\"30\" data-height-tab=\"30\" data-height-tab-portrait=\"\" data-height-mobile-landscape=\"\" style=\"clear:both;display:block;\"><\/div>\n\t<div class=\"wpb_text_column wpb_content_element\" >\n\t\t<div class=\"wpb_wrapper\">\n\t\t\t<h5 class=\"grau\">Erstellung der Erkl\u00e4rung zur Barrierefreiheit<\/h5>\n<p>Diese Erkl\u00e4rung wurde am 18. Juni 2025 erstellt. Die \u00dcberpr\u00fcfung der Barrierefreiheit erfolgte zuvor von einem externen Dientsleister unter Hinzunahme des Web Accessibility Evaluation Tool (Wave).<br \/>\nAufgrund dieser \u00dcberpr\u00fcfung ist die Website mit den zuvor genannten Anforderungen \u00fcberwieged barrierefrei.<\/p>\n\n\t\t<\/div>\n\t<\/div>\n<div class=\"ult-spacer spacer-69db16118330c\" data-id=\"69db16118330c\" data-height=\"30\" data-height-mobile=\"30\" data-height-tab=\"30\" data-height-tab-portrait=\"\" data-height-mobile-landscape=\"\" style=\"clear:both;display:block;\"><\/div>\n\t<div class=\"wpb_text_column wpb_content_element\" >\n\t\t<div class=\"wpb_wrapper\">\n\t\t\t<h5 class=\"grau\">Unterst\u00fctzung der barrierefreien Website-Nutzung<\/h5>\n<p>Zur Verbesserung der Barrierefreiheit steht ein Eingabehilfen-Plug-in zur Verf\u00fcgung. Die Einstellungen k\u00f6nnen \u00fcber das Barierrefreiheitssymbol abgerufen werden oder alternativ \u00fcber die Tastenkombination \u201cALT + 1\u201d. Alle Funktionen k\u00f6nnen auch mit der Tastatur gesteuert werden<br \/>\nDieses Tool erlaubt eine eigene Anpassung von:<\/p>\n<ul>\n<li>Schriftgr\u00f6\u00dfe<\/li>\n<li>Kontrast<\/li>\n<li>Hervorhebung von Links<\/li>\n<li>Aktivieren eines Bildschirmlesers<\/li>\n<li>Nutzung der Profile, um mehrere Einstellungen gleichzeitig zu aktivieren.<\/li>\n<\/ul>\n\n\t\t<\/div>\n\t<\/div>\n<div class=\"ult-spacer spacer-69db1611833ce\" data-id=\"69db1611833ce\" data-height=\"30\" data-height-mobile=\"30\" data-height-tab=\"30\" data-height-tab-portrait=\"\" data-height-mobile-landscape=\"\" style=\"clear:both;display:block;\"><\/div>\n\t<div class=\"wpb_text_column wpb_content_element\" >\n\t\t<div class=\"wpb_wrapper\">\n\t\t\t<h5 class=\"grau\">Nicht barrierefreie Inhalte<\/h5>\n<p>Im Einzelnen sind die folgenden Punkte nicht vollst\u00e4ndig mit den f\u00fcr uns geltenden Vorschriften zur Barrierefreiheit vereinbar:<br \/>\nEinige PDF-Dokumente\/Downloads: Die auf der Stadtwerke-Landshut-Website abrufbaren PDF-Dokumente werden von zahlreichen internen Stellen in unterschiedlicher Qualit\u00e4t zugeliefert. In Zukunft sollen die von den Stadtwerken Landshut erstellten PDF-Dokumente nach und nach in einer barrierefreien, maschinenlesbaren Version bereitgestellt werden.<br \/>\nDie Farbkontraste entsprechen zum Teil nicht den Kriterien f\u00fcr Barrierefreiheit (k\u00f6nnen jedoch mit dem Eingabehilfen-Plug-in angepasst werden).<br \/>\nAnwendungen von Drittanbietern sind noch nicht vollst\u00e4ndig barrierefrei bedienbar. Darunter fallen:<\/p>\n<ul>\n<li>das Energiekundenportal: <a href=\"https:\/\/login.stadtwerke-landshut.de\/oauth2\/authorize?redirect_uri=https%3A%2F%2Fenergieportal.stadtwerke-landshut.de%2Foauth%2Fcallback&amp;nonce=81c2a510989d6f4265b19d87e030b697&amp;code_challenge=Agnbia11z4JL5iYG8tnVpoFCAYq4cQ02mrTqksNw0os&amp;scope=openid%20offline_access&amp;client_id=46e912be-1b6c-4a77-bbf8-4793a8f11504&amp;code_challenge_method=S256&amp;state=27201d1d8d0eea9bc32dc0a47a86189a&amp;response_type=code\" target=\"_blank\" rel=\"noopener\">https:\/\/energieportal.stadtwerke-landshut.de\/<\/a><\/li>\n<li>das E-Ticketportal: <a href=\"https:\/\/eticket.stadtwerke-landshut.de\/auth\/realms\/SWL\/protocol\/openid-connect\/auth?client_id=ivu.fare.customer-webportal&amp;redirect_uri=https%3A%2F%2Feticket.stadtwerke-landshut.de%2Fmy-contracts&amp;state=0d201c66-8ddf-451c-9e52-6c56313c6f3f&amp;response_mode=fragment&amp;response_type=code&amp;scope=openid&amp;nonce=127e6d0d-bf3a-4885-8a04-e76b4d019d42\" target=\"_blank\" rel=\"noopener\">https:\/\/eticket.stadtwerke-landshut.de<\/a><\/li>\n<li>das Hausanschlussportal: <a href=\"https:\/\/dna.stadtwerke-landshut.de\" target=\"_blank\" rel=\"noopener\">https:\/\/dna.stadtwerke-landshut.de <\/a>\/<\/li>\n<li>die Online-Planauskunft: <a href=\"https:\/\/planauskunft.landshut.de\/ona\/#\/login\" target=\"_blank\" rel=\"noopener\">https:\/\/planauskunft.landshut.de\/ona\/#\/login<\/a><\/li>\n<\/ul>\n<p>An der Behebung der Stellen, die nicht barrierefrei sind, arbeiten wir und unsere Dienstleister kontinuierlich weiter.<\/p>\n\n\t\t<\/div>\n\t<\/div>\n<div class=\"ult-spacer spacer-69db1611834a5\" data-id=\"69db1611834a5\" data-height=\"30\" data-height-mobile=\"30\" data-height-tab=\"30\" data-height-tab-portrait=\"\" data-height-mobile-landscape=\"\" style=\"clear:both;display:block;\"><\/div>\n\t<div class=\"wpb_text_column wpb_content_element\" >\n\t\t<div class=\"wpb_wrapper\">\n\t\t\t<h5 class=\"grau\">Feedback und Kontaktangaben<\/h5>\n<p>Sind Ihnen M\u00e4ngel beim barrierefreien Zugang zu Inhalten auf der Internetseite aufgefallen oder wollen Sie Inhalte, die nicht barrierefrei dargestellt werden, anfordern? Dann melden Sie sich gerne bei uns. Nutzen Sie diesen Kontakt:<br \/>\nStadtwerke Landshut, Marketing &amp; Unternehmenskommunikation, Christoph-Dorner-Stra\u00dfe 9, 84028 Landshut<br \/>\nE-posta: <a href=\"mailto:marketing@stadtwerke-landshut.de\">marketing@stadtwerke-landshut.de<\/a><\/p>\n\n\t\t<\/div>\n\t<\/div>\n<div class=\"ult-spacer spacer-69db161183558\" data-id=\"69db161183558\" data-height=\"30\" data-height-mobile=\"30\" data-height-tab=\"30\" data-height-tab-portrait=\"\" data-height-mobile-landscape=\"\" style=\"clear:both;display:block;\"><\/div>\n\t<div class=\"wpb_text_column wpb_content_element\" >\n\t\t<div class=\"wpb_wrapper\">\n\t\t\t<h5 class=\"grau\">Durchsetzungsverfahren<\/h5>\n<p>Im Rahmen eines Durchsetzungsverfahrens haben Sie hier die M\u00f6glichkeit, online einen Antrag auf Pr\u00fcfung der Einhaltung der Anforderungen an die Barrierefreiheit zu stellen.<\/p>\n\n\t\t<\/div>\n\t<\/div>\n<div class=\"ult-spacer spacer-69db161183604\" data-id=\"69db161183604\" data-height=\"30\" data-height-mobile=\"30\" data-height-tab=\"30\" data-height-tab-portrait=\"\" data-height-mobile-landscape=\"\" style=\"clear:both;display:block;\"><\/div>\n\t<div class=\"wpb_text_column wpb_content_element\" >\n\t\t<div class=\"wpb_wrapper\">\n\t\t\t<h5 class=\"grau\">Kontaktdaten der Durchsetzungsstelle:<\/h5>\n<p>Landesamt f\u00fcr Digitalisierung, Breitband und Vermessung<br \/>\nIT-Dienstleistungszentrum des Freistaats Bayern<br \/>\nDurchsetzungs- und \u00dcberwachungsstelle f\u00fcr barrierefreie Informationstechnik<br \/>\nSt.-Martin-Stra\u00dfe 47<br \/>\n81541 M\u00fcnchen<br \/>\nE-posta: <a href=\"mailto:bitv@bayern.de\">bitv@bayern.de<\/a><br \/>\nWebsite: <a href=\"https:\/\/www.ldbv.bayern.de\/digitalisierung\/bitv\/\" target=\"_blank&quot;\">www.ldbv.bayern.de\/digitalisierung\/bitv.html<\/a><\/p>\n\n\t\t<\/div>\n\t<\/div>\n<div class=\"ult-spacer spacer-69db1611836c6\" data-id=\"69db1611836c6\" data-height=\"30\" data-height-mobile=\"30\" data-height-tab=\"30\" data-height-tab-portrait=\"\" data-height-mobile-landscape=\"\" style=\"clear:both;display:block;\"><\/div>\n\t<div class=\"wpb_text_column wpb_content_element downloadliste\" >\n\t\t<div class=\"wpb_wrapper\">\n\t\t\t<ul>\n<li><a href=\"https:\/\/www.stadtwerke-landshut.de\/wp-content\/uploads\/250618-Barrierefreiheitserklaerung.pdf?ver=1\" target=\"_blank\" rel=\"noopener noreferrer\">Download der Barrierefreiheitserkl\u00e4rung<\/a><\/li>\n<\/ul>\n\n\t\t<\/div>\n\t<\/div>\n<div class=\"ult-spacer spacer-69db16118377c\" data-id=\"69db16118377c\" data-height=\"30\" data-height-mobile=\"30\" data-height-tab=\"30\" data-height-tab-portrait=\"\" data-height-mobile-landscape=\"\" style=\"clear:both;display:block;\"><\/div><\/div><\/div><\/div><\/div><div class=\"vc_row-full-width vc_clearfix\"><\/div><div class=\"vc_row wpb_row vc_row-fluid\"><div class=\"wpb_column vc_column_container vc_col-sm-12\"><div class=\"vc_column-inner\"><div class=\"wpb_wrapper\">\n\t<div class=\"wpb_text_column wpb_content_element\" >\n\t\t<div class=\"wpb_wrapper\">\n\t\t\t\n\t\t<\/div>\n\t<\/div>\n<\/div><\/div><\/div><\/div><div class=\"vc_row wpb_row vc_row-fluid\"><div class=\"wpb_column vc_column_container vc_col-sm-12\"><div class=\"vc_column-inner\"><div class=\"wpb_wrapper\">\n\t<div class=\"wpb_text_column wpb_content_element\" >\n\t\t<div class=\"wpb_wrapper\">\n\t\t\t\n\t\t<\/div>\n\t<\/div>\n<\/div><\/div><\/div><\/div>\n<\/div>","protected":false},"excerpt":{"rendered":"Erkl\u00e4rung zur Barrierefreiheit Diese Erkl\u00e4rung zur Barrierefreiheit (Stand: 18. Juni 2025) gem\u00e4\u00df EU-Richtlinie 2016\/2102 und entsprechenden nationalen Rechtsvorschriften gilt f\u00fcr die aktuell unter https:\/\/www.stadtwerke-landshut.de erreichbare Internetseite der Stadtwerke Landshut. Die [...]","protected":false},"author":5,"featured_media":0,"parent":0,"menu_order":0,"comment_status":"closed","ping_status":"closed","template":"","meta":{"_relevanssi_hide_post":"","_relevanssi_hide_content":"","_relevanssi_pin_for_all":"","_relevanssi_pin_keywords":"","_relevanssi_unpin_keywords":"","_relevanssi_related_keywords":"","_relevanssi_related_include_ids":"","_relevanssi_related_exclude_ids":"","_relevanssi_related_no_append":"","_relevanssi_related_not_related":"","_relevanssi_related_posts":"","_relevanssi_noindex_reason":"","footnotes":""},"class_list":["post-26899","page","type-page","status-publish","hentry"],"yoast_head":"<!-- This site is optimized with the Yoast SEO Premium plugin v26.9 (Yoast SEO v26.9) - https:\/\/yoast.com\/product\/yoast-seo-premium-wordpress\/ -->\n<title>Barrierefreiheit - Stadtwerke Landshut<\/title>\n<meta name=\"robots\" content=\"index, follow, max-snippet:-1, max-image-preview:large, max-video-preview:-1\" \/>\n<link rel=\"canonical\" href=\"https:\/\/www.stadtwerke-landshut.de\/tr\/barrierefreiheit\/\" \/>\n<meta property=\"og:locale\" content=\"tr_TR\" \/>\n<meta property=\"og:type\" content=\"article\" \/>\n<meta property=\"og:title\" content=\"Barrierefreiheit\" \/>\n<meta property=\"og:url\" content=\"https:\/\/www.stadtwerke-landshut.de\/tr\/barrierefreiheit\/\" \/>\n<meta property=\"og:site_name\" content=\"Stadtwerke Landshut\" \/>\n<meta property=\"article:modified_time\" content=\"2026-02-11T13:35:17+00:00\" \/>\n<meta name=\"twitter:card\" content=\"summary_large_image\" \/>\n<meta name=\"twitter:label1\" content=\"Tahmini okuma s\u00fcresi\" \/>\n\t<meta name=\"twitter:data1\" content=\"3 dakika\" \/>\n<script type=\"application\/ld+json\" class=\"yoast-schema-graph\">{\"@context\":\"https:\/\/schema.org\",\"@graph\":[{\"@type\":\"WebPage\",\"@id\":\"https:\/\/www.stadtwerke-landshut.de\/barrierefreiheit\/\",\"url\":\"https:\/\/www.stadtwerke-landshut.de\/barrierefreiheit\/\",\"name\":\"Barrierefreiheit - Stadtwerke Landshut\",\"isPartOf\":{\"@id\":\"https:\/\/www.stadtwerke-landshut.de\/es\/#website\"},\"datePublished\":\"2025-06-23T08:02:35+00:00\",\"dateModified\":\"2026-02-11T13:35:17+00:00\",\"breadcrumb\":{\"@id\":\"https:\/\/www.stadtwerke-landshut.de\/barrierefreiheit\/#breadcrumb\"},\"inLanguage\":\"tr\",\"potentialAction\":[{\"@type\":\"ReadAction\",\"target\":[\"https:\/\/www.stadtwerke-landshut.de\/barrierefreiheit\/\"]}]},{\"@type\":\"BreadcrumbList\",\"@id\":\"https:\/\/www.stadtwerke-landshut.de\/barrierefreiheit\/#breadcrumb\",\"itemListElement\":[{\"@type\":\"ListItem\",\"position\":1,\"name\":\"Startseite\",\"item\":\"https:\/\/www.stadtwerke-landshut.de\/\"},{\"@type\":\"ListItem\",\"position\":2,\"name\":\"Barrierefreiheit\"}]},{\"@type\":\"WebSite\",\"@id\":\"https:\/\/www.stadtwerke-landshut.de\/es\/#website\",\"url\":\"https:\/\/www.stadtwerke-landshut.de\/es\/\",\"name\":\"Stadtwerke Landshut\",\"description\":\"Ihr Partner in der Region\",\"publisher\":{\"@id\":\"https:\/\/www.stadtwerke-landshut.de\/es\/#organization\"},\"potentialAction\":[{\"@type\":\"SearchAction\",\"target\":{\"@type\":\"EntryPoint\",\"urlTemplate\":\"https:\/\/www.stadtwerke-landshut.de\/es\/?s={search_term_string}\"},\"query-input\":{\"@type\":\"PropertyValueSpecification\",\"valueRequired\":true,\"valueName\":\"search_term_string\"}}],\"inLanguage\":\"tr\"},{\"@type\":\"Organization\",\"@id\":\"https:\/\/www.stadtwerke-landshut.de\/es\/#organization\",\"name\":\"Stadtwerke Landshut\",\"url\":\"https:\/\/www.stadtwerke-landshut.de\/es\/\",\"logo\":{\"@type\":\"ImageObject\",\"inLanguage\":\"tr\",\"@id\":\"https:\/\/www.stadtwerke-landshut.de\/es\/#\/schema\/logo\/image\/\",\"url\":\"https:\/\/www.stadtwerke-landshut.de\/wp-content\/uploads\/logo-small.png\",\"contentUrl\":\"https:\/\/www.stadtwerke-landshut.de\/wp-content\/uploads\/logo-small.png\",\"width\":215,\"height\":215,\"caption\":\"Stadtwerke Landshut\"},\"image\":{\"@id\":\"https:\/\/www.stadtwerke-landshut.de\/es\/#\/schema\/logo\/image\/\"}}]}<\/script>\n<!-- \/ Yoast SEO Premium plugin. -->","yoast_head_json":{"title":"Barrierefreiheit - Stadtwerke Landshut","robots":{"index":"index","follow":"follow","max-snippet":"max-snippet:-1","max-image-preview":"max-image-preview:large","max-video-preview":"max-video-preview:-1"},"canonical":"https:\/\/www.stadtwerke-landshut.de\/tr\/barrierefreiheit\/","og_locale":"tr_TR","og_type":"article","og_title":"Barrierefreiheit","og_url":"https:\/\/www.stadtwerke-landshut.de\/tr\/barrierefreiheit\/","og_site_name":"Stadtwerke Landshut","article_modified_time":"2026-02-11T13:35:17+00:00","twitter_card":"summary_large_image","twitter_misc":{"Tahmini okuma s\u00fcresi":"3 dakika"},"schema":{"@context":"https:\/\/schema.org","@graph":[{"@type":"WebPage","@id":"https:\/\/www.stadtwerke-landshut.de\/barrierefreiheit\/","url":"https:\/\/www.stadtwerke-landshut.de\/barrierefreiheit\/","name":"Barrierefreiheit - Stadtwerke Landshut","isPartOf":{"@id":"https:\/\/www.stadtwerke-landshut.de\/es\/#website"},"datePublished":"2025-06-23T08:02:35+00:00","dateModified":"2026-02-11T13:35:17+00:00","breadcrumb":{"@id":"https:\/\/www.stadtwerke-landshut.de\/barrierefreiheit\/#breadcrumb"},"inLanguage":"tr","potentialAction":[{"@type":"ReadAction","target":["https:\/\/www.stadtwerke-landshut.de\/barrierefreiheit\/"]}]},{"@type":"BreadcrumbList","@id":"https:\/\/www.stadtwerke-landshut.de\/barrierefreiheit\/#breadcrumb","itemListElement":[{"@type":"ListItem","position":1,"name":"Startseite","item":"https:\/\/www.stadtwerke-landshut.de\/"},{"@type":"ListItem","position":2,"name":"Barrierefreiheit"}]},{"@type":"WebSite","@id":"https:\/\/www.stadtwerke-landshut.de\/es\/#website","url":"https:\/\/www.stadtwerke-landshut.de\/es\/","name":"Stadtwerke Landshut","description":"B\u00f6lgedeki orta\u011f\u0131n\u0131z","publisher":{"@id":"https:\/\/www.stadtwerke-landshut.de\/es\/#organization"},"potentialAction":[{"@type":"SearchAction","target":{"@type":"EntryPoint","urlTemplate":"https:\/\/www.stadtwerke-landshut.de\/es\/?s={search_term_string}"},"query-input":{"@type":"PropertyValueSpecification","valueRequired":true,"valueName":"search_term_string"}}],"inLanguage":"tr"},{"@type":"Organization","@id":"https:\/\/www.stadtwerke-landshut.de\/es\/#organization","name":"Stadtwerke Landshut","url":"https:\/\/www.stadtwerke-landshut.de\/es\/","logo":{"@type":"ImageObject","inLanguage":"tr","@id":"https:\/\/www.stadtwerke-landshut.de\/es\/#\/schema\/logo\/image\/","url":"https:\/\/www.stadtwerke-landshut.de\/wp-content\/uploads\/logo-small.png","contentUrl":"https:\/\/www.stadtwerke-landshut.de\/wp-content\/uploads\/logo-small.png","width":215,"height":215,"caption":"Stadtwerke Landshut"},"image":{"@id":"https:\/\/www.stadtwerke-landshut.de\/es\/#\/schema\/logo\/image\/"}}]}},"publishpress_future_action":{"enabled":false,"date":"2026-04-19 05:48:33","action":"change-status","newStatus":"draft","terms":[],"taxonomy":"","extraData":[]},"publishpress_future_workflow_manual_trigger":{"enabledWorkflows":[]},"_links":{"self":[{"href":"https:\/\/www.stadtwerke-landshut.de\/tr\/wp-json\/wp\/v2\/pages\/26899","targetHints":{"allow":["GET"]}}],"collection":[{"href":"https:\/\/www.stadtwerke-landshut.de\/tr\/wp-json\/wp\/v2\/pages"}],"about":[{"href":"https:\/\/www.stadtwerke-landshut.de\/tr\/wp-json\/wp\/v2\/types\/page"}],"author":[{"embeddable":true,"href":"https:\/\/www.stadtwerke-landshut.de\/tr\/wp-json\/wp\/v2\/users\/5"}],"replies":[{"embeddable":true,"href":"https:\/\/www.stadtwerke-landshut.de\/tr\/wp-json\/wp\/v2\/comments?post=26899"}],"version-history":[{"count":13,"href":"https:\/\/www.stadtwerke-landshut.de\/tr\/wp-json\/wp\/v2\/pages\/26899\/revisions"}],"predecessor-version":[{"id":27760,"href":"https:\/\/www.stadtwerke-landshut.de\/tr\/wp-json\/wp\/v2\/pages\/26899\/revisions\/27760"}],"wp:attachment":[{"href":"https:\/\/www.stadtwerke-landshut.de\/tr\/wp-json\/wp\/v2\/media?parent=26899"}],"curies":[{"name":"wp","href":"https:\/\/api.w.org\/{rel}","templated":true}]}}