{"id":4143,"date":"2019-09-03T17:37:02","date_gmt":"2019-09-03T15:37:02","guid":{"rendered":"https:\/\/www.stadtwerke-landshut.de\/?page_id=4143"},"modified":"2019-09-23T14:07:01","modified_gmt":"2019-09-23T12:07:01","slug":"kurse-sicher-im-stadtbus","status":"publish","type":"page","link":"https:\/\/www.stadtwerke-landshut.de\/tr\/mobilitaet\/busfahren\/kurse-sicher-im-stadtbus\/","title":{"rendered":"\u015eehir i\u00e7i otob\u00fcste g\u00fcvenli kurslar"},"content":{"rendered":"<div class=\"wpb-content-wrapper\"><div class=\"vc_row wpb_row vc_row-fluid\"><div class=\"wpb_column vc_column_container vc_col-sm-12\"><div class=\"vc_column-inner\"><div class=\"wpb_wrapper\"><div class=\"ult-spacer spacer-69e8fc3d2b4f5\" data-id=\"69e8fc3d2b4f5\" data-height=\"15\" data-height-mobile=\"15\" data-height-tab=\"15\" data-height-tab-portrait=\"\" data-height-mobile-landscape=\"\" style=\"clear:both;display:block;\"><\/div><\/div><\/div><\/div><\/div><div class=\"vc_row wpb_row vc_row-fluid\"><div class=\"wpb_column vc_column_container vc_col-sm-6\"><div class=\"vc_column-inner\"><div class=\"wpb_wrapper\"><div class=\"ult-content-box-container\" >\t\t<div class=\"ult-content-box\" style=\"background-image:url(&#039;https:\/\/www.stadtwerke-landshut.de\/wp-content\/uploads\/senioren_bus.jpg&#039;);background-size: cover;background-repeat: no-repeat;background-position: center center;background-color: rgba(0, 0, 0, 0);box-shadow: px px px px none;border-style:solid;border-width:1px;border-color:#f4f4f4;-webkit-transition: all 700ms ease;-moz-transition: all 700ms ease;-ms-transition: all 700ms ease;-o-transition: all 700ms ease;transition: all 700ms ease;\"  data-hover_box_shadow=\"none\"  data-hover_border_color=\"#f4f4f4\"     data-border_color=\"#f4f4f4\" ><div class=\"ult-spacer spacer-69e8fc3d2bbe4\" data-id=\"69e8fc3d2bbe4\" data-height=\"250\" data-height-mobile=\"250\" data-height-tab=\"250\" data-height-tab-portrait=\"\" data-height-mobile-landscape=\"\" style=\"clear:both;display:block;\"><\/div>\t\t<\/div><\/div><div class=\"ult-spacer spacer-69e8fc3d2bbfb\" data-id=\"69e8fc3d2bbfb\" data-height=\"15\" data-height-mobile=\"15\" data-height-tab=\"15\" data-height-tab-portrait=\"\" data-height-mobile-landscape=\"\" style=\"clear:both;display:block;\"><\/div><h3 style=\"text-align: left\" class=\"vc_custom_heading vc_do_custom_heading grau equal1\" >Mobil Art\u0131! ya\u015fl\u0131lar i\u00e7in<\/h3>\n\t<div class=\"wpb_text_column wpb_content_element equal2\" >\n\t\t<div class=\"wpb_wrapper\">\n\t\t\t<p>Mobil art\u0131! g\u00f6n\u00fcll\u00fc ajans Landshut (fala) ve Stadtwerke Landshut taraf\u0131ndan sunulan ya\u015fl\u0131lar ve \u00f6z\u00fcrl\u00fcler i\u00e7in bir programd\u0131r. Mobil olmak temel bir insan ihtiyac\u0131d\u0131r. Kendine iyi bakabilmek ve sosyal faaliyetlerde bulunabilmek ya\u015fam kalitesini artt\u0131r\u0131r.<\/p>\n<p>Mobil plus&#039;\u0131n amac\u0131, insanlar\u0131n ya\u015fl\u0131l\u0131kta kendi mobilitelerine girmelerine yard\u0131mc\u0131 olmak i\u00e7in uygulamal\u0131 egzersizlerle g\u00fcvenlik e\u011fitimi sa\u011flamakt\u0131r. Hareketlilik kursuna kat\u0131lanlar, \u00f6rne\u011fin \u00f6zel olarak sa\u011flanan bir \u015fehir otob\u00fcs\u00fcne giri\u015f ve \u00e7\u0131k\u0131\u015f yapabilirler.<\/p>\n<p>\u015eehir i\u00e7i otob\u00fcsle yaln\u0131z seyahat edece\u011finize art\u0131k g\u00fcvenmiyorsan\u0131z, fala size g\u00f6n\u00fcll\u00fc ve e\u011fitimli bir antren\u00f6r arkada\u015f\u0131 sa\u011flayacakt\u0131r.<\/p>\n<p>Mobil plus! Hakk\u0131nda daha fazla bilgi i\u00e7in, hareketlilik kurslar\u0131 i\u00e7in ge\u00e7erli tarihlerin yan\u0131 s\u0131ra g\u00f6n\u00fcll\u00fcl\u00fck gereklilikleri de mevcuttur. <a href=\"http:\/\/www.freiwilligen-agentur-landshut.de\" target=\"_blank\" rel=\"noopener noreferrer\"> www.freiwilligen-agentur-landshut.de<\/a> Mevcut.<\/p>\n<p>\u0130leti\u015fim bilgileri 0871 2066 2730 numaral\u0131 telefondan veya e-posta yoluyla <a href=\"mailto:info@freiwilligen-agentur-landshut.de\">info@freiwilligen-agentur-landshut.de<\/a><\/p>\n\n\t\t<\/div>\n\t<\/div>\n<div class=\"ult-spacer spacer-69e8fc3d2bf1c\" data-id=\"69e8fc3d2bf1c\" data-height=\"30\" data-height-mobile=\"30\" data-height-tab=\"30\" data-height-tab-portrait=\"\" data-height-mobile-landscape=\"\" style=\"clear:both;display:block;\"><\/div><\/div><\/div><\/div><div class=\"wpb_column vc_column_container vc_col-sm-6\"><div class=\"vc_column-inner\"><div class=\"wpb_wrapper\"><div class=\"ult-content-box-container\" >\t\t<div class=\"ult-content-box\" style=\"background-image:url(&#039;https:\/\/www.stadtwerke-landshut.de\/wp-content\/uploads\/kids_bus.jpg&#039;);background-size: cover;background-repeat: no-repeat;background-position: center center;background-color: rgba(0, 0, 0, 0);box-shadow: px px px px none;border-style:solid;border-width:1px;border-color:#f4f4f4;-webkit-transition: all 700ms ease;-moz-transition: all 700ms ease;-ms-transition: all 700ms ease;-o-transition: all 700ms ease;transition: all 700ms ease;\"  data-hover_box_shadow=\"none\"  data-hover_border_color=\"#f4f4f4\"     data-border_color=\"#f4f4f4\" ><div class=\"ult-spacer spacer-69e8fc3d2c23d\" data-id=\"69e8fc3d2c23d\" data-height=\"250\" data-height-mobile=\"250\" data-height-tab=\"250\" data-height-tab-portrait=\"\" data-height-mobile-landscape=\"\" style=\"clear:both;display:block;\"><\/div>\t\t<\/div><\/div><div class=\"ult-spacer spacer-69e8fc3d2c252\" data-id=\"69e8fc3d2c252\" data-height=\"15\" data-height-mobile=\"15\" data-height-tab=\"15\" data-height-tab-portrait=\"\" data-height-mobile-landscape=\"\" style=\"clear:both;display:block;\"><\/div><h3 style=\"text-align: left\" class=\"vc_custom_heading vc_do_custom_heading grau equal1\" >Gen\u00e7ler i\u00e7in Cool2school<\/h3>\n\t<div class=\"wpb_text_column wpb_content_element equal2\" >\n\t\t<div class=\"wpb_wrapper\">\n\t\t\t<p>2008&#039;den bu yana, g\u00f6n\u00fcll\u00fc okul otob\u00fcs\u00fc s\u00fcr\u00fcc\u00fcleri, okullar\u0131n \u00f6n\u00fcndeki duraklarda ve okul otob\u00fcslerinde d\u00fczen sa\u011flamak i\u00e7in Stadtwerke Landshut \u015fehir otob\u00fcslerine do\u011fru yola \u00e7\u0131kmaktad\u0131r. Schulbuslotsen, 14 ya\u015f\u0131ndan b\u00fcy\u00fck, toplam alt\u0131 Landshut okulundan gen\u00e7ler. Gen\u00e7ler \u00e7at\u0131\u015fmalar\u0131 \u00f6nlemeye ve zor durumlar\u0131 \u00e7\u00f6zmeye yard\u0131mc\u0131 oluyor.<br \/>\nProje g\u00f6n\u00fcll\u00fc ajans\u0131 Landshut (fala) taraf\u0131ndan Stadtwerke Landshut, trafik polisi ve Landshut polis karakolu ile i\u015fbirli\u011fi i\u00e7inde d\u00fczenleniyor. Ek olarak, Dominik Brunner Vakf\u0131 projeyi desteklemektedir.<br \/>\n\u0130lgilenen \u00f6\u011frenciler okullar\u0131n\u0131n sekretaryas\u0131 hakk\u0131nda bilgi alabilir veya fala ile irtibata ge\u00e7ebilirler (<a href=\"http:\/\/www.freiwilligen-agentur-landshut.de\/\" target=\"_blank\" rel=\"noopener noreferrer\">www.freiwilligen-agentur-landshut.de<\/a>ileti\u015fim).<br \/>\n\u0130leti\u015fim bilgileri 0871 2066 2730 numaral\u0131 telefondan veya e-posta yoluyla <a href=\"mailto:info@freiwilligen-agentur-landshut.de\">info@freiwilligen-agentur-landshut.de<\/a><\/p>\n\n\t\t<\/div>\n\t<\/div>\n<div class=\"ult-spacer spacer-69e8fc3d2c41c\" data-id=\"69e8fc3d2c41c\" data-height=\"30\" data-height-mobile=\"30\" data-height-tab=\"30\" data-height-tab-portrait=\"\" data-height-mobile-landscape=\"\" style=\"clear:both;display:block;\"><\/div><\/div><\/div><\/div><\/div>\n<\/div>","protected":false},"excerpt":{"rendered":"Mobil Plus! f\u00fcr Senioren Mobil plus! ist ein Programm f\u00fcr Senioren und Menschen mit Handicap, das die Freiwilligen Agentur Landshut (fala) und die Stadtwerke Landshut anbieten. Mobil zu sein, ist [...]","protected":false},"author":5,"featured_media":4156,"parent":4078,"menu_order":0,"comment_status":"closed","ping_status":"closed","template":"","meta":{"_relevanssi_hide_post":"","_relevanssi_hide_content":"","_relevanssi_pin_for_all":"","_relevanssi_pin_keywords":"","_relevanssi_unpin_keywords":"","_relevanssi_related_keywords":"","_relevanssi_related_include_ids":"","_relevanssi_related_exclude_ids":"","_relevanssi_related_no_append":"","_relevanssi_related_not_related":"","_relevanssi_related_posts":"","_relevanssi_noindex_reason":"","footnotes":""},"class_list":["post-4143","page","type-page","status-publish","has-post-thumbnail","hentry"],"yoast_head":"<!-- This site is optimized with the Yoast SEO Premium plugin v26.9 (Yoast SEO v26.9) - https:\/\/yoast.com\/product\/yoast-seo-premium-wordpress\/ -->\n<title>Kurse &quot;Sicher im Stadtbus&quot; - Stadtwerke Landshut<\/title>\n<meta name=\"description\" content=\"Mit Mobil Plus! und Cool2school bieten wir Ihnen Kurse und Sicherheitstrainings. F\u00fchlen Sie sich sicher in unserem Stadtbus!\" \/>\n<meta name=\"robots\" content=\"index, follow, max-snippet:-1, max-image-preview:large, max-video-preview:-1\" \/>\n<link rel=\"canonical\" href=\"https:\/\/www.stadtwerke-landshut.de\/tr\/mobilitaet\/busfahren\/kurse-sicher-im-stadtbus\/\" \/>\n<meta property=\"og:locale\" content=\"tr_TR\" \/>\n<meta property=\"og:type\" content=\"article\" \/>\n<meta property=\"og:title\" content=\"Kurse sicher im Stadtbus\" \/>\n<meta property=\"og:description\" content=\"Mit Mobil Plus! und Cool2school bieten wir Ihnen Kurse und Sicherheitstrainings. F\u00fchlen Sie sich sicher in unserem Stadtbus!\" \/>\n<meta property=\"og:url\" content=\"https:\/\/www.stadtwerke-landshut.de\/tr\/mobilitaet\/busfahren\/kurse-sicher-im-stadtbus\/\" \/>\n<meta property=\"og:site_name\" content=\"Stadtwerke Landshut\" \/>\n<meta property=\"article:modified_time\" content=\"2019-09-23T12:07:01+00:00\" \/>\n<meta property=\"og:image\" content=\"https:\/\/www.stadtwerke-landshut.de\/wp-content\/uploads\/kurse_bus_kopf.jpg\" \/>\n\t<meta property=\"og:image:width\" content=\"1600\" \/>\n\t<meta property=\"og:image:height\" content=\"452\" \/>\n\t<meta property=\"og:image:type\" content=\"image\/jpeg\" \/>\n<meta name=\"twitter:card\" content=\"summary_large_image\" \/>\n<meta name=\"twitter:label1\" content=\"Tahmini okuma s\u00fcresi\" \/>\n\t<meta name=\"twitter:data1\" content=\"2 dakika\" \/>\n<script type=\"application\/ld+json\" class=\"yoast-schema-graph\">{\"@context\":\"https:\/\/schema.org\",\"@graph\":[{\"@type\":\"WebPage\",\"@id\":\"https:\/\/www.stadtwerke-landshut.de\/mobilitaet\/busfahren\/kurse-sicher-im-stadtbus\/\",\"url\":\"https:\/\/www.stadtwerke-landshut.de\/mobilitaet\/busfahren\/kurse-sicher-im-stadtbus\/\",\"name\":\"Kurse \\\"Sicher im Stadtbus\\\" - Stadtwerke Landshut\",\"isPartOf\":{\"@id\":\"https:\/\/www.stadtwerke-landshut.de\/es\/#website\"},\"primaryImageOfPage\":{\"@id\":\"https:\/\/www.stadtwerke-landshut.de\/mobilitaet\/busfahren\/kurse-sicher-im-stadtbus\/#primaryimage\"},\"image\":{\"@id\":\"https:\/\/www.stadtwerke-landshut.de\/mobilitaet\/busfahren\/kurse-sicher-im-stadtbus\/#primaryimage\"},\"thumbnailUrl\":\"https:\/\/www.stadtwerke-landshut.de\/wp-content\/uploads\/kurse_bus_kopf.jpg\",\"datePublished\":\"2019-09-03T15:37:02+00:00\",\"dateModified\":\"2019-09-23T12:07:01+00:00\",\"description\":\"Mit Mobil Plus! und Cool2school bieten wir Ihnen Kurse und Sicherheitstrainings. F\u00fchlen Sie sich sicher in unserem Stadtbus!\",\"breadcrumb\":{\"@id\":\"https:\/\/www.stadtwerke-landshut.de\/mobilitaet\/busfahren\/kurse-sicher-im-stadtbus\/#breadcrumb\"},\"inLanguage\":\"tr\",\"potentialAction\":[{\"@type\":\"ReadAction\",\"target\":[\"https:\/\/www.stadtwerke-landshut.de\/mobilitaet\/busfahren\/kurse-sicher-im-stadtbus\/\"]}]},{\"@type\":\"ImageObject\",\"inLanguage\":\"tr\",\"@id\":\"https:\/\/www.stadtwerke-landshut.de\/mobilitaet\/busfahren\/kurse-sicher-im-stadtbus\/#primaryimage\",\"url\":\"https:\/\/www.stadtwerke-landshut.de\/wp-content\/uploads\/kurse_bus_kopf.jpg\",\"contentUrl\":\"https:\/\/www.stadtwerke-landshut.de\/wp-content\/uploads\/kurse_bus_kopf.jpg\",\"width\":1600,\"height\":452,\"caption\":\"Kurse sicher im Stadtbus\"},{\"@type\":\"BreadcrumbList\",\"@id\":\"https:\/\/www.stadtwerke-landshut.de\/mobilitaet\/busfahren\/kurse-sicher-im-stadtbus\/#breadcrumb\",\"itemListElement\":[{\"@type\":\"ListItem\",\"position\":1,\"name\":\"Startseite\",\"item\":\"https:\/\/www.stadtwerke-landshut.de\/\"},{\"@type\":\"ListItem\",\"position\":2,\"name\":\"Mobilit\u00e4t\",\"item\":\"https:\/\/www.stadtwerke-landshut.de\/mobilitaet\/\"},{\"@type\":\"ListItem\",\"position\":3,\"name\":\"Busfahren\",\"item\":\"https:\/\/www.stadtwerke-landshut.de\/mobilitaet\/busfahren\/\"},{\"@type\":\"ListItem\",\"position\":4,\"name\":\"Kurse sicher im Stadtbus\"}]},{\"@type\":\"WebSite\",\"@id\":\"https:\/\/www.stadtwerke-landshut.de\/es\/#website\",\"url\":\"https:\/\/www.stadtwerke-landshut.de\/es\/\",\"name\":\"Stadtwerke Landshut\",\"description\":\"Ihr Partner in der Region\",\"publisher\":{\"@id\":\"https:\/\/www.stadtwerke-landshut.de\/es\/#organization\"},\"potentialAction\":[{\"@type\":\"SearchAction\",\"target\":{\"@type\":\"EntryPoint\",\"urlTemplate\":\"https:\/\/www.stadtwerke-landshut.de\/es\/?s={search_term_string}\"},\"query-input\":{\"@type\":\"PropertyValueSpecification\",\"valueRequired\":true,\"valueName\":\"search_term_string\"}}],\"inLanguage\":\"tr\"},{\"@type\":\"Organization\",\"@id\":\"https:\/\/www.stadtwerke-landshut.de\/es\/#organization\",\"name\":\"Stadtwerke Landshut\",\"url\":\"https:\/\/www.stadtwerke-landshut.de\/es\/\",\"logo\":{\"@type\":\"ImageObject\",\"inLanguage\":\"tr\",\"@id\":\"https:\/\/www.stadtwerke-landshut.de\/es\/#\/schema\/logo\/image\/\",\"url\":\"https:\/\/www.stadtwerke-landshut.de\/wp-content\/uploads\/logo-small.png\",\"contentUrl\":\"https:\/\/www.stadtwerke-landshut.de\/wp-content\/uploads\/logo-small.png\",\"width\":215,\"height\":215,\"caption\":\"Stadtwerke Landshut\"},\"image\":{\"@id\":\"https:\/\/www.stadtwerke-landshut.de\/es\/#\/schema\/logo\/image\/\"}}]}<\/script>\n<!-- \/ Yoast SEO Premium plugin. -->","yoast_head_json":{"title":"Kurse \"Sicher im Stadtbus\" - Stadtwerke Landshut","description":"Mit Mobil Plus! und Cool2school bieten wir Ihnen Kurse und Sicherheitstrainings. F\u00fchlen Sie sich sicher in unserem Stadtbus!","robots":{"index":"index","follow":"follow","max-snippet":"max-snippet:-1","max-image-preview":"max-image-preview:large","max-video-preview":"max-video-preview:-1"},"canonical":"https:\/\/www.stadtwerke-landshut.de\/tr\/mobilitaet\/busfahren\/kurse-sicher-im-stadtbus\/","og_locale":"tr_TR","og_type":"article","og_title":"Kurse sicher im Stadtbus","og_description":"Mit Mobil Plus! und Cool2school bieten wir Ihnen Kurse und Sicherheitstrainings. F\u00fchlen Sie sich sicher in unserem Stadtbus!","og_url":"https:\/\/www.stadtwerke-landshut.de\/tr\/mobilitaet\/busfahren\/kurse-sicher-im-stadtbus\/","og_site_name":"Stadtwerke Landshut","article_modified_time":"2019-09-23T12:07:01+00:00","og_image":[{"width":1600,"height":452,"url":"https:\/\/www.stadtwerke-landshut.de\/wp-content\/uploads\/kurse_bus_kopf.jpg","type":"image\/jpeg"}],"twitter_card":"summary_large_image","twitter_misc":{"Tahmini okuma s\u00fcresi":"2 dakika"},"schema":{"@context":"https:\/\/schema.org","@graph":[{"@type":"WebPage","@id":"https:\/\/www.stadtwerke-landshut.de\/mobilitaet\/busfahren\/kurse-sicher-im-stadtbus\/","url":"https:\/\/www.stadtwerke-landshut.de\/mobilitaet\/busfahren\/kurse-sicher-im-stadtbus\/","name":"Kurse \"Sicher im Stadtbus\" - Stadtwerke Landshut","isPartOf":{"@id":"https:\/\/www.stadtwerke-landshut.de\/es\/#website"},"primaryImageOfPage":{"@id":"https:\/\/www.stadtwerke-landshut.de\/mobilitaet\/busfahren\/kurse-sicher-im-stadtbus\/#primaryimage"},"image":{"@id":"https:\/\/www.stadtwerke-landshut.de\/mobilitaet\/busfahren\/kurse-sicher-im-stadtbus\/#primaryimage"},"thumbnailUrl":"https:\/\/www.stadtwerke-landshut.de\/wp-content\/uploads\/kurse_bus_kopf.jpg","datePublished":"2019-09-03T15:37:02+00:00","dateModified":"2019-09-23T12:07:01+00:00","description":"Mit Mobil Plus! und Cool2school bieten wir Ihnen Kurse und Sicherheitstrainings. F\u00fchlen Sie sich sicher in unserem Stadtbus!","breadcrumb":{"@id":"https:\/\/www.stadtwerke-landshut.de\/mobilitaet\/busfahren\/kurse-sicher-im-stadtbus\/#breadcrumb"},"inLanguage":"tr","potentialAction":[{"@type":"ReadAction","target":["https:\/\/www.stadtwerke-landshut.de\/mobilitaet\/busfahren\/kurse-sicher-im-stadtbus\/"]}]},{"@type":"ImageObject","inLanguage":"tr","@id":"https:\/\/www.stadtwerke-landshut.de\/mobilitaet\/busfahren\/kurse-sicher-im-stadtbus\/#primaryimage","url":"https:\/\/www.stadtwerke-landshut.de\/wp-content\/uploads\/kurse_bus_kopf.jpg","contentUrl":"https:\/\/www.stadtwerke-landshut.de\/wp-content\/uploads\/kurse_bus_kopf.jpg","width":1600,"height":452,"caption":"Kurse sicher im Stadtbus"},{"@type":"BreadcrumbList","@id":"https:\/\/www.stadtwerke-landshut.de\/mobilitaet\/busfahren\/kurse-sicher-im-stadtbus\/#breadcrumb","itemListElement":[{"@type":"ListItem","position":1,"name":"Startseite","item":"https:\/\/www.stadtwerke-landshut.de\/"},{"@type":"ListItem","position":2,"name":"Mobilit\u00e4t","item":"https:\/\/www.stadtwerke-landshut.de\/mobilitaet\/"},{"@type":"ListItem","position":3,"name":"Busfahren","item":"https:\/\/www.stadtwerke-landshut.de\/mobilitaet\/busfahren\/"},{"@type":"ListItem","position":4,"name":"Kurse sicher im Stadtbus"}]},{"@type":"WebSite","@id":"https:\/\/www.stadtwerke-landshut.de\/es\/#website","url":"https:\/\/www.stadtwerke-landshut.de\/es\/","name":"Stadtwerke Landshut","description":"B\u00f6lgedeki orta\u011f\u0131n\u0131z","publisher":{"@id":"https:\/\/www.stadtwerke-landshut.de\/es\/#organization"},"potentialAction":[{"@type":"SearchAction","target":{"@type":"EntryPoint","urlTemplate":"https:\/\/www.stadtwerke-landshut.de\/es\/?s={search_term_string}"},"query-input":{"@type":"PropertyValueSpecification","valueRequired":true,"valueName":"search_term_string"}}],"inLanguage":"tr"},{"@type":"Organization","@id":"https:\/\/www.stadtwerke-landshut.de\/es\/#organization","name":"Stadtwerke Landshut","url":"https:\/\/www.stadtwerke-landshut.de\/es\/","logo":{"@type":"ImageObject","inLanguage":"tr","@id":"https:\/\/www.stadtwerke-landshut.de\/es\/#\/schema\/logo\/image\/","url":"https:\/\/www.stadtwerke-landshut.de\/wp-content\/uploads\/logo-small.png","contentUrl":"https:\/\/www.stadtwerke-landshut.de\/wp-content\/uploads\/logo-small.png","width":215,"height":215,"caption":"Stadtwerke Landshut"},"image":{"@id":"https:\/\/www.stadtwerke-landshut.de\/es\/#\/schema\/logo\/image\/"}}]}},"publishpress_future_action":{"enabled":false,"date":"2026-04-29 18:50:05","action":"change-status","newStatus":"draft","terms":[],"taxonomy":"","extraData":[]},"publishpress_future_workflow_manual_trigger":{"enabledWorkflows":[]},"_links":{"self":[{"href":"https:\/\/www.stadtwerke-landshut.de\/tr\/wp-json\/wp\/v2\/pages\/4143","targetHints":{"allow":["GET"]}}],"collection":[{"href":"https:\/\/www.stadtwerke-landshut.de\/tr\/wp-json\/wp\/v2\/pages"}],"about":[{"href":"https:\/\/www.stadtwerke-landshut.de\/tr\/wp-json\/wp\/v2\/types\/page"}],"author":[{"embeddable":true,"href":"https:\/\/www.stadtwerke-landshut.de\/tr\/wp-json\/wp\/v2\/users\/5"}],"replies":[{"embeddable":true,"href":"https:\/\/www.stadtwerke-landshut.de\/tr\/wp-json\/wp\/v2\/comments?post=4143"}],"version-history":[{"count":20,"href":"https:\/\/www.stadtwerke-landshut.de\/tr\/wp-json\/wp\/v2\/pages\/4143\/revisions"}],"predecessor-version":[{"id":5640,"href":"https:\/\/www.stadtwerke-landshut.de\/tr\/wp-json\/wp\/v2\/pages\/4143\/revisions\/5640"}],"up":[{"embeddable":true,"href":"https:\/\/www.stadtwerke-landshut.de\/tr\/wp-json\/wp\/v2\/pages\/4078"}],"wp:featuredmedia":[{"embeddable":true,"href":"https:\/\/www.stadtwerke-landshut.de\/tr\/wp-json\/wp\/v2\/media\/4156"}],"wp:attachment":[{"href":"https:\/\/www.stadtwerke-landshut.de\/tr\/wp-json\/wp\/v2\/media?parent=4143"}],"curies":[{"name":"wp","href":"https:\/\/api.w.org\/{rel}","templated":true}]}}