{"id":494,"date":"2019-06-27T14:22:24","date_gmt":"2019-06-27T12:22:24","guid":{"rendered":"https:\/\/www.stadtwerke-landshut.de\/?page_id=494"},"modified":"2025-03-07T12:05:56","modified_gmt":"2025-03-07T11:05:56","slug":"impressum","status":"publish","type":"page","link":"https:\/\/www.stadtwerke-landshut.de\/tr\/impressum\/","title":{"rendered":"damga"},"content":{"rendered":"<div class=\"wpb-content-wrapper\"><div class=\"vc_row wpb_row vc_row-fluid no-padding\"><div class=\"wpb_column vc_column_container vc_col-sm-12\"><div class=\"vc_column-inner\"><div class=\"wpb_wrapper\"><div class=\"ult-spacer spacer-69e8f9902e5dc\" data-id=\"69e8f9902e5dc\" data-height=\"15\" data-height-mobile=\"15\" data-height-tab=\"15\" data-height-tab-portrait=\"\" data-height-mobile-landscape=\"\" style=\"clear:both;display:block;\"><\/div><\/div><\/div><\/div><\/div><div data-vc-full-width=\"true\" data-vc-full-width-temp=\"true\" data-vc-full-width-init=\"false\" class=\"vc_row wpb_row vc_row-fluid tauschen\"><div class=\"wpb_column vc_column_container vc_col-sm-12\"><div class=\"vc_column-inner\"><div class=\"wpb_wrapper\">\n\t<div class=\"wpb_text_column wpb_content_element\" >\n\t\t<div class=\"wpb_wrapper\">\n\t\t\t<h3 class=\"grau\">Angaben gem\u00e4\u00df <a href=\"https:\/\/www.gesetze-im-internet.de\/ddg\/__5.html\">\u00a7 5 Abs. 1 Digitale-Dienste-Gesetz (DDG)<\/a><\/h3>\n<h5 class=\"grau\">1. Angaben zum Unternehmen<\/h5>\n<p><strong>Name:<\/strong> Stadtwerke Landshut<br \/>\n<strong>Anschrift:<\/strong> Christoph-Dorner-Stra\u00dfe 9, 84028 Landshut (D)<\/p>\n<p><strong>Rechtsform:<\/strong> Kommunaler Eigenbetrieb der <a href=\"http:\/\/www.landshut.de\">Stadt Landshut<\/a><br \/>\n<strong>Werkleiter:\u00a0<\/strong>J\u00fcrgen F\u00fcrst<br \/>\n<strong>Vorsitzender des Werksenats:<\/strong> Zweiter B\u00fcrgermeister Dr. Thomas Haslinger<\/p>\n\n\t\t<\/div>\n\t<\/div>\n<div class=\"ult-spacer spacer-69e8f9902eb9a\" data-id=\"69e8f9902eb9a\" data-height=\"15\" data-height-mobile=\"15\" data-height-tab=\"15\" data-height-tab-portrait=\"\" data-height-mobile-landscape=\"\" style=\"clear:both;display:block;\"><\/div>\n\t<div class=\"wpb_text_column wpb_content_element\" >\n\t\t<div class=\"wpb_wrapper\">\n\t\t\t<h5 class=\"grau\">2. Kontaktm\u00f6glichkeiten<\/h5>\n<p><strong>Allgemein:<\/strong><br \/>\nKundenzentrum<br \/>\nAltstadt 74, 84028 Landshut<br \/>\nTelefon: 0800 0871 871<br \/>\n(kostenfrei aus dem dt. Festnetz)<br \/>\nTelefax: 0871 1436 2052<br \/>\nE-Mail: info[at]stadtwerke-landshut.de<\/p>\n<p><strong>Inhaltlich verantwortlich:<\/strong><br \/>\nSusanne Franck<br \/>\nLeitung Marketing &amp; Unternehmenskommunikation<br \/>\nTelefon: 0800 \/ 0871 871<br \/>\n(kostenfrei aus dem dt. Festnetz;<br \/>\nAbweichungen im Mobilfunknetz m\u00f6glich)<br \/>\nTelefax: 0871 1436 2003<br \/>\nE-Mail: presse[at]stadtwerke-landshut.de<\/p>\n<p><strong>Inhaltlich verantwortlich f\u00fcr das Portal<\/strong> <a href=\"https:\/\/dna.stadtwerke-landshut.de\/\">&#8222;Der Hausanschluss&#8220;<\/a><br \/>\nStefan Synkule<br \/>\nSachgebietsleiter Netzbetrieb<br \/>\nTelefon: 0800 \/ 0871 871<br \/>\n(kostenfrei aus dem dt. Festnetz;<br \/>\nAbweichungen im Mobilfunknetz m\u00f6glich)<br \/>\nTelefax: 0871 1436 2003<br \/>\nE-Mail: netzanschluss[at]stadtwerke-landshut.de<\/p>\n\n\t\t<\/div>\n\t<\/div>\n<div class=\"ult-spacer spacer-69e8f9902eca2\" data-id=\"69e8f9902eca2\" data-height=\"15\" data-height-mobile=\"15\" data-height-tab=\"15\" data-height-tab-portrait=\"\" data-height-mobile-landscape=\"\" style=\"clear:both;display:block;\"><\/div>\n\t<div class=\"wpb_text_column wpb_content_element\" >\n\t\t<div class=\"wpb_wrapper\">\n\t\t\t<h5 class=\"grau\">3. Aufsichtsbeh\u00f6rde(n)<\/h5>\n<p><strong>Allgemeine Aufsicht:<\/strong><br \/>\nRegierung von Niederbayern,<br \/>\nRegierungsplatz 540, 84028 Landshut (D)<br \/>\n<a href=\"https:\/\/regierung.niederbayern.bayern.de\/\" target=\"_blank\" rel=\"noopener noreferrer\">www.regierung.niederbayern.bayern.de<\/a><\/p>\n<p><strong>Regulierungsbeh\u00f6rde:<\/strong><br \/>\nRegulierungskammer des Freistaates Bayern,<br \/>\nBayerische Landesregulierungsbeh\u00f6rde,<br \/>\nPringzegentenstra\u00dfe 28, 80538 M\u00fcnchen (D)<br \/>\n<a href=\"https:\/\/www.regulierungskammer-bayern.de\/\" target=\"_blank\" rel=\"noopener noreferrer\">www.regulierungskammer-bayern.de<\/a><\/p>\n<p><strong>Preisaufsicht:<\/strong><br \/>\nBayerisches Staatsministerium f\u00fcr Wirtschaft und Medien, Energie und Technologie als Landeskartellbeh\u00f6rde,<br \/>\nPrinzregentenstra\u00dfe 28, 80538 M\u00fcnchen (D)<br \/>\n<a href=\"https:\/\/www.bayerische-landeskartellbehoerde.de\/\" target=\"_blank\" rel=\"noopener noreferrer\">www.bayerische-landeskartellbehoerde.de<\/a><\/p>\n\n\t\t<\/div>\n\t<\/div>\n<div class=\"ult-spacer spacer-69e8f9902ed7e\" data-id=\"69e8f9902ed7e\" data-height=\"15\" data-height-mobile=\"15\" data-height-tab=\"15\" data-height-tab-portrait=\"\" data-height-mobile-landscape=\"\" style=\"clear:both;display:block;\"><\/div>\n\t<div class=\"wpb_text_column wpb_content_element\" >\n\t\t<div class=\"wpb_wrapper\">\n\t\t\t<h5 class=\"grau\">4. Handelsregistereintragung<\/h5>\n<p><strong>Registergericht: <\/strong>Amtsgericht Landshut<\/p>\n<p><strong>Nummer: <\/strong>HRA 8267<\/p>\n\n\t\t<\/div>\n\t<\/div>\n<div class=\"ult-spacer spacer-69e8f9902ee37\" data-id=\"69e8f9902ee37\" data-height=\"15\" data-height-mobile=\"15\" data-height-tab=\"15\" data-height-tab-portrait=\"\" data-height-mobile-landscape=\"\" style=\"clear:both;display:block;\"><\/div>\n\t<div class=\"wpb_text_column wpb_content_element\" >\n\t\t<div class=\"wpb_wrapper\">\n\t\t\t<h5 class=\"grau\">5.<\/h5>\n<p>entf\u00e4llt<\/p>\n\n\t\t<\/div>\n\t<\/div>\n<div class=\"ult-spacer spacer-69e8f9902eeef\" data-id=\"69e8f9902eeef\" data-height=\"15\" data-height-mobile=\"15\" data-height-tab=\"15\" data-height-tab-portrait=\"\" data-height-mobile-landscape=\"\" style=\"clear:both;display:block;\"><\/div>\n\t<div class=\"wpb_text_column wpb_content_element\" >\n\t\t<div class=\"wpb_wrapper\">\n\t\t\t<h5 class=\"grau\">6. Angaben nach \u00a7 27 a Umsatzsteuergesetz:<\/h5>\n<p><strong>USt-Ident-Nr.: <\/strong>DE 128 969 415<\/p>\n\n\t\t<\/div>\n\t<\/div>\n<div class=\"ult-spacer spacer-69e8f9902ef9d\" data-id=\"69e8f9902ef9d\" data-height=\"15\" data-height-mobile=\"15\" data-height-tab=\"15\" data-height-tab-portrait=\"\" data-height-mobile-landscape=\"\" style=\"clear:both;display:block;\"><\/div>\n\t<div class=\"wpb_text_column wpb_content_element\" >\n\t\t<div class=\"wpb_wrapper\">\n\t\t\t<h5 class=\"grau\">7.<\/h5>\n<p>entf\u00e4llt<\/p>\n\n\t\t<\/div>\n\t<\/div>\n<div class=\"ult-spacer spacer-69e8f9902f045\" data-id=\"69e8f9902f045\" data-height=\"30\" data-height-mobile=\"30\" data-height-tab=\"30\" data-height-tab-portrait=\"\" data-height-mobile-landscape=\"\" style=\"clear:both;display:block;\"><\/div><\/div><\/div><\/div><\/div><div class=\"vc_row-full-width vc_clearfix\"><\/div>\n<\/div>","protected":false},"excerpt":{"rendered":"Angaben gem\u00e4\u00df \u00a7 5 Abs. 1 Digitale-Dienste-Gesetz (DDG) 1. Angaben zum Unternehmen Name: Stadtwerke Landshut Anschrift: Christoph-Dorner-Stra\u00dfe 9, 84028 Landshut (D) Rechtsform: Kommunaler Eigenbetrieb der Stadt Landshut Werkleiter:\u00a0J\u00fcrgen F\u00fcrst Vorsitzender [...]","protected":false},"author":1,"featured_media":4457,"parent":0,"menu_order":0,"comment_status":"closed","ping_status":"closed","template":"","meta":{"_relevanssi_hide_post":"","_relevanssi_hide_content":"","_relevanssi_pin_for_all":"","_relevanssi_pin_keywords":"","_relevanssi_unpin_keywords":"","_relevanssi_related_keywords":"","_relevanssi_related_include_ids":"","_relevanssi_related_exclude_ids":"","_relevanssi_related_no_append":"","_relevanssi_related_not_related":"","_relevanssi_related_posts":"","_relevanssi_noindex_reason":"","footnotes":""},"class_list":["post-494","page","type-page","status-publish","has-post-thumbnail","hentry"],"yoast_head":"<!-- This site is optimized with the Yoast SEO Premium plugin v26.9 (Yoast SEO v26.9) - https:\/\/yoast.com\/product\/yoast-seo-premium-wordpress\/ -->\n<title>Impressum - Stadtwerke Landshut<\/title>\n<meta name=\"description\" content=\"Im Impressum finden Sie alle wichtigen Daten rund um die Verantwortlichen dieser Seite sowie die redaktionelle F\u00fchrung.\" \/>\n<meta name=\"robots\" content=\"index, follow, max-snippet:-1, max-image-preview:large, max-video-preview:-1\" \/>\n<link rel=\"canonical\" href=\"https:\/\/www.stadtwerke-landshut.de\/tr\/impressum\/\" \/>\n<meta property=\"og:locale\" content=\"tr_TR\" \/>\n<meta property=\"og:type\" content=\"article\" \/>\n<meta property=\"og:title\" content=\"Impressum\" \/>\n<meta property=\"og:description\" content=\"Im Impressum finden Sie alle wichtigen Daten rund um die Verantwortlichen dieser Seite sowie die redaktionelle F\u00fchrung.\" \/>\n<meta property=\"og:url\" content=\"https:\/\/www.stadtwerke-landshut.de\/tr\/impressum\/\" \/>\n<meta property=\"og:site_name\" content=\"Stadtwerke Landshut\" \/>\n<meta property=\"article:modified_time\" content=\"2025-03-07T11:05:56+00:00\" \/>\n<meta property=\"og:image\" content=\"https:\/\/www.stadtwerke-landshut.de\/wp-content\/uploads\/zentrale_kopf.jpg\" \/>\n\t<meta property=\"og:image:width\" content=\"1600\" \/>\n\t<meta property=\"og:image:height\" content=\"452\" \/>\n\t<meta property=\"og:image:type\" content=\"image\/jpeg\" \/>\n<meta name=\"twitter:card\" content=\"summary_large_image\" \/>\n<meta name=\"twitter:label1\" content=\"Tahmini okuma s\u00fcresi\" \/>\n\t<meta name=\"twitter:data1\" content=\"2 dakika\" \/>\n<script type=\"application\/ld+json\" class=\"yoast-schema-graph\">{\"@context\":\"https:\/\/schema.org\",\"@graph\":[{\"@type\":\"WebPage\",\"@id\":\"https:\/\/www.stadtwerke-landshut.de\/impressum\/\",\"url\":\"https:\/\/www.stadtwerke-landshut.de\/impressum\/\",\"name\":\"Impressum - Stadtwerke Landshut\",\"isPartOf\":{\"@id\":\"https:\/\/www.stadtwerke-landshut.de\/es\/#website\"},\"primaryImageOfPage\":{\"@id\":\"https:\/\/www.stadtwerke-landshut.de\/impressum\/#primaryimage\"},\"image\":{\"@id\":\"https:\/\/www.stadtwerke-landshut.de\/impressum\/#primaryimage\"},\"thumbnailUrl\":\"https:\/\/www.stadtwerke-landshut.de\/wp-content\/uploads\/zentrale_kopf.jpg\",\"datePublished\":\"2019-06-27T12:22:24+00:00\",\"dateModified\":\"2025-03-07T11:05:56+00:00\",\"description\":\"Im Impressum finden Sie alle wichtigen Daten rund um die Verantwortlichen dieser Seite sowie die redaktionelle F\u00fchrung.\",\"breadcrumb\":{\"@id\":\"https:\/\/www.stadtwerke-landshut.de\/impressum\/#breadcrumb\"},\"inLanguage\":\"tr\",\"potentialAction\":[{\"@type\":\"ReadAction\",\"target\":[\"https:\/\/www.stadtwerke-landshut.de\/impressum\/\"]}]},{\"@type\":\"ImageObject\",\"inLanguage\":\"tr\",\"@id\":\"https:\/\/www.stadtwerke-landshut.de\/impressum\/#primaryimage\",\"url\":\"https:\/\/www.stadtwerke-landshut.de\/wp-content\/uploads\/zentrale_kopf.jpg\",\"contentUrl\":\"https:\/\/www.stadtwerke-landshut.de\/wp-content\/uploads\/zentrale_kopf.jpg\",\"width\":1600,\"height\":452,\"caption\":\"Zentrale Stadtwerke Landshut\"},{\"@type\":\"BreadcrumbList\",\"@id\":\"https:\/\/www.stadtwerke-landshut.de\/impressum\/#breadcrumb\",\"itemListElement\":[{\"@type\":\"ListItem\",\"position\":1,\"name\":\"Startseite\",\"item\":\"https:\/\/www.stadtwerke-landshut.de\/\"},{\"@type\":\"ListItem\",\"position\":2,\"name\":\"Impressum\"}]},{\"@type\":\"WebSite\",\"@id\":\"https:\/\/www.stadtwerke-landshut.de\/es\/#website\",\"url\":\"https:\/\/www.stadtwerke-landshut.de\/es\/\",\"name\":\"Stadtwerke Landshut\",\"description\":\"Ihr Partner in der Region\",\"publisher\":{\"@id\":\"https:\/\/www.stadtwerke-landshut.de\/es\/#organization\"},\"potentialAction\":[{\"@type\":\"SearchAction\",\"target\":{\"@type\":\"EntryPoint\",\"urlTemplate\":\"https:\/\/www.stadtwerke-landshut.de\/es\/?s={search_term_string}\"},\"query-input\":{\"@type\":\"PropertyValueSpecification\",\"valueRequired\":true,\"valueName\":\"search_term_string\"}}],\"inLanguage\":\"tr\"},{\"@type\":\"Organization\",\"@id\":\"https:\/\/www.stadtwerke-landshut.de\/es\/#organization\",\"name\":\"Stadtwerke Landshut\",\"url\":\"https:\/\/www.stadtwerke-landshut.de\/es\/\",\"logo\":{\"@type\":\"ImageObject\",\"inLanguage\":\"tr\",\"@id\":\"https:\/\/www.stadtwerke-landshut.de\/es\/#\/schema\/logo\/image\/\",\"url\":\"https:\/\/www.stadtwerke-landshut.de\/wp-content\/uploads\/logo-small.png\",\"contentUrl\":\"https:\/\/www.stadtwerke-landshut.de\/wp-content\/uploads\/logo-small.png\",\"width\":215,\"height\":215,\"caption\":\"Stadtwerke Landshut\"},\"image\":{\"@id\":\"https:\/\/www.stadtwerke-landshut.de\/es\/#\/schema\/logo\/image\/\"}}]}<\/script>\n<!-- \/ Yoast SEO Premium plugin. -->","yoast_head_json":{"title":"Impressum - Stadtwerke Landshut","description":"Im Impressum finden Sie alle wichtigen Daten rund um die Verantwortlichen dieser Seite sowie die redaktionelle F\u00fchrung.","robots":{"index":"index","follow":"follow","max-snippet":"max-snippet:-1","max-image-preview":"max-image-preview:large","max-video-preview":"max-video-preview:-1"},"canonical":"https:\/\/www.stadtwerke-landshut.de\/tr\/impressum\/","og_locale":"tr_TR","og_type":"article","og_title":"Impressum","og_description":"Im Impressum finden Sie alle wichtigen Daten rund um die Verantwortlichen dieser Seite sowie die redaktionelle F\u00fchrung.","og_url":"https:\/\/www.stadtwerke-landshut.de\/tr\/impressum\/","og_site_name":"Stadtwerke Landshut","article_modified_time":"2025-03-07T11:05:56+00:00","og_image":[{"width":1600,"height":452,"url":"https:\/\/www.stadtwerke-landshut.de\/wp-content\/uploads\/zentrale_kopf.jpg","type":"image\/jpeg"}],"twitter_card":"summary_large_image","twitter_misc":{"Tahmini okuma s\u00fcresi":"2 dakika"},"schema":{"@context":"https:\/\/schema.org","@graph":[{"@type":"WebPage","@id":"https:\/\/www.stadtwerke-landshut.de\/impressum\/","url":"https:\/\/www.stadtwerke-landshut.de\/impressum\/","name":"Impressum - Stadtwerke Landshut","isPartOf":{"@id":"https:\/\/www.stadtwerke-landshut.de\/es\/#website"},"primaryImageOfPage":{"@id":"https:\/\/www.stadtwerke-landshut.de\/impressum\/#primaryimage"},"image":{"@id":"https:\/\/www.stadtwerke-landshut.de\/impressum\/#primaryimage"},"thumbnailUrl":"https:\/\/www.stadtwerke-landshut.de\/wp-content\/uploads\/zentrale_kopf.jpg","datePublished":"2019-06-27T12:22:24+00:00","dateModified":"2025-03-07T11:05:56+00:00","description":"Im Impressum finden Sie alle wichtigen Daten rund um die Verantwortlichen dieser Seite sowie die redaktionelle F\u00fchrung.","breadcrumb":{"@id":"https:\/\/www.stadtwerke-landshut.de\/impressum\/#breadcrumb"},"inLanguage":"tr","potentialAction":[{"@type":"ReadAction","target":["https:\/\/www.stadtwerke-landshut.de\/impressum\/"]}]},{"@type":"ImageObject","inLanguage":"tr","@id":"https:\/\/www.stadtwerke-landshut.de\/impressum\/#primaryimage","url":"https:\/\/www.stadtwerke-landshut.de\/wp-content\/uploads\/zentrale_kopf.jpg","contentUrl":"https:\/\/www.stadtwerke-landshut.de\/wp-content\/uploads\/zentrale_kopf.jpg","width":1600,"height":452,"caption":"Zentrale Stadtwerke Landshut"},{"@type":"BreadcrumbList","@id":"https:\/\/www.stadtwerke-landshut.de\/impressum\/#breadcrumb","itemListElement":[{"@type":"ListItem","position":1,"name":"Startseite","item":"https:\/\/www.stadtwerke-landshut.de\/"},{"@type":"ListItem","position":2,"name":"Impressum"}]},{"@type":"WebSite","@id":"https:\/\/www.stadtwerke-landshut.de\/es\/#website","url":"https:\/\/www.stadtwerke-landshut.de\/es\/","name":"Stadtwerke Landshut","description":"B\u00f6lgedeki orta\u011f\u0131n\u0131z","publisher":{"@id":"https:\/\/www.stadtwerke-landshut.de\/es\/#organization"},"potentialAction":[{"@type":"SearchAction","target":{"@type":"EntryPoint","urlTemplate":"https:\/\/www.stadtwerke-landshut.de\/es\/?s={search_term_string}"},"query-input":{"@type":"PropertyValueSpecification","valueRequired":true,"valueName":"search_term_string"}}],"inLanguage":"tr"},{"@type":"Organization","@id":"https:\/\/www.stadtwerke-landshut.de\/es\/#organization","name":"Stadtwerke Landshut","url":"https:\/\/www.stadtwerke-landshut.de\/es\/","logo":{"@type":"ImageObject","inLanguage":"tr","@id":"https:\/\/www.stadtwerke-landshut.de\/es\/#\/schema\/logo\/image\/","url":"https:\/\/www.stadtwerke-landshut.de\/wp-content\/uploads\/logo-small.png","contentUrl":"https:\/\/www.stadtwerke-landshut.de\/wp-content\/uploads\/logo-small.png","width":215,"height":215,"caption":"Stadtwerke Landshut"},"image":{"@id":"https:\/\/www.stadtwerke-landshut.de\/es\/#\/schema\/logo\/image\/"}}]}},"publishpress_future_action":{"enabled":false,"date":"2026-04-29 18:38:40","action":"change-status","newStatus":"draft","terms":[],"taxonomy":"","extraData":[]},"publishpress_future_workflow_manual_trigger":{"enabledWorkflows":[]},"_links":{"self":[{"href":"https:\/\/www.stadtwerke-landshut.de\/tr\/wp-json\/wp\/v2\/pages\/494","targetHints":{"allow":["GET"]}}],"collection":[{"href":"https:\/\/www.stadtwerke-landshut.de\/tr\/wp-json\/wp\/v2\/pages"}],"about":[{"href":"https:\/\/www.stadtwerke-landshut.de\/tr\/wp-json\/wp\/v2\/types\/page"}],"author":[{"embeddable":true,"href":"https:\/\/www.stadtwerke-landshut.de\/tr\/wp-json\/wp\/v2\/users\/1"}],"replies":[{"embeddable":true,"href":"https:\/\/www.stadtwerke-landshut.de\/tr\/wp-json\/wp\/v2\/comments?post=494"}],"version-history":[{"count":22,"href":"https:\/\/www.stadtwerke-landshut.de\/tr\/wp-json\/wp\/v2\/pages\/494\/revisions"}],"predecessor-version":[{"id":25527,"href":"https:\/\/www.stadtwerke-landshut.de\/tr\/wp-json\/wp\/v2\/pages\/494\/revisions\/25527"}],"wp:featuredmedia":[{"embeddable":true,"href":"https:\/\/www.stadtwerke-landshut.de\/tr\/wp-json\/wp\/v2\/media\/4457"}],"wp:attachment":[{"href":"https:\/\/www.stadtwerke-landshut.de\/tr\/wp-json\/wp\/v2\/media?parent=494"}],"curies":[{"name":"wp","href":"https:\/\/api.w.org\/{rel}","templated":true}]}}