{"id":5834,"date":"2019-09-20T14:45:15","date_gmt":"2019-09-20T12:45:15","guid":{"rendered":"https:\/\/www.stadtwerke-landshut.de\/?page_id=5834"},"modified":"2023-02-13T09:37:21","modified_gmt":"2023-02-13T08:37:21","slug":"nutzungsbedingungen","status":"publish","type":"page","link":"https:\/\/www.stadtwerke-landshut.de\/tr\/nutzungsbedingungen\/","title":{"rendered":"Kullan\u0131m Ko\u015fullar\u0131"},"content":{"rendered":"<div class=\"wpb-content-wrapper\"><div class=\"vc_row wpb_row vc_row-fluid no-padding\"><div class=\"wpb_column vc_column_container vc_col-sm-12\"><div class=\"vc_column-inner\"><div class=\"wpb_wrapper\"><div class=\"ult-spacer spacer-69e8fbe811282\" data-id=\"69e8fbe811282\" data-height=\"15\" data-height-mobile=\"15\" data-height-tab=\"15\" data-height-tab-portrait=\"\" data-height-mobile-landscape=\"\" style=\"clear:both;display:block;\"><\/div><\/div><\/div><\/div><\/div><div data-vc-full-width=\"true\" data-vc-full-width-temp=\"true\" data-vc-full-width-init=\"false\" class=\"vc_row wpb_row vc_row-fluid tauschen\"><div class=\"wpb_column vc_column_container vc_col-sm-12\"><div class=\"vc_column-inner\"><div class=\"wpb_wrapper\">\n\t<div class=\"wpb_text_column wpb_content_element\" >\n\t\t<div class=\"wpb_wrapper\">\n\t\t\t<h5 class=\"grau\">telif hakk\u0131<\/h5>\n<p>Metinler, resimler, grafikler ve bu web sitesinin tasar\u0131m\u0131 telif haklar\u0131na tabidir. Sizin taraf\u0131n\u0131zdan yaln\u0131zca \u00a7 53 telif hakk\u0131 yasas\u0131 (UrhG) kapsam\u0131nda, \u00f6zel ve di\u011fer kendi kullan\u0131m\u0131n\u0131z i\u00e7in kullan\u0131labilir. Bu sayfalar\u0131n veya b\u00f6l\u00fcmlerin di\u011fer elektronik veya bas\u0131l\u0131 yay\u0131nlarda \u00e7o\u011falt\u0131lmas\u0131 veya kullan\u0131lmas\u0131 ve yay\u0131nlanmas\u0131na yaln\u0131zca bizim iznimizle izin verilir. Bunlar istek \u00fczerine verir. <a href=\"https:\/\/www.stadtwerke-landshut.de\/tr\/impressum\/\">i\u00e7erikten sorumlu<\/a>, Bas\u0131n b\u00fcltenlerinin ve konu\u015fmalar\u0131n \u00e7o\u011falt\u0131lmas\u0131 ve de\u011ferlendirilmesine, kaynak belirtilmesi \u015fart\u0131yla genellikle izin verilir.<\/p>\n<p>Ayr\u0131ca, metinler, resimler, grafikler ve di\u011fer dosyalar tamamen veya k\u0131smen \u00fc\u00e7\u00fcnc\u00fc \u015fah\u0131slar\u0131n telif haklar\u0131na tabi olabilir. \u0130\u00e7erikten sorumlu olan taraflar ayr\u0131ca size \u00fc\u00e7\u00fcnc\u00fc taraflar\u0131n olas\u0131 haklar\u0131n\u0131n varl\u0131\u011f\u0131 hakk\u0131nda daha fazla bilgi verir.<\/p>\n\n\t\t<\/div>\n\t<\/div>\n<div  class=\"vc_do_toggle vc_toggle vc_toggle_text_only vc_toggle_color_default  vc_toggle_size_md   grau\"><div class=\"vc_toggle_title\"><p style=\"text-align: left\" class=\"vc_custom_heading vc_do_custom_heading blau fett\" >\u00bbResim ipu\u00e7lar\u0131<\/p><i class=\"vc_toggle_icon\"><\/i><\/div><div class=\"vc_toggle_content\"><p>Resimler ayr\u0131 olarak belirtilmeyen: \u00a9 Stadtwerke Landshut;<\/p>\n<p>Ana gezinti: At\u0131k su: At\u0131k su ar\u0131tma tesisinin havadan g\u00f6r\u00fcn\u00fcm\u00fc \u00a9 Klaus Leidorf \/ Stadtwerke Landshut | Koton Pedler: \u00a9 anoli \/ Fotolia | Tuvalet t\u0131kal\u0131: \u00a9 Thomas von Stetten - stock.adobe.com | S\u0131\u00e7an banyodan banyoya geliyor: \u00a9 Holger Kirk - stock.adobe.com | Lavaboda su: \u00a9 SkyLine - stock.adobe.com | K\u00f6pek (Golden Retriever) banyo al\u0131r: \u00a9 chalabala.cz - stock.adobe.com | \u015eemsiye ile \u00c7ocuk: \u00a9 Miredi \/ Fotolia | Diz\u00fcst\u00fc bilgisayar\u0131n \u00f6n\u00fcnde bir \u00e7ift: \u00a9 bokan \/ Fotolia | Bah\u00e7eli ev: \u00a9 KB3 - stock.adobe.com | Planlamac\u0131lar\u0131, Mimarlar: \u00a9 REDPIXEL - stock.adobe.com | Kanalizasyon muayenesi: \u00a9 mitifoto \/ Fotolia | S\u0131kma sistemli kal\u0131n bir hortum suyu bir kanala y\u00f6nlendirir: \u00a9 fefufoto - stock.adobe.com | Resim b\u00f6l\u00fcm\u00fc Wellington ya\u011fmurda botlar: \u00a9 Erwin Wodicka - stock.adobe.com | K\u0131z burnunu tutuyor: \u00a9 DRON_FOTO - stock.adobe.com;<\/p>\n<p>Energie: Fotomontage von Stadtwerke Landshut mit Familienfoto von \u00a9 Rido \/ Fotolia | Strom: Landshut bei Nacht: \u00a9 Harry Zdera\/Stadtwerke Landshut | Mann mit Jungen: \u00a9 goodluz \/ Fotolia | Frau und Kind mit Laptop: \u00a9 Yakobchuk Olena &#8211; stock.adobe.com | Kundenkarte: Paar mit Einkaufst\u00fcte: \u00a9 gpointstudio \/ Fotolia | Fotomontage Stadtwerke Landshut mit Foto \u201eFrau mit Karte\u201c von \u00a9 Antonioguillem &#8211; stock.adobe.com | Erdgas: Gasflamme: \u00a9 by-studio &#8211; stock.adobe.com | M\u00e4dchen zeigt Daumen hoch: \u00a9 Eduard Titov \/ Fotolia | Fernw\u00e4rme: Frau schl\u00e4ft l\u00e4chelnd: \u00a9 Amir Kaljikovic \/ Fotolia | Energiedienste: Gl\u00fchbirnen mit Energiesparlampe: \u00a9 BillionPhotos.com \/ Fotolia | Energieberatung: \u00a9 Michael Hackl\/Stadtwerke Landshut | Mann mit Geschirrsp\u00fclmaschine: \u00a9 Andrey Popov \/ Fotolia | Frau mit Sparschwein: \u00a9 contrastwerkstatt \/ Fotolia; | Energiepreise: Thermostat mit Euro-Zeichen: \u00a9 Lightspruch &#8211; Thorsten Nilson &#8211; stock.adobe.com<\/p>\n<p>Mobilite: Otob\u00fcs S\u00fcr\u00fc\u015f\u00fc: Kulakl\u0131kl\u0131 Adam: \u00a9 Halfpoint \/ Fotolia | G\u00fcvenli bir \u015fekilde \u015fehir otob\u00fcs\u00fcnde kurslar: otob\u00fcsteki kad\u0131nlar \u00a9 Viktor Cap 2012 \/ Fotolia | Otob\u00fcste ya\u015fl\u0131lar \u00a9 Monkey Business \/ Fotolia | Duraktaki \u00c7ocuklar: \u00a9 LIGHTFIELD STUDIOS - stock.adobe.com | Fotomontaj Stadtwerke Landshut &quot;Bir otob\u00fcs dura\u011f\u0131nda k\u0131z 10 Euro tutar&quot; foto\u011frafl\u0131 \u00a9 Kaesler Media - stock.adobe.com | E-benzin istasyonlar\u0131: araba anahtarlar\u0131 ile el: \u00a9 Tony Studio Photography - stock.adobe.com | Photomontage Stadtwerke Landshut &quot;gen\u00e7 adam elektrikli arabada ya\u015fas\u0131n g\u00f6sterir&quot; \u00a9 Gerhard Seybert \/ Fotolia | Do\u011falgaz dolum istasyonu: CNG do\u011falgazl\u0131 benzin istasyonuna yol levhas\u0131 ve referans: \u00a9 stadtratte - stock.adobe.com | Araba payla\u015f\u0131m\u0131: devir teslim: \u00a9 Tony Studio Photography - stock.adobe.com;<\/p>\n<p>Stadtbad: havadan foto\u011fraflar: \u00a9 Klaus Leidorf \/ Stadtwerke Landshut | A\u00e7\u0131k havuz: t\u00fcm resimler \u00a9 Christine Vincon \/ Stadtwerke Landshut; \u00c7ocuk annesiyle y\u00fczmeyi \u00f6\u011frenir: \u00a9 \u00a9 artem_goncharov - stock.adobe.com | Kapal\u0131 havuz: Photomontage Stadtwerke Landshut, havuz kenar\u0131nda kad\u0131n\u0131n foto\u011fraf\u0131 ile birlikte \u00a9 goodluz - stock.adobe.com | Photomontage Stadtwerke Landshut grubunun foto\u011fraf\u0131 ile su barda\u011f\u0131 foto\u011fraf \u00a9 Robert Kneschke \/ Fotolia | Pommest\u00fcte: \u00a9 Rafael Classen - www.rclassen.de - stock.adobe.com | Havadan g\u00f6r\u00fcn\u00fc\u015f \u00a9 Klaus Leidorf \/ Stadtwerke Landshut; Y\u00fczme dersleri: Y\u00fczme tahtas\u0131 olan \u00e7ocuk: \u00a9 Family Veldman - stock.adobe.com | Y\u00fczme g\u00f6zl\u00fckl\u00fc \u00e7ocuk: \u00a9 Acik \/ Fotolia | Havuz Noodles ile Yeti\u015fkinler: \u00a9 Robert Kneschke \/ Fotolia | Aqua Zumba Kursu: \u00a9 Robert Kneschke - stock.adobe.com | \u00c7ocuk do\u011fum g\u00fcn\u00fc: \u00a9 Marzanna Syncerz - Fotolia | Senior Water Gymnastics: \u00a9 Robert Kneschke \/ Fotolia;<\/p>\n<p>Su: \u00c7ocuklar limonlu tatl\u0131 su i\u00e7in: \u00a9 Robert Kneschke - stock.adobe.com | Su g\u00f6r\u00fcnt\u00fcs\u00fc: \u00a9 Nobu \/ Fotolia | Kad\u0131n su i\u00e7er: \u00a9 Contrastwerkstatt \/ Fotolia | Musluk: \u00a9 unclepodger - stock.adobe.com\/ Lipskiy Pavel;<\/p>\n<p>Ba\u015f navigasyon: Ticari M\u00fc\u015fteriler: Enerji: G\u00fcne\u015fli Enerji Hatt\u0131: \u00a9 Gina Sanders - stock.adobe.com | Gaz alevi: \u00a9 by-studio - stock.adobe.com; Firma: M\u00fc\u015fteri Merkezi: \u00a9 Michael Hackl \/ Stadtwerke Landshut | \u015eehir Hamam\u0131: \u00a9 Christine Vincon \/ Stadtwerke Landshut | Hava foto\u011fraflar\u0131: \u00a9 Klaus Leidorf \/ Stadtwerke Landshut | Maxwehr (konumlar): Fotomontaj Stadtwerke Landshut, \u00a9 Ralf Zeilhofer; Kariyer: G\u00fcnl\u00fck bir ka\u011f\u0131da JOBS yazan zar: \u00a9 fotogestoeber - stock.adobe.com; Bas\u0131n: Zar Haberleri: \u00a9 made_by_nana - stock.adobe.com<\/p>\n<p>Stickysidebar: Kundenservice: Umzug junge Frau neben Umzugskisten: \u00a9 nenetus \/ Fotolia | Vorsicht vor Betr\u00fcgern: \u00a9 Iakov Filimonov \u2013 stock.adobe.com | Au\u00dfenaufnahmen Kundenzentrum: \u00a9 Michael Hackl\/Stadtwerke Landshut | Schl\u00fcssel mit Haus auf Plan: \u00a9 Robert Kneschke \u2013 stock.adobe.com | Installateursverzeichnis: \u00a9 mihail39 &#8211; stock.adobe.com; Bauherren: Schl\u00fcssel mit Haus auf Plan: \u00a9 Robert Kneschke \u2013 stock.adobe.com Planer, Architekten: \u00a9 REDPIXEL &#8211; stock.adobe.com | Frau an Heizungsanlage: \u00a9 highwaystarz \/ Fotolia | Kundenportal: Frau mit Brille am Laptop: \u00a9 olly &#8211; stock.adobe.com | SWLApp: Fotomontage Stadtwerke Landshut; winkendes Paar im Bus: \u00a9 Iryna Inshyna \u2013 stock.adobe.com<\/p>\n<p>Aktuelle Meldungen | Neuigkeiten &amp; Infos | Presse: Gut gelauntes Paar nutzt ein digitales Tablet zuhause: \u00a9 jackfrog &#8211; stock.adobe.com<\/p>\n<p>Copyright Footer: A\u011flar: G\u00fcne\u015f Enerjili Hat: \u00a9 Gina Sanders - stock.adobe.com |<\/p>\n<\/div><\/div><div class=\"ult-spacer spacer-69e8fbe811d34\" data-id=\"69e8fbe811d34\" data-height=\"15\" data-height-mobile=\"15\" data-height-tab=\"15\" data-height-tab-portrait=\"\" data-height-mobile-landscape=\"\" style=\"clear:both;display:block;\"><\/div>\n\t<div class=\"wpb_text_column wpb_content_element\" >\n\t\t<div class=\"wpb_wrapper\">\n\t\t\t<h5 class=\"grau\">y\u00fck\u00fcml\u00fcl\u00fck<\/h5>\n<p>\u0130nternet teklifinin kullan\u0131c\u0131lar\u0131 ile s\u00f6zle\u015fmeli bir ili\u015fki olu\u015fmuyor. Stadtwerke Landshut, \u00f6nceden haber vermeksizin tek tek web sayfalar\u0131n\u0131 veya teklifin tamam\u0131n\u0131 de\u011fi\u015ftirme, ekleme veya silme veya ge\u00e7ici veya kal\u0131c\u0131 olarak yay\u0131n\u0131 durdurma hakk\u0131n\u0131 a\u00e7\u0131k\u00e7a sakl\u0131 tutar.<\/p>\n<p>Stadtwerke Landshut&#039;un bu web sitesi i\u00e7in sorumlulu\u011fu ayr\u0131ca, ilgili h\u00fck\u00fcmlerin h\u00fck\u00fcmlerine tabidir. <a href=\"https:\/\/www.gesetze-im-internet.de\/tmg\/__7.html\" target=\"_blank\" rel=\"noopener noreferrer\"> \u00a7 7 Telemedia Yasas\u0131 (TMG)<\/a>.<\/p>\n<p>839 BGB (resmi g\u00f6rev ihlali y\u00fck\u00fcml\u00fcl\u00fc\u011f\u00fc) ve Avrupa Hizmetler Direktifi (2006\/123 \/ EC - DLRL Direktifi) h\u00fck\u00fcmleri etkilenmez.<\/p>\n\n\t\t<\/div>\n\t<\/div>\n<div class=\"ult-spacer spacer-69e8fbe811e1f\" data-id=\"69e8fbe811e1f\" data-height=\"15\" data-height-mobile=\"15\" data-height-tab=\"15\" data-height-tab-portrait=\"\" data-height-mobile-landscape=\"\" style=\"clear:both;display:block;\"><\/div>\n\t<div class=\"wpb_text_column wpb_content_element\" >\n\t\t<div class=\"wpb_wrapper\">\n\t\t\t<h5 class=\"grau\">E-postalar (elektronik posta)<\/h5>\n<p><strong>\u015fifreleme<\/strong><br \/>\nTeknik ve organizasyonel nedenlerden dolay\u0131, Stadtwerke Landshut \u015fu anda \u015fifreli e-postalar\u0131 i\u015fleyemiyor. Bize gizli bilgi g\u00f6ndermek istiyorsan\u0131z, mektubu kullanman\u0131z\u0131 rica ederiz.<\/p>\n<p><strong>\u0130zin verilen ekler <\/strong><br \/>\nStadtwerke&#039;ye ekli e-postalar g\u00f6ndermek istiyorsan\u0131z, Stadtwerke&#039;nin piyasadaki t\u00fcm yayg\u0131n dosya bi\u00e7imlerini ve uygulamalar\u0131n\u0131 destekleyemedi\u011fini l\u00fctfen unutmay\u0131n. Standart dosya formatlar\u0131 (\u00f6rne\u011fin, docx, xlsx, pdf, jpg), vir\u00fcs taray\u0131c\u0131m\u0131z\u0131n ekini kontrol edebilmesi ko\u015fuluyla (\u015fifre korumal\u0131 veya makro i\u00e7eren dosyalar kontrol edilemez) ko\u015fuluyla genellikle 20 MB boyutunda bir i\u015flemle i\u015flenebilir. \u00c7al\u0131\u015ft\u0131r\u0131labilir dosyalar (exe, bat vb.) Asla teslim edilmez.<\/p>\n<p><strong>imza<\/strong><br \/>\nMaalesef Stadtwerke Landshut \u015fu anda teknik imzalar\u0131 ve kurumsal nedenlerle \u00f6zg\u00fcnl\u00fck ve ge\u00e7erlili\u011fi i\u00e7in elektronik imzalar\u0131 kontrol edememektedir.<br \/>\nSonu\u00e7 olarak, yaz\u0131l\u0131 bir formata tabi olan belgeleri elektronik ortamda g\u00f6nderemezsiniz. Bu nedenle, sizden bu durumlarda k\u00e2\u011f\u0131t tabanl\u0131 ileti\u015fime ge\u00e7menizi rica ediyoruz.<br \/>\nnotlar<\/p>\n<p>Bu talimatlar sadece Stadtwerke Landshut ile ileti\u015fim i\u00e7in ge\u00e7erlidir ve di\u011fer yetkililer gibi \u00fc\u00e7\u00fcnc\u00fc taraflar\u0131n tekliflerine yap\u0131lan referanslar i\u00e7in ge\u00e7erli de\u011fildir. Bir e-posta i\u015flemezse, al\u0131c\u0131 taraf\u0131ndan bilgilendirilirsiniz. Bu dava z olabilir. B. bilgisayar vir\u00fcsleri, genel teknik problemler veya yukar\u0131daki teknik \u015fartlardan sapmalarla de\u011fi\u015ftirilebilir.<\/p>\n\n\t\t<\/div>\n\t<\/div>\n<div class=\"ult-spacer spacer-69e8fbe811ef1\" data-id=\"69e8fbe811ef1\" data-height=\"30\" data-height-mobile=\"30\" data-height-tab=\"30\" data-height-tab-portrait=\"\" data-height-mobile-landscape=\"\" style=\"clear:both;display:block;\"><\/div><\/div><\/div><\/div><\/div><div class=\"vc_row-full-width vc_clearfix\"><\/div>\n<\/div>","protected":false},"excerpt":{"rendered":"Urheberrecht Texte, Bilder, Grafiken sowie die Gestaltung dieser Internetseiten unterliegen dem Urheberrecht. Sie d\u00fcrfen von Ihnen nur zum privaten und sonstigen eigenen Gebrauch im Rahmen des \u00a7 53 Urheberrechtsgesetz (UrhG) [...]","protected":false},"author":5,"featured_media":0,"parent":0,"menu_order":0,"comment_status":"closed","ping_status":"closed","template":"","meta":{"_relevanssi_hide_post":"","_relevanssi_hide_content":"","_relevanssi_pin_for_all":"","_relevanssi_pin_keywords":"","_relevanssi_unpin_keywords":"","_relevanssi_related_keywords":"","_relevanssi_related_include_ids":"","_relevanssi_related_exclude_ids":"","_relevanssi_related_no_append":"","_relevanssi_related_not_related":"","_relevanssi_related_posts":"","_relevanssi_noindex_reason":"","footnotes":""},"class_list":["post-5834","page","type-page","status-publish","hentry"],"yoast_head":"<!-- This site is optimized with the Yoast SEO Premium plugin v26.9 (Yoast SEO v26.9) - https:\/\/yoast.com\/product\/yoast-seo-premium-wordpress\/ -->\n<title>Unsere Nutzungsbedingungen - Stadtwerke Landshut<\/title>\n<meta name=\"description\" content=\"Mit der Nutzung unserer Dienste verpflichten Sie sich zur Einhaltung unserer Richtlinien \u2013 unsere Nutzungsbedingungen im Detail!\" \/>\n<meta name=\"robots\" content=\"index, follow, max-snippet:-1, max-image-preview:large, max-video-preview:-1\" \/>\n<link rel=\"canonical\" href=\"https:\/\/www.stadtwerke-landshut.de\/tr\/nutzungsbedingungen\/\" \/>\n<meta property=\"og:locale\" content=\"tr_TR\" \/>\n<meta property=\"og:type\" content=\"article\" \/>\n<meta property=\"og:title\" content=\"Nutzungsbedingungen\" \/>\n<meta property=\"og:description\" content=\"Mit der Nutzung unserer Dienste verpflichten Sie sich zur Einhaltung unserer Richtlinien \u2013 unsere Nutzungsbedingungen im Detail!\" \/>\n<meta property=\"og:url\" content=\"https:\/\/www.stadtwerke-landshut.de\/tr\/nutzungsbedingungen\/\" \/>\n<meta property=\"og:site_name\" content=\"Stadtwerke Landshut\" \/>\n<meta property=\"article:modified_time\" content=\"2023-02-13T08:37:21+00:00\" \/>\n<meta name=\"twitter:card\" content=\"summary_large_image\" \/>\n<meta name=\"twitter:label1\" content=\"Tahmini okuma s\u00fcresi\" \/>\n\t<meta name=\"twitter:data1\" content=\"6 dakika\" \/>\n<script type=\"application\/ld+json\" class=\"yoast-schema-graph\">{\"@context\":\"https:\/\/schema.org\",\"@graph\":[{\"@type\":\"WebPage\",\"@id\":\"https:\/\/www.stadtwerke-landshut.de\/ru\/nutzungsbedingungen\/\",\"url\":\"https:\/\/www.stadtwerke-landshut.de\/ru\/nutzungsbedingungen\/\",\"name\":\"Unsere Nutzungsbedingungen - Stadtwerke Landshut\",\"isPartOf\":{\"@id\":\"https:\/\/www.stadtwerke-landshut.de\/es\/#website\"},\"datePublished\":\"2019-09-20T12:45:15+00:00\",\"dateModified\":\"2023-02-13T08:37:21+00:00\",\"description\":\"Mit der Nutzung unserer Dienste verpflichten Sie sich zur Einhaltung unserer Richtlinien \u2013 unsere Nutzungsbedingungen im Detail!\",\"breadcrumb\":{\"@id\":\"https:\/\/www.stadtwerke-landshut.de\/ru\/nutzungsbedingungen\/#breadcrumb\"},\"inLanguage\":\"tr\",\"potentialAction\":[{\"@type\":\"ReadAction\",\"target\":[\"https:\/\/www.stadtwerke-landshut.de\/ru\/nutzungsbedingungen\/\"]}]},{\"@type\":\"BreadcrumbList\",\"@id\":\"https:\/\/www.stadtwerke-landshut.de\/ru\/nutzungsbedingungen\/#breadcrumb\",\"itemListElement\":[{\"@type\":\"ListItem\",\"position\":1,\"name\":\"Startseite\",\"item\":\"https:\/\/www.stadtwerke-landshut.de\/\"},{\"@type\":\"ListItem\",\"position\":2,\"name\":\"Nutzungsbedingungen\"}]},{\"@type\":\"WebSite\",\"@id\":\"https:\/\/www.stadtwerke-landshut.de\/es\/#website\",\"url\":\"https:\/\/www.stadtwerke-landshut.de\/es\/\",\"name\":\"Stadtwerke Landshut\",\"description\":\"Ihr Partner in der Region\",\"publisher\":{\"@id\":\"https:\/\/www.stadtwerke-landshut.de\/es\/#organization\"},\"potentialAction\":[{\"@type\":\"SearchAction\",\"target\":{\"@type\":\"EntryPoint\",\"urlTemplate\":\"https:\/\/www.stadtwerke-landshut.de\/es\/?s={search_term_string}\"},\"query-input\":{\"@type\":\"PropertyValueSpecification\",\"valueRequired\":true,\"valueName\":\"search_term_string\"}}],\"inLanguage\":\"tr\"},{\"@type\":\"Organization\",\"@id\":\"https:\/\/www.stadtwerke-landshut.de\/es\/#organization\",\"name\":\"Stadtwerke Landshut\",\"url\":\"https:\/\/www.stadtwerke-landshut.de\/es\/\",\"logo\":{\"@type\":\"ImageObject\",\"inLanguage\":\"tr\",\"@id\":\"https:\/\/www.stadtwerke-landshut.de\/es\/#\/schema\/logo\/image\/\",\"url\":\"https:\/\/www.stadtwerke-landshut.de\/wp-content\/uploads\/logo-small.png\",\"contentUrl\":\"https:\/\/www.stadtwerke-landshut.de\/wp-content\/uploads\/logo-small.png\",\"width\":215,\"height\":215,\"caption\":\"Stadtwerke Landshut\"},\"image\":{\"@id\":\"https:\/\/www.stadtwerke-landshut.de\/es\/#\/schema\/logo\/image\/\"}}]}<\/script>\n<!-- \/ Yoast SEO Premium plugin. -->","yoast_head_json":{"title":"Unsere Nutzungsbedingungen - Stadtwerke Landshut","description":"Mit der Nutzung unserer Dienste verpflichten Sie sich zur Einhaltung unserer Richtlinien \u2013 unsere Nutzungsbedingungen im Detail!","robots":{"index":"index","follow":"follow","max-snippet":"max-snippet:-1","max-image-preview":"max-image-preview:large","max-video-preview":"max-video-preview:-1"},"canonical":"https:\/\/www.stadtwerke-landshut.de\/tr\/nutzungsbedingungen\/","og_locale":"tr_TR","og_type":"article","og_title":"Nutzungsbedingungen","og_description":"Mit der Nutzung unserer Dienste verpflichten Sie sich zur Einhaltung unserer Richtlinien \u2013 unsere Nutzungsbedingungen im Detail!","og_url":"https:\/\/www.stadtwerke-landshut.de\/tr\/nutzungsbedingungen\/","og_site_name":"Stadtwerke Landshut","article_modified_time":"2023-02-13T08:37:21+00:00","twitter_card":"summary_large_image","twitter_misc":{"Tahmini okuma s\u00fcresi":"6 dakika"},"schema":{"@context":"https:\/\/schema.org","@graph":[{"@type":"WebPage","@id":"https:\/\/www.stadtwerke-landshut.de\/ru\/nutzungsbedingungen\/","url":"https:\/\/www.stadtwerke-landshut.de\/ru\/nutzungsbedingungen\/","name":"Unsere Nutzungsbedingungen - Stadtwerke Landshut","isPartOf":{"@id":"https:\/\/www.stadtwerke-landshut.de\/es\/#website"},"datePublished":"2019-09-20T12:45:15+00:00","dateModified":"2023-02-13T08:37:21+00:00","description":"Mit der Nutzung unserer Dienste verpflichten Sie sich zur Einhaltung unserer Richtlinien \u2013 unsere Nutzungsbedingungen im Detail!","breadcrumb":{"@id":"https:\/\/www.stadtwerke-landshut.de\/ru\/nutzungsbedingungen\/#breadcrumb"},"inLanguage":"tr","potentialAction":[{"@type":"ReadAction","target":["https:\/\/www.stadtwerke-landshut.de\/ru\/nutzungsbedingungen\/"]}]},{"@type":"BreadcrumbList","@id":"https:\/\/www.stadtwerke-landshut.de\/ru\/nutzungsbedingungen\/#breadcrumb","itemListElement":[{"@type":"ListItem","position":1,"name":"Startseite","item":"https:\/\/www.stadtwerke-landshut.de\/"},{"@type":"ListItem","position":2,"name":"Nutzungsbedingungen"}]},{"@type":"WebSite","@id":"https:\/\/www.stadtwerke-landshut.de\/es\/#website","url":"https:\/\/www.stadtwerke-landshut.de\/es\/","name":"Stadtwerke Landshut","description":"B\u00f6lgedeki orta\u011f\u0131n\u0131z","publisher":{"@id":"https:\/\/www.stadtwerke-landshut.de\/es\/#organization"},"potentialAction":[{"@type":"SearchAction","target":{"@type":"EntryPoint","urlTemplate":"https:\/\/www.stadtwerke-landshut.de\/es\/?s={search_term_string}"},"query-input":{"@type":"PropertyValueSpecification","valueRequired":true,"valueName":"search_term_string"}}],"inLanguage":"tr"},{"@type":"Organization","@id":"https:\/\/www.stadtwerke-landshut.de\/es\/#organization","name":"Stadtwerke Landshut","url":"https:\/\/www.stadtwerke-landshut.de\/es\/","logo":{"@type":"ImageObject","inLanguage":"tr","@id":"https:\/\/www.stadtwerke-landshut.de\/es\/#\/schema\/logo\/image\/","url":"https:\/\/www.stadtwerke-landshut.de\/wp-content\/uploads\/logo-small.png","contentUrl":"https:\/\/www.stadtwerke-landshut.de\/wp-content\/uploads\/logo-small.png","width":215,"height":215,"caption":"Stadtwerke Landshut"},"image":{"@id":"https:\/\/www.stadtwerke-landshut.de\/es\/#\/schema\/logo\/image\/"}}]}},"publishpress_future_action":{"enabled":false,"date":"2026-04-29 18:48:40","action":"change-status","newStatus":"draft","terms":[],"taxonomy":"","extraData":[]},"publishpress_future_workflow_manual_trigger":{"enabledWorkflows":[]},"_links":{"self":[{"href":"https:\/\/www.stadtwerke-landshut.de\/tr\/wp-json\/wp\/v2\/pages\/5834","targetHints":{"allow":["GET"]}}],"collection":[{"href":"https:\/\/www.stadtwerke-landshut.de\/tr\/wp-json\/wp\/v2\/pages"}],"about":[{"href":"https:\/\/www.stadtwerke-landshut.de\/tr\/wp-json\/wp\/v2\/types\/page"}],"author":[{"embeddable":true,"href":"https:\/\/www.stadtwerke-landshut.de\/tr\/wp-json\/wp\/v2\/users\/5"}],"replies":[{"embeddable":true,"href":"https:\/\/www.stadtwerke-landshut.de\/tr\/wp-json\/wp\/v2\/comments?post=5834"}],"version-history":[{"count":13,"href":"https:\/\/www.stadtwerke-landshut.de\/tr\/wp-json\/wp\/v2\/pages\/5834\/revisions"}],"predecessor-version":[{"id":11907,"href":"https:\/\/www.stadtwerke-landshut.de\/tr\/wp-json\/wp\/v2\/pages\/5834\/revisions\/11907"}],"wp:attachment":[{"href":"https:\/\/www.stadtwerke-landshut.de\/tr\/wp-json\/wp\/v2\/media?parent=5834"}],"curies":[{"name":"wp","href":"https:\/\/api.w.org\/{rel}","templated":true}]}}