{"id":5932,"date":"2019-09-21T14:16:09","date_gmt":"2019-09-21T12:16:09","guid":{"rendered":"https:\/\/www.stadtwerke-landshut.de\/?page_id=5932"},"modified":"2025-04-02T16:24:45","modified_gmt":"2025-04-02T14:24:45","slug":"streitbeilegung","status":"publish","type":"page","link":"https:\/\/www.stadtwerke-landshut.de\/tr\/streitbeilegung\/","title":{"rendered":"uyu\u015fmazl\u0131\u011f\u0131n \u00e7\u00f6z\u00fcm\u00fc"},"content":{"rendered":"<div class=\"wpb-content-wrapper\"><div class=\"vc_row wpb_row vc_row-fluid\"><div class=\"wpb_column vc_column_container vc_col-sm-12\"><div class=\"vc_column-inner\"><div class=\"wpb_wrapper\"><div class=\"ult-spacer spacer-69e8f99f383ba\" data-id=\"69e8f99f383ba\" data-height=\"15\" data-height-mobile=\"15\" data-height-tab=\"15\" data-height-tab-portrait=\"\" data-height-mobile-landscape=\"\" style=\"clear:both;display:block;\"><\/div><\/div><\/div><\/div><\/div><div class=\"vc_row wpb_row vc_row-fluid\"><div class=\"wpb_column vc_column_container vc_col-sm-12\"><div class=\"vc_column-inner\"><div class=\"wpb_wrapper\">\n\t<div class=\"wpb_text_column wpb_content_element\" >\n\t\t<div class=\"wpb_wrapper\">\n\t\t\t<h3><span style=\"color: #808080;\">Stadtwerke Landshut&#039;un \u015fikayet b\u00fcrosu<\/span><\/h3>\n<p>Stadtwerke Landshut teslimatlar\u0131 ve hizmetleriyle ilgili sorular ve \u015fikayetler, Stadtwerke Landshut T\u00fcketici Hizmetine posta yoluyla (Stadtwerke Landshut, PO Box 28 20, 84012 Landshut), telefonla (Tel. 0800\/0871 871) faks yoluyla (0871\/1436) g\u00f6nderilebilir. -2052) veya e-posta ile (info@stadtwerke-landshut.de).<\/p>\n\n\t\t<\/div>\n\t<\/div>\n<div class=\"ult-spacer spacer-69e8f99f38a01\" data-id=\"69e8f99f38a01\" data-height=\"15\" data-height-mobile=\"15\" data-height-tab=\"15\" data-height-tab-portrait=\"\" data-height-mobile-landscape=\"\" style=\"clear:both;display:block;\"><\/div><\/div><\/div><\/div><\/div><div class=\"vc_row wpb_row vc_row-fluid\"><div class=\"wpb_column vc_column_container vc_col-sm-8\"><div class=\"vc_column-inner\"><div class=\"wpb_wrapper\"><div class=\"ult_exp_section_layer ult-adjust-bottom-margin\" >\n\t\t<div id=\"uvc-exp-wrap-2872\" role=\"button\" tabindex=\"0\" aria-pressed=\"false\"  data-ultimate-target='#uvc-exp-wrap-2872'  data-responsive-json-new='{\"font-size\":\"desktop:22px;\",\"line-height\":\"desktop:24px;\"}'  class=\"ult_exp_section  ult-responsive\" style=\"color:#006fb4;background-color:#e6eef9; font-weight:normal; padding:0px;text-align:left;\" data-textcolor=\"#006fb4\"data-texthover=\"#006fb4\"data-icncolor=\"#006fb4\"data-ihover=\"#006fb4\"data-height=\"0\"data-cntbg=\"#e6eef9\"data-cnthvrbg=\"#e6eef9\"data-headerbg=\"#e6eef9\"data-headerhover=\"#e6eef9\"data-title=\"Hinweise der Stadtwerke Landshut zu Verbraucherbeschwerden\"data-newtitle=\"Hinweise der Stadtwerke Landshut zu Verbraucherbeschwerden\"data-icon=\"Defaults-caret-right\"data-newicon=\"Defaults-caret-down\"data-activeicon=\"#006fb4\"data-effect=\"slideToggle\"data-override=\"0\"data-activetitle=\"#006fb4\"data-activebg=\"#e6eef9\"data-img=\"\"data-newimg=\"\"><div class=\"ult_exp_section-main ult_expleft_icon\">\t<div class=\"ult-just-icon-wrapper ult_exp_icon\">\n\t\t\t\t\t<div class=\"align-icon\">\n\t\t\t\t\t\t\n<span class=\"aio-icon  none  ult_expsection_icon\"  style=\"color:#006fb4;font-size:22px;\">\n\t<i class=\"Defaults-caret-right ult_ex_icon\"  ><\/i>\n<\/span>\n\t\t\t\t\t<\/div>\n\t\t\t\t<\/div>\n\t\t\t\t<div class=\"ult_expheader\" >Stadtwerke Landshut&#039;tan t\u00fcketici \u015fikayetleri hakk\u0131nda bilgi\n\t\t\t\t<\/div>\n\t\t\t<\/div>\n\t\t<\/div><div class=\"ult_exp_content\" style=\"background-color:#ffffff;padding:0px;margin:0px;\"><div class=\"ult_ecpsub_cont\" style=\" \" ><div class=\"ult-spacer spacer-69e8f99f38dbc\" data-id=\"69e8f99f38dbc\" data-height=\"15\" data-height-mobile=\"15\" data-height-tab=\"15\" data-height-tab-portrait=\"\" data-height-mobile-landscape=\"\" style=\"clear:both;display:block;\"><\/div>\n\t<div class=\"wpb_text_column wpb_content_element\" >\n\t\t<div class=\"wpb_wrapper\">\n\t\t\t<h6><span style=\"color: #808080;\">1. Stadtwerke Landshut&#039;un \u015fikayet b\u00fcrosu<\/span><\/h6>\n<p>Stadtwerke Landshut teslimatlar\u0131 ve hizmetleriyle ilgili sorular ve \u015fikayetler, Stadtwerke Landshut t\u00fcketici servisine posta yoluyla (Stadtwerke Landshut, PO Box 28 20, 84012 Landshut), telefonla (Tel. 0800 0871 871) faks yoluyla (0871 1436 2052) g\u00f6nderilebilir. veya e-posta ile (info@stadtwerke-landshut.de).<\/p>\n\n\t\t<\/div>\n\t<\/div>\n<div class=\"ult-spacer spacer-69e8f99f38e79\" data-id=\"69e8f99f38e79\" data-height=\"15\" data-height-mobile=\"15\" data-height-tab=\"15\" data-height-tab-portrait=\"\" data-height-mobile-landscape=\"\" style=\"clear:both;display:block;\"><\/div>\n\t<div class=\"wpb_text_column wpb_content_element\" >\n\t\t<div class=\"wpb_wrapper\">\n\t\t\t<h6><span style=\"color: #808080;\">2. T\u00fcketici uyu\u015fmazl\u0131k \u00e7\u00f6z\u00fcm prosed\u00fcr\u00fc<\/span><\/h6>\n<p><strong>2.1<\/strong> Elektrik ve gaz tedarik \u015firketleri (tedarik\u00e7iler, \u015febeke operat\u00f6rleri, saya\u00e7 operat\u00f6rleri), \u00f6zellikle s\u00f6zle\u015fmenin imzalanmas\u0131 veya \u015firket taraf\u0131ndan sa\u011flanan hizmetlerin kalitesi (t\u00fcketici \u015fikayetleri), tedarik \u015febekesine ba\u011flant\u0131, tedarik ile ilgili olarak, t\u00fcketicilerin \u015fikayetlerini \u00a7 13 BGB (\u00f6zel m\u00fc\u015fteri) anlam\u0131nda vermekle y\u00fck\u00fcml\u00fcd\u00fcr. Enerji ve \u00a7 111a alt\u0131ndaki s\u00fcre\u00e7teki enerji \u00f6l\u00e7\u00fcm\u00fc, \u015firkete al\u0131nmas\u0131ndan itibaren d\u00f6rt hafta i\u00e7inde yan\u0131t vermelidir. T\u00fcketici \u015fikayeti \u015firket taraf\u0131ndan \u00e7\u00f6z\u00fclmezse, \u015firket nedenlerini yaz\u0131l\u0131 olarak a\u00e7\u0131klamal\u0131 ve Tahkim Kurulunun adresini ve web sitesini belirterek, K\u0131s\u0131m 111b EnWG uyar\u0131nca tahkim prosed\u00fcr\u00fcn\u00fc belirtmelidir. Stadtwerke Landshut ile t\u00fcketiciler aras\u0131ndaki uyu\u015fmazl\u0131klar\u0131n \u00e7\u00f6z\u00fcm\u00fc i\u00e7in (\u00a7 13 BGB), tan\u0131nan veya g\u00f6revlendirilen hakem heyeti \u00e7a\u011fr\u0131labilir. T\u00fcketici hakem heyeti ile uzla\u015fma i\u00e7in ba\u015fvurursa, Stadtwerke Landshut uzla\u015ft\u0131rma prosed\u00fcr\u00fcne kat\u0131lmakla y\u00fck\u00fcml\u00fcd\u00fcr. T\u00fcketicinin uzla\u015ft\u0131rma i\u015flemlerinin ba\u015flat\u0131lmas\u0131 i\u00e7in ba\u015fvurusu ancak Stadtwerke Landshut, 111a EnWG B\u00f6l\u00fcm\u00fcne g\u00f6re i\u015flemlerde t\u00fcketici \u015fikayetini \u00e7\u00f6zmediyse kabul edilebilir. Hakem kuruluna \u015fikayette bulunmak, \u00a7 204 Abs. 1 Nr. 4 BGB uyar\u0131nca yasal s\u0131n\u0131rland\u0131rmay\u0131 engeller. Tahkim kurulu ileti\u015fim bilgileri \u015fu anda: Tahkim V\u00fccut Enerji e. V., Friedrichstra\u00dfe 133, 10117 Berlin, \u00e7al\u0131\u015fma saatleri: Pzt-Cum. 10: 00-16: 00, Tel. 030 \/ 2757240-0, E-Posta: info@schlichtungsstelle-energie.de, Web sitesi: www.schlichtungsstelle-energie.de.<\/p>\n<p><strong>2.2<\/strong> Stadtwerke Landshut, Ziff&#039;te devrald\u0131. Ek olarak, T\u00fcketici Uyu\u015fmazl\u0131k \u00c7\u00f6z\u00fcm Yasas\u0131 anlam\u0131nda hi\u00e7bir t\u00fcketici uyu\u015fmazl\u0131k \u00e7\u00f6z\u00fcm s\u00fcreci bulunmuyor.<\/p>\n<p><strong>2.3<\/strong>\u00a0\u00a0T\u00fcketicilerin mahkemelere temyiz etme veya ba\u015fka bir yasal ba\u015fvuruda bulunmak i\u00e7in ba\u015fvuru yapma hakk\u0131 etkilenmedi.<\/p>\n\n\t\t<\/div>\n\t<\/div>\n<div class=\"ult-spacer spacer-69e8f99f38f2f\" data-id=\"69e8f99f38f2f\" data-height=\"15\" data-height-mobile=\"15\" data-height-tab=\"15\" data-height-tab-portrait=\"\" data-height-mobile-landscape=\"\" style=\"clear:both;display:block;\"><\/div>\n\t<div class=\"wpb_text_column wpb_content_element\" >\n\t\t<div class=\"wpb_wrapper\">\n\t\t\t<h6><span style=\"color: #808080;\">3. Daha fazla bilgi teklifi<\/span><\/h6>\n<p>Enerji arz\u0131 ba\u011flam\u0131nda t\u00fcketici haklar\u0131na ili\u015fkin bilgiler, Federal Elektrik ve Gaz A\u011f\u0131 T\u00fcketici Hizmetinden, PO Box 8001, 53105 Bonn, Tel.: 03 \/ 22480-500 veya 01805\/101000 (Pazartesi-Cuma 09: 00-15) : 00: 00), Faks: 030 22480-323, E-Posta: verbraucherservice-energie@bnetza.de, kullan\u0131labilir. T\u00fcketiciler ayr\u0131ca bilinen t\u00fcketici koruma cihazlar\u0131ndan (\u00f6rne\u011fin, Verbraucherzentrale Bayern) daha fazla bilgi almaktad\u0131r.<\/p>\n\n\t\t<\/div>\n\t<\/div>\n<div class=\"ult-spacer spacer-69e8f99f38fcd\" data-id=\"69e8f99f38fcd\" data-height=\"30\" data-height-mobile=\"30\" data-height-tab=\"30\" data-height-tab-portrait=\"\" data-height-mobile-landscape=\"\" style=\"clear:both;display:block;\"><\/div><\/div><\/div>\n\n\t\t\t<\/div><\/div><\/div><\/div><div class=\"wpb_column vc_column_container vc_col-sm-4\"><div class=\"vc_column-inner\"><div class=\"wpb_wrapper\"><\/div><\/div><\/div><\/div>\n<\/div>","protected":false},"excerpt":{"rendered":"Beschwerdestelle der Stadtwerke Landshut Fragen und Beschwerden im Zusammenhang mit den Lieferungen und Leistungen der Stadtwerke Landshut k\u00f6nnen an den Verbraucherservice der Stadtwerke Landshut per Post (Stadtwerke Landshut, Postfach 28 [...]","protected":false},"author":11,"featured_media":5927,"parent":0,"menu_order":0,"comment_status":"closed","ping_status":"closed","template":"","meta":{"_relevanssi_hide_post":"","_relevanssi_hide_content":"","_relevanssi_pin_for_all":"","_relevanssi_pin_keywords":"","_relevanssi_unpin_keywords":"","_relevanssi_related_keywords":"","_relevanssi_related_include_ids":"","_relevanssi_related_exclude_ids":"","_relevanssi_related_no_append":"","_relevanssi_related_not_related":"","_relevanssi_related_posts":"","_relevanssi_noindex_reason":"","footnotes":""},"class_list":["post-5932","page","type-page","status-publish","has-post-thumbnail","hentry"],"yoast_head":"<!-- This site is optimized with the Yoast SEO Premium plugin v26.9 (Yoast SEO v26.9) - https:\/\/yoast.com\/product\/yoast-seo-premium-wordpress\/ -->\n<title>Streitbeilegung - Stadtwerke Landshut<\/title>\n<meta name=\"description\" content=\"Wir setzen uns f\u00fcr Verbraucherschutz ein und nehmen am EU-Streitbeilegungsverfahren teil. Entdecken Sie alle wichtigen Infos!\" \/>\n<meta name=\"robots\" content=\"index, follow, max-snippet:-1, max-image-preview:large, max-video-preview:-1\" \/>\n<link rel=\"canonical\" href=\"https:\/\/www.stadtwerke-landshut.de\/tr\/streitbeilegung\/\" \/>\n<meta property=\"og:locale\" content=\"tr_TR\" \/>\n<meta property=\"og:type\" content=\"article\" \/>\n<meta property=\"og:title\" content=\"Streitbeilegung\" \/>\n<meta property=\"og:description\" content=\"Wir setzen uns f\u00fcr Verbraucherschutz ein und nehmen am EU-Streitbeilegungsverfahren teil. Entdecken Sie alle wichtigen Infos!\" \/>\n<meta property=\"og:url\" content=\"https:\/\/www.stadtwerke-landshut.de\/tr\/streitbeilegung\/\" \/>\n<meta property=\"og:site_name\" content=\"Stadtwerke Landshut\" \/>\n<meta property=\"article:modified_time\" content=\"2025-04-02T14:24:45+00:00\" \/>\n<meta property=\"og:image\" content=\"https:\/\/www.stadtwerke-landshut.de\/wp-content\/uploads\/Stadtwerke-Landshut-Zentrale.jpg\" \/>\n\t<meta property=\"og:image:width\" content=\"1600\" \/>\n\t<meta property=\"og:image:height\" content=\"402\" \/>\n\t<meta property=\"og:image:type\" content=\"image\/jpeg\" \/>\n<meta name=\"twitter:card\" content=\"summary_large_image\" \/>\n<meta name=\"twitter:label1\" content=\"Tahmini okuma s\u00fcresi\" \/>\n\t<meta name=\"twitter:data1\" content=\"3 dakika\" \/>\n<script type=\"application\/ld+json\" class=\"yoast-schema-graph\">{\"@context\":\"https:\/\/schema.org\",\"@graph\":[{\"@type\":\"WebPage\",\"@id\":\"https:\/\/www.stadtwerke-landshut.de\/streitbeilegung\/\",\"url\":\"https:\/\/www.stadtwerke-landshut.de\/streitbeilegung\/\",\"name\":\"Streitbeilegung - Stadtwerke Landshut\",\"isPartOf\":{\"@id\":\"https:\/\/www.stadtwerke-landshut.de\/es\/#website\"},\"primaryImageOfPage\":{\"@id\":\"https:\/\/www.stadtwerke-landshut.de\/streitbeilegung\/#primaryimage\"},\"image\":{\"@id\":\"https:\/\/www.stadtwerke-landshut.de\/streitbeilegung\/#primaryimage\"},\"thumbnailUrl\":\"https:\/\/www.stadtwerke-landshut.de\/wp-content\/uploads\/Stadtwerke-Landshut-Zentrale.jpg\",\"datePublished\":\"2019-09-21T12:16:09+00:00\",\"dateModified\":\"2025-04-02T14:24:45+00:00\",\"description\":\"Wir setzen uns f\u00fcr Verbraucherschutz ein und nehmen am EU-Streitbeilegungsverfahren teil. Entdecken Sie alle wichtigen Infos!\",\"breadcrumb\":{\"@id\":\"https:\/\/www.stadtwerke-landshut.de\/streitbeilegung\/#breadcrumb\"},\"inLanguage\":\"tr\",\"potentialAction\":[{\"@type\":\"ReadAction\",\"target\":[\"https:\/\/www.stadtwerke-landshut.de\/streitbeilegung\/\"]}]},{\"@type\":\"ImageObject\",\"inLanguage\":\"tr\",\"@id\":\"https:\/\/www.stadtwerke-landshut.de\/streitbeilegung\/#primaryimage\",\"url\":\"https:\/\/www.stadtwerke-landshut.de\/wp-content\/uploads\/Stadtwerke-Landshut-Zentrale.jpg\",\"contentUrl\":\"https:\/\/www.stadtwerke-landshut.de\/wp-content\/uploads\/Stadtwerke-Landshut-Zentrale.jpg\",\"width\":1600,\"height\":402,\"caption\":\"Stadtwerke Landshut - \u00dcber uns\"},{\"@type\":\"BreadcrumbList\",\"@id\":\"https:\/\/www.stadtwerke-landshut.de\/streitbeilegung\/#breadcrumb\",\"itemListElement\":[{\"@type\":\"ListItem\",\"position\":1,\"name\":\"Startseite\",\"item\":\"https:\/\/www.stadtwerke-landshut.de\/\"},{\"@type\":\"ListItem\",\"position\":2,\"name\":\"Streitbeilegung\"}]},{\"@type\":\"WebSite\",\"@id\":\"https:\/\/www.stadtwerke-landshut.de\/es\/#website\",\"url\":\"https:\/\/www.stadtwerke-landshut.de\/es\/\",\"name\":\"Stadtwerke Landshut\",\"description\":\"Ihr Partner in der Region\",\"publisher\":{\"@id\":\"https:\/\/www.stadtwerke-landshut.de\/es\/#organization\"},\"potentialAction\":[{\"@type\":\"SearchAction\",\"target\":{\"@type\":\"EntryPoint\",\"urlTemplate\":\"https:\/\/www.stadtwerke-landshut.de\/es\/?s={search_term_string}\"},\"query-input\":{\"@type\":\"PropertyValueSpecification\",\"valueRequired\":true,\"valueName\":\"search_term_string\"}}],\"inLanguage\":\"tr\"},{\"@type\":\"Organization\",\"@id\":\"https:\/\/www.stadtwerke-landshut.de\/es\/#organization\",\"name\":\"Stadtwerke Landshut\",\"url\":\"https:\/\/www.stadtwerke-landshut.de\/es\/\",\"logo\":{\"@type\":\"ImageObject\",\"inLanguage\":\"tr\",\"@id\":\"https:\/\/www.stadtwerke-landshut.de\/es\/#\/schema\/logo\/image\/\",\"url\":\"https:\/\/www.stadtwerke-landshut.de\/wp-content\/uploads\/logo-small.png\",\"contentUrl\":\"https:\/\/www.stadtwerke-landshut.de\/wp-content\/uploads\/logo-small.png\",\"width\":215,\"height\":215,\"caption\":\"Stadtwerke Landshut\"},\"image\":{\"@id\":\"https:\/\/www.stadtwerke-landshut.de\/es\/#\/schema\/logo\/image\/\"}}]}<\/script>\n<!-- \/ Yoast SEO Premium plugin. -->","yoast_head_json":{"title":"Streitbeilegung - Stadtwerke Landshut","description":"Wir setzen uns f\u00fcr Verbraucherschutz ein und nehmen am EU-Streitbeilegungsverfahren teil. Entdecken Sie alle wichtigen Infos!","robots":{"index":"index","follow":"follow","max-snippet":"max-snippet:-1","max-image-preview":"max-image-preview:large","max-video-preview":"max-video-preview:-1"},"canonical":"https:\/\/www.stadtwerke-landshut.de\/tr\/streitbeilegung\/","og_locale":"tr_TR","og_type":"article","og_title":"Streitbeilegung","og_description":"Wir setzen uns f\u00fcr Verbraucherschutz ein und nehmen am EU-Streitbeilegungsverfahren teil. Entdecken Sie alle wichtigen Infos!","og_url":"https:\/\/www.stadtwerke-landshut.de\/tr\/streitbeilegung\/","og_site_name":"Stadtwerke Landshut","article_modified_time":"2025-04-02T14:24:45+00:00","og_image":[{"width":1600,"height":402,"url":"https:\/\/www.stadtwerke-landshut.de\/wp-content\/uploads\/Stadtwerke-Landshut-Zentrale.jpg","type":"image\/jpeg"}],"twitter_card":"summary_large_image","twitter_misc":{"Tahmini okuma s\u00fcresi":"3 dakika"},"schema":{"@context":"https:\/\/schema.org","@graph":[{"@type":"WebPage","@id":"https:\/\/www.stadtwerke-landshut.de\/streitbeilegung\/","url":"https:\/\/www.stadtwerke-landshut.de\/streitbeilegung\/","name":"Streitbeilegung - Stadtwerke Landshut","isPartOf":{"@id":"https:\/\/www.stadtwerke-landshut.de\/es\/#website"},"primaryImageOfPage":{"@id":"https:\/\/www.stadtwerke-landshut.de\/streitbeilegung\/#primaryimage"},"image":{"@id":"https:\/\/www.stadtwerke-landshut.de\/streitbeilegung\/#primaryimage"},"thumbnailUrl":"https:\/\/www.stadtwerke-landshut.de\/wp-content\/uploads\/Stadtwerke-Landshut-Zentrale.jpg","datePublished":"2019-09-21T12:16:09+00:00","dateModified":"2025-04-02T14:24:45+00:00","description":"Wir setzen uns f\u00fcr Verbraucherschutz ein und nehmen am EU-Streitbeilegungsverfahren teil. Entdecken Sie alle wichtigen Infos!","breadcrumb":{"@id":"https:\/\/www.stadtwerke-landshut.de\/streitbeilegung\/#breadcrumb"},"inLanguage":"tr","potentialAction":[{"@type":"ReadAction","target":["https:\/\/www.stadtwerke-landshut.de\/streitbeilegung\/"]}]},{"@type":"ImageObject","inLanguage":"tr","@id":"https:\/\/www.stadtwerke-landshut.de\/streitbeilegung\/#primaryimage","url":"https:\/\/www.stadtwerke-landshut.de\/wp-content\/uploads\/Stadtwerke-Landshut-Zentrale.jpg","contentUrl":"https:\/\/www.stadtwerke-landshut.de\/wp-content\/uploads\/Stadtwerke-Landshut-Zentrale.jpg","width":1600,"height":402,"caption":"Stadtwerke Landshut - \u00dcber uns"},{"@type":"BreadcrumbList","@id":"https:\/\/www.stadtwerke-landshut.de\/streitbeilegung\/#breadcrumb","itemListElement":[{"@type":"ListItem","position":1,"name":"Startseite","item":"https:\/\/www.stadtwerke-landshut.de\/"},{"@type":"ListItem","position":2,"name":"Streitbeilegung"}]},{"@type":"WebSite","@id":"https:\/\/www.stadtwerke-landshut.de\/es\/#website","url":"https:\/\/www.stadtwerke-landshut.de\/es\/","name":"Stadtwerke Landshut","description":"B\u00f6lgedeki orta\u011f\u0131n\u0131z","publisher":{"@id":"https:\/\/www.stadtwerke-landshut.de\/es\/#organization"},"potentialAction":[{"@type":"SearchAction","target":{"@type":"EntryPoint","urlTemplate":"https:\/\/www.stadtwerke-landshut.de\/es\/?s={search_term_string}"},"query-input":{"@type":"PropertyValueSpecification","valueRequired":true,"valueName":"search_term_string"}}],"inLanguage":"tr"},{"@type":"Organization","@id":"https:\/\/www.stadtwerke-landshut.de\/es\/#organization","name":"Stadtwerke Landshut","url":"https:\/\/www.stadtwerke-landshut.de\/es\/","logo":{"@type":"ImageObject","inLanguage":"tr","@id":"https:\/\/www.stadtwerke-landshut.de\/es\/#\/schema\/logo\/image\/","url":"https:\/\/www.stadtwerke-landshut.de\/wp-content\/uploads\/logo-small.png","contentUrl":"https:\/\/www.stadtwerke-landshut.de\/wp-content\/uploads\/logo-small.png","width":215,"height":215,"caption":"Stadtwerke Landshut"},"image":{"@id":"https:\/\/www.stadtwerke-landshut.de\/es\/#\/schema\/logo\/image\/"}}]}},"publishpress_future_action":{"enabled":false,"date":"2026-04-29 18:38:55","action":"change-status","newStatus":"draft","terms":[],"taxonomy":"","extraData":[]},"publishpress_future_workflow_manual_trigger":{"enabledWorkflows":[]},"_links":{"self":[{"href":"https:\/\/www.stadtwerke-landshut.de\/tr\/wp-json\/wp\/v2\/pages\/5932","targetHints":{"allow":["GET"]}}],"collection":[{"href":"https:\/\/www.stadtwerke-landshut.de\/tr\/wp-json\/wp\/v2\/pages"}],"about":[{"href":"https:\/\/www.stadtwerke-landshut.de\/tr\/wp-json\/wp\/v2\/types\/page"}],"author":[{"embeddable":true,"href":"https:\/\/www.stadtwerke-landshut.de\/tr\/wp-json\/wp\/v2\/users\/11"}],"replies":[{"embeddable":true,"href":"https:\/\/www.stadtwerke-landshut.de\/tr\/wp-json\/wp\/v2\/comments?post=5932"}],"version-history":[{"count":20,"href":"https:\/\/www.stadtwerke-landshut.de\/tr\/wp-json\/wp\/v2\/pages\/5932\/revisions"}],"predecessor-version":[{"id":25926,"href":"https:\/\/www.stadtwerke-landshut.de\/tr\/wp-json\/wp\/v2\/pages\/5932\/revisions\/25926"}],"wp:featuredmedia":[{"embeddable":true,"href":"https:\/\/www.stadtwerke-landshut.de\/tr\/wp-json\/wp\/v2\/media\/5927"}],"wp:attachment":[{"href":"https:\/\/www.stadtwerke-landshut.de\/tr\/wp-json\/wp\/v2\/media?parent=5932"}],"curies":[{"name":"wp","href":"https:\/\/api.w.org\/{rel}","templated":true}]}}